{"id":3,"date":"2025-06-02T10:12:46","date_gmt":"2025-06-02T10:12:46","guid":{"rendered":"https:\/\/bodrumluxuryservices.com\/?page_id=3"},"modified":"2026-04-16T10:19:32","modified_gmt":"2026-04-16T07:19:32","slug":"gizlilik-politikasi","status":"publish","type":"page","link":"https:\/\/bodrumluxuryservices.com\/tr\/privacy-policy\/","title":{"rendered":"Gizlilik Politikas\u0131"},"content":{"rendered":"<p><strong>Son g\u00fcncelleme: 01\/05\/2024<\/strong><\/p>\n\n\n\n<p>G\u00fcvenli\u011finiz bizim i\u00e7in \u00f6nemlidir. Biz, <strong>Eraslan Exclusive Travel<\/strong>Bizimle payla\u015ft\u0131\u011f\u0131n\u0131z ki\u015fisel bilgilerinizi korumaya b\u00fcy\u00fck \u00f6zen g\u00f6steriyoruz.<\/p>\n\n\n\n<p>Veri sorumlusu s\u0131fat\u0131yla, i\u015fbu Gizlilik ve Ki\u015fisel Verilerin Korunmas\u0131 Politikas\u0131 ile hangi ki\u015fisel verilerinizin i\u015flendi\u011fi, hangi ama\u00e7la i\u015flendi\u011fi, kimlerle ve hangi ama\u00e7la payla\u015f\u0131labilece\u011fi, veri i\u015fleme y\u00f6ntemlerimiz ve hukuki sebeplerimiz ile i\u015flenen verilerinize ili\u015fkin haklar\u0131n\u0131z konular\u0131nda sizleri bilgilendirmeyi ama\u00e7l\u0131yoruz.<\/p>\n\n\n\n<p><strong>Toplanan Ki\u015fisel Veriler, Toplama Y\u00f6ntemi ve Hukuki Dayanak<\/strong><\/p>\n\n\n\n<p>IP adresiniz ve kullan\u0131c\u0131 arac\u0131s\u0131 bilgileriniz yaln\u0131zca otomatik ve otomatik olmayan y\u00f6ntemler kullan\u0131larak \u00e7erezler ve benzeri teknolojiler arac\u0131l\u0131\u011f\u0131yla analitik ama\u00e7lar i\u00e7in i\u015flenir. Veriler bazen analitik sa\u011flay\u0131c\u0131lar, reklam a\u011flar\u0131 ve teknoloji sa\u011flay\u0131c\u0131lar\u0131 gibi \u00fc\u00e7\u00fcnc\u00fc taraflardan toplan\u0131r. Bu veriler, sizinle olan hizmet ili\u015fkimize ve bu ili\u015fkinin s\u00fcresi boyunca me\u015fru menfaat i\u015fleme ko\u015fullar\u0131na g\u00f6re kaydedilir, saklan\u0131r ve g\u00fcncellenir.<\/p>\n\n\n\n<p><strong>Ki\u015fisel Verilerinizin \u0130\u015flenme Amac\u0131<\/strong><\/p>\n\n\n\n<p>Bizimle payla\u015ft\u0131\u011f\u0131n\u0131z ki\u015fisel veriler yaln\u0131zca gerekli analizleri yapmak, hizmetlerimizin en iyi \u015fekilde sunulmas\u0131n\u0131 sa\u011flamak, size eri\u015filebilir ve azami derecede faydal\u0131 hizmetler sunmak, hizmetlerimizi ihtiya\u00e7lar\u0131n\u0131za g\u00f6re geli\u015ftirmek, sizi yasal \u00e7er\u00e7eve i\u00e7inde daha geni\u015f hizmet sa\u011flay\u0131c\u0131larla ba\u011flant\u0131ya ge\u00e7irmek ve yasal y\u00fck\u00fcml\u00fcl\u00fckleri yerine getirmek (\u00f6rne\u011fin, talep \u00fczerine ki\u015fisel verileri adli ve idari makamlarla payla\u015fmak) i\u00e7in i\u015flenecektir. Bu veri i\u015fleme faaliyetleri gerekti\u011fi gibi, uygun \u015fekilde ve hizmet s\u00f6zle\u015fmemizin \u015fartlar\u0131 dahilinde y\u00fcr\u00fct\u00fclecektir.<\/p>\n\n\n\n<p><strong>Toplanan Ki\u015fisel Verilerin Kimlere ve Hangi Ama\u00e7larla Aktar\u0131labilece\u011fi<\/strong><\/p>\n\n\n\n<p>Ki\u015fisel verileriniz, gerekli teknik ve idari tedbirlerin al\u0131nmas\u0131 kayd\u0131yla, s\u00f6zle\u015fmesel veya i\u015fbirli\u011fi ili\u015fkisi i\u00e7erisinde oldu\u011fumuz yurti\u00e7i ve yurtd\u0131\u015f\u0131 \u00fc\u00e7\u00fcnc\u00fc ki\u015filere, kurum ve kurulu\u015flara veya adli ve idari makamlar\u0131n talebi \u00fczerine aktar\u0131labilecektir.<\/p>\n\n\n\n<p><strong>Veri Sahibi Olarak Haklar\u0131n\u0131z<\/strong><\/p>\n\n\n\n<p>Ki\u015fisel Verilerin Korunmas\u0131 Kanunu\u2019nun (KVKK) 11. maddesi uyar\u0131nca, herkes veri sorumlusuna ba\u015fvurarak;<\/p>\n\n\n\n<ul class=\"wp-block-list\">\n<li>Ki\u015fisel verilerinizin i\u015flenip i\u015flenmedi\u011fini \u00f6\u011frenme,<\/li>\n\n\n\n<li>Ki\u015fisel verilerinin i\u015flenmi\u015f olup olmad\u0131\u011f\u0131n\u0131 \u00f6\u011frenme,<\/li>\n\n\n\n<li>Ki\u015fisel verilerin i\u015flenme amac\u0131n\u0131 ve bunlar\u0131n amac\u0131na uygun kullan\u0131l\u0131p kullan\u0131lmad\u0131\u011f\u0131n\u0131 \u00f6\u011frenme,<\/li>\n\n\n\n<li>Yurt i\u00e7inde veya yurt d\u0131\u015f\u0131nda ki\u015fisel verilerin aktar\u0131ld\u0131\u011f\u0131 \u00fc\u00e7\u00fcnc\u00fc ki\u015fileri bilme,<\/li>\n\n\n\n<li>Eksik veya yanl\u0131\u015f ki\u015fisel verilerin d\u00fczeltilmesini talep etme,<\/li>\n\n\n\n<li>Ki\u015fisel verilerin silinmesini veya yok edilmesini isteme,<\/li>\n\n\n\n<li>(e) ve (f) bentleri uyar\u0131nca yap\u0131lan i\u015flemlerin, ki\u015fisel verilerin aktar\u0131ld\u0131\u011f\u0131 \u00fc\u00e7\u00fcnc\u00fc ki\u015filere bildirilmesini isteme,<\/li>\n\n\n\n<li>\u0130\u015flenen verilerin m\u00fcnhas\u0131ran otomatik sistemler vas\u0131tas\u0131yla analiz edilmesi suretiyle ki\u015finin kendisi aleyhine bir sonucun ortaya \u00e7\u0131kmas\u0131na itiraz etme,<\/li>\n\n\n\n<li>Ki\u015fisel verilerin hukuka ayk\u0131r\u0131 olarak i\u015flenmesi sebebiyle zarara u\u011framalar\u0131 h\u00e2linde zarar\u0131n giderilmesini talep etme.<\/li>\n<\/ul>\n\n\n\n<p>Haklar\u0131n\u0131z\u0131 kullanmak i\u00e7in l\u00fctfen bizimle ileti\u015fime ge\u00e7mekten \u00e7ekinmeyin:&nbsp;<a href=\"mailto:info@bodrumluxuryservices.com\">info@bodrumluxuryservices.com<\/a><\/p>\n\n\n\n<p><strong>Temas etmek<\/strong><\/p>\n\n\n\n<p>Bu Gizlilik ve Ki\u015fisel Verilerin Korunmas\u0131 Politikas\u0131 kapsam\u0131nda yaln\u0131zca size hizmet sa\u011flamak ve analizler yapmak amac\u0131yla gerekli ki\u015fisel verilerin i\u015flenmesine onay verip vermemeyi se\u00e7mekte tamamen \u00f6zg\u00fcrs\u00fcn\u00fcz. Siteyi kullanmaya devam ederek bu \u015fartlar\u0131 kabul etti\u011finiz varsay\u0131lacakt\u0131r. Daha detayl\u0131 bilgi i\u00e7in l\u00fctfen bizimle ileti\u015fime ge\u00e7mekten \u00e7ekinmeyin:&nbsp;<a href=\"mailto:info@bodrumluxuryservices.com\">info@bodrumluxuryservices.com<\/a>.<\/p>","protected":false},"excerpt":{"rendered":"<p>Last updated: 01\/05\/2024 Your security is important to us. We, at Eraslan Exclusive Travel, take great care to protect the personal information you share with us. As the data controller, through this Privacy and Personal Data Protection Policy, we aim to inform you about which of your personal data is processed and for what purpose, [&#8230;]<\/p>\n","protected":false},"author":1,"featured_media":0,"parent":0,"menu_order":0,"comment_status":"closed","ping_status":"open","template":"","meta":{"footnotes":""},"class_list":["post-3","page","type-page","status-publish","hentry"],"_links":{"self":[{"href":"https:\/\/bodrumluxuryservices.com\/tr\/wp-json\/wp\/v2\/pages\/3","targetHints":{"allow":["GET"]}}],"collection":[{"href":"https:\/\/bodrumluxuryservices.com\/tr\/wp-json\/wp\/v2\/pages"}],"about":[{"href":"https:\/\/bodrumluxuryservices.com\/tr\/wp-json\/wp\/v2\/types\/page"}],"author":[{"embeddable":true,"href":"https:\/\/bodrumluxuryservices.com\/tr\/wp-json\/wp\/v2\/users\/1"}],"replies":[{"embeddable":true,"href":"https:\/\/bodrumluxuryservices.com\/tr\/wp-json\/wp\/v2\/comments?post=3"}],"version-history":[{"count":4,"href":"https:\/\/bodrumluxuryservices.com\/tr\/wp-json\/wp\/v2\/pages\/3\/revisions"}],"predecessor-version":[{"id":24663,"href":"https:\/\/bodrumluxuryservices.com\/tr\/wp-json\/wp\/v2\/pages\/3\/revisions\/24663"}],"wp:attachment":[{"href":"https:\/\/bodrumluxuryservices.com\/tr\/wp-json\/wp\/v2\/media?parent=3"}],"curies":[{"name":"wp","href":"https:\/\/api.w.org\/{rel}","templated":true}]}}