{"id":24481,"date":"2025-07-26T22:25:15","date_gmt":"2025-07-26T19:25:15","guid":{"rendered":"https:\/\/bodrumluxuryservices.com\/?page_id=24481"},"modified":"2026-04-16T10:24:30","modified_gmt":"2026-04-16T07:24:30","slug":"mesafeli-satis-sozlesmesi","status":"publish","type":"page","link":"https:\/\/bodrumluxuryservices.com\/tr\/distance-sales-agreement\/","title":{"rendered":"Distance Selling Contract"},"content":{"rendered":"<h2 class=\"wp-block-heading\">Mesafeli Sat\u0131\u015f S\u00f6zle\u015fmesi<\/h2>\n\n\n\n<p>This agreement is issued in accordance with the Regulation on Distance Contracts, published in the Official Gazette No. 244675, dated  November 6, 2025<\/p>\n\n\n\n<p><strong>SATICI B\u0130LG\u0130LER\u0130<\/strong><br>Company Name: E ASLAN TUR\u0130ZM ORGAN\u0130ZASYON LTD. STI.<br>Web sitesi: <a href=\"https:\/\/bodrumluxuryservices.com\/tr\/\" class=\"\">https:\/\/bodrumluxuryservices.com<\/a><br>Address: Y\u0131ld\u0131ztepe mah. 162. cadde no:28\/C Alt\u0131nda\u011f-Ankara-Turkey<br>Phone: +90 543 972 06 06<br>Tax Identification Number (VDN.): 3231389355<\/p>\n\n\n\n<p><strong>ALICI B\u0130LG\u0130LER\u0130<\/strong><br>(Al\u0131c\u0131n\u0131n internet sitesi veya ileti\u015fim kanallar\u0131 arac\u0131l\u0131\u011f\u0131yla iletti\u011fi Ad, Soyad, Adres ve \u0130leti\u015fim Bilgileri s\u00f6zle\u015fmenin bir par\u00e7as\u0131 olarak kay\u0131t alt\u0131na al\u0131nacakt\u0131r.)<\/p>\n\n\n\n<p><strong>1. KONU<\/strong><br>\u0130\u015fbu s\u00f6zle\u015fmenin konusu, Sat\u0131c\u0131n\u0131n Al\u0131c\u0131ya internet sitesi arac\u0131l\u0131\u011f\u0131yla sundu\u011fu VIP transfer hizmetinin sat\u0131\u015f\u0131 ve teslimi ile ilgili olarak 6502 say\u0131l\u0131 T\u00fcketicinin Korunmas\u0131 Hakk\u0131nda Kanun ve Mesafeli S\u00f6zle\u015fmeler Y\u00f6netmeli\u011fi h\u00fck\u00fcmleri gere\u011fince taraflar\u0131n hak ve y\u00fck\u00fcml\u00fcl\u00fcklerinin belirlenmesidir. <a class=\"\" href=\"https:\/\/bodrumluxuryservices.com\/tr\/\">https:\/\/bodrumluxuryservices.com<\/a>.<\/p>\n\n\n\n<p><strong>2. H\u0130ZMET DETAYLARI<\/strong><br>Hizmet: VIP Ta\u015f\u0131mac\u0131l\u0131k ve Transfer Hizmeti<br>Rezervasyon Tarihi: Al\u0131c\u0131 taraf\u0131ndan se\u00e7ildi\u011fi gibi<br>Teslim Alma Yeri: Al\u0131c\u0131 taraf\u0131ndan belirtildi\u011fi gibi<br>B\u0131rakma Yeri: Al\u0131c\u0131 taraf\u0131ndan belirtildi\u011fi gibi<br>Fiyat: \u00d6deme \u00f6ncesinde web sitesinde g\u00f6sterildi\u011fi ve onayland\u0131\u011f\u0131 gibidir<\/p>\n\n\n\n<p><strong>3. \u00d6DEME<\/strong><br>Hizmet bedeli, Al\u0131c\u0131 taraf\u0131ndan web sitesinde belirtilen y\u00f6ntemler (kredi kart\u0131, banka havalesi vb.) kullan\u0131larak pe\u015fin olarak \u00f6denir. Rezervasyon, \u00f6demenin ba\u015far\u0131yla tamamlanmas\u0131n\u0131n ard\u0131ndan ge\u00e7erlilik kazan\u0131r.<\/p>\n\n\n\n<p><strong>4. CAYMA HAKKI<\/strong><br>Mesafeli S\u00f6zle\u015fmeler Y\u00f6netmeli\u011fi\u2019nin 15(g) maddesi uyar\u0131nca, belirli bir tarihte veya d\u00f6nemde ifa edilmesi gereken, konaklama, ula\u015ft\u0131rma, ara\u00e7 kiralama, yiyecek-i\u00e7ecek tedariki, e\u011flence veya dinlenme ama\u00e7l\u0131 hizmetlerde cayma hakk\u0131 uygulanmaz.<\/p>\n\n\n\n<p>Bu nedenle Al\u0131c\u0131 <strong>cayma hakk\u0131n\u0131 kullanamazs\u0131n\u0131z<\/strong> Bu web sitesi arac\u0131l\u0131\u011f\u0131yla belirli bir tarih ve saatte sat\u0131n al\u0131nan hizmetler i\u00e7in.<\/p>\n\n\n\n<p><strong>5. \u0130PTAL VE \u0130ADE<\/strong><br>Al\u0131c\u0131, en az\u0131ndan bir rezervasyonu iptal edebilir <strong>24 saat<\/strong> Planlanan hizmet saatinden \u00f6nce rezervasyon yapt\u0131r\u0131n ve tam para iadesi al\u0131n.<br>Yap\u0131lan iptaller <strong>24 saat i\u00e7inde<\/strong> planlanan zaman\u0131n <strong>Olumsuz<\/strong> geri \u00f6deme almaya hak kazanabilir.<\/p>\n\n\n\n<p><strong>6. SATICININ Y\u00dcK\u00dcML\u00dcL\u00dcKLER\u0130<\/strong><br>Sat\u0131c\u0131, transfer hizmetini bu s\u00f6zle\u015fmede belirtilen \u015fartlara ve web sitesinde ilan edildi\u011fi \u015fekilde sa\u011flamay\u0131 taahh\u00fct eder. M\u00fccbir sebeplerden (olumsuz hava ko\u015fullar\u0131, do\u011fal afet, trafik kazas\u0131 vb.) dolay\u0131 teslimat\u0131n ger\u00e7ekle\u015ftirilememesi halinde, Sat\u0131c\u0131 en k\u0131sa s\u00fcrede Al\u0131c\u0131&#039;y\u0131 bilgilendirecek ve hizmetin sa\u011flanamamas\u0131 halinde \u00f6demeyi iade edecektir.<\/p>\n\n\n\n<p><strong>7. UYU\u015eMAZLIKLARIN \u00c7\u00d6Z\u00dcM\u00dc<\/strong><br>\u0130\u015fbu s\u00f6zle\u015fmeden do\u011fabilecek her t\u00fcrl\u00fc uyu\u015fmazl\u0131klarda, Al\u0131c\u0131n\u0131n ikametgah\u0131n\u0131n bulundu\u011fu veya hizmetin verildi\u011fi yerdeki T\u00fcketici Hakem Heyetlerine veya T\u00fcketici Mahkemelerine ba\u015fvurulabilir.<\/p>\n\n\n\n<p><strong>8. SON H\u00dcK\u00dcMLER<\/strong><br>Al\u0131c\u0131, web sitesi \u00fczerinden sipari\u015fi onaylayarak bu s\u00f6zle\u015fmenin t\u00fcm \u015fartlar\u0131n\u0131 kabul etmi\u015f say\u0131l\u0131r. Bu s\u00f6zle\u015fme elektronik ortamda kabul edilmi\u015f ve her iki taraf\u00e7a saklanm\u0131\u015ft\u0131r.<\/p>","protected":false},"excerpt":{"rendered":"<p>Distance Sales Agreement This agreement is issued in accordance with the Regulation on Distance Contracts, published in the Official Gazette No. 244675, dated November 6, 2025 SELLER INFORMATIONCompany Name: E ASLAN TUR\u0130ZM ORGAN\u0130ZASYON LTD. STI.Website: https:\/\/bodrumluxuryservices.comAddress: Y\u0131ld\u0131ztepe mah. 162. cadde no:28\/C Alt\u0131nda\u011f-Ankara-TurkeyPhone: +90 543 972 06 06Tax Identification Number (VDN.): 3231389355 BUYER INFORMATION(Name, Surname, Address, [&#8230;]<\/p>\n","protected":false},"author":1,"featured_media":0,"parent":0,"menu_order":0,"comment_status":"closed","ping_status":"closed","template":"","meta":{"footnotes":""},"class_list":["post-24481","page","type-page","status-publish","hentry"],"_links":{"self":[{"href":"https:\/\/bodrumluxuryservices.com\/tr\/wp-json\/wp\/v2\/pages\/24481","targetHints":{"allow":["GET"]}}],"collection":[{"href":"https:\/\/bodrumluxuryservices.com\/tr\/wp-json\/wp\/v2\/pages"}],"about":[{"href":"https:\/\/bodrumluxuryservices.com\/tr\/wp-json\/wp\/v2\/types\/page"}],"author":[{"embeddable":true,"href":"https:\/\/bodrumluxuryservices.com\/tr\/wp-json\/wp\/v2\/users\/1"}],"replies":[{"embeddable":true,"href":"https:\/\/bodrumluxuryservices.com\/tr\/wp-json\/wp\/v2\/comments?post=24481"}],"version-history":[{"count":8,"href":"https:\/\/bodrumluxuryservices.com\/tr\/wp-json\/wp\/v2\/pages\/24481\/revisions"}],"predecessor-version":[{"id":24667,"href":"https:\/\/bodrumluxuryservices.com\/tr\/wp-json\/wp\/v2\/pages\/24481\/revisions\/24667"}],"wp:attachment":[{"href":"https:\/\/bodrumluxuryservices.com\/tr\/wp-json\/wp\/v2\/media?parent=24481"}],"curies":[{"name":"wp","href":"https:\/\/api.w.org\/{rel}","templated":true}]}}