{"id":24001,"date":"2025-06-03T21:09:20","date_gmt":"2025-06-03T18:09:20","guid":{"rendered":"https:\/\/bodrumluxuryservices.com\/?page_id=24001"},"modified":"2026-04-16T10:20:52","modified_gmt":"2026-04-16T07:20:52","slug":"cerez-politikasi","status":"publish","type":"page","link":"https:\/\/bodrumluxuryservices.com\/tr\/cookie-policy\/","title":{"rendered":"\u00c7erez Politikas\u0131"},"content":{"rendered":"<p><strong>Son g\u00fcncelleme: 07\/11\/2024<\/strong><\/p>\n\n\n\n<p>Evolution Limousine olarak g\u00fcvenli\u011finizi \u00f6n planda tutuyoruz ve bu \u00c7erez Politikas\u0131 arac\u0131l\u0131\u011f\u0131yla, web sitemizde hangi \u00e7erezleri, hangi ama\u00e7larla kulland\u0131\u011f\u0131m\u0131z ve \u00e7erez ayarlar\u0131n\u0131z\u0131 nas\u0131l de\u011fi\u015ftirebilece\u011finiz konular\u0131nda sizleri bilgilendirmeyi ama\u00e7l\u0131yoruz.<\/p>\n\n\n\n<p>Size daha iyi hizmet verebilmek i\u00e7in, hangi ki\u015fisel verilerin topland\u0131\u011f\u0131, i\u015flendi\u011fi ve nas\u0131l i\u015flendi\u011fine ili\u015fkin k\u0131sa bir genel bak\u0131\u015f sa\u011flamak amac\u0131yla \u00e7erezleri kullan\u0131yoruz.\u00a0<a href=\"https:\/\/bodrumluxuryservices.com\/tr\/gizlilik-politikasi\/\" data-type=\"page\" data-id=\"3\">Gizlilik Politikas\u0131<\/a>\u00a0Daha detayl\u0131 bilgi almak veya do\u011frudan bize ula\u015fmak i\u00e7in.<\/p>\n\n\n\n<p><strong>\u00c7erezler Nelerdir?<\/strong><\/p>\n\n\n\n<p>\u00c7erezler, web sitelerinde gezinirken deneyiminizi geli\u015ftirmek i\u00e7in cihaz\u0131n\u0131za kaydedilen k\u00fc\u00e7\u00fck dosyalard\u0131r. \u00c7erezler kullan\u0131c\u0131 bilgilerini i\u015fledi\u011finden,&nbsp;<a href=\"https:\/\/www.mevzuat.gov.tr\/mevzuat?MevzuatNo=6698&amp;MevzuatTur=1&amp;MevzuatTertip=5\" target=\"_blank\" rel=\"noreferrer noopener\">T\u00fcrk Ki\u015fisel Verilerin Korunmas\u0131 Kanunu<\/a>&nbsp;6698 say\u0131l\u0131 Ki\u015fisel Verilerin Korunmas\u0131 Kanunu uyar\u0131nca kullan\u0131c\u0131lar\u0131n, verilerinin i\u015flenmesine ili\u015fkin olarak bilgilendirilmeleri ve onay vermeleri zorunludur.<\/p>\n\n\n\n<p>Siz ziyaret\u00e7ilerimize web sitemizde en iyi deneyimi sunabilmek i\u00e7in etkile\u015fiminizin kalitesini ve verimlili\u011fini art\u0131rmak amac\u0131yla \u00e7e\u015fitli \u00e7erezler kullan\u0131yoruz.<\/p>\n\n\n\n<p><strong>Kulland\u0131\u011f\u0131m\u0131z \u00c7erez T\u00fcrleri:<\/strong><\/p>\n\n\n\n<ol class=\"wp-block-list\">\n<li><strong>Temel \u00c7erezler<\/strong><br>Temel \u00e7erezler, temel \u00f6zelliklerini etkinle\u015ftirerek web sitesinin i\u015flevsel olmas\u0131n\u0131 sa\u011flar. Bu \u00e7erezler olmadan web sitesi d\u00fczg\u00fcn \u00e7al\u0131\u015fmayabilir.<\/li>\n\n\n\n<li><strong>Performans \u00c7erezleri<\/strong><br>Performans \u00e7erezleri, ziyaret\u00e7ilerin sitemizi nas\u0131l kulland\u0131klar\u0131 hakk\u0131nda anonim veriler toplayarak web sitesi performans\u0131n\u0131 iyile\u015ftirmemizi sa\u011flar.<\/li>\n\n\n\n<li><strong>\u0130\u015flevsel \u00c7erezler<\/strong><br>\u0130\u015flevsel \u00e7erezler, web sitemizin kullan\u0131c\u0131lar\u0131 gelecekteki ziyaretlerinde \u00f6nceki etkile\u015fimlere dayanarak tan\u0131mas\u0131n\u0131, dil, b\u00f6lge ve benzeri ayarlarla ki\u015fiselle\u015ftirilmi\u015f bir deneyim sunmas\u0131n\u0131 sa\u011flar.<\/li>\n\n\n\n<li><strong>Reklam \u00c7erezleri<\/strong><br>Reklam \u00e7erezleri, genellikle \u00fc\u00e7\u00fcnc\u00fc taraflardan gelir ve kullan\u0131c\u0131lar\u0131n ilgi alanlar\u0131yla alakal\u0131 reklamlar sunmak i\u00e7in ziyaret\u00e7i davran\u0131\u015flar\u0131n\u0131 izler. Bu \u00e7erezlerin sorumlulu\u011fu \u00fc\u00e7\u00fcnc\u00fc taraf sa\u011flay\u0131c\u0131lara aittir.<\/li>\n<\/ol>\n\n\n\n<p><strong>\u00c7erezler Arac\u0131l\u0131\u011f\u0131yla Hangi Ki\u015fisel Verileriniz \u0130\u015flenmektedir?<\/strong><\/p>\n\n\n\n<p>Kimlik (ad, soyad, do\u011fum tarihi vb.) ve ileti\u015fim bilgileri (adres, e-posta, telefon, IP, konum vb.) gibi ki\u015fisel veriler \u00e7erezler arac\u0131l\u0131\u011f\u0131yla toplanabilir. Bazen analitik sa\u011flay\u0131c\u0131lar, reklam a\u011flar\u0131 ve di\u011fer teknoloji sa\u011flay\u0131c\u0131lar\u0131 arac\u0131l\u0131\u011f\u0131yla elde edilen bu veriler, me\u015fru menfaat i\u015fleme temelinde s\u00f6zle\u015fmesel ili\u015fkimize ve yasal y\u00fck\u00fcml\u00fcl\u00fcklerimize g\u00f6re kaydedilecek, saklanacak ve g\u00fcncellenecektir.<\/p>\n\n\n\n<p><strong>\u00c7erezler Neden Kullan\u0131l\u0131r?<\/strong><\/p>\n\n\n\n<p>Web sitemizdeki \u00e7erezler, doland\u0131r\u0131c\u0131l\u0131k tespiti yoluyla g\u00fcvenli\u011fi art\u0131rmak, kullan\u0131c\u0131 tercihlerine uygun olarak i\u015flevselli\u011fi ve performans\u0131 iyile\u015ftirmek, \u00fcr\u00fcn ve hizmetlerimizi geli\u015ftirmek ve ki\u015fiselle\u015ftirmek ve bu hizmetlere eri\u015fimi kolayla\u015ft\u0131rmak gibi ama\u00e7lara hizmet eder. Ayr\u0131ca, reklam \u00e7erezleri ve \u00fc\u00e7\u00fcnc\u00fc taraflarla bilgi payla\u015f\u0131m\u0131, kullan\u0131c\u0131lar\u0131n daha geni\u015f hizmet sa\u011flay\u0131c\u0131lara eri\u015fimini geni\u015fletmek i\u00e7in kullan\u0131l\u0131r.<\/p>\n\n\n\n<p><strong>\u00c7erezleri Y\u00f6netme<\/strong><\/p>\n\n\n\n<p>\u00c7erez tercihlerinizi taray\u0131c\u0131 ayarlar\u0131n\u0131zdan y\u00f6netme \u00f6zg\u00fcrl\u00fc\u011f\u00fcne sahipsiniz, burada istedi\u011finiz zaman \u00e7erezleri silebilir veya engelleyebilirsiniz. Daha fazla bilgi i\u00e7in Gizlilik Politikam\u0131z\u0131 inceleyebilir veya bize \u015fu adresten ula\u015fabilirsiniz: <a href=\"mailto:info@bodrumluxuryservices.com\">info@bodrumluxuryservices.com<\/a><\/p>\n\n\n\n<p>\u00c7erez kullan\u0131m\u0131na ili\u015fkin tercihleriniz sitemize girdi\u011finiz andan itibaren ge\u00e7erli olacak olup, bunlar\u0131 diledi\u011finiz zaman de\u011fi\u015ftirebilirsiniz.<\/p>","protected":false},"excerpt":{"rendered":"<p>Last updated: 07\/11\/2024 As Evolution Limousine, we prioritize your security, and through this Cookie Policy, we aim to inform you about which cookies we use on our website, for what purposes, and how you can modify your cookie settings. To better serve you, we use cookies to provide a brief overview of what personal data [&#8230;]<\/p>\n","protected":false},"author":1,"featured_media":0,"parent":0,"menu_order":0,"comment_status":"closed","ping_status":"closed","template":"","meta":{"footnotes":""},"class_list":["post-24001","page","type-page","status-publish","hentry"],"_links":{"self":[{"href":"https:\/\/bodrumluxuryservices.com\/tr\/wp-json\/wp\/v2\/pages\/24001","targetHints":{"allow":["GET"]}}],"collection":[{"href":"https:\/\/bodrumluxuryservices.com\/tr\/wp-json\/wp\/v2\/pages"}],"about":[{"href":"https:\/\/bodrumluxuryservices.com\/tr\/wp-json\/wp\/v2\/types\/page"}],"author":[{"embeddable":true,"href":"https:\/\/bodrumluxuryservices.com\/tr\/wp-json\/wp\/v2\/users\/1"}],"replies":[{"embeddable":true,"href":"https:\/\/bodrumluxuryservices.com\/tr\/wp-json\/wp\/v2\/comments?post=24001"}],"version-history":[{"count":3,"href":"https:\/\/bodrumluxuryservices.com\/tr\/wp-json\/wp\/v2\/pages\/24001\/revisions"}],"predecessor-version":[{"id":24664,"href":"https:\/\/bodrumluxuryservices.com\/tr\/wp-json\/wp\/v2\/pages\/24001\/revisions\/24664"}],"wp:attachment":[{"href":"https:\/\/bodrumluxuryservices.com\/tr\/wp-json\/wp\/v2\/media?parent=24001"}],"curies":[{"name":"wp","href":"https:\/\/api.w.org\/{rel}","templated":true}]}}