{"id":23633,"date":"2025-06-05T09:24:36","date_gmt":"2025-06-05T06:24:36","guid":{"rendered":"http:\/\/quanticalabs.com\/wp_themes4\/autoride\/?page_id=19"},"modified":"2025-06-08T01:06:22","modified_gmt":"2025-06-07T22:06:22","slug":"bodrum-luks-hizmetlerimiz","status":"publish","type":"page","link":"https:\/\/bodrumluxuryservices.com\/tr\/our-bodrum-luxury-services\/","title":{"rendered":"Bodrum L\u00fcks Hizmetlerimiz"},"content":{"rendered":"<div class=\"wpb-content-wrapper\"><div class=\"vc_row wpb_row vc_row-fluid theme-margin-bottom-60\"><div class=\"wpb_column vc_column_container vc_col-sm-6\"><div class=\"vc_column-inner\"><div class=\"wpb_wrapper\"><h3 style=\"text-align: left\" class=\"vc_custom_heading vc_do_custom_heading\" >Bodrum Ta\u015f\u0131mac\u0131l\u0131k Hizmetleri<\/h3>\n\t<div class=\"wpb_text_column wpb_content_element\" >\n\t\t<div class=\"wpb_wrapper\">\n\t\t\t<p><strong data-start=\"114\" data-end=\"140\">Bodrum L\u00fcks Hizmetler<\/strong> Bodrum b\u00f6lgesinde 2015&#039;ten beri birinci s\u0131n\u0131f ara\u00e7 hizmetleri sunmaktad\u0131r. Butik bir transfer \u015firketi olarak ba\u015flayan \u015firket, l\u00fcks ve \u00f6zel ta\u015f\u0131mac\u0131l\u0131kta g\u00fcvenilir bir isim haline geldi. Konfor, dakiklik ve m\u00fc\u015fteri memnuniyetine olan g\u00fc\u00e7l\u00fc ba\u011fl\u0131l\u0131\u011f\u0131m\u0131zla, tatil yapan ailelerden i\u015f seyahatindekilere kadar binlerce m\u00fc\u015fteriye gururla hizmet verdik ve kusursuz bir seyahat deneyimi sa\u011flad\u0131k. Profesyonel olarak e\u011fitilmi\u015f \u015fof\u00f6rlerimiz, \u00e7e\u015fitli \u00fcst d\u00fczey ara\u00e7 filomuz ve ki\u015fiselle\u015ftirilmi\u015f hizmetimiz, bizi sadece bir yolculuktan fazlas\u0131n\u0131 arayan se\u00e7ici gezginler i\u00e7in tercih edilen se\u00e7enek haline getirdi.<\/p>\n\n\t\t<\/div>\n\t<\/div>\n<\/div><\/div><\/div><div class=\"wpb_column vc_column_container vc_col-sm-6\"><div class=\"vc_column-inner\"><div class=\"wpb_wrapper\">\n            <div class=\"theme-component-blockquote theme-component-blockquote-style-2\">\n                <span class=\"theme-icon-meta-quote\"><\/span>\n                <blockquote>Bu \u015firketi 1995 y\u0131l\u0131nda en y\u00fcksek kalitede l\u00fcks ula\u015f\u0131m hizmeti sunma vizyonuyla kurdum. Hizmetimizi denemenizi rica ediyorum ve \u015fahsen tamamen memnun kalaca\u011f\u0131n\u0131z\u0131 garanti ediyorum.<br \/>\n<\/blockquote>\n                <div>Y\u00f6netim Kurulu Ba\u015fkan\u0131 ve CEO<\/div>\n            <\/div>\n        <\/div><\/div><\/div><\/div><div data-vc-full-width=\"true\" data-vc-full-width-temp=\"true\" data-vc-full-width-init=\"false\" class=\"vc_row wpb_row vc_row-fluid theme-column-style-2 theme-padding-bottom-0 vc_custom_1576584180851 vc_row-has-fill\"><div class=\"wpb_column vc_column_container vc_col-sm-12\"><div class=\"vc_column-inner\"><div class=\"wpb_wrapper\">\r\n            <p class=\"theme-component-paragraph-large theme-component-paragraph-large-style-2 aligncenter theme-margin-bottom-60\">\r\n                M\u00fckemmel ara\u00e7 koleksiyonu \u2013<br \/>\ndurumunuz ne olursa olsun hizmetimizi se\u00e7in\r\n            <\/p>\r\n        <div class=\"vc_row wpb_row vc_row-fluid\"><div class=\"wpb_column vc_column_container vc_col-sm-12\"><div class=\"vc_column-inner\"><div class=\"wpb_wrapper\">\n            <div data-column_count=\"2\" class=\"theme-component-gallery theme-component-gallery-type-1 theme-component-gallery-effect-type-2\">\n                <ul>\n                    \r\n            <li class=\"theme-component-gallery-item-width-50\">\r\n                <a data-fancybox-group=\"autoride-gallery-1\" href=\"\/tr\/bodrum-havalimani-transferleri\/\">\r\n                    <img decoding=\"async\" src=\"https:\/\/bodrumluxuryservices.com\/wp-content\/uploads\/2022\/11\/bodrum-airport-transfers-vip-bjv-adb-ayt-dlm.webp\" alt=\"Resim\"\/>\r\n                    <span><span><\/span><span>BODRUM HAVAL\u0130MANI TRANSFERLER\u0130<\/span><\/span>\r\n                    <i><\/i>\r\n                <\/a>\r\n            <\/li>\r\n        \r\n            <li class=\"theme-component-gallery-item-width-50\">\r\n                <a data-fancybox-group=\"autoride-gallery-1\" href=\"\/tr\/bodrum-yat-kiralama\/\">\r\n                    <img decoding=\"async\" src=\"https:\/\/bodrumluxuryservices.com\/wp-content\/uploads\/2022\/11\/yacht-charter-in-bodrum-prices.webp\" alt=\"Resim\"\/>\r\n                    <span><span><\/span><span>BODRUM YAT K\u0130RALAMA<\/span><\/span>\r\n                    <i><\/i>\r\n                <\/a>\r\n            <\/li>\r\n        \r\n            <li class=\"theme-component-gallery-item-width-50\">\r\n                <a data-fancybox-group=\"autoride-gallery-1\" href=\"\/tr\/bodrum-kurumsal-seyahat\/\">\r\n                    <img decoding=\"async\" src=\"https:\/\/bodrumluxuryservices.com\/wp-content\/uploads\/2022\/11\/bodrum-corporate-travel-thumb.jpg\" alt=\"Resim\"\/>\r\n                    <span><span><\/span><span>BODRUM KURUMSAL SEYAHAT<\/span><\/span>\r\n                    <i><\/i>\r\n                <\/a>\r\n            <\/li>\r\n        \r\n            <li class=\"theme-component-gallery-item-width-25\">\r\n                <a data-fancybox-group=\"autoride-gallery-1\" href=\"\/tr\/bodrum-destinasyonlari\/\">\r\n                    <img decoding=\"async\" src=\"https:\/\/bodrumluxuryservices.com\/wp-content\/uploads\/2022\/11\/bodrum-destinations.webp\" alt=\"Resim\"\/>\r\n                    <span><span><\/span><span>BODRUM DEST\u0130NASYONLARI<\/span><\/span>\r\n                    <i><\/i>\r\n                <\/a>\r\n            <\/li>\r\n        \r\n            <li class=\"theme-component-gallery-item-width-25\">\r\n                <a data-fancybox-group=\"autoride-gallery-1\" href=\"\/tr\/bodrum-jet-transferleri\/\">\r\n                    <img decoding=\"async\" src=\"https:\/\/bodrumluxuryservices.com\/wp-content\/uploads\/2022\/11\/bodrum-jet-flight-transfers-thumb.jpg\" alt=\"Resim\"\/>\r\n                    <span><span><\/span><span>BODRUM JET TRANSFERLER\u0130<\/span><\/span>\r\n                    <i><\/i>\r\n                <\/a>\r\n            <\/li>\r\n        \n                <\/ul>\n            <\/div>\n        <\/div><\/div><\/div><\/div><\/div><\/div><\/div><\/div><div class=\"vc_row-full-width vc_clearfix\"><\/div>\n<\/div>","protected":false},"excerpt":{"rendered":"Bodrum Transportation Services Bodrum Luxury Services has been offering premium car services in the Bodrum area since 2015. What started as a boutique transfer company has steadily grown into a trusted name in luxury and private transportation. With a strong commitment to comfort, punctuality, and customer satisfaction, we have proudly served thousands of clients \u2014 [...]","protected":false},"author":1,"featured_media":0,"parent":0,"menu_order":0,"comment_status":"closed","ping_status":"closed","template":"","meta":{"footnotes":""},"class_list":["post-23633","page","type-page","status-publish","hentry"],"_links":{"self":[{"href":"https:\/\/bodrumluxuryservices.com\/tr\/wp-json\/wp\/v2\/pages\/23633","targetHints":{"allow":["GET"]}}],"collection":[{"href":"https:\/\/bodrumluxuryservices.com\/tr\/wp-json\/wp\/v2\/pages"}],"about":[{"href":"https:\/\/bodrumluxuryservices.com\/tr\/wp-json\/wp\/v2\/types\/page"}],"author":[{"embeddable":true,"href":"https:\/\/bodrumluxuryservices.com\/tr\/wp-json\/wp\/v2\/users\/1"}],"replies":[{"embeddable":true,"href":"https:\/\/bodrumluxuryservices.com\/tr\/wp-json\/wp\/v2\/comments?post=23633"}],"version-history":[{"count":3,"href":"https:\/\/bodrumluxuryservices.com\/tr\/wp-json\/wp\/v2\/pages\/23633\/revisions"}],"predecessor-version":[{"id":24113,"href":"https:\/\/bodrumluxuryservices.com\/tr\/wp-json\/wp\/v2\/pages\/23633\/revisions\/24113"}],"wp:attachment":[{"href":"https:\/\/bodrumluxuryservices.com\/tr\/wp-json\/wp\/v2\/media?parent=23633"}],"curies":[{"name":"wp","href":"https:\/\/api.w.org\/{rel}","templated":true}]}}