{"id":23632,"date":"2025-06-05T09:24:11","date_gmt":"2025-06-05T06:24:11","guid":{"rendered":"http:\/\/quanticalabs.com\/wp_themes4\/autoride\/?page_id=17"},"modified":"2026-04-16T10:12:35","modified_gmt":"2026-04-16T07:12:35","slug":"hakkimizda","status":"publish","type":"page","link":"https:\/\/bodrumluxuryservices.com\/tr\/about-us\/","title":{"rendered":"Hakk\u0131m\u0131zda"},"content":{"rendered":"<div class=\"wpb-content-wrapper\"><div class=\"vc_row wpb_row vc_row-fluid\"><div class=\"wpb_column vc_column_container vc_col-sm-12\"><div class=\"vc_column-inner\"><div class=\"wpb_wrapper\"><h2 style=\"text-align: left;font-family:Abril Fatface;font-weight:400;font-style:normal\" class=\"vc_custom_heading vc_do_custom_heading\" >Eraslan Exclusive Travel<\/h2>\n\t<div class=\"wpb_text_column wpb_content_element\" >\n\t\t<div class=\"wpb_wrapper\">\n\t\t\t<p>Y\u0131ld\u0131ztepe mahallesi, 162. cadde 28\/C<br \/>\n06140 Alt\u0131nda\u011f\/Ankara TURKEY<\/p>\n\n\t\t<\/div>\n\t<\/div>\n<\/div><\/div><\/div><\/div><div class=\"vc_row wpb_row vc_row-fluid theme-margin-bottom-50\"><div class=\"wpb_column vc_column_container vc_col-sm-6\"><div class=\"vc_column-inner\"><div class=\"wpb_wrapper\">\r\n            <p class=\"theme-component-paragraph-large theme-component-paragraph-large-style-2 alignleft\">\r\n                Bodrum Luxury Services&#039;ta kendimizi \u015fu konularda gururland\u0131r\u0131yoruz:<br \/>\nBirinci s\u0131n\u0131f m\u00fc\u015fteri bak\u0131m\u0131yla t\u00fcm ihtiya\u00e7lar\u0131n\u0131z\u0131 kar\u015f\u0131layacak kapsaml\u0131 hizmetler.\r\n            <\/p>\r\n        <\/div><\/div><\/div><div class=\"wpb_column vc_column_container vc_col-sm-6\"><div class=\"vc_column-inner\"><div class=\"wpb_wrapper\">\r\n            <p class=\"theme-component-paragraph-large theme-component-paragraph-large-style-2 alignleft\">\r\n                Hi\u00e7bir ayr\u0131nt\u0131y\u0131 atlamadan ola\u011fan\u00fcst\u00fc bir hizmet sunarak, b\u00f6lgedeki \u00f6nde gelen kara ta\u015f\u0131mac\u0131l\u0131\u011f\u0131 sa\u011flay\u0131c\u0131s\u0131 olma \u015fans\u0131na sahip olduk. Amac\u0131m\u0131z seyahatlerinizi g\u00fcvenli, zahmetsiz ve zaman\u0131nda yapmakt\u0131r.\r\n            <\/p>\r\n        <\/div><\/div><\/div><\/div><div data-vc-full-width=\"true\" data-vc-full-width-temp=\"true\" data-vc-full-width-init=\"false\" class=\"vc_row wpb_row vc_row-fluid theme-background-color-7 theme-padding-top-100 theme-padding-bottom-20\"><div class=\"wpb_column vc_column_container vc_col-sm-12\"><div class=\"vc_column-inner\"><div class=\"wpb_wrapper\">\r\n            <div class=\"theme-component-header-subheader aligncenter\">\r\n                <div class=\"theme-component-header-subheader-subheader\">\u00c7ALI\u015eMAYA BA\u011eLILIK<\/div>\r\n                <h2 class=\"theme-component-header-subheader-header\">Yeteneklerimiz<\/h2>\r\n            <\/div>\r\n        \n            <div class=\"theme-component-feature-image-list\">\n                <div class=\"vc_row wpb_row vc_inner vc_row-fluid\"><div class=\"wpb_column vc_column_container vc_col-sm-6\"><div class=\"vc_column-inner\"><div class=\"wpb_wrapper\">\r\n            <div class=\"theme-component-feature-image-list-item\">\r\n                <div class=\"theme-component-feature-image-list-item-image\">\r\n                    <img decoding=\"async\" src=\"https:\/\/bodrumluxuryservices.com\/wp-content\/uploads\/2019\/10\/image_06.jpg\" alt=\"Resim\">\r\n                    <span><span class=\"theme-icon-feature-city-2\"><\/span><\/span>\r\n                    <div><\/div>\r\n                <\/div>\r\n                <div class=\"theme-component-feature-image-list-item-content\"><h4>PROFESYONELL\u0130K<\/h4><p>Deneyimli kadromuz ve son derece profesyonel \u015fof\u00f6rlerimiz, g\u00fcvenli, g\u00fcvenilir ula\u015f\u0131m, ola\u011fan\u00fcst\u00fc m\u00fc\u015fteri hizmeti ve tutarl\u0131 fiyatland\u0131rma sa\u011flamaya kendini adam\u0131\u015ft\u0131r. M\u00fc\u015fterilerimizi destekleyen \u015firket i\u00e7i sevk g\u00f6revlileri sa\u011fl\u0131yoruz.<\/p><\/div>\r\n            <\/div>\r\n        <\/div><\/div><\/div><div class=\"wpb_column vc_column_container vc_col-sm-6\"><div class=\"vc_column-inner\"><div class=\"wpb_wrapper\">\r\n            <div class=\"theme-component-feature-image-list-item\">\r\n                <div class=\"theme-component-feature-image-list-item-image\">\r\n                    <img decoding=\"async\" src=\"https:\/\/bodrumluxuryservices.com\/wp-content\/uploads\/2019\/10\/image_07.jpg\" alt=\"Resim\">\r\n                    <span><span class=\"theme-icon-feature-compass\"><\/span><\/span>\r\n                    <div><\/div>\r\n                <\/div>\r\n                <div class=\"theme-component-feature-image-list-item-content\"><h4>BA\u011eLILIK<\/h4><p>Ofisimiz haftan\u0131n yedi g\u00fcn\u00fc, yirmi d\u00f6rt saat a\u00e7\u0131kt\u0131r. Siz istedi\u011finizi se\u00e7in - yolculu\u011fu kusursuz hale getirece\u011fiz. \u0130ster i\u015f ister e\u011flence i\u00e7in \u015fof\u00f6rl\u00fc bir araca ihtiyac\u0131n\u0131z olsun, evinizin yak\u0131n\u0131nda veya yeni bir \u015fehirde olun, her zaman yan\u0131n\u0131zday\u0131z. <\/p><\/div>\r\n            <\/div>\r\n        <\/div><\/div><\/div><\/div>\n            <\/div>\n        <\/div><\/div><\/div><\/div><div class=\"vc_row-full-width vc_clearfix\"><\/div><div data-vc-full-width=\"true\" data-vc-full-width-temp=\"true\" data-vc-full-width-init=\"false\" class=\"vc_row wpb_row vc_row-fluid theme-section-background-image-fixed vc_custom_1576582685027 vc_row-has-fill\"><div class=\"theme-column-style-2 theme-padding-bottom-60 wpb_column vc_column_container vc_col-sm-12\"><div class=\"vc_column-inner\"><div class=\"wpb_wrapper\">\n            <div class=\"theme-component-call-to-action theme-component-call-to-action-style-1 aligncenter\">\n                <div class=\"theme-component-call-to-action-box\">\n                    <span class=\"theme-icon-feature-lighthouse theme-component-call-to-action-icon\"><span><\/span><\/span>\n                    <h4 class=\"theme-component-call-to-action-header\">B\u0130Z\u0130MLE B\u0130R SONRAK\u0130 SEYAHAT\u0130N\u0130Z?<\/h4>\n                    <p class=\"theme-component-call-to-action-subheader\">Hesaplamak i\u00e7in \u00e7evrimi\u00e7i arac\u0131m\u0131z\u0131 kullan\u0131n<br \/>\nyolculu\u011funuzun toplam maliyeti<\/p>\n                    \r\n            <div class=\"theme-component-button theme-component-button-style-2 alignleft theme-component-call-to-action-button\">\r\n                <a href=\"\/tr\/rezervasyon\/\" target=\"_self\">\r\n                    \u015eimdi Hesapla\r\n                <\/a>\r\n            <\/div>\r\n        \n                <\/div>\n            <\/div>\n        <\/div><\/div><\/div><\/div><div class=\"vc_row-full-width vc_clearfix\"><\/div><div class=\"vc_row wpb_row vc_row-fluid theme-column-style-2 theme-padding-bottom-60\"><div class=\"wpb_column vc_column_container vc_col-sm-6\"><div class=\"vc_column-inner\"><div class=\"wpb_wrapper\"><h3 style=\"text-align: left\" class=\"vc_custom_heading vc_do_custom_heading\" >Ana merkezimiz \u0130stanbul b\u00f6lgesinde olup, BODRUM&#039;da uydu ofislerimiz bulunmaktad\u0131r.<\/h3>\n\t<div class=\"wpb_text_column wpb_content_element\" >\n\t\t<div class=\"wpb_wrapper\">\n\t\t\t<p>L\u00fcks ula\u015f\u0131m ve yat kiralama hizmetlerinde y\u0131llar\u0131n uzmanl\u0131\u011f\u0131yla, konforunuza g\u00f6re uyarlanm\u0131\u015f kusursuz seyahat deneyimleri sunuyoruz. \u00d6zel \u015fof\u00f6rl\u00fc ara\u00e7lardan ayr\u0131cal\u0131kl\u0131 yat yolculuklar\u0131na kadar her ayr\u0131nt\u0131da zarafet, g\u00fcvenilirlik ve gizlilik sa\u011fl\u0131yoruz.<\/p>\n\n\t\t<\/div>\n\t<\/div>\n<h4 style=\"text-align: left\" class=\"vc_custom_heading vc_do_custom_heading theme-margin-top-50 theme-margin-bottom-30\" >Neden Bizi Se\u00e7melisiniz<\/h4><div class=\"theme-component-list theme-component-list-style-2\">\n<ul>\n<li>Profesyonel E\u011fitimli \u015eof\u00f6rler<\/li>\n<li>7\/24 Tam Hizmet Ta\u015f\u0131mac\u0131l\u0131\u011f\u0131<\/li>\n<li>Uzmanca Koordine Edilmi\u015f \u0130\u015f Seyahati \u00c7\u00f6z\u00fcmleri<\/li>\n<li>Uzun S\u00fcreli G\u00fcvenlik Kayd\u0131<\/li>\n<li>Bodrum, G\u00f6cek, Marmaris ve Fethiye gibi Premium Destinasyonlar<\/li>\n<\/ul>\n<\/div><\/div><\/div><\/div><div class=\"wpb_column vc_column_container vc_col-sm-6\"><div class=\"vc_column-inner\"><div class=\"wpb_wrapper\">\n\t<div  class=\"wpb_single_image wpb_content_element vc_align_left wpb_content_element\">\n\t\t\n\t\t<figure class=\"wpb_wrapper vc_figure\">\n\t\t\t<div class=\"vc_single_image-wrapper   vc_box_border_grey\"><img loading=\"lazy\" decoding=\"async\" width=\"1050\" height=\"700\" src=\"https:\/\/bodrumluxuryservices.com\/wp-content\/uploads\/2025\/06\/bodrum-private-transfer-services-luxury-vito-airports-milas-mugla-bjv.jpg\" class=\"vc_single_image-img attachment-full\" alt=\"\" title=\"bodrum-\u00f6zel-transfer-hizmetleri-l\u00fcks-vito-havaalanlar\u0131-milas-mugla-bjv\" srcset=\"https:\/\/bodrumluxuryservices.com\/wp-content\/uploads\/2025\/06\/bodrum-private-transfer-services-luxury-vito-airports-milas-mugla-bjv.jpg 1050w, https:\/\/bodrumluxuryservices.com\/wp-content\/uploads\/2025\/06\/bodrum-private-transfer-services-luxury-vito-airports-milas-mugla-bjv-300x200.jpg 300w, https:\/\/bodrumluxuryservices.com\/wp-content\/uploads\/2025\/06\/bodrum-private-transfer-services-luxury-vito-airports-milas-mugla-bjv-1024x683.jpg 1024w, https:\/\/bodrumluxuryservices.com\/wp-content\/uploads\/2025\/06\/bodrum-private-transfer-services-luxury-vito-airports-milas-mugla-bjv-768x512.jpg 768w, https:\/\/bodrumluxuryservices.com\/wp-content\/uploads\/2025\/06\/bodrum-private-transfer-services-luxury-vito-airports-milas-mugla-bjv-18x12.jpg 18w, https:\/\/bodrumluxuryservices.com\/wp-content\/uploads\/2025\/06\/bodrum-private-transfer-services-luxury-vito-airports-milas-mugla-bjv-460x306.jpg 460w, https:\/\/bodrumluxuryservices.com\/wp-content\/uploads\/2025\/06\/bodrum-private-transfer-services-luxury-vito-airports-milas-mugla-bjv-800x533.jpg 800w, https:\/\/bodrumluxuryservices.com\/wp-content\/uploads\/2025\/06\/bodrum-private-transfer-services-luxury-vito-airports-milas-mugla-bjv-600x400.jpg 600w\" sizes=\"auto, (max-width: 1050px) 100vw, 1050px\" \/><\/div>\n\t\t<\/figure>\n\t<\/div>\n<\/div><\/div><\/div><\/div><div data-vc-full-width=\"true\" data-vc-full-width-temp=\"true\" data-vc-full-width-init=\"false\" data-vc-stretch-content=\"true\" class=\"vc_row wpb_row vc_row-fluid vc_row-no-padding vc_row-o-equal-height vc_row-flex\"><div class=\"theme-column-style-1 theme-background-color-7 wpb_column vc_column_container vc_col-sm-12\"><div class=\"vc_column-inner\"><div class=\"wpb_wrapper\">\n            <div class=\"theme-component-testimonial-list theme-component-testimonial-list-style-2\">\n                <div>\n                    \n            <div class=\"theme-component-testimonial-list-item\">\n                <span class=\"theme-icon-feature-testimonials-2\"><span><\/span><\/span>\n                <p>Yapt\u0131\u011f\u0131n\u0131z ta\u015f\u0131madan daha memnun olamazd\u0131m. Harika bir yolculuktu ve araban\u0131z da muhte\u015femdi. Harika hizmetiniz i\u00e7in te\u015fekk\u00fcr ederim ve arkada\u015flar\u0131m\u0131 ve ailemi size y\u00f6nlendirmeye devam edece\u011fim.<\/p>\n                <div>Betty Finsen<\/div>\n            <\/div>\n        \n            <div class=\"theme-component-testimonial-list-item\">\n                <span class=\"theme-icon-feature-testimonials-2\"><span><\/span><\/span>\n                <p>Bu \u015firketle harika bir deneyim ya\u015fad\u0131m. Bodrum&#039;da bir\u00e7ok ba\u015fka \u015firket kulland\u0131m ama bu a\u00e7\u0131k ara en iyisiydi. Yolculu\u011fumuzu \u00e7ok kolayla\u015ft\u0131rd\u0131n\u0131z. Harika m\u00fc\u015fteri hizmeti, harika \u015fof\u00f6rler ve kulland\u0131\u011f\u0131m en iyi ve en uygun fiyatl\u0131 ula\u015f\u0131m \u015firketi. \u00c7ok te\u015fekk\u00fcr ederim!<\/p>\n                <div>Mark Webster<\/div>\n            <\/div>\n        \n            <div class=\"theme-component-testimonial-list-item\">\n                <span class=\"theme-icon-feature-testimonials-2\"><span><\/span><\/span>\n                <p>BLS&#039;yi beni Sedan&#039;lar\u0131yla havaalan\u0131ndan almalar\u0131 i\u00e7in tuttum. AYT&#039;de uzun bir yolculuktan yeni d\u00f6nm\u00fc\u015ft\u00fcm ve \u00e7ok yorgundum. S\u00fcr\u00fcc\u00fc zaman\u0131nda geldi ve son derece nazikti ve hi\u00e7bir sorun ya\u015famad\u0131m. Harika hizmet!<\/p>\n                <div>Kevin Foster<\/div>\n            <\/div>\n        \n            <div class=\"theme-component-testimonial-list-item\">\n                <span class=\"theme-icon-feature-testimonials-2\"><span><\/span><\/span>\n                <p>Bu \u015fimdiye kadar ald\u0131\u011f\u0131m en iyi hizmetti. \u015eof\u00f6r dakikti ve \u00e7ok yard\u0131mseverdi, \u015fehri iyi tan\u0131yordu. Becerileri trafik s\u0131k\u0131\u015f\u0131kl\u0131\u011f\u0131ndan ka\u00e7\u0131nmama yard\u0131mc\u0131 oldu. Bodrum Luxury Services&#039;\u0131 t\u00fcm arkada\u015flar\u0131ma tavsiye edece\u011fim!<\/p>\n                <div>Mitch Michael<\/div>\n            <\/div>\n        \n                <\/div>\n            <\/div>\n        <\/div><\/div><\/div><\/div><div class=\"vc_row-full-width vc_clearfix\"><\/div>\n<\/div>","protected":false},"excerpt":{"rendered":"Eraslan Exclusive Travel Y\u0131ld\u0131ztepe mahallesi, 162. cadde 28\/C 06140 Alt\u0131nda\u011f\/Ankara TURKEY At Bodrum Luxury Services we pride ourselves in delivering extensive services to fulfill all of your needs with first rate customer care. By offering exceptional service with no detail unattended, we have been fortunate enough to have developed into the leading provider of ground [...]","protected":false},"author":1,"featured_media":0,"parent":0,"menu_order":0,"comment_status":"closed","ping_status":"closed","template":"","meta":{"footnotes":""},"class_list":["post-23632","page","type-page","status-publish","hentry"],"_links":{"self":[{"href":"https:\/\/bodrumluxuryservices.com\/tr\/wp-json\/wp\/v2\/pages\/23632","targetHints":{"allow":["GET"]}}],"collection":[{"href":"https:\/\/bodrumluxuryservices.com\/tr\/wp-json\/wp\/v2\/pages"}],"about":[{"href":"https:\/\/bodrumluxuryservices.com\/tr\/wp-json\/wp\/v2\/types\/page"}],"author":[{"embeddable":true,"href":"https:\/\/bodrumluxuryservices.com\/tr\/wp-json\/wp\/v2\/users\/1"}],"replies":[{"embeddable":true,"href":"https:\/\/bodrumluxuryservices.com\/tr\/wp-json\/wp\/v2\/comments?post=23632"}],"version-history":[{"count":11,"href":"https:\/\/bodrumluxuryservices.com\/tr\/wp-json\/wp\/v2\/pages\/23632\/revisions"}],"predecessor-version":[{"id":24662,"href":"https:\/\/bodrumluxuryservices.com\/tr\/wp-json\/wp\/v2\/pages\/23632\/revisions\/24662"}],"wp:attachment":[{"href":"https:\/\/bodrumluxuryservices.com\/tr\/wp-json\/wp\/v2\/media?parent=23632"}],"curies":[{"name":"wp","href":"https:\/\/api.w.org\/{rel}","templated":true}]}}