{"id":14,"date":"2025-06-03T21:22:54","date_gmt":"2025-06-03T18:22:54","guid":{"rendered":"https:\/\/bodrumluxuryservices.com\/?page_id=14"},"modified":"2026-04-16T10:23:07","modified_gmt":"2026-04-16T07:23:07","slug":"kullanim-sartlari","status":"publish","type":"page","link":"https:\/\/bodrumluxuryservices.com\/tr\/terms-of-use\/","title":{"rendered":"Kullan\u0131m \u015eartlar\u0131"},"content":{"rendered":"<div class=\"wpb-content-wrapper\"><div class=\"vc_row wpb_row vc_row-fluid\"><div class=\"wpb_column vc_column_container vc_col-sm-12\"><div class=\"vc_column-inner\"><div class=\"wpb_wrapper\">\n\t<div class=\"wpb_text_column wpb_content_element\" >\n\t\t<div class=\"wpb_wrapper\">\n\t\t\t<p><strong>Son G\u00fcncelleme: 07\/11\/2024<\/strong><\/p>\n<p>De\u011ferli ziyaret\u00e7imiz, l\u00fctfen bodrumluxuryservices.com web sitemize eri\u015fmeden \u00f6nce bu Kullan\u0131m \u015eartlar\u0131 s\u00f6zle\u015fmesini dikkatlice okuyun. Siteye eri\u015fim, kesinlikle bu s\u00f6zle\u015fmeyi kabul etmenize ve \u015fartlar\u0131na uyman\u0131za ba\u011fl\u0131d\u0131r. Bu s\u00f6zle\u015fmede belirtilen \u015fartlardan herhangi birini kabul etmiyorsan\u0131z, l\u00fctfen siteye eri\u015fiminizi sonland\u0131r\u0131n. Siteye eri\u015fmeye devam ederseniz, bu s\u00f6zle\u015fmenin t\u00fcm h\u00fck\u00fcmlerini kay\u0131ts\u0131z \u015farts\u0131z ve \u00e7ekincesiz kabul etti\u011finiz varsay\u0131lacakt\u0131r.<\/p>\n<p>The website bodrumluxuryservices.com is managed by <strong>ERASLAN EXCLUSIVE TRAVEL<\/strong>, hereafter referred to as the SITE. The Terms of Use regarding this site take effect upon publication. The SITE reserves the right to make changes to these terms unilaterally, and all users are deemed to accept these changes from the moment they are updated on the SITE.<\/p>\n<p><strong>Mahremiyet<\/strong><\/p>\n<p>Gizlilik ayr\u0131 olarak ele al\u0131n\u0131r ve ki\u015fisel verilerinizi nas\u0131l i\u015fledi\u011fimizi y\u00f6netmek i\u00e7in vard\u0131r. S\u0130TE&#039;yi kullanarak, bu veri i\u015flemenin gizlilik politikas\u0131na uygun olarak ger\u00e7ekle\u015ftirildi\u011fini kabul edersiniz.<\/p>\n<p><strong>Hizmet Kapsam\u0131<\/strong><\/p>\n<p><strong>Bodrum L\u00fcks Hizmetler<\/strong> yasal d\u00fczenlemelere uygun olarak sunulan hizmetlerin kapsam\u0131n\u0131 ve niteli\u011fini belirleme hakk\u0131n\u0131 sakl\u0131 tutar ve hizmetlerde yap\u0131lan de\u011fi\u015fiklikler S\u0130TE&#039;de yay\u0131mland\u0131\u011f\u0131 anda y\u00fcr\u00fcrl\u00fc\u011fe girmi\u015f say\u0131l\u0131r.<\/p>\n<p><strong>Telif hakk\u0131<\/strong><\/p>\n<p>S\u0130TE&#039;deki t\u00fcm metin, kod, grafik, logo, resim, ses dosyas\u0131 ve yaz\u0131l\u0131mlar (bundan sonra &quot;i\u00e7erik&quot; olarak an\u0131lacakt\u0131r) Bodrum Luxury Services&#039;a ait olup t\u00fcm haklar\u0131 sakl\u0131d\u0131r. Sitenin i\u00e7eri\u011finin yaz\u0131l\u0131 izin olmaks\u0131z\u0131n izinsiz \u00e7o\u011falt\u0131lmas\u0131 veya kopyalanmas\u0131 kesinlikle yasakt\u0131r.<\/p>\n<p><strong>Genel H\u00fck\u00fcmler<\/strong><\/p>\n<p>T\u00fcm kullan\u0131c\u0131lar S\u0130TE&#039;yi yaln\u0131zca yasal ve ki\u015fisel ama\u00e7lar i\u00e7in kullanmay\u0131 ve \u00fc\u00e7\u00fcnc\u00fc ki\u015filerin haklar\u0131n\u0131 ihlal eden hi\u00e7bir faaliyette bulunmamay\u0131 taahh\u00fct eder. S\u0130TE \u00fczerindeki eylem ve i\u015flemleriyle ilgili yasal ve cezai sorumluluklardan yaln\u0131zca kendileri sorumludur. S\u0130TE, bu eylemler sonucunda \u00fc\u00e7\u00fcnc\u00fc ki\u015filere verilen zararlardan do\u011frudan veya dolayl\u0131 olarak sorumlu de\u011fildir.<\/p>\n<p>S\u0130TE&#039;de mevcut bilgilerin do\u011frulu\u011funu ve g\u00fcncelli\u011fini sa\u011flamak i\u00e7in her t\u00fcrl\u00fc \u00e7abay\u0131 g\u00f6steriyoruz. Ancak, \u00e7abalar\u0131m\u0131za ra\u011fmen, bu bilgiler g\u00fcncel olmayabilir ve tutars\u0131zl\u0131klar i\u00e7erebilir. Bu nedenle, sitedeki bilgilerin do\u011frulu\u011fu ve g\u00fcncelli\u011fi konusunda a\u00e7\u0131k veya \u00f6rt\u00fck bir garanti vermiyoruz.<\/p>\n<p>S\u0130TE, bizim bilmedi\u011fimiz i\u00e7eriklere sahip \u00fc\u00e7\u00fcnc\u00fc taraflarca i\u015fletilen di\u011fer web sitelerine, uygulamalara ve platformlara hiper ba\u011flant\u0131lar i\u00e7erebilir. S\u0130TE&#039;nin i\u015flevselli\u011fi yaln\u0131zca bu sitelere eri\u015fim sa\u011flar ve i\u00e7eriklerinden hi\u00e7bir sorumluluk kabul etmiyoruz.<\/p>\n<p>S\u0130TE&#039;yi vir\u00fcss\u00fcz tutmaya \u00e7al\u0131\u015f\u0131rken, vir\u00fcslerin tamamen yoklu\u011funu garanti edemeyiz. Kullan\u0131c\u0131lar, veri indirirken vir\u00fcslere kar\u015f\u0131 gerekli \u00f6nlemleri almaktan sorumludur. Vir\u00fcsler veya di\u011fer k\u00f6t\u00fc ama\u00e7l\u0131 programlar, kodlar veya materyallerin neden oldu\u011fu hasarlardan sorumlu de\u011filiz.<\/p>\n<p>S\u0130TE&#039;de sunulan hizmetlerin hatas\u0131z veya kesintisiz olaca\u011f\u0131n\u0131 garanti etmiyoruz. S\u0130TE&#039;ye, hizmetlerine veya herhangi bir b\u00f6l\u00fcm\u00fcne eri\u015fiminizi herhangi bir zamanda \u00f6nceden bildirimde bulunmaks\u0131z\u0131n sonland\u0131rma hakk\u0131n\u0131 sakl\u0131 tutuyoruz.<\/p>\n<p><strong>Sorumlulu\u011fun S\u0131n\u0131rland\u0131r\u0131lmas\u0131<\/strong><\/p>\n<p>S\u0130TE kullan\u0131m\u0131ndan kaynaklanan hasarlara ili\u015fkin sorumlulu\u011fumuz kas\u0131t ve a\u011f\u0131r ihmal ile s\u0131n\u0131rl\u0131d\u0131r. S\u00f6zle\u015fme ihlalinden kaynaklanan hasarlarda talep edilebilecek toplam tazminat \u00f6ng\u00f6r\u00fclebilir hasarlarla s\u0131n\u0131rl\u0131d\u0131r. Yukar\u0131da belirtilen sorumluluk s\u0131n\u0131rlamalar\u0131 insan hayat\u0131na, bedensel yaralanmaya veya sa\u011fl\u0131k sorunlar\u0131na zarar verilmesi durumlar\u0131nda ge\u00e7erli de\u011fildir. Hukuken m\u00fccbir sebep olarak kabul edilen t\u00fcm durumlarda, herhangi bir gecikme, ifa etmeme veya temerr\u00fctten sorumlu olmayaca\u011f\u0131z.<\/p>\n<p><strong>Uyu\u015fmazl\u0131k \u00c7\u00f6z\u00fcm\u00fc<\/strong><\/p>\n<p>\u0130\u015fbu S\u00f6zle\u015fme&#039;nin uygulanmas\u0131ndan veya yorumlanmas\u0131ndan do\u011fabilecek her t\u00fcrl\u00fc uyu\u015fmazl\u0131kta T\u00fcrkiye Cumhuriyeti kanunlar\u0131 uygulanacak olup, Ankara Adliyesi Mahkemeleri ve \u0130cra Daireleri yetkilidir.<\/p>\n<p>\u00a0<\/p>\n\n\t\t<\/div>\n\t<\/div>\n<\/div><\/div><\/div><\/div><\/div>","protected":false},"excerpt":{"rendered":"Last Updated: 07\/11\/2024 Dear visitor, please carefully read this Terms of Use agreement before accessing our website, bodrumluxuryservices.com. Access to the site is strictly dependent on your acceptance of this agreement and compliance with its terms. If you do not accept any of the terms outlined in this agreement, please discontinue your access to the [...]","protected":false},"author":1,"featured_media":0,"parent":0,"menu_order":0,"comment_status":"closed","ping_status":"closed","template":"","meta":{"footnotes":""},"class_list":["post-14","page","type-page","status-publish","hentry"],"_links":{"self":[{"href":"https:\/\/bodrumluxuryservices.com\/tr\/wp-json\/wp\/v2\/pages\/14","targetHints":{"allow":["GET"]}}],"collection":[{"href":"https:\/\/bodrumluxuryservices.com\/tr\/wp-json\/wp\/v2\/pages"}],"about":[{"href":"https:\/\/bodrumluxuryservices.com\/tr\/wp-json\/wp\/v2\/types\/page"}],"author":[{"embeddable":true,"href":"https:\/\/bodrumluxuryservices.com\/tr\/wp-json\/wp\/v2\/users\/1"}],"replies":[{"embeddable":true,"href":"https:\/\/bodrumluxuryservices.com\/tr\/wp-json\/wp\/v2\/comments?post=14"}],"version-history":[{"count":3,"href":"https:\/\/bodrumluxuryservices.com\/tr\/wp-json\/wp\/v2\/pages\/14\/revisions"}],"predecessor-version":[{"id":24666,"href":"https:\/\/bodrumluxuryservices.com\/tr\/wp-json\/wp\/v2\/pages\/14\/revisions\/24666"}],"wp:attachment":[{"href":"https:\/\/bodrumluxuryservices.com\/tr\/wp-json\/wp\/v2\/media?parent=14"}],"curies":[{"name":"wp","href":"https:\/\/api.w.org\/{rel}","templated":true}]}}