{"id":11039,"date":"2025-06-05T09:24:48","date_gmt":"2025-06-05T06:24:48","guid":{"rendered":"http:\/\/quanticalabs.com\/wp_themes4\/autoride\/?page_id=11039"},"modified":"2025-06-26T09:13:45","modified_gmt":"2025-06-26T06:13:45","slug":"bodrum-yat-kiralama","status":"publish","type":"page","link":"https:\/\/bodrumluxuryservices.com\/tr\/bodrum-yacht-charter\/","title":{"rendered":"Bodrum Yat Kiralama"},"content":{"rendered":"<div class=\"wpb-content-wrapper\"><div class=\"vc_row wpb_row vc_row-fluid\"><div class=\"wpb_column vc_column_container vc_col-sm-12\"><div class=\"vc_column-inner\"><div class=\"wpb_wrapper\">\r\n            <p class=\"theme-component-paragraph-large theme-component-paragraph-large-style-2 alignleft theme-padding-top-0 theme-padding-bottom-0\">\r\n                \ud83c\udf0a Bodrum Yat Kiralama \u2013 Ege&#039;yi L\u00fcks \u0130\u00e7inde Ke\u015ffedin\r\n            <\/p>\r\n        \n\t<div class=\"wpb_text_column wpb_content_element theme-padding-top-30\" >\n\t\t<div class=\"wpb_wrapper\">\n\t\t\t<p data-start=\"283\" data-end=\"543\">Benzersiz bir yelken deneyimi i\u00e7in Bodrum&#039;da l\u00fcks bir yat kiralay\u0131n. Birinci s\u0131n\u0131f filomuzu, ki\u015fiye \u00f6zel rotalar\u0131m\u0131z\u0131 ve uzman m\u00fcrettebat\u0131m\u0131z\u0131 ke\u015ffedin. \u00c7evrimi\u00e7i fiyatland\u0131rma i\u00e7in bizimle ileti\u015fime ge\u00e7in.<\/p>\n<p data-start=\"283\" data-end=\"543\">Ege Denizi&#039;nin nefes kesen g\u00fczelli\u011fini bizimle deneyimleyin <strong data-start=\"345\" data-end=\"369\">Bodrum yat kiralama<\/strong> hizmetler. \u0130ster romantik bir ka\u00e7amak, ister bir aile gezisi, ister su \u00fczerinde \u00f6zel bir kutlama planl\u0131yor olun, ihtiya\u00e7lar\u0131n\u0131za g\u00f6re tasarlanm\u0131\u015f geni\u015f bir yelpazede l\u00fcks yatlar sunuyoruz.<\/p>\n\n\t\t<\/div>\n\t<\/div>\n<\/div><\/div><\/div><\/div><div class=\"vc_row wpb_row vc_row-fluid vc_row-o-content-middle vc_row-flex\"><div class=\"wpb_column vc_column_container vc_col-sm-3\"><div class=\"vc_column-inner\"><div class=\"wpb_wrapper\">\r\n            <div class=\"theme-component-button theme-component-button-style-3 aligncenter\">\r\n                <a href=\"https:\/\/bodrumluxuryservices.com\/wp-content\/uploads\/2022\/11\/bodrum-luxury-services-ML-Exclusive-Motoryacht.pdf\" target=\"_blank\">\r\n                    Yat 1 - Katalog\r\n                <\/a>\r\n            <\/div>\r\n        <\/div><\/div><\/div><div class=\"wpb_column vc_column_container vc_col-sm-3\"><div class=\"vc_column-inner\"><div class=\"wpb_wrapper\">\r\n            <div class=\"theme-component-button theme-component-button-style-3 aligncenter\">\r\n                <a href=\"https:\/\/bodrumluxuryservices.com\/wp-content\/uploads\/2022\/11\/bodrum-luxury-services-RD-Exclusive-Motoryacht.pdf\" target=\"_blank\">\r\n                    Yat 2 - Katalog\r\n                <\/a>\r\n            <\/div>\r\n        <\/div><\/div><\/div><div class=\"wpb_column vc_column_container vc_col-sm-3\"><div class=\"vc_column-inner\"><div class=\"wpb_wrapper\">\r\n            <div class=\"theme-component-button theme-component-button-style-3 aligncenter\">\r\n                <a href=\"https:\/\/bodrumluxuryservices.com\/wp-content\/uploads\/2022\/11\/bodrum-luxury-services-Ultra-Luxury-Motoryacht-Princess.pdf\" target=\"_blank\">\r\n                    Yat 3 - Katalog\r\n                <\/a>\r\n            <\/div>\r\n        <\/div><\/div><\/div><div class=\"wpb_column vc_column_container vc_col-sm-3\"><div class=\"vc_column-inner\"><div class=\"wpb_wrapper\">\r\n            <div class=\"theme-component-button theme-component-button-style-3 aligncenter\">\r\n                <a href=\"https:\/\/bodrumluxuryservices.com\/wp-content\/uploads\/2022\/11\/bodrum-luxury-services-Ultra-Luxury-Catamaran-Brise.pdf\" target=\"_blank\">\r\n                    Yat 4 - Katalog\r\n                <\/a>\r\n            <\/div>\r\n        <\/div><\/div><\/div><\/div><div class=\"vc_row wpb_row vc_row-fluid theme-margin-top-20\"><div class=\"wpb_column vc_column_container vc_col-sm-12\"><div class=\"vc_column-inner\"><div class=\"wpb_wrapper\"><div class=\"vc_row wpb_row vc_row-fluid\"><div class=\"theme-margin-bottom-0 wpb_column vc_column_container vc_col-sm-12\"><div class=\"vc_column-inner\"><div class=\"wpb_wrapper\">\n            <div data-column_count=\"2\" class=\"theme-component-gallery theme-component-gallery-type-1 theme-component-gallery-effect-type-1\">\n                <ul>\n                    \r\n            <li class=\"theme-component-gallery-item-width-50\">\r\n                <a class=\"theme-image-fancybox\" data-fancybox-group=\"autoride-gallery-1\" href=\"https:\/\/bodrumluxuryservices.com\/wp-content\/uploads\/2022\/11\/bodrum-yatch-charter-3.webp\">\r\n                    <img decoding=\"async\" src=\"https:\/\/bodrumluxuryservices.com\/wp-content\/uploads\/2022\/11\/bodrum-yatch-charter-3.webp\" alt=\"Resim\"\/>\r\n                    \r\n                    <i><\/i>\r\n                <\/a>\r\n            <\/li>\r\n        \r\n            <li class=\"theme-component-gallery-item-width-50\">\r\n                <a class=\"theme-image-fancybox\" data-fancybox-group=\"autoride-gallery-1\" href=\"https:\/\/bodrumluxuryservices.com\/wp-content\/uploads\/2022\/11\/bodrum-yatch-charter-2.webp\">\r\n                    <img decoding=\"async\" src=\"https:\/\/bodrumluxuryservices.com\/wp-content\/uploads\/2022\/11\/bodrum-yatch-charter-2.webp\" alt=\"Resim\"\/>\r\n                    \r\n                    <i><\/i>\r\n                <\/a>\r\n            <\/li>\r\n        \r\n            <li class=\"theme-component-gallery-item-width-50\">\r\n                <a class=\"theme-image-fancybox\" data-fancybox-group=\"autoride-gallery-1\" href=\"https:\/\/bodrumluxuryservices.com\/wp-content\/uploads\/2022\/11\/bodrum-yatch-charter-5.webp\">\r\n                    <img decoding=\"async\" src=\"https:\/\/bodrumluxuryservices.com\/wp-content\/uploads\/2022\/11\/bodrum-yatch-charter-5.webp\" alt=\"Resim\"\/>\r\n                    \r\n                    <i><\/i>\r\n                <\/a>\r\n            <\/li>\r\n        \r\n            <li class=\"theme-component-gallery-item-width-50\">\r\n                <a class=\"theme-image-fancybox\" data-fancybox-group=\"autoride-gallery-1\" href=\"https:\/\/bodrumluxuryservices.com\/wp-content\/uploads\/2022\/11\/bodrum-yatch-charter-4.webp\">\r\n                    <img decoding=\"async\" src=\"https:\/\/bodrumluxuryservices.com\/wp-content\/uploads\/2022\/11\/bodrum-yatch-charter-4.webp\" alt=\"Resim\"\/>\r\n                    \r\n                    <i><\/i>\r\n                <\/a>\r\n            <\/li>\r\n        \n                <\/ul>\n            <\/div>\n        <\/div><\/div><\/div><\/div><\/div><\/div><\/div><\/div><div class=\"vc_row wpb_row vc_row-fluid theme-margin-top-20\"><div class=\"wpb_column vc_column_container vc_col-sm-12\"><div class=\"vc_column-inner\"><div class=\"wpb_wrapper\">\r\n            <p class=\"theme-component-paragraph-large theme-component-paragraph-large-style-2 alignleft theme-padding-top-0 theme-padding-bottom-0\">\r\n                Bodrum Yat Kiralama, L\u00fcks Yatlar ve \u00d6zel Tekne Kiralama\r\n            <\/p>\r\n        \n\t<div class=\"wpb_text_column wpb_content_element theme-padding-top-30\" >\n\t\t<div class=\"wpb_wrapper\">\n\t\t\t<p>Filomuzda \u015f\u0131k motor yatlardan geleneksel guletlere kadar her \u015fey var, hepsi modern olanaklarla donat\u0131lm\u0131\u015f, profesyonel m\u00fcrettebat ve \u00f6zelle\u015ftirilebilir rotalar. Bodrum&#039;un gizli koylar\u0131n\u0131 ke\u015ffedebilir, Kos veya Symi&#039;ye yelken a\u00e7abilir veya T\u00fcrk Rivieras\u0131 boyunca bir g\u00fcn bat\u0131m\u0131 gezisinin tad\u0131n\u0131 \u00e7\u0131karabilirsiniz.<\/p>\n<p>Her kiralama ki\u015fiselle\u015ftirilmi\u015f bir deneyimdir; gemideki yemeklerden su aktivitelerine kadar her ayr\u0131nt\u0131yla ilgileniyoruz, b\u00f6ylece rahatlay\u0131p yolculu\u011fun tad\u0131n\u0131 \u00e7\u0131karabilirsiniz.<\/p>\n\n\t\t<\/div>\n\t<\/div>\n<\/div><\/div><\/div><\/div><div class=\"vc_row wpb_row vc_row-fluid theme-margin-top-20\"><div class=\"wpb_column vc_column_container vc_col-sm-12\"><div class=\"vc_column-inner\"><div class=\"wpb_wrapper\">\r\n            <p class=\"theme-component-paragraph-large theme-component-paragraph-large-style-2 alignleft theme-padding-top-0 theme-padding-bottom-0\">\r\n                \u00d6zel Destinasyonlar\u0131m\u0131z\r\n            <\/p>\r\n        \n\t<div class=\"wpb_text_column wpb_content_element theme-padding-top-30\" >\n\t\t<div class=\"wpb_wrapper\">\n\t\t\t<h3 data-start=\"253\" data-end=\"299\"><strong data-start=\"257\" data-end=\"297\">Mavi Yolculuk Rotas\u0131 \u2013 Bodrum \u2013 G\u00f6kova<\/strong><\/h3>\n<p data-start=\"300\" data-end=\"473\">Bodrum \u00e7evresindeki turkuaz koylardan ba\u015flayarak G\u00f6kova K\u00f6rfezi&#039;ne do\u011fru uzanan bu ikonik Mavi Yolculuk, tenha koylar ve \u00e7am a\u011fa\u00e7lar\u0131yla kapl\u0131 k\u0131y\u0131lar aras\u0131nda unutulmaz bir yolculuk sunuyor.<\/p>\n<h3 data-start=\"475\" data-end=\"510\"><strong data-start=\"479\" data-end=\"508\">Bodrum \u2013 Hisar\u00f6n\u00fc K\u00f6rfezi<\/strong><\/h3>\n<p data-start=\"511\" data-end=\"654\">Bodrum ve Hisar\u00f6n\u00fc K\u00f6rfezi aras\u0131nda yapaca\u011f\u0131n\u0131z tekne turunda, y\u00fczmek ve g\u00fcne\u015flenmek i\u00e7in m\u00fckemmel, sakin plajlar\u0131 ve gizli koylar\u0131 ke\u015ffedeceksiniz.<\/p>\n<h3 data-start=\"656\" data-end=\"695\"><strong data-start=\"660\" data-end=\"693\">Simi Adas\u0131 ve Hisar\u00f6n\u00fc K\u00f6rfezi<\/strong><\/h3>\n<p data-start=\"696\" data-end=\"843\">Pastel tonlardaki liman\u0131, b\u00fcy\u00fcleyici mimarisi ve huzurlu atmosferiyle bilinen Yunan m\u00fccevheri Simi&#039;yi ke\u015ffedin; k\u0131y\u0131dan hemen a\u00e7\u0131kta b\u00fcy\u00fcleyici bir ka\u00e7\u0131\u015f noktas\u0131.<\/p>\n<h3 data-start=\"845\" data-end=\"871\"><strong data-start=\"849\" data-end=\"869\">Bodrum Yar\u0131madas\u0131<\/strong><\/h3>\n<p data-start=\"872\" data-end=\"1011\">Bodrum Yar\u0131madas\u0131&#039;n\u0131n t\u00fcm uzunlu\u011funu yelkenle dola\u015farak, kozmopolit merkezlerin, geleneksel k\u00f6ylerin ve el de\u011fmemi\u015f do\u011fan\u0131n canl\u0131 kar\u0131\u015f\u0131m\u0131yla tan\u0131\u015f\u0131n.<\/p>\n<h3 data-start=\"1013\" data-end=\"1042\"><strong data-start=\"1017\" data-end=\"1040\">T\u00fcrkb\u00fck\u00fc \u2013 \u00c7\u00f6kertme<\/strong><\/h3>\n<p data-start=\"1043\" data-end=\"1197\">L\u00fcks T\u00fcrkb\u00fck\u00fc marinas\u0131ndan, yol boyunca ikonik Ege manzaralar\u0131 ve huzurlu koylardan ge\u00e7erek sakin bal\u0131k\u00e7\u0131 k\u00f6y\u00fc \u00c7\u00f6kertme&#039;ye do\u011fru yelken a\u00e7\u0131n.<\/p>\n<h3 data-start=\"1199\" data-end=\"1227\"><strong data-start=\"1203\" data-end=\"1225\">Bozburun Yar\u0131madas\u0131<\/strong><\/h3>\n<p data-start=\"1228\" data-end=\"1355\">El yap\u0131m\u0131 tekne yap\u0131m\u0131 ve do\u011fal g\u00fczelli\u011fiyle \u00fcnl\u00fc Bozburun&#039;a do\u011fru yola \u00e7\u0131k\u0131n; otantikli\u011fi ve yerel cazibeyi arayanlar i\u00e7in ideal.<\/p>\n\n\t\t<\/div>\n\t<\/div>\n<\/div><\/div><\/div><\/div><div class=\"vc_row wpb_row vc_row-fluid\"><div class=\"theme-margin-bottom-0 wpb_column vc_column_container vc_col-sm-6\"><div class=\"vc_column-inner\"><div class=\"wpb_wrapper\"><h3 style=\"text-align: center\" class=\"vc_custom_heading vc_do_custom_heading theme-margin-top-60 theme-margin-bottom-50\" >\ud83d\udee5\ufe0f Neden Bizi Se\u00e7melisiniz?<\/h3>\n\t<div class=\"wpb_text_column wpb_content_element\" >\n\t\t<div class=\"wpb_wrapper\">\n\t\t\t<ul data-start=\"1000\" data-end=\"1284\">\n<li data-start=\"1000\" data-end=\"1057\">\n<p data-start=\"1002\" data-end=\"1057\">L\u00fcks yatlar, guletler ve katamaranlardan olu\u015fan \u00e7e\u015fitli bir filo<\/p>\n<\/li>\n<li data-start=\"1058\" data-end=\"1114\">\n<p data-start=\"1060\" data-end=\"1114\">Uzman kaptanlar ve a\u015f\u00e7\u0131lar\u0131n bulundu\u011fu tam m\u00fcrettebatl\u0131 kiralamalar<\/p>\n<\/li>\n<li data-start=\"1115\" data-end=\"1172\">\n<p data-start=\"1117\" data-end=\"1172\">Esnek g\u00fczergahlar: G\u00fcnl\u00fck, haftal\u0131k veya saatlik kiralamalar<\/p>\n<\/li>\n<li data-start=\"1173\" data-end=\"1222\">\n<p data-start=\"1175\" data-end=\"1222\">VIP hizmeti, transferler ve talep \u00fczerine konsiyerj<\/p>\n<\/li>\n<li data-start=\"1223\" data-end=\"1284\">\n<p data-start=\"1225\" data-end=\"1284\">Ki\u015fiye \u00f6zel gemi i\u00e7i etkinlikler (do\u011fum g\u00fcn\u00fc, evlenme teklifi, balay\u0131 vb.)<\/p>\n<\/li>\n<\/ul>\n\n\t\t<\/div>\n\t<\/div>\n<\/div><\/div><\/div><div class=\"wpb_column vc_column_container vc_col-sm-6\"><div class=\"vc_column-inner\"><div class=\"wpb_wrapper\"><h3 style=\"text-align: center\" class=\"vc_custom_heading vc_do_custom_heading theme-margin-top-60 theme-margin-bottom-50\" >\ud83d\udcb0 Yat Kiralama Fiyat\u0131<\/h3>\n\t<div class=\"wpb_text_column wpb_content_element\" >\n\t\t<div class=\"wpb_wrapper\">\n\t\t\t<p data-start=\"1318\" data-end=\"1448\">Fiyatlar yat tipine, sezona ve s\u00fcreye g\u00f6re de\u011fi\u015fmektedir.<br data-start=\"1376\" data-end=\"1379\" \/>\ud83d\udce9 <strong data-start=\"1382\" data-end=\"1448\">Ki\u015fiselle\u015ftirilmi\u015f bir teklif i\u00e7in bizimle ileti\u015fime ge\u00e7in \u2013 \u00c7evrimi\u00e7i teklifler mevcuttur!<\/strong><\/p>\n\n\t\t<\/div>\n\t<\/div>\n<\/div><\/div><\/div><\/div>\n<\/div>","protected":false},"excerpt":{"rendered":"\ud83c\udf0a Bodrum Yacht Charter \u2013 Discover the Aegean in Luxury Charter a luxury yacht in Bodrum for a unique sailing experience. Discover our premium fleet, tailor-made routes &amp; expert crew. Contact us for online pricing. Experience the breathtaking beauty of the Aegean Sea with our Bodrum yacht charter services. Whether you are planning a romantic [...]","protected":false},"author":1,"featured_media":0,"parent":0,"menu_order":0,"comment_status":"closed","ping_status":"closed","template":"","meta":{"footnotes":""},"class_list":["post-11039","page","type-page","status-publish","hentry"],"_links":{"self":[{"href":"https:\/\/bodrumluxuryservices.com\/tr\/wp-json\/wp\/v2\/pages\/11039","targetHints":{"allow":["GET"]}}],"collection":[{"href":"https:\/\/bodrumluxuryservices.com\/tr\/wp-json\/wp\/v2\/pages"}],"about":[{"href":"https:\/\/bodrumluxuryservices.com\/tr\/wp-json\/wp\/v2\/types\/page"}],"author":[{"embeddable":true,"href":"https:\/\/bodrumluxuryservices.com\/tr\/wp-json\/wp\/v2\/users\/1"}],"replies":[{"embeddable":true,"href":"https:\/\/bodrumluxuryservices.com\/tr\/wp-json\/wp\/v2\/comments?post=11039"}],"version-history":[{"count":9,"href":"https:\/\/bodrumluxuryservices.com\/tr\/wp-json\/wp\/v2\/pages\/11039\/revisions"}],"predecessor-version":[{"id":24374,"href":"https:\/\/bodrumluxuryservices.com\/tr\/wp-json\/wp\/v2\/pages\/11039\/revisions\/24374"}],"wp:attachment":[{"href":"https:\/\/bodrumluxuryservices.com\/tr\/wp-json\/wp\/v2\/media?parent=11039"}],"curies":[{"name":"wp","href":"https:\/\/api.w.org\/{rel}","templated":true}]}}