{"id":11028,"date":"2025-06-06T09:20:43","date_gmt":"2025-06-06T06:20:43","guid":{"rendered":"http:\/\/quanticalabs.com\/wp_themes4\/autoride\/?page_id=11028"},"modified":"2025-07-18T00:17:46","modified_gmt":"2025-07-17T21:17:46","slug":"bodrum-jet-transferleri","status":"publish","type":"page","link":"https:\/\/bodrumluxuryservices.com\/tr\/bodrum-jet-transfers\/","title":{"rendered":"Bodrum Jet Transferleri"},"content":{"rendered":"<div class=\"wpb-content-wrapper\"><div class=\"vc_row wpb_row vc_row-fluid\"><div class=\"wpb_column vc_column_container vc_col-sm-4\"><div class=\"vc_column-inner\"><div class=\"wpb_wrapper\">\n\t<div  class=\"wpb_single_image wpb_content_element vc_align_left wpb_content_element\">\n\t\t\n\t\t<figure class=\"wpb_wrapper vc_figure\">\n\t\t\t<div class=\"vc_single_image-wrapper   vc_box_border_grey\"><img loading=\"lazy\" decoding=\"async\" width=\"592\" height=\"444\" src=\"https:\/\/bodrumluxuryservices.com\/wp-content\/uploads\/2025\/06\/Cessna-C550-Citation-Bravo-PrivateFly-AA9987-1-592x444-1.webp\" class=\"vc_single_image-img attachment-full\" alt=\"\" title=\"Cessna-C550-Citation-Bravo-PrivateFly-AA9987-1-592x444\" srcset=\"https:\/\/bodrumluxuryservices.com\/wp-content\/uploads\/2025\/06\/Cessna-C550-Citation-Bravo-PrivateFly-AA9987-1-592x444-1.webp 592w, https:\/\/bodrumluxuryservices.com\/wp-content\/uploads\/2025\/06\/Cessna-C550-Citation-Bravo-PrivateFly-AA9987-1-592x444-1-300x225.webp 300w, https:\/\/bodrumluxuryservices.com\/wp-content\/uploads\/2025\/06\/Cessna-C550-Citation-Bravo-PrivateFly-AA9987-1-592x444-1-16x12.webp 16w, https:\/\/bodrumluxuryservices.com\/wp-content\/uploads\/2025\/06\/Cessna-C550-Citation-Bravo-PrivateFly-AA9987-1-592x444-1-408x306.webp 408w\" sizes=\"auto, (max-width: 592px) 100vw, 592px\" \/><\/div>\n\t\t<\/figure>\n\t<\/div>\n\n\t<div  class=\"wpb_single_image wpb_content_element vc_align_right wpb_content_element\">\n\t\t\n\t\t<figure class=\"wpb_wrapper vc_figure\">\n\t\t\t<div class=\"vc_single_image-wrapper   vc_box_border_grey\"><img loading=\"lazy\" decoding=\"async\" width=\"846\" height=\"564\" src=\"https:\/\/bodrumluxuryservices.com\/wp-content\/uploads\/2025\/06\/Cessna-C550-Citation-Bravo-PrivateFly-AA9988.webp\" class=\"vc_single_image-img attachment-full\" alt=\"\" title=\"Cessna-C550-Citation-Bravo-PrivateFly-AA9988\" srcset=\"https:\/\/bodrumluxuryservices.com\/wp-content\/uploads\/2025\/06\/Cessna-C550-Citation-Bravo-PrivateFly-AA9988.webp 846w, https:\/\/bodrumluxuryservices.com\/wp-content\/uploads\/2025\/06\/Cessna-C550-Citation-Bravo-PrivateFly-AA9988-300x200.webp 300w, https:\/\/bodrumluxuryservices.com\/wp-content\/uploads\/2025\/06\/Cessna-C550-Citation-Bravo-PrivateFly-AA9988-768x512.webp 768w, https:\/\/bodrumluxuryservices.com\/wp-content\/uploads\/2025\/06\/Cessna-C550-Citation-Bravo-PrivateFly-AA9988-18x12.webp 18w, https:\/\/bodrumluxuryservices.com\/wp-content\/uploads\/2025\/06\/Cessna-C550-Citation-Bravo-PrivateFly-AA9988-460x306.webp 460w, https:\/\/bodrumluxuryservices.com\/wp-content\/uploads\/2025\/06\/Cessna-C550-Citation-Bravo-PrivateFly-AA9988-800x533.webp 800w\" sizes=\"auto, (max-width: 846px) 100vw, 846px\" \/><\/div>\n\t\t<\/figure>\n\t<\/div>\n<\/div><\/div><\/div><div class=\"wpb_column vc_column_container vc_col-sm-8\"><div class=\"vc_column-inner\"><div class=\"wpb_wrapper\">\r\n            <p class=\"theme-component-paragraph-large theme-component-paragraph-large-style-2 alignleft theme-padding-top-0 theme-padding-bottom-0\">\r\n                Bodrum&#039;da Jet Transferleri \u2013 \u00d6zel L\u00fcks Hava Seyahati\r\n            <\/p>\r\n        \n\t<div class=\"wpb_text_column wpb_content_element theme-padding-top-30\" >\n\t\t<div class=\"wpb_wrapper\">\n\t\t\t<p data-start=\"284\" data-end=\"720\">L\u00fcks ve verimlili\u011fin en \u00fcst seviyesini deneyimleyin <strong data-start=\"342\" data-end=\"369\">Bodrum&#039;da Jet Transferleri<\/strong>Bodrum&#039;dan kalk\u0131\u015f veya Bodrum&#039;a var\u0131\u015f olsun, Embraer Legacy 650, Bombardier Learjet 45XR ve Embraer Lineage 1000 gibi u\u00e7aklarla kusursuz \u00f6zel jet kiralama hizmetleri sunuyoruz \u2014 8 ila 19 yolcu i\u00e7in idealdir. Bodrum-Milas Havaliman\u0131 ve yak\u0131ndaki \u00f6zel havaalanlar\u0131na eri\u015fimimiz sayesinde, program\u0131n\u0131za g\u00f6re uyarlanm\u0131\u015f birinci s\u0131n\u0131f seyahat \u00e7\u00f6z\u00fcmleri sunuyoruz.<\/p>\n<p data-start=\"722\" data-end=\"1010\">Jet transfer hizmetlerimiz, ticari u\u00e7u\u015f karma\u015fas\u0131ndan kurtulmak isteyen i\u015f y\u00f6neticileri, \u00fcnl\u00fcler veya tatilciler i\u00e7in idealdir. Kalabal\u0131k terminallerden ve uzun beklemelerden ka\u00e7\u0131n\u0131n \u2014 Bodrum&#039;un tam kalbinden, tam gizlilik ve konfor garantili, do\u011frudan, ki\u015fiselle\u015ftirilmi\u015f hava yolculu\u011funun tad\u0131n\u0131 \u00e7\u0131kar\u0131n.<\/p>\n\n\t\t<\/div>\n\t<\/div>\n<\/div><\/div><\/div><\/div><div class=\"vc_row wpb_row vc_row-fluid theme-margin-top-20\"><div class=\"wpb_column vc_column_container vc_col-sm-8\"><div class=\"vc_column-inner\"><div class=\"wpb_wrapper\">\r\n            <p class=\"theme-component-paragraph-large theme-component-paragraph-large-style-2 alignleft theme-padding-top-0 theme-padding-bottom-0\">\r\n                Bodrum&#039;dan D\u00fcnya \u00c7ap\u0131ndaki Destinasyonlara Ki\u015fiye \u00d6zel Jet Deneyimleri\r\n            <\/p>\r\n        \n\t<div class=\"wpb_text_column wpb_content_element theme-padding-top-30\" >\n\t\t<div class=\"wpb_wrapper\">\n\t\t\t<p data-start=\"1088\" data-end=\"1400\">Bodrum&#039;dan herhangi bir b\u00fcy\u00fck Avrupa veya Orta Do\u011fu \u015fehrine, \u00f6zel jet \u00e7\u00f6z\u00fcmlerimiz ihtiya\u00e7lar\u0131n\u0131z\u0131 kar\u015f\u0131lamak \u00fczere tasarlanm\u0131\u015ft\u0131r. \u0130ster kurumsal bir etkinlik, ister bir aile tatili veya \u00f6zel bir kutlama i\u00e7in u\u00e7uyor olun, ekibimiz u\u00e7ak se\u00e7iminden u\u00e7ak i\u00e7i ikram ve konsiyerj deste\u011fine kadar deneyimi ki\u015fiselle\u015ftirir.<\/p>\n<p data-start=\"1402\" data-end=\"1651\">Bodrum&#039;da kap\u0131n\u0131zdan son var\u0131\u015f noktan\u0131za kadar sorunsuz bir yolculuk sa\u011flamak i\u00e7in koordineli kara ta\u015f\u0131mac\u0131l\u0131\u011f\u0131 ve VIP hizmetleri de sa\u011fl\u0131yoruz. \u2709\ufe0f <strong data-start=\"1555\" data-end=\"1651\">Fiyat, rotan\u0131za ve u\u00e7ak se\u00e7iminize ba\u011fl\u0131d\u0131r \u2014 bug\u00fcn \u00e7evrimi\u00e7i olarak ki\u015fiselle\u015ftirilmi\u015f bir teklif isteyin.<\/strong><\/p>\n\n\t\t<\/div>\n\t<\/div>\n<\/div><\/div><\/div><div class=\"wpb_column vc_column_container vc_col-sm-4\"><div class=\"vc_column-inner\"><div class=\"wpb_wrapper\">\n\t<div  class=\"wpb_single_image wpb_content_element vc_align_right wpb_content_element\">\n\t\t\n\t\t<figure class=\"wpb_wrapper vc_figure\">\n\t\t\t<div class=\"vc_single_image-wrapper   vc_box_border_grey\"><img loading=\"lazy\" decoding=\"async\" width=\"592\" height=\"444\" src=\"https:\/\/bodrumluxuryservices.com\/wp-content\/uploads\/2025\/06\/Cessna-Citation-Sovereign-592x444-1.webp\" class=\"vc_single_image-img attachment-full\" alt=\"\" title=\"Cessna-Citation-Sovereign-592x444\" srcset=\"https:\/\/bodrumluxuryservices.com\/wp-content\/uploads\/2025\/06\/Cessna-Citation-Sovereign-592x444-1.webp 592w, https:\/\/bodrumluxuryservices.com\/wp-content\/uploads\/2025\/06\/Cessna-Citation-Sovereign-592x444-1-300x225.webp 300w, https:\/\/bodrumluxuryservices.com\/wp-content\/uploads\/2025\/06\/Cessna-Citation-Sovereign-592x444-1-16x12.webp 16w, https:\/\/bodrumluxuryservices.com\/wp-content\/uploads\/2025\/06\/Cessna-Citation-Sovereign-592x444-1-408x306.webp 408w\" sizes=\"auto, (max-width: 592px) 100vw, 592px\" \/><\/div>\n\t\t<\/figure>\n\t<\/div>\n\n\t<div  class=\"wpb_single_image wpb_content_element vc_align_right wpb_content_element\">\n\t\t\n\t\t<figure class=\"wpb_wrapper vc_figure\">\n\t\t\t<div class=\"vc_single_image-wrapper   vc_box_border_grey\"><img loading=\"lazy\" decoding=\"async\" width=\"846\" height=\"564\" src=\"https:\/\/bodrumluxuryservices.com\/wp-content\/uploads\/2025\/06\/Cessna-C550-Citation-Bravo-PrivateFly-AA9990.webp\" class=\"vc_single_image-img attachment-full\" alt=\"\" title=\"Cessna-C550-Citation-Bravo-PrivateFly-AA9990\" srcset=\"https:\/\/bodrumluxuryservices.com\/wp-content\/uploads\/2025\/06\/Cessna-C550-Citation-Bravo-PrivateFly-AA9990.webp 846w, https:\/\/bodrumluxuryservices.com\/wp-content\/uploads\/2025\/06\/Cessna-C550-Citation-Bravo-PrivateFly-AA9990-300x200.webp 300w, https:\/\/bodrumluxuryservices.com\/wp-content\/uploads\/2025\/06\/Cessna-C550-Citation-Bravo-PrivateFly-AA9990-768x512.webp 768w, https:\/\/bodrumluxuryservices.com\/wp-content\/uploads\/2025\/06\/Cessna-C550-Citation-Bravo-PrivateFly-AA9990-18x12.webp 18w, https:\/\/bodrumluxuryservices.com\/wp-content\/uploads\/2025\/06\/Cessna-C550-Citation-Bravo-PrivateFly-AA9990-460x306.webp 460w, https:\/\/bodrumluxuryservices.com\/wp-content\/uploads\/2025\/06\/Cessna-C550-Citation-Bravo-PrivateFly-AA9990-800x533.webp 800w\" sizes=\"auto, (max-width: 846px) 100vw, 846px\" \/><\/div>\n\t\t<\/figure>\n\t<\/div>\n<\/div><\/div><\/div><\/div>\n<\/div>","protected":false},"excerpt":{"rendered":"Jet Transfers in Bodrum \u2013 Private Luxury Air Travel Experience the ultimate in luxury and efficiency with our Jet Transfers in Bodrum. Whether departing from or arriving in Bodrum, we provide seamless private jet charter services with aircraft such as the Embraer Legacy 650, Bombardier Learjet 45XR, and Embraer Lineage 1000 \u2014 ideal for 8 [...]","protected":false},"author":1,"featured_media":0,"parent":0,"menu_order":0,"comment_status":"closed","ping_status":"closed","template":"","meta":{"footnotes":""},"class_list":["post-11028","page","type-page","status-publish","hentry"],"_links":{"self":[{"href":"https:\/\/bodrumluxuryservices.com\/tr\/wp-json\/wp\/v2\/pages\/11028","targetHints":{"allow":["GET"]}}],"collection":[{"href":"https:\/\/bodrumluxuryservices.com\/tr\/wp-json\/wp\/v2\/pages"}],"about":[{"href":"https:\/\/bodrumluxuryservices.com\/tr\/wp-json\/wp\/v2\/types\/page"}],"author":[{"embeddable":true,"href":"https:\/\/bodrumluxuryservices.com\/tr\/wp-json\/wp\/v2\/users\/1"}],"replies":[{"embeddable":true,"href":"https:\/\/bodrumluxuryservices.com\/tr\/wp-json\/wp\/v2\/comments?post=11028"}],"version-history":[{"count":7,"href":"https:\/\/bodrumluxuryservices.com\/tr\/wp-json\/wp\/v2\/pages\/11028\/revisions"}],"predecessor-version":[{"id":24473,"href":"https:\/\/bodrumluxuryservices.com\/tr\/wp-json\/wp\/v2\/pages\/11028\/revisions\/24473"}],"wp:attachment":[{"href":"https:\/\/bodrumluxuryservices.com\/tr\/wp-json\/wp\/v2\/media?parent=11028"}],"curies":[{"name":"wp","href":"https:\/\/api.w.org\/{rel}","templated":true}]}}