{"id":11027,"date":"2025-06-06T09:20:18","date_gmt":"2025-06-06T06:20:18","guid":{"rendered":"http:\/\/quanticalabs.com\/wp_themes4\/autoride\/?page_id=11027"},"modified":"2025-06-08T01:02:35","modified_gmt":"2025-06-07T22:02:35","slug":"bodrum-kurumsal-seyahat","status":"publish","type":"page","link":"https:\/\/bodrumluxuryservices.com\/tr\/bodrum-corporate-travel\/","title":{"rendered":"Bodrum Kurumsal Seyahat"},"content":{"rendered":"<div class=\"wpb-content-wrapper\"><div class=\"vc_row wpb_row vc_row-fluid\"><div class=\"wpb_column vc_column_container vc_col-sm-4\"><div class=\"vc_column-inner\"><div class=\"wpb_wrapper\">\n\t<div  class=\"wpb_single_image wpb_content_element vc_align_left wpb_content_element\">\n\t\t\n\t\t<figure class=\"wpb_wrapper vc_figure\">\n\t\t\t<div class=\"vc_single_image-wrapper   vc_box_border_grey\"><img loading=\"lazy\" decoding=\"async\" width=\"275\" height=\"275\" src=\"https:\/\/bodrumluxuryservices.com\/wp-content\/uploads\/2025\/06\/corporate-travel-bodrum.jpg\" class=\"vc_single_image-img attachment-full\" alt=\"\" title=\"kurumsal-seyahat-bodrum\" srcset=\"https:\/\/bodrumluxuryservices.com\/wp-content\/uploads\/2025\/06\/corporate-travel-bodrum.jpg 275w, https:\/\/bodrumluxuryservices.com\/wp-content\/uploads\/2025\/06\/corporate-travel-bodrum-150x150.jpg 150w, https:\/\/bodrumluxuryservices.com\/wp-content\/uploads\/2025\/06\/corporate-travel-bodrum-12x12.jpg 12w\" sizes=\"auto, (max-width: 275px) 100vw, 275px\" \/><\/div>\n\t\t<\/figure>\n\t<\/div>\n<\/div><\/div><\/div><div class=\"wpb_column vc_column_container vc_col-sm-8\"><div class=\"vc_column-inner\"><div class=\"wpb_wrapper\">\r\n            <p class=\"theme-component-paragraph-large theme-component-paragraph-large-style-2 alignleft theme-padding-top-0 theme-padding-bottom-0\">\r\n                Kurumsal Seyahat \u2013 \u0130\u015fletmeniz i\u00e7in Profesyonel Ula\u015f\u0131m \u00c7\u00f6z\u00fcmleri\r\n            <\/p>\r\n        \n\t<div class=\"wpb_text_column wpb_content_element theme-padding-top-30\" >\n\t\t<div class=\"wpb_wrapper\">\n\t\t\t<p data-start=\"328\" data-end=\"600\">Kurumsal etkinlikleriniz ve i\u015f toplant\u0131lar\u0131n\u0131z i\u00e7in sorunsuz, dakik ve \u015f\u0131k bir ula\u015f\u0131m organize etmek, do\u011fru izlenimi yaratmak i\u00e7in \u00e7ok \u00f6nemlidir. <strong data-start=\"479\" data-end=\"499\">Kurumsal Seyahat<\/strong> Bodrum ve \u00f6tesindeki hizmetlerimiz, \u00fcst d\u00fczey konfor, gizlilik ve g\u00fcvenilirlik d\u00fc\u015f\u00fcn\u00fclerek tasarlanm\u0131\u015ft\u0131r.<\/p>\n<p data-start=\"602\" data-end=\"769\">Havaalan\u0131 kar\u015f\u0131lamalar\u0131ndan g\u00fcnl\u00fck konferans transferlerine veya VIP a\u011f\u0131rlamalara kadar \u015firketler, heyetler ve uluslararas\u0131 m\u00fc\u015fteriler i\u00e7in \u00f6zel olarak tasarlanm\u0131\u015f ula\u015f\u0131m \u00e7\u00f6z\u00fcmleri sunuyoruz.<\/p>\n\n\t\t<\/div>\n\t<\/div>\n<\/div><\/div><\/div><\/div><div class=\"vc_row wpb_row vc_row-fluid theme-margin-top-20\"><div class=\"wpb_column vc_column_container vc_col-sm-8\"><div class=\"vc_column-inner\"><div class=\"wpb_wrapper\">\r\n            <p class=\"theme-component-paragraph-large theme-component-paragraph-large-style-2 alignleft theme-padding-top-0 theme-padding-bottom-0\">\r\n                \u0130\u015f Seyahat\u00e7ileri \u0130\u00e7in Y\u00f6netici Transferleri\r\n            <\/p>\r\n        \n\t<div class=\"wpb_text_column wpb_content_element theme-padding-top-30\" >\n\t\t<div class=\"wpb_wrapper\">\n\t\t\t<p data-start=\"827\" data-end=\"1077\">L\u00fcks filomuz - sedanlar, SUV&#039;ler ve premium minib\u00fcsler dahil - i\u015f profesyonellerinin ihtiya\u00e7lar\u0131n\u0131 kar\u015f\u0131lamak i\u00e7in tam donan\u0131ml\u0131d\u0131r. \u015eof\u00f6rlerimiz lojisti\u011fi hallederken \u00fccretsiz Wi-Fi, \u015fi\u015felenmi\u015f su ve toplant\u0131lara haz\u0131rlanmak i\u00e7in sakin bir alan\u0131n keyfini \u00e7\u0131kar\u0131n.<\/p>\n<p data-start=\"1079\" data-end=\"1203\">Bodrum Havaliman\u0131&#039;na (BJV), \u00f6zel terminallere ve b\u00f6lgedeki \u00f6nemli i\u015f merkezlerine zaman\u0131nda servis sa\u011fl\u0131yoruz.<\/p>\n\n\t\t<\/div>\n\t<\/div>\n<\/div><\/div><\/div><div class=\"wpb_column vc_column_container vc_col-sm-4\"><div class=\"vc_column-inner\"><div class=\"wpb_wrapper\">\n\t<div  class=\"wpb_single_image wpb_content_element vc_align_right wpb_content_element\">\n\t\t\n\t\t<figure class=\"wpb_wrapper vc_figure\">\n\t\t\t<div class=\"vc_single_image-wrapper   vc_box_border_grey\"><img loading=\"lazy\" decoding=\"async\" width=\"275\" height=\"275\" src=\"https:\/\/bodrumluxuryservices.com\/wp-content\/uploads\/2025\/06\/bodrum-business-corporate-travel-transfer.jpg\" class=\"vc_single_image-img attachment-full\" alt=\"\" title=\"bodrum-i\u015f-kurumsal-seyahat-transfer\" srcset=\"https:\/\/bodrumluxuryservices.com\/wp-content\/uploads\/2025\/06\/bodrum-business-corporate-travel-transfer.jpg 275w, https:\/\/bodrumluxuryservices.com\/wp-content\/uploads\/2025\/06\/bodrum-business-corporate-travel-transfer-150x150.jpg 150w, https:\/\/bodrumluxuryservices.com\/wp-content\/uploads\/2025\/06\/bodrum-business-corporate-travel-transfer-12x12.jpg 12w\" sizes=\"auto, (max-width: 275px) 100vw, 275px\" \/><\/div>\n\t\t<\/figure>\n\t<\/div>\n<\/div><\/div><\/div><\/div><div class=\"vc_row wpb_row vc_row-fluid\"><div class=\"theme-margin-bottom-0 wpb_column vc_column_container vc_col-sm-12\"><div class=\"vc_column-inner\"><div class=\"wpb_wrapper\"><h3 style=\"text-align: center\" class=\"vc_custom_heading vc_do_custom_heading theme-margin-top-60 theme-margin-bottom-50\" >\ud83e\udd1d Kurumsal Etkinlikler ve Delegasyon Hizmetleri<\/h3>\n\t<div class=\"wpb_text_column wpb_content_element\" >\n\t\t<div class=\"wpb_wrapper\">\n\t\t\t<p data-start=\"1257\" data-end=\"1540\">Bir konferans, \u015firket toplant\u0131s\u0131 veya i\u015f yeme\u011fi mi planl\u0131yorsunuz? Ekibimiz grup lojisti\u011fi, \u00e7oklu ara\u00e7 koordinasyonu ve \u00fcst d\u00fczey konuk y\u00f6netimi konusunda uzmanla\u015fm\u0131\u015ft\u0131r. \u0130ster tek bir VIP ister tam bir kurumsal heyet olsun, ba\u015ftan sona kusursuz, profesyonel hizmet garantisi veriyoruz.<\/p>\n<p data-start=\"1542\" data-end=\"1644\">Ayr\u0131ca markal\u0131 tabelalar, \u00e7ok dilli \u015fof\u00f6rler ve \u00fcst d\u00fczey konuklar i\u00e7in gizli ta\u015f\u0131ma hizmeti de sunuyoruz.<\/p>\n<hr data-start=\"1646\" data-end=\"1649\" \/>\n<h3 data-start=\"1651\" data-end=\"1686\">\ud83d\udcbc <strong data-start=\"1658\" data-end=\"1684\">Kurumsal Seyahat Fiyat\u0131<\/strong><\/h3>\n<p data-start=\"1687\" data-end=\"1844\">Fiyatland\u0131rma grup b\u00fcy\u00fckl\u00fc\u011f\u00fcne, ara\u00e7 t\u00fcr\u00fcne ve hizmet s\u00fcresine g\u00f6re de\u011fi\u015fmektedir.<br data-start=\"1762\" data-end=\"1765\" \/>\ud83d\udce9 <strong data-start=\"1768\" data-end=\"1844\">\u00d6zel teklifinizi almak i\u00e7in bug\u00fcn bizimle ileti\u015fime ge\u00e7in \u2013 \u00c7evrimi\u00e7i teklifler mevcuttur!<\/strong><\/p>\n\n\t\t<\/div>\n\t<\/div>\n\t\t<div class=\"theme-vehicle-list theme-clear-fix\">\n\t\t\t\n\t\t\t<div class=\"chbs-main\">\n\t\t\t\t<div class=\"theme-vehicle-list-result theme-clear-fix\">\n<div class=\"vc_row wpb_row vc_row-fluid\">\n\t\t\t\t\t<div class=\"wpb_column vc_column_container vc_col-sm-4\"><div class=\"vc_column-inner\"><div class=\"wpb_wrapper\">\n\t\t\t\t\t\t<div class=\"theme-vehicle-list-item\">\n\t\t\t\t\n\t\t\t\t\t\t<div class=\"theme-vehicle-list-item-image\">\n\t\t\t\t\t\n\t\t\t\t\t\t\t<a href=\"https:\/\/bodrumluxuryservices.com\/tr\/car\/mercedes-benz-vito-standart\/\" title=\"View vehicle &quot;Mercedes-Benz Vito Standart&quot;.\">\n\t\t\t\t\t\t\n\t\t\t\t\t\t\t\t<span>\n\t\t\t\t\t\t\t\t\t<span class=\"theme-vehicle-list-item-category\">Minib\u00fcs<\/span><span class=\"theme-vehicle-list-item-category\">Standart<\/span>\n\t\t\t\t\t\t\t\t\t<span class=\"theme-vehicle-list-item-title\">Mercedes-Benz Vito Standart<\/span>\n\t\t\t\t\t\t\t\t<\/span>\n\t\t\t\t\t\t\t\t<img loading=\"lazy\" decoding=\"async\" width=\"800\" height=\"533\" src=\"https:\/\/bodrumluxuryservices.com\/wp-content\/uploads\/2025\/06\/bodrum-transfer-airport-shuttle-mercedes-vito-price.png\" class=\"attachment-post-thumbnail size-post-thumbnail wp-post-image\" alt=\"\" srcset=\"https:\/\/bodrumluxuryservices.com\/wp-content\/uploads\/2025\/06\/bodrum-transfer-airport-shuttle-mercedes-vito-price.png 800w, https:\/\/bodrumluxuryservices.com\/wp-content\/uploads\/2025\/06\/bodrum-transfer-airport-shuttle-mercedes-vito-price-300x200.png 300w, https:\/\/bodrumluxuryservices.com\/wp-content\/uploads\/2025\/06\/bodrum-transfer-airport-shuttle-mercedes-vito-price-768x512.png 768w, https:\/\/bodrumluxuryservices.com\/wp-content\/uploads\/2025\/06\/bodrum-transfer-airport-shuttle-mercedes-vito-price-18x12.png 18w, https:\/\/bodrumluxuryservices.com\/wp-content\/uploads\/2025\/06\/bodrum-transfer-airport-shuttle-mercedes-vito-price-460x306.png 460w, https:\/\/bodrumluxuryservices.com\/wp-content\/uploads\/2025\/06\/bodrum-transfer-airport-shuttle-mercedes-vito-price-600x400.png 600w\" sizes=\"auto, (max-width: 800px) 100vw, 800px\" \/>\n\t\t\t\t\t\t\t\t<span><\/span>\n\t\t\t\t\t\t\t\t\t\t\n\t\t\t\t\t\t\t<\/a>\n\t\t\t\t\t\t\t\t\t\t\t\n\t\t\t\t\t\t<\/div>\n\t\t\t\t\t\n\t\t\t\t\t\t<div class=\"theme-vehicle-list-item-meta\">\n\t\t\t\t\t\t\t<span class=\"theme-icon-meta-user\"><\/span>\n\t\t\t\t\t\t\t<span class=\"theme-circle\">6<\/span>\n\t\t\t\t\t\t\t<span class=\"theme-icon-meta-suitcase\"><\/span>\n\t\t\t\t\t\t\t<span class=\"theme-circle\">6<\/span>\n\t\t\t\t\t\t<\/div>\n\t\t\t\t\t\n\t\t\t\t\t\t<\/div>\n\t\t\t\t\t<\/div><\/div><\/div>\n\t\t\t\t\n\t\t\t\t\t<div class=\"wpb_column vc_column_container vc_col-sm-4\"><div class=\"vc_column-inner\"><div class=\"wpb_wrapper\">\n\t\t\t\t\t\t<div class=\"theme-vehicle-list-item\">\n\t\t\t\t\n\t\t\t\t\t\t<div class=\"theme-vehicle-list-item-image\">\n\t\t\t\t\t\n\t\t\t\t\t\t\t<a href=\"https:\/\/bodrumluxuryservices.com\/tr\/car\/mercedes-benz-vito-luxury-vip\/\" title=\"View vehicle &quot;Mercedes-Benz Vito Luxury Vip&quot;.\">\n\t\t\t\t\t\t\n\t\t\t\t\t\t\t\t<span>\n\t\t\t\t\t\t\t\t\t<span class=\"theme-vehicle-list-item-category\">L\u00fcks<\/span><span class=\"theme-vehicle-list-item-category\">Minib\u00fcs<\/span>\n\t\t\t\t\t\t\t\t\t<span class=\"theme-vehicle-list-item-title\">Mercedes-Benz Vito L\u00fcks Vip<\/span>\n\t\t\t\t\t\t\t\t<\/span>\n\t\t\t\t\t\t\t\t<img loading=\"lazy\" decoding=\"async\" width=\"800\" height=\"533\" src=\"https:\/\/bodrumluxuryservices.com\/wp-content\/uploads\/2017\/11\/mercedes-vito-luxury-maybach-bodrum-transfers-airport-shuttle.png\" class=\"attachment-post-thumbnail size-post-thumbnail wp-post-image\" alt=\"\" srcset=\"https:\/\/bodrumluxuryservices.com\/wp-content\/uploads\/2017\/11\/mercedes-vito-luxury-maybach-bodrum-transfers-airport-shuttle.png 800w, https:\/\/bodrumluxuryservices.com\/wp-content\/uploads\/2017\/11\/mercedes-vito-luxury-maybach-bodrum-transfers-airport-shuttle-300x200.png 300w, https:\/\/bodrumluxuryservices.com\/wp-content\/uploads\/2017\/11\/mercedes-vito-luxury-maybach-bodrum-transfers-airport-shuttle-768x512.png 768w, https:\/\/bodrumluxuryservices.com\/wp-content\/uploads\/2017\/11\/mercedes-vito-luxury-maybach-bodrum-transfers-airport-shuttle-18x12.png 18w, https:\/\/bodrumluxuryservices.com\/wp-content\/uploads\/2017\/11\/mercedes-vito-luxury-maybach-bodrum-transfers-airport-shuttle-460x306.png 460w, https:\/\/bodrumluxuryservices.com\/wp-content\/uploads\/2017\/11\/mercedes-vito-luxury-maybach-bodrum-transfers-airport-shuttle-600x400.png 600w\" sizes=\"auto, (max-width: 800px) 100vw, 800px\" \/>\n\t\t\t\t\t\t\t\t<span><\/span>\n\t\t\t\t\t\t\t\t\t\t\n\t\t\t\t\t\t\t<\/a>\n\t\t\t\t\t\t\t\t\t\t\t\n\t\t\t\t\t\t<\/div>\n\t\t\t\t\t\n\t\t\t\t\t\t<div class=\"theme-vehicle-list-item-meta\">\n\t\t\t\t\t\t\t<span class=\"theme-icon-meta-user\"><\/span>\n\t\t\t\t\t\t\t<span class=\"theme-circle\">6<\/span>\n\t\t\t\t\t\t\t<span class=\"theme-icon-meta-suitcase\"><\/span>\n\t\t\t\t\t\t\t<span class=\"theme-circle\">6<\/span>\n\t\t\t\t\t\t<\/div>\n\t\t\t\t\t\n\t\t\t\t\t\t<\/div>\n\t\t\t\t\t<\/div><\/div><\/div>\n\t\t\t\t\n\t\t\t\t\t<div class=\"wpb_column vc_column_container vc_col-sm-4\"><div class=\"vc_column-inner\"><div class=\"wpb_wrapper\">\n\t\t\t\t\t\t<div class=\"theme-vehicle-list-item\">\n\t\t\t\t\n\t\t\t\t\t\t<div class=\"theme-vehicle-list-item-image\">\n\t\t\t\t\t\n\t\t\t\t\t\t\t<a href=\"https:\/\/bodrumluxuryservices.com\/tr\/car\/mercedes-benz-sprinter-101-seater\/\" title=\"View vehicle &quot;Mercedes-Benz Sprinter (10+1 Seater)&quot;.\">\n\t\t\t\t\t\t\n\t\t\t\t\t\t\t\t<span>\n\t\t\t\t\t\t\t\t\t<span class=\"theme-vehicle-list-item-category\">Minib\u00fcs<\/span><span class=\"theme-vehicle-list-item-category\">Standart<\/span>\n\t\t\t\t\t\t\t\t\t<span class=\"theme-vehicle-list-item-title\">Mercedes-Benz Sprinter (10+1 Koltuk)<\/span>\n\t\t\t\t\t\t\t\t<\/span>\n\t\t\t\t\t\t\t\t<img loading=\"lazy\" decoding=\"async\" width=\"800\" height=\"533\" src=\"https:\/\/bodrumluxuryservices.com\/wp-content\/uploads\/2017\/11\/mercedes-sprinter-10-seater-bodrum-transfers-airport-shuttle.png\" class=\"attachment-post-thumbnail size-post-thumbnail wp-post-image\" alt=\"\" srcset=\"https:\/\/bodrumluxuryservices.com\/wp-content\/uploads\/2017\/11\/mercedes-sprinter-10-seater-bodrum-transfers-airport-shuttle.png 800w, https:\/\/bodrumluxuryservices.com\/wp-content\/uploads\/2017\/11\/mercedes-sprinter-10-seater-bodrum-transfers-airport-shuttle-300x200.png 300w, https:\/\/bodrumluxuryservices.com\/wp-content\/uploads\/2017\/11\/mercedes-sprinter-10-seater-bodrum-transfers-airport-shuttle-768x512.png 768w, https:\/\/bodrumluxuryservices.com\/wp-content\/uploads\/2017\/11\/mercedes-sprinter-10-seater-bodrum-transfers-airport-shuttle-18x12.png 18w, https:\/\/bodrumluxuryservices.com\/wp-content\/uploads\/2017\/11\/mercedes-sprinter-10-seater-bodrum-transfers-airport-shuttle-460x306.png 460w\" sizes=\"auto, (max-width: 800px) 100vw, 800px\" \/>\n\t\t\t\t\t\t\t\t<span><\/span>\n\t\t\t\t\t\t\t\t\t\t\n\t\t\t\t\t\t\t<\/a>\n\t\t\t\t\t\t\t\t\t\t\t\n\t\t\t\t\t\t<\/div>\n\t\t\t\t\t\n\t\t\t\t\t\t<div class=\"theme-vehicle-list-item-meta\">\n\t\t\t\t\t\t\t<span class=\"theme-icon-meta-user\"><\/span>\n\t\t\t\t\t\t\t<span class=\"theme-circle\">10<\/span>\n\t\t\t\t\t\t\t<span class=\"theme-icon-meta-suitcase\"><\/span>\n\t\t\t\t\t\t\t<span class=\"theme-circle\">10<\/span>\n\t\t\t\t\t\t<\/div>\n\t\t\t\t\t\n\t\t\t\t\t\t<\/div>\n\t\t\t\t\t<\/div><\/div><\/div>\n\t\t\t\t<\/div><div class=\"vc_row wpb_row vc_row-fluid\">\n\t\t\t\t\t<div class=\"wpb_column vc_column_container vc_col-sm-4\"><div class=\"vc_column-inner\"><div class=\"wpb_wrapper\">\n\t\t\t\t\t\t<div class=\"theme-vehicle-list-item\">\n\t\t\t\t\n\t\t\t\t\t\t<div class=\"theme-vehicle-list-item-image\">\n\t\t\t\t\t\n\t\t\t\t\t\t\t<a href=\"https:\/\/bodrumluxuryservices.com\/tr\/car\/mercedes-benz-sprinter-161-seater\/\" title=\"View vehicle &quot;Mercedes-Benz Sprinter (16+1 Seater)&quot;.\">\n\t\t\t\t\t\t\n\t\t\t\t\t\t\t\t<span>\n\t\t\t\t\t\t\t\t\t<span class=\"theme-vehicle-list-item-category\">Midib\u00fcs<\/span><span class=\"theme-vehicle-list-item-category\">Standart<\/span>\n\t\t\t\t\t\t\t\t\t<span class=\"theme-vehicle-list-item-title\">Mercedes-Benz Sprinter (16+1 Koltuk)<\/span>\n\t\t\t\t\t\t\t\t<\/span>\n\t\t\t\t\t\t\t\t<img loading=\"lazy\" decoding=\"async\" width=\"800\" height=\"533\" src=\"https:\/\/bodrumluxuryservices.com\/wp-content\/uploads\/2025\/06\/mercedes-sprinter-16-seater-bodrum-transfers-airport-shuttle.png\" class=\"attachment-post-thumbnail size-post-thumbnail wp-post-image\" alt=\"\" srcset=\"https:\/\/bodrumluxuryservices.com\/wp-content\/uploads\/2025\/06\/mercedes-sprinter-16-seater-bodrum-transfers-airport-shuttle.png 800w, https:\/\/bodrumluxuryservices.com\/wp-content\/uploads\/2025\/06\/mercedes-sprinter-16-seater-bodrum-transfers-airport-shuttle-300x200.png 300w, https:\/\/bodrumluxuryservices.com\/wp-content\/uploads\/2025\/06\/mercedes-sprinter-16-seater-bodrum-transfers-airport-shuttle-768x512.png 768w, https:\/\/bodrumluxuryservices.com\/wp-content\/uploads\/2025\/06\/mercedes-sprinter-16-seater-bodrum-transfers-airport-shuttle-18x12.png 18w, https:\/\/bodrumluxuryservices.com\/wp-content\/uploads\/2025\/06\/mercedes-sprinter-16-seater-bodrum-transfers-airport-shuttle-460x306.png 460w\" sizes=\"auto, (max-width: 800px) 100vw, 800px\" \/>\n\t\t\t\t\t\t\t\t<span><\/span>\n\t\t\t\t\t\t\t\t\t\t\n\t\t\t\t\t\t\t<\/a>\n\t\t\t\t\t\t\t\t\t\t\t\n\t\t\t\t\t\t<\/div>\n\t\t\t\t\t\n\t\t\t\t\t\t<div class=\"theme-vehicle-list-item-meta\">\n\t\t\t\t\t\t\t<span class=\"theme-icon-meta-user\"><\/span>\n\t\t\t\t\t\t\t<span class=\"theme-circle\">16<\/span>\n\t\t\t\t\t\t\t<span class=\"theme-icon-meta-suitcase\"><\/span>\n\t\t\t\t\t\t\t<span class=\"theme-circle\">16<\/span>\n\t\t\t\t\t\t<\/div>\n\t\t\t\t\t\n\t\t\t\t\t\t<\/div>\n\t\t\t\t\t<\/div><\/div><\/div>\n\t\t\t\t\n\t\t\t\t\t<div class=\"wpb_column vc_column_container vc_col-sm-4\"><div class=\"vc_column-inner\"><div class=\"wpb_wrapper\">\n\t\t\t\t\t\t<div class=\"theme-vehicle-list-item\">\n\t\t\t\t\n\t\t\t\t\t\t<div class=\"theme-vehicle-list-item-image\">\n\t\t\t\t\t\n\t\t\t\t\t\t\t<a href=\"https:\/\/bodrumluxuryservices.com\/tr\/car\/mercedes-benz-e-class\/\" title=\"View vehicle &quot;Mercedes-Benz E Class&quot;.\">\n\t\t\t\t\t\t\n\t\t\t\t\t\t\t\t<span>\n\t\t\t\t\t\t\t\t\t<span class=\"theme-vehicle-list-item-category\">Limuzin<\/span><span class=\"theme-vehicle-list-item-category\">L\u00fcks<\/span>\n\t\t\t\t\t\t\t\t\t<span class=\"theme-vehicle-list-item-title\">Mercedes-Benz E S\u0131n\u0131f\u0131<\/span>\n\t\t\t\t\t\t\t\t<\/span>\n\t\t\t\t\t\t\t\t<img loading=\"lazy\" decoding=\"async\" width=\"800\" height=\"533\" src=\"https:\/\/bodrumluxuryservices.com\/wp-content\/uploads\/2017\/11\/mercedes-e-class-limousine-bodrum-transfers-airport-shuttle.png\" class=\"attachment-post-thumbnail size-post-thumbnail wp-post-image\" alt=\"\" srcset=\"https:\/\/bodrumluxuryservices.com\/wp-content\/uploads\/2017\/11\/mercedes-e-class-limousine-bodrum-transfers-airport-shuttle.png 800w, https:\/\/bodrumluxuryservices.com\/wp-content\/uploads\/2017\/11\/mercedes-e-class-limousine-bodrum-transfers-airport-shuttle-300x200.png 300w, https:\/\/bodrumluxuryservices.com\/wp-content\/uploads\/2017\/11\/mercedes-e-class-limousine-bodrum-transfers-airport-shuttle-768x512.png 768w, https:\/\/bodrumluxuryservices.com\/wp-content\/uploads\/2017\/11\/mercedes-e-class-limousine-bodrum-transfers-airport-shuttle-18x12.png 18w, https:\/\/bodrumluxuryservices.com\/wp-content\/uploads\/2017\/11\/mercedes-e-class-limousine-bodrum-transfers-airport-shuttle-460x306.png 460w\" sizes=\"auto, (max-width: 800px) 100vw, 800px\" \/>\n\t\t\t\t\t\t\t\t<span><\/span>\n\t\t\t\t\t\t\t\t\t\t\n\t\t\t\t\t\t\t<\/a>\n\t\t\t\t\t\t\t\t\t\t\t\n\t\t\t\t\t\t<\/div>\n\t\t\t\t\t\n\t\t\t\t\t\t<div class=\"theme-vehicle-list-item-meta\">\n\t\t\t\t\t\t\t<span class=\"theme-icon-meta-user\"><\/span>\n\t\t\t\t\t\t\t<span class=\"theme-circle\">2<\/span>\n\t\t\t\t\t\t\t<span class=\"theme-icon-meta-suitcase\"><\/span>\n\t\t\t\t\t\t\t<span class=\"theme-circle\">2<\/span>\n\t\t\t\t\t\t<\/div>\n\t\t\t\t\t\n\t\t\t\t\t\t<\/div>\n\t\t\t\t\t<\/div><\/div><\/div>\n\t\t\t\t\n\t\t\t\t\t<div class=\"wpb_column vc_column_container vc_col-sm-4\"><div class=\"vc_column-inner\"><div class=\"wpb_wrapper\">\n\t\t\t\t\t\t<div class=\"theme-vehicle-list-item\">\n\t\t\t\t\n\t\t\t\t\t\t<div class=\"theme-vehicle-list-item-image\">\n\t\t\t\t\t\n\t\t\t\t\t\t\t<a href=\"https:\/\/bodrumluxuryservices.com\/tr\/car\/mercedes-benz-s-class\/\" title=\"View vehicle &quot;Mercedes-Benz S Class&quot;.\">\n\t\t\t\t\t\t\n\t\t\t\t\t\t\t\t<span>\n\t\t\t\t\t\t\t\t\t<span class=\"theme-vehicle-list-item-category\">Limuzin<\/span><span class=\"theme-vehicle-list-item-category\">L\u00fcks<\/span><span class=\"theme-vehicle-list-item-category\">Stre\u00e7 Limuzin<\/span>\n\t\t\t\t\t\t\t\t\t<span class=\"theme-vehicle-list-item-title\">Mercedes-Benz S S\u0131n\u0131f\u0131<\/span>\n\t\t\t\t\t\t\t\t<\/span>\n\t\t\t\t\t\t\t\t<img loading=\"lazy\" decoding=\"async\" width=\"800\" height=\"533\" src=\"https:\/\/bodrumluxuryservices.com\/wp-content\/uploads\/2017\/11\/mercedes-S-Class-limousine-bodrum-transfers-airport-shuttle.png\" class=\"attachment-post-thumbnail size-post-thumbnail wp-post-image\" alt=\"\" srcset=\"https:\/\/bodrumluxuryservices.com\/wp-content\/uploads\/2017\/11\/mercedes-S-Class-limousine-bodrum-transfers-airport-shuttle.png 800w, https:\/\/bodrumluxuryservices.com\/wp-content\/uploads\/2017\/11\/mercedes-S-Class-limousine-bodrum-transfers-airport-shuttle-300x200.png 300w, https:\/\/bodrumluxuryservices.com\/wp-content\/uploads\/2017\/11\/mercedes-S-Class-limousine-bodrum-transfers-airport-shuttle-768x512.png 768w, https:\/\/bodrumluxuryservices.com\/wp-content\/uploads\/2017\/11\/mercedes-S-Class-limousine-bodrum-transfers-airport-shuttle-18x12.png 18w, https:\/\/bodrumluxuryservices.com\/wp-content\/uploads\/2017\/11\/mercedes-S-Class-limousine-bodrum-transfers-airport-shuttle-460x306.png 460w\" sizes=\"auto, (max-width: 800px) 100vw, 800px\" \/>\n\t\t\t\t\t\t\t\t<span><\/span>\n\t\t\t\t\t\t\t\t\t\t\n\t\t\t\t\t\t\t<\/a>\n\t\t\t\t\t\t\t\t\t\t\t\n\t\t\t\t\t\t<\/div>\n\t\t\t\t\t\n\t\t\t\t\t\t<div class=\"theme-vehicle-list-item-meta\">\n\t\t\t\t\t\t\t<span class=\"theme-icon-meta-user\"><\/span>\n\t\t\t\t\t\t\t<span class=\"theme-circle\">2<\/span>\n\t\t\t\t\t\t\t<span class=\"theme-icon-meta-suitcase\"><\/span>\n\t\t\t\t\t\t\t<span class=\"theme-circle\">2<\/span>\n\t\t\t\t\t\t<\/div>\n\t\t\t\t\t\n\t\t\t\t\t\t<\/div>\n\t\t\t\t\t<\/div><\/div><\/div>\n\t\t\t\t<\/div>\t\t\t\t<\/div>\n\t\t\t<\/div>\n\t\t<\/div><\/div><\/div><\/div><\/div>\n<\/div>","protected":false},"excerpt":{"rendered":"Corporate Travel \u2013 Professional Transport Solutions for Your Business Organizing smooth, punctual, and stylish transportation for your corporate events and business meetings is crucial to making the right impression. Our Corporate Travel services in Bodrum and beyond are designed with executive comfort, privacy, and reliability in mind. From airport pickups to daily conference transfers or [...]","protected":false},"author":1,"featured_media":0,"parent":0,"menu_order":0,"comment_status":"closed","ping_status":"closed","template":"","meta":{"footnotes":""},"class_list":["post-11027","page","type-page","status-publish","hentry"],"_links":{"self":[{"href":"https:\/\/bodrumluxuryservices.com\/tr\/wp-json\/wp\/v2\/pages\/11027","targetHints":{"allow":["GET"]}}],"collection":[{"href":"https:\/\/bodrumluxuryservices.com\/tr\/wp-json\/wp\/v2\/pages"}],"about":[{"href":"https:\/\/bodrumluxuryservices.com\/tr\/wp-json\/wp\/v2\/types\/page"}],"author":[{"embeddable":true,"href":"https:\/\/bodrumluxuryservices.com\/tr\/wp-json\/wp\/v2\/users\/1"}],"replies":[{"embeddable":true,"href":"https:\/\/bodrumluxuryservices.com\/tr\/wp-json\/wp\/v2\/comments?post=11027"}],"version-history":[{"count":5,"href":"https:\/\/bodrumluxuryservices.com\/tr\/wp-json\/wp\/v2\/pages\/11027\/revisions"}],"predecessor-version":[{"id":24112,"href":"https:\/\/bodrumluxuryservices.com\/tr\/wp-json\/wp\/v2\/pages\/11027\/revisions\/24112"}],"wp:attachment":[{"href":"https:\/\/bodrumluxuryservices.com\/tr\/wp-json\/wp\/v2\/media?parent=11027"}],"curies":[{"name":"wp","href":"https:\/\/api.w.org\/{rel}","templated":true}]}}