{"id":11025,"date":"2025-06-05T09:19:06","date_gmt":"2025-06-05T06:19:06","guid":{"rendered":"http:\/\/quanticalabs.com\/wp_themes4\/autoride\/?page_id=11025"},"modified":"2025-08-15T16:43:23","modified_gmt":"2025-08-15T13:43:23","slug":"bodrum-havalimani-transferleri","status":"publish","type":"page","link":"https:\/\/bodrumluxuryservices.com\/tr\/bodrum-airport-transfers\/","title":{"rendered":"Bodrum Havaalan\u0131 Transferleri"},"content":{"rendered":"<div class=\"wpb-content-wrapper\"><div class=\"vc_row wpb_row vc_row-fluid\"><div class=\"wpb_column vc_column_container vc_col-sm-4\"><div class=\"vc_column-inner\"><div class=\"wpb_wrapper\">\n\t<div  class=\"wpb_single_image wpb_content_element vc_align_left wpb_content_element\">\n\t\t\n\t\t<figure class=\"wpb_wrapper vc_figure\">\n\t\t\t<div class=\"vc_single_image-wrapper   vc_box_border_grey\"><img loading=\"lazy\" decoding=\"async\" width=\"275\" height=\"275\" src=\"https:\/\/bodrumluxuryservices.com\/wp-content\/uploads\/2025\/06\/passenger-reception-bodrum-airport-transfers-shuttle.jpg\" class=\"vc_single_image-img attachment-full\" alt=\"\" title=\"yolcu-resepsiyon-bodrum-havaalan\u0131-transferleri-servis\" srcset=\"https:\/\/bodrumluxuryservices.com\/wp-content\/uploads\/2025\/06\/passenger-reception-bodrum-airport-transfers-shuttle.jpg 275w, https:\/\/bodrumluxuryservices.com\/wp-content\/uploads\/2025\/06\/passenger-reception-bodrum-airport-transfers-shuttle-150x150.jpg 150w, https:\/\/bodrumluxuryservices.com\/wp-content\/uploads\/2025\/06\/passenger-reception-bodrum-airport-transfers-shuttle-12x12.jpg 12w\" sizes=\"auto, (max-width: 275px) 100vw, 275px\" \/><\/div>\n\t\t<\/figure>\n\t<\/div>\n<\/div><\/div><\/div><div class=\"wpb_column vc_column_container vc_col-sm-8\"><div class=\"vc_column-inner\"><div class=\"wpb_wrapper\">\r\n            <p class=\"theme-component-paragraph-large theme-component-paragraph-large-style-2 alignleft theme-padding-top-0 theme-padding-bottom-0\">\r\n                Bodrum Havaalan\u0131 Transferleri (BJV Transferleri ADB \u2013 DLM \u2013 AYT ve Daha Fazlas\u0131)\r\n            <\/p>\r\n        \n\t<div class=\"wpb_text_column wpb_content_element theme-padding-top-30\" >\n\t\t<div class=\"wpb_wrapper\">\n\t\t\t<p>G\u00fcvenilir ve l\u00fcks Bodrum Havaalan\u0131 Transferleri mi ar\u0131yorsunuz? Milas-Bodrum Havaalan\u0131&#039;ndan (BJV) \u0130zmir Havaalan\u0131 (ADB), Dalaman Havaalan\u0131 (DLM), Antalya Havaalan\u0131 (AYT) gibi pop\u00fcler destinasyonlara ve Bodrum Merkez, Yal\u0131kavak ve G\u00fcll\u00fck gibi en iyi tatil yerlerine birinci s\u0131n\u0131f ula\u015f\u0131m hizmetleri sunuyoruz.<\/p>\n\n\t\t<\/div>\n\t<\/div>\n<\/div><\/div><\/div><\/div><div class=\"vc_row wpb_row vc_row-fluid\"><div class=\"wpb_column vc_column_container vc_col-sm-12\"><div class=\"vc_column-inner\"><div class=\"wpb_wrapper\">\n\t<div class=\"wpb_text_column wpb_content_element theme-padding-top-30\" >\n\t\t<div class=\"wpb_wrapper\">\n\t\t\t<h4>\u2708\ufe0f Bodrum Havaalan\u0131 Transferleri (BJV Transferleri ADB \u2013 DLM \u2013 AYT &amp; Daha Fazlas\u0131) Fiyat Listeleri 2025<\/h4>\n<p>Bizimle <strong>Bodrum Havaalan\u0131 Transferleri<\/strong> Konforlu ve b\u00fct\u00e7e dostu ula\u015f\u0131m\u0131n keyfini \u00e7\u0131karmak hi\u00e7 bu kadar kolay olmam\u0131\u015ft\u0131. Standart Vito&#039;muz (6 yolcuya kadar) mevcuttur. <strong>sadece 35 \u20ac&#039;dan ba\u015flayan fiyatlarla<\/strong>ve yerel geziler i\u00e7in faydalanabilirsiniz <strong>saatlik kiralamalar sadece 12 \u20ac&#039;dan ba\u015fl\u0131yor<\/strong>.<\/p>\n<p>Pop\u00fcler rotalar \u015funlard\u0131r:<\/p>\n<ul>\n<li><strong>BJV&#039;den \u0130zmir Adnan Menderes Havaliman\u0131&#039;na (ADB)<\/strong><\/li>\n<li><strong>BJV - Dalaman Havaliman\u0131 (DLM)<\/strong><\/li>\n<li><strong>BJV - Antalya Havaliman\u0131 (AYT)<\/strong><\/li>\n<li><strong>BJV&#039;den G\u00fcll\u00fck&#039;e<\/strong><\/li>\n<li><strong>BJV&#039;den Torba&#039;ya<\/strong><\/li>\n<li><strong>BJV Bodrum Merkez&#039;e<\/strong><\/li>\n<li><strong>BJV&#039;den Yal\u0131kavak&#039;a<\/strong><\/li>\n<\/ul>\n<p>Transfer maliyetinizi kolayca hesaplayabilirsiniz. <a href=\"\/tr\/rezervasyon\/\"><strong>\u00e7evrimi\u00e7i rezervasyon sistemi<\/strong><\/a>Alternatif olarak, WhatsApp \u00fczerinden bizimle ileti\u015fime ge\u00e7ebilirsiniz. <strong>ki\u015fiselle\u015ftirilmi\u015f teklif<\/strong> Seyahat ihtiya\u00e7lar\u0131n\u0131za g\u00f6re uyarlanm\u0131\u015ft\u0131r.<\/p>\n<p>Hem \u015fehir i\u00e7i hem de \u015fehirleraras\u0131 Bodrum Havaliman\u0131 Transferleriniz i\u00e7in, yolculu\u011funuzu sorunsuz ve keyifli hale getirmek i\u00e7in profesyonel \u015fof\u00f6rlerimiz ve konforlu ara\u00e7lar\u0131m\u0131z mevcuttur. Seyahatinize konforla ba\u015flay\u0131n ve ula\u015f\u0131m\u0131n\u0131z\u0131 bize b\u0131rak\u0131n.<\/p>\n\n\t\t<\/div>\n\t<\/div>\n<\/div><\/div><\/div><\/div><div class=\"vc_row wpb_row vc_row-fluid theme-margin-top-20\"><div class=\"wpb_column vc_column_container vc_col-sm-8\"><div class=\"vc_column-inner\"><div class=\"wpb_wrapper\">\r\n            <p class=\"theme-component-paragraph-large theme-component-paragraph-large-style-2 alignleft theme-padding-top-0 theme-padding-bottom-0\">\r\n                Deneyimli \u015fof\u00f6rlerimiz bulundu\u011funuz her \u015fehirde size rehberlik edecektir.\r\n            <\/p>\r\n        \n\t<div class=\"wpb_text_column wpb_content_element theme-padding-top-30\" >\n\t\t<div class=\"wpb_wrapper\">\n\t\t\t<p>\u0130ster VIP havaalan\u0131 servisi, ister \u015fof\u00f6rl\u00fc \u00f6zel transfer, ister grup arac\u0131 olsun, modern ara\u00e7 filomuzla sorunsuz, \u015f\u0131k ve zaman\u0131nda bir yolculuk sa\u011fl\u0131yoruz.<\/p>\n\n\t\t<\/div>\n\t<\/div>\n<\/div><\/div><\/div><div class=\"wpb_column vc_column_container vc_col-sm-4\"><div class=\"vc_column-inner\"><div class=\"wpb_wrapper\">\n\t<div  class=\"wpb_single_image wpb_content_element vc_align_right wpb_content_element\">\n\t\t\n\t\t<figure class=\"wpb_wrapper vc_figure\">\n\t\t\t<div class=\"vc_single_image-wrapper   vc_box_border_grey\"><img loading=\"lazy\" decoding=\"async\" width=\"275\" height=\"275\" src=\"https:\/\/bodrumluxuryservices.com\/wp-content\/uploads\/2025\/06\/passenger-reception-bodrum-airport-transfers-luggages.jpg\" class=\"vc_single_image-img attachment-full\" alt=\"\" title=\"yolcu-resepsiyon-bodrum-havaalan\u0131-transferleri-bagajlar\" srcset=\"https:\/\/bodrumluxuryservices.com\/wp-content\/uploads\/2025\/06\/passenger-reception-bodrum-airport-transfers-luggages.jpg 275w, https:\/\/bodrumluxuryservices.com\/wp-content\/uploads\/2025\/06\/passenger-reception-bodrum-airport-transfers-luggages-150x150.jpg 150w, https:\/\/bodrumluxuryservices.com\/wp-content\/uploads\/2025\/06\/passenger-reception-bodrum-airport-transfers-luggages-12x12.jpg 12w\" sizes=\"auto, (max-width: 275px) 100vw, 275px\" \/><\/div>\n\t\t<\/figure>\n\t<\/div>\n<\/div><\/div><\/div><\/div><div class=\"vc_row wpb_row vc_row-fluid theme-column-style-6 theme-padding-bottom-0\"><div class=\"theme-margin-bottom-20 wpb_column vc_column_container vc_col-sm-6\"><div class=\"vc_column-inner\"><div class=\"wpb_wrapper\"><div class=\"theme-component-list theme-component-list-style-2\">\n<ul>\n<li>Profesyonel E\u011fitimli \u015eof\u00f6rler<\/li>\n<li>7\/24 Tam Hizmet Ta\u015f\u0131mac\u0131l\u0131\u011f\u0131<\/li>\n<li>L\u00fcks Ara\u00e7lar, Ola\u011fan\u00fcst\u00fc Konfor<\/li>\n<\/ul>\n<\/div><\/div><\/div><\/div><div class=\"theme-margin-bottom-20 wpb_column vc_column_container vc_col-sm-6\"><div class=\"vc_column-inner\"><div class=\"wpb_wrapper\"><div class=\"theme-component-list theme-component-list-style-2\">\n<ul>\n<li>Her Zaman, Zaman\u0131nda \u2013 Garantili<\/li>\n<li>Ege&#039;nin Her Yerinde Kusursuz Havaalan\u0131 Transferleri<\/li>\n<li>\u00d6zel S\u00fcr\u00fc\u015fler, Birinci S\u0131n\u0131f Deneyim<\/li>\n<\/ul>\n<\/div><\/div><\/div><\/div><\/div><div class=\"vc_row wpb_row vc_row-fluid\"><div class=\"theme-margin-bottom-0 wpb_column vc_column_container vc_col-sm-12\"><div class=\"vc_column-inner\"><div class=\"wpb_wrapper\"><h3 style=\"text-align: center\" class=\"vc_custom_heading vc_do_custom_heading theme-margin-top-60 theme-margin-bottom-50\" >Bodrum L\u00fcks Transfer Kiralaman\u0131n Avantajlar\u0131<\/h3><\/div><\/div><\/div><\/div><div class=\"vc_row wpb_row vc_row-fluid\"><div class=\"theme-margin-bottom-0 wpb_column vc_column_container vc_col-sm-12\"><div class=\"vc_column-inner\"><div class=\"wpb_wrapper\">\n            <div class=\"theme-component-feature theme-component-feature-style-1\">\n                <div class=\"vc_row wpb_row vc_inner vc_row-fluid\"><div class=\"wpb_column vc_column_container vc_col-sm-4\"><div class=\"vc_column-inner\"><div class=\"wpb_wrapper\">\r\n            <div class=\"theme-component-feature-item\">\r\n                <span class=\"theme-icon-feature-check theme-component-feature-item-icon\"><span><\/span><\/span>\r\n                <h4 class=\"theme-component-feature-item-header\">\u00d6nce G\u00fcvenlik<\/h4><p>Ara\u00e7lar\u0131m\u0131z ve \u015fof\u00f6rlerimiz en y\u00fcksek g\u00fcvenlik standartlar\u0131na uygundur.<\/p>\n\r\n            <\/div>\r\n        <\/div><\/div><\/div><div class=\"wpb_column vc_column_container vc_col-sm-4\"><div class=\"vc_column-inner\"><div class=\"wpb_wrapper\">\r\n            <div class=\"theme-component-feature-item\">\r\n                <span class=\"theme-icon-feature-wallet theme-component-feature-item-icon\"><span><\/span><\/span>\r\n                <h4 class=\"theme-component-feature-item-header\">Uygun Fiyatlar<\/h4><p>B\u00fct\u00e7enize uygun do\u011fru arac\u0131 do\u011fru fiyata sunabiliriz.<\/p>\n\r\n            <\/div>\r\n        <\/div><\/div><\/div><div class=\"wpb_column vc_column_container vc_col-sm-4\"><div class=\"vc_column-inner\"><div class=\"wpb_wrapper\">\r\n            <div class=\"theme-component-feature-item\">\r\n                <span class=\"theme-icon-feature-timetable theme-component-feature-item-icon\"><span><\/span><\/span>\r\n                <h4 class=\"theme-component-feature-item-header\">Dakiklik<\/h4><p>Zaman\u0131nda kar\u015f\u0131lama ve stressiz havaalan\u0131 var\u0131\u015flar\u0131n\u0131 garanti ediyoruz.<\/p>\n\r\n            <\/div>\r\n        <\/div><\/div><\/div><\/div>\n            <\/div>\n        <\/div><\/div><\/div><\/div><div class=\"vc_row wpb_row vc_row-fluid theme-margin-top-20\"><div class=\"theme-margin-bottom-0 wpb_column vc_column_container vc_col-sm-12\"><div class=\"vc_column-inner\"><div class=\"wpb_wrapper\">\n            <div class=\"theme-component-feature theme-component-feature-style-1\">\n                <div class=\"vc_row wpb_row vc_inner vc_row-fluid\"><div class=\"wpb_column vc_column_container vc_col-sm-4\"><div class=\"vc_column-inner\"><div class=\"wpb_wrapper\">\r\n            <div class=\"theme-component-feature-item\">\r\n                <span class=\"theme-icon-feature-vip theme-component-feature-item-icon\"><span><\/span><\/span>\r\n                <h4 class=\"theme-component-feature-item-header\">L\u00fcks Konfor<\/h4><p>Premium hizmet i\u00e7in tasarlanm\u0131\u015f \u00fcst d\u00fczey ara\u00e7lar\u0131 deneyimleyin.<\/p>\n\r\n            <\/div>\r\n        <\/div><\/div><\/div><div class=\"wpb_column vc_column_container vc_col-sm-4\"><div class=\"vc_column-inner\"><div class=\"wpb_wrapper\">\r\n            <div class=\"theme-component-feature-item\">\r\n                <span class=\"theme-icon-feature-price theme-component-feature-item-icon\"><span><\/span><\/span>\r\n                <h4 class=\"theme-component-feature-item-header\">Uygunluk<\/h4><p>Hi\u00e7bir gizli \u00fccret olmaks\u0131z\u0131n rekabet\u00e7i fiyatlar sunuyoruz.<\/p>\n\r\n            <\/div>\r\n        <\/div><\/div><\/div><div class=\"wpb_column vc_column_container vc_col-sm-4\"><div class=\"vc_column-inner\"><div class=\"wpb_wrapper\">\r\n            <div class=\"theme-component-feature-item\">\r\n                <span class=\"theme-icon-feature-help theme-component-feature-item-icon\"><span><\/span><\/span>\r\n                <h4 class=\"theme-component-feature-item-header\">G\u00fcvenilirlik<\/h4><p>Hi\u00e7bir gizli \u00fccret olmaks\u0131z\u0131n rekabet\u00e7i fiyatlar sunuyoruz.<\/p>\n\r\n            <\/div>\r\n        <\/div><\/div><\/div><\/div>\n            <\/div>\n        <\/div><\/div><\/div><\/div>\n<\/div>","protected":false},"excerpt":{"rendered":"Bodrum Airport Transfers (BJV Transfers to ADB \u2013 DLM \u2013 AYT &amp; More) Looking for reliable and luxurious Bodrum Airport Transfers? We offer premium transportation services from Milas-Bodrum Airport (BJV) to popular destinations such as Izmir Airport (ADB), Dalaman Airport (DLM), Antalya Airport (AYT), and top resorts like Bodrum Center, Yal\u0131kavak, and G\u00fcll\u00fck. \u2708\ufe0f Bodrum [...]","protected":false},"author":1,"featured_media":0,"parent":0,"menu_order":0,"comment_status":"closed","ping_status":"closed","template":"","meta":{"footnotes":""},"class_list":["post-11025","page","type-page","status-publish","hentry"],"_links":{"self":[{"href":"https:\/\/bodrumluxuryservices.com\/tr\/wp-json\/wp\/v2\/pages\/11025","targetHints":{"allow":["GET"]}}],"collection":[{"href":"https:\/\/bodrumluxuryservices.com\/tr\/wp-json\/wp\/v2\/pages"}],"about":[{"href":"https:\/\/bodrumluxuryservices.com\/tr\/wp-json\/wp\/v2\/types\/page"}],"author":[{"embeddable":true,"href":"https:\/\/bodrumluxuryservices.com\/tr\/wp-json\/wp\/v2\/users\/1"}],"replies":[{"embeddable":true,"href":"https:\/\/bodrumluxuryservices.com\/tr\/wp-json\/wp\/v2\/comments?post=11025"}],"version-history":[{"count":27,"href":"https:\/\/bodrumluxuryservices.com\/tr\/wp-json\/wp\/v2\/pages\/11025\/revisions"}],"predecessor-version":[{"id":24563,"href":"https:\/\/bodrumluxuryservices.com\/tr\/wp-json\/wp\/v2\/pages\/11025\/revisions\/24563"}],"wp:attachment":[{"href":"https:\/\/bodrumluxuryservices.com\/tr\/wp-json\/wp\/v2\/media?parent=11025"}],"curies":[{"name":"wp","href":"https:\/\/api.w.org\/{rel}","templated":true}]}}