{"id":3,"date":"2025-06-02T10:12:46","date_gmt":"2025-06-02T10:12:46","guid":{"rendered":"https:\/\/bodrumluxuryservices.com\/?page_id=3"},"modified":"2026-04-16T10:19:32","modified_gmt":"2026-04-16T07:19:32","slug":"polityka-prywatnosci","status":"publish","type":"page","link":"https:\/\/bodrumluxuryservices.com\/pl\/privacy-policy\/","title":{"rendered":"Polityka prywatno\u015bci"},"content":{"rendered":"<p><strong>Ostatnia aktualizacja: 01.05.2024<\/strong><\/p>\n\n\n\n<p>Twoje bezpiecze\u0144stwo jest dla nas wa\u017cne. My, w <strong>Eraslan Exclusive Travel<\/strong>, dok\u0142adamy wszelkich stara\u0144, aby chroni\u0107 dane osobowe, kt\u00f3rymi si\u0119 z nami dzielisz.<\/p>\n\n\n\n<p>Jako administrator danych, poprzez niniejsz\u0105 Polityk\u0119 prywatno\u015bci i ochrony danych osobowych pragniemy poinformowa\u0107 Ci\u0119, jakie Twoje dane osobowe s\u0105 przetwarzane i w jakim celu, z kim i dlaczego mog\u0105 by\u0107 udost\u0119pniane, jakie s\u0105 nasze metody i podstawy prawne przetwarzania danych oraz jakie prawa przys\u0142uguj\u0105 Ci w zwi\u0105zku z przetwarzanymi danymi.<\/p>\n\n\n\n<p><strong>Zbierane dane osobowe, spos\u00f3b zbierania i podstawa prawna<\/strong><\/p>\n\n\n\n<p>Tw\u00f3j adres IP i informacje o agencie u\u017cytkownika s\u0105 przetwarzane wy\u0142\u0105cznie w celach analitycznych za po\u015brednictwem plik\u00f3w cookie i podobnych technologii, przy u\u017cyciu zar\u00f3wno automatycznych, jak i nieautomatycznych metod. Dane s\u0105 czasami zbierane od stron trzecich, takich jak dostawcy us\u0142ug analitycznych, sieci reklamowe i dostawcy technologii. Dane te s\u0105 rejestrowane, przechowywane i aktualizowane na podstawie naszej relacji us\u0142ugowej z Tob\u0105 i zgodnie z uzasadnionymi interesami przetwarzania przez czas trwania tej relacji.<\/p>\n\n\n\n<p><strong>Cel przetwarzania Twoich danych osobowych<\/strong><\/p>\n\n\n\n<p>Dane osobowe, kt\u00f3rymi si\u0119 z nami dzielisz, b\u0119d\u0105 przetwarzane wy\u0142\u0105cznie w celu przeprowadzania niezb\u0119dnych analiz, zapewnienia optymalnego dostarczania naszych us\u0142ug, zapewnienia Ci dost\u0119pnych i maksymalnie korzystnych us\u0142ug, rozwijania naszych us\u0142ug zgodnie z Twoimi potrzebami, \u0142\u0105czenia Ci\u0119 z szerszymi dostawcami us\u0142ug w ramach prawnych ram prawnych i wype\u0142niania wszelkich zobowi\u0105za\u0144 prawnych (takich jak udost\u0119pnianie danych osobowych na \u017c\u0105danie organom s\u0105dowym i administracyjnym). Te dzia\u0142ania zwi\u0105zane z przetwarzaniem danych b\u0119d\u0105 prowadzone w razie potrzeby, odpowiednio i zgodnie z warunkami naszej umowy o \u015bwiadczenie us\u0142ug.<\/p>\n\n\n\n<p><strong>Do kogo i w jakich celach mog\u0105 by\u0107 przekazywane zebrane dane osobowe<\/strong><\/p>\n\n\n\n<p>Twoje dane osobowe mog\u0105 zosta\u0107 przekazane krajowym i zagranicznym podmiotom trzecim, instytucjom i organizacjom, z kt\u00f3rymi utrzymujemy stosunki umowne lub wsp\u00f3\u0142pracy, albo na \u017c\u0105danie organ\u00f3w s\u0105dowych i administracyjnych, pod warunkiem podj\u0119cia niezb\u0119dnych \u015brodk\u00f3w technicznych i administracyjnych.<\/p>\n\n\n\n<p><strong>Twoje prawa jako podmiotu danych<\/strong><\/p>\n\n\n\n<p>Zgodnie z artyku\u0142em 11 tureckiej ustawy o ochronie danych osobowych (KVKK) ka\u017cda osoba ma prawo za\u017c\u0105da\u0107 od administratora danych nast\u0119puj\u0105cych informacji:<\/p>\n\n\n\n<ul class=\"wp-block-list\">\n<li>Aby dowiedzie\u0107 si\u0119, czy przetwarzane s\u0105 dane osobowe,<\/li>\n\n\n\n<li>Aby poprosi\u0107 o informacj\u0119, czy dane osobowe zosta\u0142y przetworzone,<\/li>\n\n\n\n<li>Aby dowiedzie\u0107 si\u0119, jaki jest cel przetwarzania danych osobowych i czy s\u0105 one wykorzystywane zgodnie z zamierzonym celem,<\/li>\n\n\n\n<li>Aby pozna\u0107 podmioty trzecie, kt\u00f3rym przekazywane s\u0105 dane osobowe w kraju lub za granic\u0105,<\/li>\n\n\n\n<li>Aby za\u017c\u0105da\u0107 sprostowania niekompletnych lub nieprawid\u0142owych danych osobowych,<\/li>\n\n\n\n<li>Aby za\u017c\u0105da\u0107 usuni\u0119cia lub zniszczenia danych osobowych,<\/li>\n\n\n\n<li>W celu \u017c\u0105dania powiadomienia os\u00f3b trzecich, kt\u00f3rym przekazywane s\u0105 dane osobowe, o transakcjach przeprowadzonych zgodnie z pkt (e) i (f),<\/li>\n\n\n\n<li>Wniesienia sprzeciwu wobec wyst\u0105pienia skutku wobec osoby, kt\u00f3ry wynika z analizy przetwarzanych danych wy\u0142\u0105cznie za pomoc\u0105 zautomatyzowanych system\u00f3w,<\/li>\n\n\n\n<li>Aby ubiega\u0107 si\u0119 o odszkodowanie, je\u015bli ponios\u0105 szkod\u0119 wskutek niezgodnego z prawem przetwarzania danych osobowych.<\/li>\n<\/ul>\n\n\n\n<p>Aby skorzysta\u0107 ze swoich praw, prosimy o kontakt pod adresem&nbsp;<a href=\"mailto:info@bodrumluxuryservices.com\">info@bodrumluxuryservices.com<\/a><\/p>\n\n\n\n<p><strong>Kontakt<\/strong><\/p>\n\n\n\n<p>Masz ca\u0142kowit\u0105 swobod\u0119 wyboru, czy wyrazi\u0107 zgod\u0119 na przetwarzanie tylko niezb\u0119dnych danych osobowych zgodnie z niniejsz\u0105 Polityk\u0105 prywatno\u015bci i ochrony danych osobowych, wy\u0142\u0105cznie w celu \u015bwiadczenia Ci us\u0142ug i przeprowadzania analiz. Kontynuuj\u0105c korzystanie ze strony, przyjmuje si\u0119, \u017ce zaakceptowa\u0142e\u015b te warunki. Aby uzyska\u0107 bardziej szczeg\u00f3\u0142owe informacje, skontaktuj si\u0119 z nami pod adresem&nbsp;<a href=\"mailto:info@bodrumluxuryservices.com\">info@bodrumluxuryservices.com<\/a>.<\/p>","protected":false},"excerpt":{"rendered":"<p>Last updated: 01\/05\/2024 Your security is important to us. We, at Eraslan Exclusive Travel, take great care to protect the personal information you share with us. As the data controller, through this Privacy and Personal Data Protection Policy, we aim to inform you about which of your personal data is processed and for what purpose, [&#8230;]<\/p>\n","protected":false},"author":1,"featured_media":0,"parent":0,"menu_order":0,"comment_status":"closed","ping_status":"open","template":"","meta":{"footnotes":""},"class_list":["post-3","page","type-page","status-publish","hentry"],"_links":{"self":[{"href":"https:\/\/bodrumluxuryservices.com\/pl\/wp-json\/wp\/v2\/pages\/3","targetHints":{"allow":["GET"]}}],"collection":[{"href":"https:\/\/bodrumluxuryservices.com\/pl\/wp-json\/wp\/v2\/pages"}],"about":[{"href":"https:\/\/bodrumluxuryservices.com\/pl\/wp-json\/wp\/v2\/types\/page"}],"author":[{"embeddable":true,"href":"https:\/\/bodrumluxuryservices.com\/pl\/wp-json\/wp\/v2\/users\/1"}],"replies":[{"embeddable":true,"href":"https:\/\/bodrumluxuryservices.com\/pl\/wp-json\/wp\/v2\/comments?post=3"}],"version-history":[{"count":4,"href":"https:\/\/bodrumluxuryservices.com\/pl\/wp-json\/wp\/v2\/pages\/3\/revisions"}],"predecessor-version":[{"id":24663,"href":"https:\/\/bodrumluxuryservices.com\/pl\/wp-json\/wp\/v2\/pages\/3\/revisions\/24663"}],"wp:attachment":[{"href":"https:\/\/bodrumluxuryservices.com\/pl\/wp-json\/wp\/v2\/media?parent=3"}],"curies":[{"name":"wp","href":"https:\/\/api.w.org\/{rel}","templated":true}]}}