{"id":24481,"date":"2025-07-26T22:25:15","date_gmt":"2025-07-26T19:25:15","guid":{"rendered":"https:\/\/bodrumluxuryservices.com\/?page_id=24481"},"modified":"2026-04-16T10:24:30","modified_gmt":"2026-04-16T07:24:30","slug":"umowa-sprzedazy-na-odleglosc","status":"publish","type":"page","link":"https:\/\/bodrumluxuryservices.com\/pl\/distance-sales-agreement\/","title":{"rendered":"Distance Selling Contract"},"content":{"rendered":"<h2 class=\"wp-block-heading\">Umowa sprzeda\u017cy na odleg\u0142o\u015b\u0107<\/h2>\n\n\n\n<p>This agreement is issued in accordance with the Regulation on Distance Contracts, published in the Official Gazette No. 244675, dated  November 6, 2025<\/p>\n\n\n\n<p><strong>INFORMACJE O SPRZEDAWCY<\/strong><br>Company Name: E ASLAN TUR\u0130ZM ORGAN\u0130ZASYON LTD. STI.<br>Strona internetowa: <a href=\"https:\/\/bodrumluxuryservices.com\/pl\/\" class=\"\">https:\/\/bodrumluxuryservices.com<\/a><br>Address: Y\u0131ld\u0131ztepe mah. 162. cadde no:28\/C Alt\u0131nda\u011f-Ankara-Turkey<br>Phone: +90 543 972 06 06<br>Tax Identification Number (VDN.): 3231389355<\/p>\n\n\n\n<p><strong>INFORMACJE O KUPUJ\u0104CYM<\/strong><br>(Imi\u0119, nazwisko, adres i dane kontaktowe podane przez Kupuj\u0105cego za po\u015brednictwem strony internetowej lub kana\u0142\u00f3w komunikacji zostan\u0105 zapisane jako cz\u0119\u015b\u0107 umowy.)<\/p>\n\n\n\n<p><strong>1. TEMAT<\/strong><br>Przedmiotem niniejszej umowy jest okre\u015blenie praw i obowi\u0105zk\u00f3w stron zgodnie z przepisami ustawy o ochronie praw konsument\u00f3w nr 6502 oraz rozporz\u0105dzenia w sprawie um\u00f3w zawieranych na odleg\u0142o\u015b\u0107 w zakresie sprzeda\u017cy i realizacji us\u0142ugi transferu VIP oferowanej przez Sprzedawc\u0119 na rzecz Kupuj\u0105cego za po\u015brednictwem strony internetowej <a class=\"\" href=\"https:\/\/bodrumluxuryservices.com\/pl\/\">https:\/\/bodrumluxuryservices.com<\/a>.<\/p>\n\n\n\n<p><strong>2. SZCZEG\u00d3\u0141Y US\u0141UGI<\/strong><br>Us\u0142uga: Transport i transfer VIP<br>Data rezerwacji: wybrana przez Kupuj\u0105cego<br>Miejsce odbioru: Zgodnie ze wskazaniem Kupuj\u0105cego<br>Miejsce odbioru: Zgodnie ze wskazaniem Kupuj\u0105cego<br>Cena: Jak pokazano i potwierdzono na stronie internetowej przed dokonaniem p\u0142atno\u015bci<\/p>\n\n\n\n<p><strong>3. P\u0141ATNO\u015a\u0106<\/strong><br>Op\u0142at\u0119 za us\u0142ug\u0119 Kupuj\u0105cy uiszcza z g\u00f3ry, korzystaj\u0105c z metod p\u0142atno\u015bci dost\u0119pnych na stronie internetowej (karta kredytowa, przelew bankowy itp.). Rezerwacja staje si\u0119 wa\u017cna dopiero po zaksi\u0119gowaniu wp\u0142aty.<\/p>\n\n\n\n<p><strong>4. PRAWO ODST\u0104PIENIA OD UMOWY<\/strong><br>Zgodnie z art. 15 lit. g Rozporz\u0105dzenia w sprawie um\u00f3w zawieranych na odleg\u0142o\u015b\u0107 prawo odst\u0105pienia od umowy nie przys\u0142uguje w przypadku um\u00f3w o zakwaterowanie, transport, najem samochod\u00f3w, dostarczanie \u017cywno\u015bci i napoj\u00f3w oraz us\u0142ug rozrywkowych i rekreacyjnych, kt\u00f3re maj\u0105 by\u0107 \u015bwiadczone w oznaczonym dniu lub okresie.<\/p>\n\n\n\n<p>Dlatego Kupuj\u0105cy <strong>nie mo\u017cna skorzysta\u0107 z prawa odst\u0105pienia od umowy<\/strong> za us\u0142ugi zakupione za po\u015brednictwem tej witryny internetowej na konkretn\u0105 dat\u0119 i godzin\u0119.<\/p>\n\n\n\n<p><strong>5. ANULOWANIE I ZWROT PIENI\u0118DZY<\/strong><br>Kupuj\u0105cy mo\u017ce anulowa\u0107 rezerwacj\u0119 co najmniej <strong>24 godziny<\/strong> przed planowanym terminem wykonania us\u0142ugi i otrzymaj pe\u0142ny zwrot pieni\u0119dzy.<br>Dokonano anulowania <strong>w ci\u0105gu 24 godzin<\/strong> zaplanowanego czasu b\u0119dzie <strong>nie<\/strong> mie\u0107 prawo do zwrotu pieni\u0119dzy.<\/p>\n\n\n\n<p><strong>6. OBOWI\u0104ZKI SPRZEDAWCY<\/strong><br>Sprzedawca zobowi\u0105zuje si\u0119 do \u015bwiadczenia us\u0142ugi transferu zgodnie z warunkami okre\u015blonymi w niniejszej umowie oraz reklam\u0105 zamieszczon\u0105 na stronie internetowej. W przypadku niewykonania us\u0142ugi z powodu si\u0142y wy\u017cszej (takiej jak niekorzystne warunki atmosferyczne, kl\u0119ska \u017cywio\u0142owa, wypadek drogowy itp.), Sprzedawca poinformuje o tym Kupuj\u0105cego jak najszybciej i zwr\u00f3ci mu pe\u0142n\u0105 kwot\u0119 p\u0142atno\u015bci, je\u015bli us\u0142uga nie b\u0119dzie mog\u0142a zosta\u0107 zrealizowana.<\/p>\n\n\n\n<p><strong>7. ROZSTRZYGANIE SPOR\u00d3W<\/strong><br>W przypadku spor\u00f3w wynikaj\u0105cych z niniejszej umowy, skargi mo\u017cna sk\u0142ada\u0107 do S\u0105du Arbitra\u017cowego dla Konsument\u00f3w lub S\u0105du Konsumenckiego w\u0142a\u015bciwego ze wzgl\u0119du na miejsce zamieszkania Kupuj\u0105cego lub miejsce \u015bwiadczenia us\u0142ugi.<\/p>\n\n\n\n<p><strong>8. POSTANOWIENIA KO\u0143COWE<\/strong><br>Potwierdzenie zam\u00f3wienia na stronie internetowej oznacza akceptacj\u0119 przez Kupuj\u0105cego wszystkich postanowie\u0144 niniejszej umowy. Umowa zostaje elektronicznie zaakceptowana i zapisana przez obie strony.<\/p>","protected":false},"excerpt":{"rendered":"<p>Distance Sales Agreement This agreement is issued in accordance with the Regulation on Distance Contracts, published in the Official Gazette No. 244675, dated November 6, 2025 SELLER INFORMATIONCompany Name: E ASLAN TUR\u0130ZM ORGAN\u0130ZASYON LTD. STI.Website: https:\/\/bodrumluxuryservices.comAddress: Y\u0131ld\u0131ztepe mah. 162. cadde no:28\/C Alt\u0131nda\u011f-Ankara-TurkeyPhone: +90 543 972 06 06Tax Identification Number (VDN.): 3231389355 BUYER INFORMATION(Name, Surname, Address, [&#8230;]<\/p>\n","protected":false},"author":1,"featured_media":0,"parent":0,"menu_order":0,"comment_status":"closed","ping_status":"closed","template":"","meta":{"footnotes":""},"class_list":["post-24481","page","type-page","status-publish","hentry"],"_links":{"self":[{"href":"https:\/\/bodrumluxuryservices.com\/pl\/wp-json\/wp\/v2\/pages\/24481","targetHints":{"allow":["GET"]}}],"collection":[{"href":"https:\/\/bodrumluxuryservices.com\/pl\/wp-json\/wp\/v2\/pages"}],"about":[{"href":"https:\/\/bodrumluxuryservices.com\/pl\/wp-json\/wp\/v2\/types\/page"}],"author":[{"embeddable":true,"href":"https:\/\/bodrumluxuryservices.com\/pl\/wp-json\/wp\/v2\/users\/1"}],"replies":[{"embeddable":true,"href":"https:\/\/bodrumluxuryservices.com\/pl\/wp-json\/wp\/v2\/comments?post=24481"}],"version-history":[{"count":8,"href":"https:\/\/bodrumluxuryservices.com\/pl\/wp-json\/wp\/v2\/pages\/24481\/revisions"}],"predecessor-version":[{"id":24667,"href":"https:\/\/bodrumluxuryservices.com\/pl\/wp-json\/wp\/v2\/pages\/24481\/revisions\/24667"}],"wp:attachment":[{"href":"https:\/\/bodrumluxuryservices.com\/pl\/wp-json\/wp\/v2\/media?parent=24481"}],"curies":[{"name":"wp","href":"https:\/\/api.w.org\/{rel}","templated":true}]}}