{"id":24001,"date":"2025-06-03T21:09:20","date_gmt":"2025-06-03T18:09:20","guid":{"rendered":"https:\/\/bodrumluxuryservices.com\/?page_id=24001"},"modified":"2026-04-16T10:20:52","modified_gmt":"2026-04-16T07:20:52","slug":"polityka-plikow-cookie","status":"publish","type":"page","link":"https:\/\/bodrumluxuryservices.com\/pl\/cookie-policy\/","title":{"rendered":"Polityka plik\u00f3w cookie"},"content":{"rendered":"<p><strong>Ostatnia aktualizacja: 07\/11\/2024<\/strong><\/p>\n\n\n\n<p>Jako Evolution Limousine stawiamy na pierwszym miejscu Twoje bezpiecze\u0144stwo, dlatego poprzez niniejsz\u0105 Polityk\u0119 plik\u00f3w cookie chcemy poinformowa\u0107 Ci\u0119, jakie pliki cookie wykorzystujemy na naszej stronie internetowej, w jakich celach i w jaki spos\u00f3b mo\u017cesz zmieni\u0107 swoje ustawienia dotycz\u0105ce plik\u00f3w cookie.<\/p>\n\n\n\n<p>Aby lepiej s\u0142u\u017cy\u0107 Pa\u0144stwu, u\u017cywamy plik\u00f3w cookie, aby zapewni\u0107 kr\u00f3tki przegl\u0105d tego, jakie dane osobowe s\u0105 gromadzone, przetwarzane i w jaki spos\u00f3b, ze wskazaniem na nasze\u00a0<a href=\"https:\/\/bodrumluxuryservices.com\/pl\/polityka-prywatnosci\/\" data-type=\"page\" data-id=\"3\">Polityka prywatno\u015bci<\/a>\u00a0Aby uzyska\u0107 wi\u0119cej szczeg\u00f3\u0142\u00f3w lub skontaktowa\u0107 si\u0119 z nami bezpo\u015brednio.<\/p>\n\n\n\n<p><strong>Czym s\u0105 pliki cookie?<\/strong><\/p>\n\n\n\n<p>Pliki cookie to ma\u0142e pliki zapisywane na Twoim urz\u0105dzeniu w celu ulepszenia Twoich do\u015bwiadcze\u0144 podczas przegl\u0105dania stron internetowych. Poniewa\u017c pliki cookie przetwarzaj\u0105 informacje u\u017cytkownika, jest to wymagane przez&nbsp;<a href=\"https:\/\/www.mevzuat.gov.tr\/mevzuat?MevzuatNo=6698&amp;MevzuatTur=1&amp;MevzuatTertip=5\" target=\"_blank\" rel=\"noreferrer noopener\">Tureckie prawo o ochronie danych osobowych<\/a>&nbsp;Nr 6698, aby u\u017cytkownicy byli informowani i wyra\u017cali zgod\u0119 na przetwarzanie danych.<\/p>\n\n\n\n<p>Aby zapewni\u0107 Pa\u0144stwu, naszym go\u015bciom, najlepsze do\u015bwiadczenia podczas korzystania z naszej witryny internetowej, wykorzystujemy r\u00f3\u017cne pliki cookie, kt\u00f3re maj\u0105 na celu popraw\u0119 jako\u015bci i efektywno\u015bci Pa\u0144stwa interakcji.<\/p>\n\n\n\n<p><strong>Rodzaje plik\u00f3w cookie, kt\u00f3rych u\u017cywamy:<\/strong><\/p>\n\n\n\n<ol class=\"wp-block-list\">\n<li><strong>Niezb\u0119dne pliki cookie<\/strong><br>Niezb\u0119dne pliki cookie sprawiaj\u0105, \u017ce witryna dzia\u0142a, umo\u017cliwiaj\u0105c jej podstawowe funkcje. Bez tych plik\u00f3w cookie witryna mo\u017ce nie dzia\u0142a\u0107 prawid\u0142owo.<\/li>\n\n\n\n<li><strong>Pliki cookie wydajno\u015bci<\/strong><br>Pliki cookie dotycz\u0105ce wydajno\u015bci gromadz\u0105 anonimowe dane o tym, w jaki spos\u00f3b odwiedzaj\u0105cy korzystaj\u0105 z naszej witryny, co pozwala nam na popraw\u0119 wydajno\u015bci witryny.<\/li>\n\n\n\n<li><strong>Pliki cookie funkcjonalne<\/strong><br>Pliki cookie funkcjonalne pozwalaj\u0105 naszej witrynie internetowej rozpoznawa\u0107 u\u017cytkownik\u00f3w podczas kolejnych wizyt na podstawie ich poprzednich interakcji, oferuj\u0105c spersonalizowane do\u015bwiadczenie z uwzgl\u0119dnieniem j\u0119zyka, regionu i podobnych ustawie\u0144.<\/li>\n\n\n\n<li><strong>Pliki cookie reklamowe<\/strong><br>Pliki cookie reklamowe, cz\u0119sto pochodz\u0105ce od os\u00f3b trzecich, monitoruj\u0105 zachowania odwiedzaj\u0105cych, aby pom\u00f3c w dostarczaniu reklam odpowiednich do zainteresowa\u0144 u\u017cytkownik\u00f3w. Odpowiedzialno\u015b\u0107 za te pliki cookie spoczywa na dostawcach zewn\u0119trznych.<\/li>\n<\/ol>\n\n\n\n<p><strong>Jakie dane osobowe s\u0105 przetwarzane za pomoc\u0105 plik\u00f3w cookie?<\/strong><\/p>\n\n\n\n<p>Dane osobowe, takie jak to\u017csamo\u015b\u0107 (imi\u0119, nazwisko, data urodzenia itp.) i dane kontaktowe (adres, e-mail, telefon, IP, lokalizacja itp.) mog\u0105 by\u0107 gromadzone za po\u015brednictwem plik\u00f3w cookie. Dane te, czasami uzyskiwane za po\u015brednictwem dostawc\u00f3w us\u0142ug analitycznych, sieci reklamowych i innych dostawc\u00f3w technologii, b\u0119d\u0105 rejestrowane, przechowywane i aktualizowane zgodnie z nasz\u0105 relacj\u0105 umown\u0105 i obowi\u0105zkami prawnymi opartymi na przetwarzaniu w uzasadnionym interesie.<\/p>\n\n\n\n<p><strong>Dlaczego u\u017cywamy plik\u00f3w cookie?<\/strong><\/p>\n\n\n\n<p>Pliki cookie na naszej stronie internetowej s\u0142u\u017c\u0105 celom takim jak zwi\u0119kszanie bezpiecze\u0144stwa poprzez wykrywanie oszustw, poprawa funkcjonalno\u015bci i wydajno\u015bci zgodnie z preferencjami u\u017cytkownika, rozwijanie i personalizowanie naszych produkt\u00f3w i us\u0142ug oraz u\u0142atwianie dost\u0119pu do tych us\u0142ug. Ponadto pliki cookie reklamowe i udost\u0119pnianie informacji stronom trzecim s\u0142u\u017c\u0105 do poszerzania dost\u0119pu u\u017cytkownik\u00f3w do szerszej gamy dostawc\u00f3w us\u0142ug.<\/p>\n\n\n\n<p><strong>Zarz\u0105dzanie plikami cookie<\/strong><\/p>\n\n\n\n<p>Masz swobod\u0119 zarz\u0105dzania swoimi preferencjami dotycz\u0105cymi plik\u00f3w cookie w ustawieniach przegl\u0105darki, gdzie mo\u017cesz usuwa\u0107 lub blokowa\u0107 pliki cookie, kiedy tylko chcesz. Aby uzyska\u0107 wi\u0119cej informacji, zapoznaj si\u0119 z nasz\u0105 Polityk\u0105 prywatno\u015bci lub skontaktuj si\u0119 z nami pod adresem <a href=\"mailto:info@bodrumluxuryservices.com\">info@bodrumluxuryservices.com<\/a><\/p>\n\n\n\n<p>Twoje wybory dotycz\u0105ce wykorzystania plik\u00f3w cookie zaczn\u0105 obowi\u0105zywa\u0107 w momencie wej\u015bcia na nasz\u0105 stron\u0119 internetow\u0105 i mo\u017cesz je zmieni\u0107 w dowolnym momencie.<\/p>","protected":false},"excerpt":{"rendered":"<p>Last updated: 07\/11\/2024 As Evolution Limousine, we prioritize your security, and through this Cookie Policy, we aim to inform you about which cookies we use on our website, for what purposes, and how you can modify your cookie settings. To better serve you, we use cookies to provide a brief overview of what personal data [&#8230;]<\/p>\n","protected":false},"author":1,"featured_media":0,"parent":0,"menu_order":0,"comment_status":"closed","ping_status":"closed","template":"","meta":{"footnotes":""},"class_list":["post-24001","page","type-page","status-publish","hentry"],"_links":{"self":[{"href":"https:\/\/bodrumluxuryservices.com\/pl\/wp-json\/wp\/v2\/pages\/24001","targetHints":{"allow":["GET"]}}],"collection":[{"href":"https:\/\/bodrumluxuryservices.com\/pl\/wp-json\/wp\/v2\/pages"}],"about":[{"href":"https:\/\/bodrumluxuryservices.com\/pl\/wp-json\/wp\/v2\/types\/page"}],"author":[{"embeddable":true,"href":"https:\/\/bodrumluxuryservices.com\/pl\/wp-json\/wp\/v2\/users\/1"}],"replies":[{"embeddable":true,"href":"https:\/\/bodrumluxuryservices.com\/pl\/wp-json\/wp\/v2\/comments?post=24001"}],"version-history":[{"count":3,"href":"https:\/\/bodrumluxuryservices.com\/pl\/wp-json\/wp\/v2\/pages\/24001\/revisions"}],"predecessor-version":[{"id":24664,"href":"https:\/\/bodrumluxuryservices.com\/pl\/wp-json\/wp\/v2\/pages\/24001\/revisions\/24664"}],"wp:attachment":[{"href":"https:\/\/bodrumluxuryservices.com\/pl\/wp-json\/wp\/v2\/media?parent=24001"}],"curies":[{"name":"wp","href":"https:\/\/api.w.org\/{rel}","templated":true}]}}