{"id":23633,"date":"2025-06-05T09:24:36","date_gmt":"2025-06-05T06:24:36","guid":{"rendered":"http:\/\/quanticalabs.com\/wp_themes4\/autoride\/?page_id=19"},"modified":"2025-06-08T01:06:22","modified_gmt":"2025-06-07T22:06:22","slug":"nasze-luksusowe-uslugi-w-bodrum","status":"publish","type":"page","link":"https:\/\/bodrumluxuryservices.com\/pl\/our-bodrum-luxury-services\/","title":{"rendered":"Nasze luksusowe us\u0142ugi w Bodrum"},"content":{"rendered":"<div class=\"wpb-content-wrapper\"><div class=\"vc_row wpb_row vc_row-fluid theme-margin-bottom-60\"><div class=\"wpb_column vc_column_container vc_col-sm-6\"><div class=\"vc_column-inner\"><div class=\"wpb_wrapper\"><h3 style=\"text-align: left\" class=\"vc_custom_heading vc_do_custom_heading\" >Us\u0142ugi transportowe w Bodrum<\/h3>\n\t<div class=\"wpb_text_column wpb_content_element\" >\n\t\t<div class=\"wpb_wrapper\">\n\t\t\t<p><strong data-start=\"114\" data-end=\"140\">Us\u0142ugi luksusowe w Bodrum<\/strong> oferuje us\u0142ugi samochod\u00f3w klasy premium w rejonie Bodrum od 2015 roku. To, co zacz\u0119\u0142o si\u0119 jako butikowa firma transferowa, stopniowo rozwin\u0119\u0142o si\u0119 w zaufan\u0105 mark\u0119 w luksusowym i prywatnym transporcie. Dzi\u0119ki silnemu zaanga\u017cowaniu w komfort, punktualno\u015b\u0107 i zadowolenie klienta z dum\u0105 obs\u0142u\u017cyli\u015bmy tysi\u0105ce klient\u00f3w \u2014 od rodzin na wakacjach po podr\u00f3\u017cuj\u0105cych s\u0142u\u017cbowo \u2014 zapewniaj\u0105c bezproblemowe wra\u017cenia z podr\u00f3\u017cy. Nasi profesjonalnie przeszkoleni kierowcy, zr\u00f3\u017cnicowana flota wysokiej klasy pojazd\u00f3w i spersonalizowana obs\u0142uga sprawi\u0142y, \u017ce stali\u015bmy si\u0119 preferowanym wyborem dla wymagaj\u0105cych podr\u00f3\u017cnik\u00f3w, kt\u00f3rzy szukaj\u0105 czego\u015b wi\u0119cej ni\u017c tylko przejazdu.<\/p>\n\n\t\t<\/div>\n\t<\/div>\n<\/div><\/div><\/div><div class=\"wpb_column vc_column_container vc_col-sm-6\"><div class=\"vc_column-inner\"><div class=\"wpb_wrapper\">\n            <div class=\"theme-component-blockquote theme-component-blockquote-style-2\">\n                <span class=\"theme-icon-meta-quote\"><\/span>\n                <blockquote>Za\u0142o\u017cy\u0142em t\u0119 firm\u0119 w 1995 roku z wizj\u0105 oferowania najwy\u017cszej jako\u015bci luksusowych us\u0142ug transportowych. Zapraszam do wypr\u00f3bowania naszych us\u0142ug i osobi\u015bcie gwarantuj\u0119, \u017ce b\u0119dziesz w pe\u0142ni usatysfakcjonowany.<br \/>\n<\/blockquote>\n                <div>Prezes i Dyrektor Generalny<\/div>\n            <\/div>\n        <\/div><\/div><\/div><\/div><div data-vc-full-width=\"true\" data-vc-full-width-temp=\"true\" data-vc-full-width-init=\"false\" class=\"vc_row wpb_row vc_row-fluid theme-column-style-2 theme-padding-bottom-0 vc_custom_1576584180851 vc_row-has-fill\"><div class=\"wpb_column vc_column_container vc_col-sm-12\"><div class=\"vc_column-inner\"><div class=\"wpb_wrapper\">\r\n            <p class=\"theme-component-paragraph-large theme-component-paragraph-large-style-2 aligncenter theme-margin-bottom-60\">\r\n                Idealna kolekcja pojazd\u00f3w \u2013<br \/>\nniezale\u017cnie od okazji wybierz nasz\u0105 us\u0142ug\u0119\r\n            <\/p>\r\n        <div class=\"vc_row wpb_row vc_row-fluid\"><div class=\"wpb_column vc_column_container vc_col-sm-12\"><div class=\"vc_column-inner\"><div class=\"wpb_wrapper\">\n            <div data-column_count=\"2\" class=\"theme-component-gallery theme-component-gallery-type-1 theme-component-gallery-effect-type-2\">\n                <ul>\n                    \r\n            <li class=\"theme-component-gallery-item-width-50\">\r\n                <a data-fancybox-group=\"autoride-gallery-1\" href=\"\/pl\/transfery-z-lotniska-bodrum\/\">\r\n                    <img decoding=\"async\" src=\"https:\/\/bodrumluxuryservices.com\/wp-content\/uploads\/2022\/11\/bodrum-airport-transfers-vip-bjv-adb-ayt-dlm.webp\" alt=\"Image\"\/>\r\n                    <span><span><\/span><span>TRANSFERY Z LOTNISKA BODRUM<\/span><\/span>\r\n                    <i><\/i>\r\n                <\/a>\r\n            <\/li>\r\n        \r\n            <li class=\"theme-component-gallery-item-width-50\">\r\n                <a data-fancybox-group=\"autoride-gallery-1\" href=\"\/pl\/czarter-jachtu-bodrum\/\">\r\n                    <img decoding=\"async\" src=\"https:\/\/bodrumluxuryservices.com\/wp-content\/uploads\/2022\/11\/yacht-charter-in-bodrum-prices.webp\" alt=\"Image\"\/>\r\n                    <span><span><\/span><span>CZARTER JACHTU W BODRUM<\/span><\/span>\r\n                    <i><\/i>\r\n                <\/a>\r\n            <\/li>\r\n        \r\n            <li class=\"theme-component-gallery-item-width-50\">\r\n                <a data-fancybox-group=\"autoride-gallery-1\" href=\"\/pl\/bodrum-podroze-sluzbowe\/\">\r\n                    <img decoding=\"async\" src=\"https:\/\/bodrumluxuryservices.com\/wp-content\/uploads\/2022\/11\/bodrum-corporate-travel-thumb.jpg\" alt=\"Image\"\/>\r\n                    <span><span><\/span><span>PODR\u00d3\u017bE FIRMOWE W BODRUM<\/span><\/span>\r\n                    <i><\/i>\r\n                <\/a>\r\n            <\/li>\r\n        \r\n            <li class=\"theme-component-gallery-item-width-25\">\r\n                <a data-fancybox-group=\"autoride-gallery-1\" href=\"\/pl\/miejsca-docelowe-bodrum\/\">\r\n                    <img decoding=\"async\" src=\"https:\/\/bodrumluxuryservices.com\/wp-content\/uploads\/2022\/11\/bodrum-destinations.webp\" alt=\"Image\"\/>\r\n                    <span><span><\/span><span>DESTYNACJE W BODRUM<\/span><\/span>\r\n                    <i><\/i>\r\n                <\/a>\r\n            <\/li>\r\n        \r\n            <li class=\"theme-component-gallery-item-width-25\">\r\n                <a data-fancybox-group=\"autoride-gallery-1\" href=\"\/pl\/transfery-samolotem-bodrum\/\">\r\n                    <img decoding=\"async\" src=\"https:\/\/bodrumluxuryservices.com\/wp-content\/uploads\/2022\/11\/bodrum-jet-flight-transfers-thumb.jpg\" alt=\"Image\"\/>\r\n                    <span><span><\/span><span>TRANSFERY BODRUM JET<\/span><\/span>\r\n                    <i><\/i>\r\n                <\/a>\r\n            <\/li>\r\n        \n                <\/ul>\n            <\/div>\n        <\/div><\/div><\/div><\/div><\/div><\/div><\/div><\/div><div class=\"vc_row-full-width vc_clearfix\"><\/div>\n<\/div>","protected":false},"excerpt":{"rendered":"Bodrum Transportation Services Bodrum Luxury Services has been offering premium car services in the Bodrum area since 2015. What started as a boutique transfer company has steadily grown into a trusted name in luxury and private transportation. With a strong commitment to comfort, punctuality, and customer satisfaction, we have proudly served thousands of clients \u2014 [...]","protected":false},"author":1,"featured_media":0,"parent":0,"menu_order":0,"comment_status":"closed","ping_status":"closed","template":"","meta":{"footnotes":""},"class_list":["post-23633","page","type-page","status-publish","hentry"],"_links":{"self":[{"href":"https:\/\/bodrumluxuryservices.com\/pl\/wp-json\/wp\/v2\/pages\/23633","targetHints":{"allow":["GET"]}}],"collection":[{"href":"https:\/\/bodrumluxuryservices.com\/pl\/wp-json\/wp\/v2\/pages"}],"about":[{"href":"https:\/\/bodrumluxuryservices.com\/pl\/wp-json\/wp\/v2\/types\/page"}],"author":[{"embeddable":true,"href":"https:\/\/bodrumluxuryservices.com\/pl\/wp-json\/wp\/v2\/users\/1"}],"replies":[{"embeddable":true,"href":"https:\/\/bodrumluxuryservices.com\/pl\/wp-json\/wp\/v2\/comments?post=23633"}],"version-history":[{"count":3,"href":"https:\/\/bodrumluxuryservices.com\/pl\/wp-json\/wp\/v2\/pages\/23633\/revisions"}],"predecessor-version":[{"id":24113,"href":"https:\/\/bodrumluxuryservices.com\/pl\/wp-json\/wp\/v2\/pages\/23633\/revisions\/24113"}],"wp:attachment":[{"href":"https:\/\/bodrumluxuryservices.com\/pl\/wp-json\/wp\/v2\/media?parent=23633"}],"curies":[{"name":"wp","href":"https:\/\/api.w.org\/{rel}","templated":true}]}}