{"id":23632,"date":"2025-06-05T09:24:11","date_gmt":"2025-06-05T06:24:11","guid":{"rendered":"http:\/\/quanticalabs.com\/wp_themes4\/autoride\/?page_id=17"},"modified":"2026-04-16T10:12:35","modified_gmt":"2026-04-16T07:12:35","slug":"o-nas","status":"publish","type":"page","link":"https:\/\/bodrumluxuryservices.com\/pl\/about-us\/","title":{"rendered":"O nas"},"content":{"rendered":"<div class=\"wpb-content-wrapper\"><div class=\"vc_row wpb_row vc_row-fluid\"><div class=\"wpb_column vc_column_container vc_col-sm-12\"><div class=\"vc_column-inner\"><div class=\"wpb_wrapper\"><h2 style=\"text-align: left;font-family:Abril Fatface;font-weight:400;font-style:normal\" class=\"vc_custom_heading vc_do_custom_heading\" >Eraslan Exclusive Travel<\/h2>\n\t<div class=\"wpb_text_column wpb_content_element\" >\n\t\t<div class=\"wpb_wrapper\">\n\t\t\t<p>Y\u0131ld\u0131ztepe mahallesi, 162. cadde 28\/C<br \/>\n06140 Alt\u0131nda\u011f\/Ankara TURKEY<\/p>\n\n\t\t<\/div>\n\t<\/div>\n<\/div><\/div><\/div><\/div><div class=\"vc_row wpb_row vc_row-fluid theme-margin-bottom-50\"><div class=\"wpb_column vc_column_container vc_col-sm-6\"><div class=\"vc_column-inner\"><div class=\"wpb_wrapper\">\r\n            <p class=\"theme-component-paragraph-large theme-component-paragraph-large-style-2 alignleft\">\r\n                W Bodrum Luxury Services jeste\u015bmy dumni z dostarczania<br \/>\nszeroki zakres us\u0142ug, kt\u00f3re spe\u0142ni\u0105 wszystkie Twoje potrzeby, zapewniaj\u0105c obs\u0142ug\u0119 klienta na najwy\u017cszym poziomie.\r\n            <\/p>\r\n        <\/div><\/div><\/div><div class=\"wpb_column vc_column_container vc_col-sm-6\"><div class=\"vc_column-inner\"><div class=\"wpb_wrapper\">\r\n            <p class=\"theme-component-paragraph-large theme-component-paragraph-large-style-2 alignleft\">\r\n                Oferuj\u0105c wyj\u0105tkow\u0105 obs\u0142ug\u0119 bez \u017cadnych szczeg\u00f3\u0142\u00f3w pozostawionych bez opieki, mieli\u015bmy szcz\u0119\u015bcie sta\u0107 si\u0119 wiod\u0105cym dostawc\u0105 transportu l\u0105dowego w okolicy. Naszym celem jest zapewnienie bezpiecze\u0144stwa, bezproblemowo\u015bci i punktualno\u015bci Twoich podr\u00f3\u017cy.\r\n            <\/p>\r\n        <\/div><\/div><\/div><\/div><div data-vc-full-width=\"true\" data-vc-full-width-temp=\"true\" data-vc-full-width-init=\"false\" class=\"vc_row wpb_row vc_row-fluid theme-background-color-7 theme-padding-top-100 theme-padding-bottom-20\"><div class=\"wpb_column vc_column_container vc_col-sm-12\"><div class=\"vc_column-inner\"><div class=\"wpb_wrapper\">\r\n            <div class=\"theme-component-header-subheader aligncenter\">\r\n                <div class=\"theme-component-header-subheader-subheader\">ZAANGA\u017bOWANIE W PRAC\u0118<\/div>\r\n                <h2 class=\"theme-component-header-subheader-header\">Nasze kompetencje<\/h2>\r\n            <\/div>\r\n        \n            <div class=\"theme-component-feature-image-list\">\n                <div class=\"vc_row wpb_row vc_inner vc_row-fluid\"><div class=\"wpb_column vc_column_container vc_col-sm-6\"><div class=\"vc_column-inner\"><div class=\"wpb_wrapper\">\r\n            <div class=\"theme-component-feature-image-list-item\">\r\n                <div class=\"theme-component-feature-image-list-item-image\">\r\n                    <img decoding=\"async\" src=\"https:\/\/bodrumluxuryservices.com\/wp-content\/uploads\/2019\/10\/image_06.jpg\" alt=\"Image\">\r\n                    <span><span class=\"theme-icon-feature-city-2\"><\/span><\/span>\r\n                    <div><\/div>\r\n                <\/div>\r\n                <div class=\"theme-component-feature-image-list-item-content\"><h4>PROFESJONALIZM<\/h4><p>Nasi do\u015bwiadczeni pracownicy i wysoce profesjonalni kierowcy s\u0105 zobowi\u0105zani do zapewnienia bezpiecznego, niezawodnego transportu, wyj\u0105tkowej obs\u0142ugi klienta i sp\u00f3jnych cen. Zapewniamy wewn\u0119trznych dyspozytor\u00f3w, kt\u00f3rzy wspieraj\u0105 naszych klient\u00f3w.<\/p><\/div>\r\n            <\/div>\r\n        <\/div><\/div><\/div><div class=\"wpb_column vc_column_container vc_col-sm-6\"><div class=\"vc_column-inner\"><div class=\"wpb_wrapper\">\r\n            <div class=\"theme-component-feature-image-list-item\">\r\n                <div class=\"theme-component-feature-image-list-item-image\">\r\n                    <img decoding=\"async\" src=\"https:\/\/bodrumluxuryservices.com\/wp-content\/uploads\/2019\/10\/image_07.jpg\" alt=\"Image\">\r\n                    <span><span class=\"theme-icon-feature-compass\"><\/span><\/span>\r\n                    <div><\/div>\r\n                <\/div>\r\n                <div class=\"theme-component-feature-image-list-item-content\"><h4>ZOBOWI\u0104ZANIE<\/h4><p>Nasze biuro jest otwarte dwadzie\u015bcia cztery godziny na dob\u0119, siedem dni w tygodniu. Podaj dowoln\u0105 okazj\u0119 \u2013 my sprawimy, \u017ce jazda b\u0119dzie bezb\u0142\u0119dna. Niezale\u017cnie od tego, czy potrzebujesz samochodu z szoferem w celach biznesowych czy turystycznych, blisko domu czy w nowym mie\u015bcie, zawsze jeste\u015bmy na miejscu. <\/p><\/div>\r\n            <\/div>\r\n        <\/div><\/div><\/div><\/div>\n            <\/div>\n        <\/div><\/div><\/div><\/div><div class=\"vc_row-full-width vc_clearfix\"><\/div><div data-vc-full-width=\"true\" data-vc-full-width-temp=\"true\" data-vc-full-width-init=\"false\" class=\"vc_row wpb_row vc_row-fluid theme-section-background-image-fixed vc_custom_1576582685027 vc_row-has-fill\"><div class=\"theme-column-style-2 theme-padding-bottom-60 wpb_column vc_column_container vc_col-sm-12\"><div class=\"vc_column-inner\"><div class=\"wpb_wrapper\">\n            <div class=\"theme-component-call-to-action theme-component-call-to-action-style-1 aligncenter\">\n                <div class=\"theme-component-call-to-action-box\">\n                    <span class=\"theme-icon-feature-lighthouse theme-component-call-to-action-icon\"><span><\/span><\/span>\n                    <h4 class=\"theme-component-call-to-action-header\">TWOJA NAST\u0118PNA PODR\u00d3\u017b Z NAMI?<\/h4>\n                    <p class=\"theme-component-call-to-action-subheader\">Skorzystaj z naszego narz\u0119dzia online, aby obliczy\u0107<br \/>\nca\u0142kowity koszt przejazdu<\/p>\n                    \r\n            <div class=\"theme-component-button theme-component-button-style-2 alignleft theme-component-call-to-action-button\">\r\n                <a href=\"\/pl\/rezerwacja\/\" target=\"_self\">\r\n                    Oblicz teraz\r\n                <\/a>\r\n            <\/div>\r\n        \n                <\/div>\n            <\/div>\n        <\/div><\/div><\/div><\/div><div class=\"vc_row-full-width vc_clearfix\"><\/div><div class=\"vc_row wpb_row vc_row-fluid theme-column-style-2 theme-padding-bottom-60\"><div class=\"wpb_column vc_column_container vc_col-sm-6\"><div class=\"vc_column-inner\"><div class=\"wpb_wrapper\"><h3 style=\"text-align: left\" class=\"vc_custom_heading vc_do_custom_heading\" >Nasza g\u0142\u00f3wna siedziba znajduje si\u0119 w rejonie Stambu\u0142u, a biura satelitarne w BODRUM<\/h3>\n\t<div class=\"wpb_text_column wpb_content_element\" >\n\t\t<div class=\"wpb_wrapper\">\n\t\t\t<p>Dzi\u0119ki wieloletniemu do\u015bwiadczeniu w luksusowym transporcie i us\u0142ugach czarteru jacht\u00f3w, zapewniamy bezproblemowe do\u015bwiadczenia podr\u00f3\u017cnicze dostosowane do Twojego komfortu. Od prywatnych pojazd\u00f3w z szoferem po ekskluzywne podr\u00f3\u017ce jachtem, zapewniamy elegancj\u0119, niezawodno\u015b\u0107 i dyskrecj\u0119 w ka\u017cdym szczeg\u00f3le.<\/p>\n\n\t\t<\/div>\n\t<\/div>\n<h4 style=\"text-align: left\" class=\"vc_custom_heading vc_do_custom_heading theme-margin-top-50 theme-margin-bottom-30\" >Dlaczego warto nas wybra\u0107<\/h4><div class=\"theme-component-list theme-component-list-style-2\">\n<ul>\n<li>Profesjonalnie wyszkoleni kierowcy<\/li>\n<li>Transport z pe\u0142nym zakresem us\u0142ug 24\/7<\/li>\n<li>Ekspercko skoordynowane rozwi\u0105zania w zakresie podr\u00f3\u017cy s\u0142u\u017cbowych<\/li>\n<li>D\u0142ugotrwa\u0142y rekord bezpiecze\u0144stwa<\/li>\n<li>Miejsca docelowe premium, w tym Bodrum, G\u00f6cek, Marmaris i Fethiye<\/li>\n<\/ul>\n<\/div><\/div><\/div><\/div><div class=\"wpb_column vc_column_container vc_col-sm-6\"><div class=\"vc_column-inner\"><div class=\"wpb_wrapper\">\n\t<div  class=\"wpb_single_image wpb_content_element vc_align_left wpb_content_element\">\n\t\t\n\t\t<figure class=\"wpb_wrapper vc_figure\">\n\t\t\t<div class=\"vc_single_image-wrapper   vc_box_border_grey\"><img loading=\"lazy\" decoding=\"async\" width=\"1050\" height=\"700\" src=\"https:\/\/bodrumluxuryservices.com\/wp-content\/uploads\/2025\/06\/bodrum-private-transfer-services-luxury-vito-airports-milas-mugla-bjv.jpg\" class=\"vc_single_image-img attachment-full\" alt=\"\" title=\"bodrum-prywatne-us\u0142ugi-transferowe-luksusowe-vito-lotniska-milas-mugla-bjv\" srcset=\"https:\/\/bodrumluxuryservices.com\/wp-content\/uploads\/2025\/06\/bodrum-private-transfer-services-luxury-vito-airports-milas-mugla-bjv.jpg 1050w, https:\/\/bodrumluxuryservices.com\/wp-content\/uploads\/2025\/06\/bodrum-private-transfer-services-luxury-vito-airports-milas-mugla-bjv-300x200.jpg 300w, https:\/\/bodrumluxuryservices.com\/wp-content\/uploads\/2025\/06\/bodrum-private-transfer-services-luxury-vito-airports-milas-mugla-bjv-1024x683.jpg 1024w, https:\/\/bodrumluxuryservices.com\/wp-content\/uploads\/2025\/06\/bodrum-private-transfer-services-luxury-vito-airports-milas-mugla-bjv-768x512.jpg 768w, https:\/\/bodrumluxuryservices.com\/wp-content\/uploads\/2025\/06\/bodrum-private-transfer-services-luxury-vito-airports-milas-mugla-bjv-18x12.jpg 18w, https:\/\/bodrumluxuryservices.com\/wp-content\/uploads\/2025\/06\/bodrum-private-transfer-services-luxury-vito-airports-milas-mugla-bjv-460x306.jpg 460w, https:\/\/bodrumluxuryservices.com\/wp-content\/uploads\/2025\/06\/bodrum-private-transfer-services-luxury-vito-airports-milas-mugla-bjv-800x533.jpg 800w, https:\/\/bodrumluxuryservices.com\/wp-content\/uploads\/2025\/06\/bodrum-private-transfer-services-luxury-vito-airports-milas-mugla-bjv-600x400.jpg 600w\" sizes=\"auto, (max-width: 1050px) 100vw, 1050px\" \/><\/div>\n\t\t<\/figure>\n\t<\/div>\n<\/div><\/div><\/div><\/div><div data-vc-full-width=\"true\" data-vc-full-width-temp=\"true\" data-vc-full-width-init=\"false\" data-vc-stretch-content=\"true\" class=\"vc_row wpb_row vc_row-fluid vc_row-no-padding vc_row-o-equal-height vc_row-flex\"><div class=\"theme-column-style-1 theme-background-color-7 wpb_column vc_column_container vc_col-sm-12\"><div class=\"vc_column-inner\"><div class=\"wpb_wrapper\">\n            <div class=\"theme-component-testimonial-list theme-component-testimonial-list-style-2\">\n                <div>\n                    \n            <div class=\"theme-component-testimonial-list-item\">\n                <span class=\"theme-icon-feature-testimonials-2\"><span><\/span><\/span>\n                <p>Nie mog\u0142em by\u0107 bardziej zadowolony z transportu, kt\u00f3ry zrobili\u015bcie. By\u0142o \u015bwietnie, a wasz samoch\u00f3d by\u0142 niesamowity. Dzi\u0119kuj\u0119 za wasz\u0105 wspania\u0142\u0105 obs\u0142ug\u0119 i b\u0119d\u0119 nadal poleca\u0142 was znajomym i rodzinie.<\/p>\n                <div>Betty Finsen<\/div>\n            <\/div>\n        \n            <div class=\"theme-component-testimonial-list-item\">\n                <span class=\"theme-icon-feature-testimonials-2\"><span><\/span><\/span>\n                <p>\u015awietne do\u015bwiadczenie z t\u0105 firm\u0105. Korzysta\u0142em z wielu innych w Bodrum, ale ta by\u0142a zdecydowanie najlepsza. Sprawili\u015bcie, \u017ce nasza podr\u00f3\u017c by\u0142a tak \u0142atwa. \u015awietna obs\u0142uga klienta, wspaniali kierowcy i zdecydowanie najlepsza i najta\u0144sza firma transportowa, z jakiej korzysta\u0142em. Dzi\u0119kuj\u0119 bardzo!<\/p>\n                <div>Mark Webster<\/div>\n            <\/div>\n        \n            <div class=\"theme-component-testimonial-list-item\">\n                <span class=\"theme-icon-feature-testimonials-2\"><span><\/span><\/span>\n                <p>Zatrudni\u0142em BLS, aby odebrali mnie z lotniska swoim Sedanem. W\u0142a\u015bnie wr\u00f3ci\u0142em z d\u0142ugiej podr\u00f3\u017cy w AYT i by\u0142em bardzo zm\u0119czony. Kierowca by\u0142 punktualny i niezwykle uprzejmy, nie mia\u0142em \u017cadnych problem\u00f3w. \u015awietna obs\u0142uga!<\/p>\n                <div>Kevin Foster<\/div>\n            <\/div>\n        \n            <div class=\"theme-component-testimonial-list-item\">\n                <span class=\"theme-icon-feature-testimonials-2\"><span><\/span><\/span>\n                <p>To najlepsza us\u0142uga, jak\u0105 do tej pory mia\u0142em. Kierowca by\u0142 punktualny i bardzo pomocny, dobrze zna\u0142 miasto. Jego umiej\u0119tno\u015bci pomog\u0142y unikn\u0105\u0107 kork\u00f3w. Polec\u0119 Bodrum Luxury Services wszystkim moim znajomym!<\/p>\n                <div>Mitch Michael<\/div>\n            <\/div>\n        \n                <\/div>\n            <\/div>\n        <\/div><\/div><\/div><\/div><div class=\"vc_row-full-width vc_clearfix\"><\/div>\n<\/div>","protected":false},"excerpt":{"rendered":"Eraslan Exclusive Travel Y\u0131ld\u0131ztepe mahallesi, 162. cadde 28\/C 06140 Alt\u0131nda\u011f\/Ankara TURKEY At Bodrum Luxury Services we pride ourselves in delivering extensive services to fulfill all of your needs with first rate customer care. By offering exceptional service with no detail unattended, we have been fortunate enough to have developed into the leading provider of ground [...]","protected":false},"author":1,"featured_media":0,"parent":0,"menu_order":0,"comment_status":"closed","ping_status":"closed","template":"","meta":{"footnotes":""},"class_list":["post-23632","page","type-page","status-publish","hentry"],"_links":{"self":[{"href":"https:\/\/bodrumluxuryservices.com\/pl\/wp-json\/wp\/v2\/pages\/23632","targetHints":{"allow":["GET"]}}],"collection":[{"href":"https:\/\/bodrumluxuryservices.com\/pl\/wp-json\/wp\/v2\/pages"}],"about":[{"href":"https:\/\/bodrumluxuryservices.com\/pl\/wp-json\/wp\/v2\/types\/page"}],"author":[{"embeddable":true,"href":"https:\/\/bodrumluxuryservices.com\/pl\/wp-json\/wp\/v2\/users\/1"}],"replies":[{"embeddable":true,"href":"https:\/\/bodrumluxuryservices.com\/pl\/wp-json\/wp\/v2\/comments?post=23632"}],"version-history":[{"count":11,"href":"https:\/\/bodrumluxuryservices.com\/pl\/wp-json\/wp\/v2\/pages\/23632\/revisions"}],"predecessor-version":[{"id":24662,"href":"https:\/\/bodrumluxuryservices.com\/pl\/wp-json\/wp\/v2\/pages\/23632\/revisions\/24662"}],"wp:attachment":[{"href":"https:\/\/bodrumluxuryservices.com\/pl\/wp-json\/wp\/v2\/media?parent=23632"}],"curies":[{"name":"wp","href":"https:\/\/api.w.org\/{rel}","templated":true}]}}