{"id":14,"date":"2025-06-03T21:22:54","date_gmt":"2025-06-03T18:22:54","guid":{"rendered":"https:\/\/bodrumluxuryservices.com\/?page_id=14"},"modified":"2026-04-16T10:23:07","modified_gmt":"2026-04-16T07:23:07","slug":"warunki-uzytkowania","status":"publish","type":"page","link":"https:\/\/bodrumluxuryservices.com\/pl\/terms-of-use\/","title":{"rendered":"Warunki korzystania"},"content":{"rendered":"<div class=\"wpb-content-wrapper\"><div class=\"vc_row wpb_row vc_row-fluid\"><div class=\"wpb_column vc_column_container vc_col-sm-12\"><div class=\"vc_column-inner\"><div class=\"wpb_wrapper\">\n\t<div class=\"wpb_text_column wpb_content_element\" >\n\t\t<div class=\"wpb_wrapper\">\n\t\t\t<p><strong>Ostatnia aktualizacja: 07\/11\/2024<\/strong><\/p>\n<p>Szanowny u\u017cytkowniku, prosimy o uwa\u017cne przeczytanie niniejszej umowy o warunkach u\u017cytkowania przed wej\u015bciem na nasz\u0105 stron\u0119 internetow\u0105 bodrumluxuryservices.com. Dost\u0119p do witryny jest \u015bci\u015ble zale\u017cny od akceptacji niniejszej umowy i przestrzegania jej warunk\u00f3w. Je\u015bli nie akceptujesz \u017cadnego z warunk\u00f3w okre\u015blonych w niniejszej umowie, prosimy o zaprzestanie korzystania z witryny. Je\u015bli nadal b\u0119dziesz korzysta\u0107 z witryny, zostanie przyj\u0119te, \u017ce bezwarunkowo i bez zastrze\u017ce\u0144 akceptujesz wszystkie postanowienia niniejszej umowy.<\/p>\n<p>The website bodrumluxuryservices.com is managed by <strong>ERASLAN EXCLUSIVE TRAVEL<\/strong>, hereafter referred to as the SITE. The Terms of Use regarding this site take effect upon publication. The SITE reserves the right to make changes to these terms unilaterally, and all users are deemed to accept these changes from the moment they are updated on the SITE.<\/p>\n<p><strong>Prywatno\u015b\u0107<\/strong><\/p>\n<p>Prywatno\u015b\u0107 jest traktowana osobno i istnieje, aby regulowa\u0107 spos\u00f3b, w jaki przetwarzamy Twoje dane osobowe. Korzystaj\u0105c ze STRONY, zgadzasz si\u0119, \u017ce przetwarzanie danych odbywa si\u0119 zgodnie z polityk\u0105 prywatno\u015bci.<\/p>\n<p><strong>Zakres us\u0142ug<\/strong><\/p>\n<p><strong>Us\u0142ugi luksusowe w Bodrum<\/strong> zastrzega sobie prawo do okre\u015blenia zakresu i charakteru \u015bwiadczonych us\u0142ug zgodnie z przepisami prawa, a wszelkie zmiany w zakresie \u015bwiadczonych us\u0142ug b\u0119d\u0105 uwa\u017cane za obowi\u0105zuj\u0105ce od momentu ich opublikowania na STRONIE.<\/p>\n<p><strong>Prawo autorskie<\/strong><\/p>\n<p>Ca\u0142y tekst, kod, grafika, logo, obrazy, pliki d\u017awi\u0119kowe i oprogramowanie na STRONIE (zwane dalej \u201etre\u015bci\u0105\u201d) s\u0105 w\u0142asno\u015bci\u0105 Bodrum Luxury Services, a wszelkie prawa s\u0105 zastrze\u017cone. Nieautoryzowane powielanie lub kopiowanie tre\u015bci strony jest surowo zabronione bez pisemnej zgody.<\/p>\n<p><strong>Postanowienia og\u00f3lne<\/strong><\/p>\n<p>Wszyscy u\u017cytkownicy zobowi\u0105zuj\u0105 si\u0119 do korzystania ze STRONY wy\u0142\u0105cznie w celach zgodnych z prawem i osobistych oraz do niepodejmowania \u017cadnych dzia\u0142a\u0144 naruszaj\u0105cych prawa os\u00f3b trzecich. Ponosz\u0105 oni wy\u0142\u0105czn\u0105 odpowiedzialno\u015b\u0107 za zobowi\u0105zania prawne i karne zwi\u0105zane ze swoimi dzia\u0142aniami i transakcjami na STRONIE. STRONA nie ponosi \u017cadnej bezpo\u015bredniej ani po\u015bredniej odpowiedzialno\u015bci za jakiekolwiek szkody wyrz\u0105dzone osobom trzecim w wyniku tych dzia\u0142a\u0144.<\/p>\n<p>Dok\u0142adamy wszelkich stara\u0144, aby zapewni\u0107 dok\u0142adno\u015b\u0107 i aktualno\u015b\u0107 informacji dost\u0119pnych na STRONIE. Jednak pomimo naszych wysi\u0142k\u00f3w informacje te mog\u0105 by\u0107 nieaktualne i mog\u0105 zawiera\u0107 rozbie\u017cno\u015bci. Dlatego nie udzielamy \u017cadnej wyra\u017anej ani dorozumianej gwarancji dotycz\u0105cej dok\u0142adno\u015bci i aktualno\u015bci informacji na stronie.<\/p>\n<p>STRONA mo\u017ce zawiera\u0107 hiper\u0142\u0105cza do innych stron internetowych, aplikacji i platform obs\u0142ugiwanych przez osoby trzecie, kt\u00f3rych tre\u015b\u0107 jest nam nieznana. Funkcjonalno\u015b\u0107 STRONY zapewnia jedynie dost\u0119p do tych stron i nie ponosimy \u017cadnej odpowiedzialno\u015bci za ich tre\u015b\u0107.<\/p>\n<p>Chocia\u017c staramy si\u0119, aby WITRYNA by\u0142a wolna od wirus\u00f3w, nie mo\u017cemy zagwarantowa\u0107 ca\u0142kowitego braku wirus\u00f3w. U\u017cytkownicy s\u0105 odpowiedzialni za podj\u0119cie niezb\u0119dnych \u015brodk\u00f3w ostro\u017cno\u015bci przed wirusami podczas pobierania danych. Nie ponosimy odpowiedzialno\u015bci za szkody spowodowane przez wirusy lub inne z\u0142o\u015bliwe programy, kody lub materia\u0142y.<\/p>\n<p>Nie gwarantujemy, \u017ce us\u0142ugi oferowane na STRONIE b\u0119d\u0105 wolne od b\u0142\u0119d\u00f3w lub nieprzerwane. Zastrzegamy sobie prawo do zako\u0144czenia dost\u0119pu do STRONIE, jej us\u0142ug lub jakiejkolwiek jej cz\u0119\u015bci w dowolnym momencie bez wcze\u015bniejszego powiadomienia.<\/p>\n<p><strong>Ograniczenie odpowiedzialno\u015bci<\/strong><\/p>\n<p>Nasza odpowiedzialno\u015b\u0107 za szkody wynikaj\u0105ce z korzystania ze STRONY ogranicza si\u0119 do umy\u015blno\u015bci i ra\u017c\u0105cego niedbalstwa. W przypadku szk\u00f3d wynikaj\u0105cych z naruszenia umowy, ca\u0142kowite odszkodowanie, kt\u00f3rego mo\u017cna dochodzi\u0107, ogranicza si\u0119 do przewidywalnych szk\u00f3d. Powy\u017csze ograniczenia odpowiedzialno\u015bci nie maj\u0105 zastosowania w przypadku szk\u00f3d dla \u017cycia ludzkiego, obra\u017ce\u0144 cia\u0142a lub problem\u00f3w zdrowotnych. We wszystkich przypadkach prawnie uznawanych za si\u0142\u0119 wy\u017csz\u0105, nie ponosimy odpowiedzialno\u015bci za jakiekolwiek op\u00f3\u017anienia, niewykonanie lub niewykonanie.<\/p>\n<p><strong>Rozwi\u0105zywanie spor\u00f3w<\/strong><\/p>\n<p>W przypadku spor\u00f3w wynikaj\u0105cych ze stosowania lub interpretacji niniejszej Umowy zastosowanie maj\u0105 przepisy prawa Republiki Turcji, a jurysdykcj\u0119 sprawuj\u0105 s\u0105dy okr\u0119gowe i urz\u0119dy egzekucyjne w Ankarze.<\/p>\n<p>\u00a0<\/p>\n\n\t\t<\/div>\n\t<\/div>\n<\/div><\/div><\/div><\/div><\/div>","protected":false},"excerpt":{"rendered":"Last Updated: 07\/11\/2024 Dear visitor, please carefully read this Terms of Use agreement before accessing our website, bodrumluxuryservices.com. Access to the site is strictly dependent on your acceptance of this agreement and compliance with its terms. If you do not accept any of the terms outlined in this agreement, please discontinue your access to the [...]","protected":false},"author":1,"featured_media":0,"parent":0,"menu_order":0,"comment_status":"closed","ping_status":"closed","template":"","meta":{"footnotes":""},"class_list":["post-14","page","type-page","status-publish","hentry"],"_links":{"self":[{"href":"https:\/\/bodrumluxuryservices.com\/pl\/wp-json\/wp\/v2\/pages\/14","targetHints":{"allow":["GET"]}}],"collection":[{"href":"https:\/\/bodrumluxuryservices.com\/pl\/wp-json\/wp\/v2\/pages"}],"about":[{"href":"https:\/\/bodrumluxuryservices.com\/pl\/wp-json\/wp\/v2\/types\/page"}],"author":[{"embeddable":true,"href":"https:\/\/bodrumluxuryservices.com\/pl\/wp-json\/wp\/v2\/users\/1"}],"replies":[{"embeddable":true,"href":"https:\/\/bodrumluxuryservices.com\/pl\/wp-json\/wp\/v2\/comments?post=14"}],"version-history":[{"count":3,"href":"https:\/\/bodrumluxuryservices.com\/pl\/wp-json\/wp\/v2\/pages\/14\/revisions"}],"predecessor-version":[{"id":24666,"href":"https:\/\/bodrumluxuryservices.com\/pl\/wp-json\/wp\/v2\/pages\/14\/revisions\/24666"}],"wp:attachment":[{"href":"https:\/\/bodrumluxuryservices.com\/pl\/wp-json\/wp\/v2\/media?parent=14"}],"curies":[{"name":"wp","href":"https:\/\/api.w.org\/{rel}","templated":true}]}}