{"id":11039,"date":"2025-06-05T09:24:48","date_gmt":"2025-06-05T06:24:48","guid":{"rendered":"http:\/\/quanticalabs.com\/wp_themes4\/autoride\/?page_id=11039"},"modified":"2025-06-26T09:13:45","modified_gmt":"2025-06-26T06:13:45","slug":"czarter-jachtu-bodrum","status":"publish","type":"page","link":"https:\/\/bodrumluxuryservices.com\/pl\/bodrum-yacht-charter\/","title":{"rendered":"Czarter jacht\u00f3w w Bodrum"},"content":{"rendered":"<div class=\"wpb-content-wrapper\"><div class=\"vc_row wpb_row vc_row-fluid\"><div class=\"wpb_column vc_column_container vc_col-sm-12\"><div class=\"vc_column-inner\"><div class=\"wpb_wrapper\">\r\n            <p class=\"theme-component-paragraph-large theme-component-paragraph-large-style-2 alignleft theme-padding-top-0 theme-padding-bottom-0\">\r\n                \ud83c\udf0a Czarter jacht\u00f3w w Bodrum \u2013 odkryj Morze Egejskie w luksusie\r\n            <\/p>\r\n        \n\t<div class=\"wpb_text_column wpb_content_element theme-padding-top-30\" >\n\t\t<div class=\"wpb_wrapper\">\n\t\t\t<p data-start=\"283\" data-end=\"543\">Wynajmij luksusowy jacht w Bodrum, aby prze\u017cy\u0107 wyj\u0105tkowe \u017ceglarskie do\u015bwiadczenie. Odkryj nasz\u0105 flot\u0119 premium, trasy szyte na miar\u0119 i eksperck\u0105 za\u0142og\u0119. Skontaktuj si\u0119 z nami, aby uzyska\u0107 ceny online.<\/p>\n<p data-start=\"283\" data-end=\"543\">Odkryj zapieraj\u0105ce dech w piersiach pi\u0119kno Morza Egejskiego dzi\u0119ki naszym <strong data-start=\"345\" data-end=\"369\">Czarter jacht\u00f3w w Bodrum<\/strong> us\u0142ugi. Niezale\u017cnie od tego, czy planujesz romantyczny wypad, rodzinny rejs czy prywatn\u0105 uroczysto\u015b\u0107 na wodzie, oferujemy szerok\u0105 gam\u0119 luksusowych jacht\u00f3w dostosowanych do Twoich potrzeb.<\/p>\n\n\t\t<\/div>\n\t<\/div>\n<\/div><\/div><\/div><\/div><div class=\"vc_row wpb_row vc_row-fluid vc_row-o-content-middle vc_row-flex\"><div class=\"wpb_column vc_column_container vc_col-sm-3\"><div class=\"vc_column-inner\"><div class=\"wpb_wrapper\">\r\n            <div class=\"theme-component-button theme-component-button-style-3 aligncenter\">\r\n                <a href=\"https:\/\/bodrumluxuryservices.com\/wp-content\/uploads\/2022\/11\/bodrum-luxury-services-ML-Exclusive-Motoryacht.pdf\" target=\"_blank\">\r\n                    Jacht 1 - Katalog\r\n                <\/a>\r\n            <\/div>\r\n        <\/div><\/div><\/div><div class=\"wpb_column vc_column_container vc_col-sm-3\"><div class=\"vc_column-inner\"><div class=\"wpb_wrapper\">\r\n            <div class=\"theme-component-button theme-component-button-style-3 aligncenter\">\r\n                <a href=\"https:\/\/bodrumluxuryservices.com\/wp-content\/uploads\/2022\/11\/bodrum-luxury-services-RD-Exclusive-Motoryacht.pdf\" target=\"_blank\">\r\n                    Jacht 2 - Katalog\r\n                <\/a>\r\n            <\/div>\r\n        <\/div><\/div><\/div><div class=\"wpb_column vc_column_container vc_col-sm-3\"><div class=\"vc_column-inner\"><div class=\"wpb_wrapper\">\r\n            <div class=\"theme-component-button theme-component-button-style-3 aligncenter\">\r\n                <a href=\"https:\/\/bodrumluxuryservices.com\/wp-content\/uploads\/2022\/11\/bodrum-luxury-services-Ultra-Luxury-Motoryacht-Princess.pdf\" target=\"_blank\">\r\n                    Jacht 3 - Katalog\r\n                <\/a>\r\n            <\/div>\r\n        <\/div><\/div><\/div><div class=\"wpb_column vc_column_container vc_col-sm-3\"><div class=\"vc_column-inner\"><div class=\"wpb_wrapper\">\r\n            <div class=\"theme-component-button theme-component-button-style-3 aligncenter\">\r\n                <a href=\"https:\/\/bodrumluxuryservices.com\/wp-content\/uploads\/2022\/11\/bodrum-luxury-services-Ultra-Luxury-Catamaran-Brise.pdf\" target=\"_blank\">\r\n                    Jacht 4 - Katalog\r\n                <\/a>\r\n            <\/div>\r\n        <\/div><\/div><\/div><\/div><div class=\"vc_row wpb_row vc_row-fluid theme-margin-top-20\"><div class=\"wpb_column vc_column_container vc_col-sm-12\"><div class=\"vc_column-inner\"><div class=\"wpb_wrapper\"><div class=\"vc_row wpb_row vc_row-fluid\"><div class=\"theme-margin-bottom-0 wpb_column vc_column_container vc_col-sm-12\"><div class=\"vc_column-inner\"><div class=\"wpb_wrapper\">\n            <div data-column_count=\"2\" class=\"theme-component-gallery theme-component-gallery-type-1 theme-component-gallery-effect-type-1\">\n                <ul>\n                    \r\n            <li class=\"theme-component-gallery-item-width-50\">\r\n                <a class=\"theme-image-fancybox\" data-fancybox-group=\"autoride-gallery-1\" href=\"https:\/\/bodrumluxuryservices.com\/wp-content\/uploads\/2022\/11\/bodrum-yatch-charter-3.webp\">\r\n                    <img decoding=\"async\" src=\"https:\/\/bodrumluxuryservices.com\/wp-content\/uploads\/2022\/11\/bodrum-yatch-charter-3.webp\" alt=\"Image\"\/>\r\n                    \r\n                    <i><\/i>\r\n                <\/a>\r\n            <\/li>\r\n        \r\n            <li class=\"theme-component-gallery-item-width-50\">\r\n                <a class=\"theme-image-fancybox\" data-fancybox-group=\"autoride-gallery-1\" href=\"https:\/\/bodrumluxuryservices.com\/wp-content\/uploads\/2022\/11\/bodrum-yatch-charter-2.webp\">\r\n                    <img decoding=\"async\" src=\"https:\/\/bodrumluxuryservices.com\/wp-content\/uploads\/2022\/11\/bodrum-yatch-charter-2.webp\" alt=\"Image\"\/>\r\n                    \r\n                    <i><\/i>\r\n                <\/a>\r\n            <\/li>\r\n        \r\n            <li class=\"theme-component-gallery-item-width-50\">\r\n                <a class=\"theme-image-fancybox\" data-fancybox-group=\"autoride-gallery-1\" href=\"https:\/\/bodrumluxuryservices.com\/wp-content\/uploads\/2022\/11\/bodrum-yatch-charter-5.webp\">\r\n                    <img decoding=\"async\" src=\"https:\/\/bodrumluxuryservices.com\/wp-content\/uploads\/2022\/11\/bodrum-yatch-charter-5.webp\" alt=\"Image\"\/>\r\n                    \r\n                    <i><\/i>\r\n                <\/a>\r\n            <\/li>\r\n        \r\n            <li class=\"theme-component-gallery-item-width-50\">\r\n                <a class=\"theme-image-fancybox\" data-fancybox-group=\"autoride-gallery-1\" href=\"https:\/\/bodrumluxuryservices.com\/wp-content\/uploads\/2022\/11\/bodrum-yatch-charter-4.webp\">\r\n                    <img decoding=\"async\" src=\"https:\/\/bodrumluxuryservices.com\/wp-content\/uploads\/2022\/11\/bodrum-yatch-charter-4.webp\" alt=\"Image\"\/>\r\n                    \r\n                    <i><\/i>\r\n                <\/a>\r\n            <\/li>\r\n        \n                <\/ul>\n            <\/div>\n        <\/div><\/div><\/div><\/div><\/div><\/div><\/div><\/div><div class=\"vc_row wpb_row vc_row-fluid theme-margin-top-20\"><div class=\"wpb_column vc_column_container vc_col-sm-12\"><div class=\"vc_column-inner\"><div class=\"wpb_wrapper\">\r\n            <p class=\"theme-component-paragraph-large theme-component-paragraph-large-style-2 alignleft theme-padding-top-0 theme-padding-bottom-0\">\r\n                Czarter jacht\u00f3w w Bodrum, luksusowe jachty i wynajem prywatnych \u0142odzi\r\n            <\/p>\r\n        \n\t<div class=\"wpb_text_column wpb_content_element theme-padding-top-30\" >\n\t\t<div class=\"wpb_wrapper\">\n\t\t\t<p>Nasza flota obejmuje wszystko, od eleganckich jacht\u00f3w motorowych po tradycyjne gulety, wszystkie wyposa\u017cone w nowoczesne udogodnienia, profesjonalne za\u0142ogi i konfigurowalne trasy. Mo\u017cesz odkrywa\u0107 ukryte zatoczki Bodrum, \u017ceglowa\u0107 na Kos lub Symi lub cieszy\u0107 si\u0119 rejsem o zachodzie s\u0142o\u0144ca wzd\u0142u\u017c Riwiery Tureckiej.<\/p>\n<p>Ka\u017cdy czarter to spersonalizowane do\u015bwiadczenie \u2013 od posi\u0142k\u00f3w na pok\u0142adzie po aktywno\u015bci wodne \u2013 dbamy o ka\u017cdy szczeg\u00f3\u0142, aby\u015b m\u00f3g\u0142 si\u0119 zrelaksowa\u0107 i cieszy\u0107 podr\u00f3\u017c\u0105.<\/p>\n\n\t\t<\/div>\n\t<\/div>\n<\/div><\/div><\/div><\/div><div class=\"vc_row wpb_row vc_row-fluid theme-margin-top-20\"><div class=\"wpb_column vc_column_container vc_col-sm-12\"><div class=\"vc_column-inner\"><div class=\"wpb_wrapper\">\r\n            <p class=\"theme-component-paragraph-large theme-component-paragraph-large-style-2 alignleft theme-padding-top-0 theme-padding-bottom-0\">\r\n                Nasze ekskluzywne destynacje\r\n            <\/p>\r\n        \n\t<div class=\"wpb_text_column wpb_content_element theme-padding-top-30\" >\n\t\t<div class=\"wpb_wrapper\">\n\t\t\t<h3 data-start=\"253\" data-end=\"299\"><strong data-start=\"257\" data-end=\"297\">Niebieski rejs wycieczkowy \u2013 Bodrum do G\u00f6kova<\/strong><\/h3>\n<p data-start=\"300\" data-end=\"473\">Od turkusowych zatok wok\u00f3\u0142 Bodrum a\u017c po Zatok\u0119 G\u00f6kova, ten kultowy B\u0142\u0119kitny Rejs oferuje niezapomnian\u0105 podr\u00f3\u017c przez odosobnione zatoczki i poro\u015bni\u0119te sosnami brzegi.<\/p>\n<h3 data-start=\"475\" data-end=\"510\"><strong data-start=\"479\" data-end=\"508\">Bodrum \u2013 Zatoka Hisar\u00f6n\u00fc<\/strong><\/h3>\n<p data-start=\"511\" data-end=\"654\">Wybierz si\u0119 w rejs mi\u0119dzy Bodrum a Zatok\u0105 Hisar\u00f6n\u00fc, odkrywaj\u0105c spokojne pla\u017ce i ukryte zatoki, idealne do p\u0142ywania i opalania si\u0119 w spokojnym odosobnieniu.<\/p>\n<h3 data-start=\"656\" data-end=\"695\"><strong data-start=\"660\" data-end=\"693\">Wyspa Symi i Zatoka Hisar\u00f6n\u00fc<\/strong><\/h3>\n<p data-start=\"696\" data-end=\"843\">Odkryj grecki klejnot Symi, znany z pastelowego portu, uroczej architektury i spokojnej atmosfery \u2013 to czaruj\u0105ce miejsce na wypoczynek tu\u017c przy brzegu.<\/p>\n<h3 data-start=\"845\" data-end=\"871\"><strong data-start=\"849\" data-end=\"869\">P\u00f3\u0142wysep Bodrum<\/strong><\/h3>\n<p data-start=\"872\" data-end=\"1011\">\u017begluj wzd\u0142u\u017c ca\u0142ego P\u00f3\u0142wyspu Bodrum, podziwiaj\u0105c t\u0119tni\u0105c\u0105 \u017cyciem mieszank\u0119 kosmopolitycznych centr\u00f3w, tradycyjnych wiosek i dziewiczej przyrody.<\/p>\n<h3 data-start=\"1013\" data-end=\"1042\"><strong data-start=\"1017\" data-end=\"1040\">T\u00fcrkb\u00fck\u00fc \u2013 \u00c7\u00f6kertme<\/strong><\/h3>\n<p data-start=\"1043\" data-end=\"1197\">Wyrusz z ekskluzywnej mariny T\u00fcrkb\u00fck\u00fc do spokojnej wioski rybackiej \u00c7\u00f6kertme, mijaj\u0105c po drodze charakterystyczne krajobrazy Morza Egejskiego i spokojne zatoczki.<\/p>\n<h3 data-start=\"1199\" data-end=\"1227\"><strong data-start=\"1203\" data-end=\"1225\">P\u00f3\u0142wysep Bozburun<\/strong><\/h3>\n<p data-start=\"1228\" data-end=\"1355\">Udaj si\u0119 do Bozburun, s\u0142yn\u0105cego z rzemie\u015blniczego budownictwa \u0142odzi i surowego pi\u0119kna. To idealne miejsce dla tych, kt\u00f3rzy szukaj\u0105 autentyczno\u015bci i lokalnego uroku.<\/p>\n\n\t\t<\/div>\n\t<\/div>\n<\/div><\/div><\/div><\/div><div class=\"vc_row wpb_row vc_row-fluid\"><div class=\"theme-margin-bottom-0 wpb_column vc_column_container vc_col-sm-6\"><div class=\"vc_column-inner\"><div class=\"wpb_wrapper\"><h3 style=\"text-align: center\" class=\"vc_custom_heading vc_do_custom_heading theme-margin-top-60 theme-margin-bottom-50\" >\ud83d\udee5\ufe0f Dlaczego warto nas wybra\u0107?<\/h3>\n\t<div class=\"wpb_text_column wpb_content_element\" >\n\t\t<div class=\"wpb_wrapper\">\n\t\t\t<ul data-start=\"1000\" data-end=\"1284\">\n<li data-start=\"1000\" data-end=\"1057\">\n<p data-start=\"1002\" data-end=\"1057\">R\u00f3\u017cnorodna flota luksusowych jacht\u00f3w, gulet\u00f3w i katamaran\u00f3w<\/p>\n<\/li>\n<li data-start=\"1058\" data-end=\"1114\">\n<p data-start=\"1060\" data-end=\"1114\">Czartery z pe\u0142n\u0105 za\u0142og\u0105, do\u015bwiadczonymi kapitanami i kucharzami<\/p>\n<\/li>\n<li data-start=\"1115\" data-end=\"1172\">\n<p data-start=\"1117\" data-end=\"1172\">Elastyczne trasy: wynajem dzienny, tygodniowy lub godzinowy<\/p>\n<\/li>\n<li data-start=\"1173\" data-end=\"1222\">\n<p data-start=\"1175\" data-end=\"1222\">Obs\u0142uga VIP, transfery i konsjer\u017c na \u017cyczenie<\/p>\n<\/li>\n<li data-start=\"1223\" data-end=\"1284\">\n<p data-start=\"1225\" data-end=\"1284\">Indywidualne wydarzenia na pok\u0142adzie (urodziny, zar\u0119czyny, miesi\u0105c miodowy itp.)<\/p>\n<\/li>\n<\/ul>\n\n\t\t<\/div>\n\t<\/div>\n<\/div><\/div><\/div><div class=\"wpb_column vc_column_container vc_col-sm-6\"><div class=\"vc_column-inner\"><div class=\"wpb_wrapper\"><h3 style=\"text-align: center\" class=\"vc_custom_heading vc_do_custom_heading theme-margin-top-60 theme-margin-bottom-50\" >\ud83d\udcb0 Cena czarteru jachtu<\/h3>\n\t<div class=\"wpb_text_column wpb_content_element\" >\n\t\t<div class=\"wpb_wrapper\">\n\t\t\t<p data-start=\"1318\" data-end=\"1448\">Ceny zale\u017c\u0105 od rodzaju jachtu, sezonu i czasu trwania.<br data-start=\"1376\" data-end=\"1379\" \/>\ud83d\udce9 <strong data-start=\"1382\" data-end=\"1448\">Skontaktuj si\u0119 z nami, aby otrzyma\u0107 spersonalizowan\u0105 wycen\u0119 \u2013 dost\u0119pne oferty online!<\/strong><\/p>\n\n\t\t<\/div>\n\t<\/div>\n<\/div><\/div><\/div><\/div>\n<\/div>","protected":false},"excerpt":{"rendered":"\ud83c\udf0a Bodrum Yacht Charter \u2013 Discover the Aegean in Luxury Charter a luxury yacht in Bodrum for a unique sailing experience. Discover our premium fleet, tailor-made routes &amp; expert crew. Contact us for online pricing. Experience the breathtaking beauty of the Aegean Sea with our Bodrum yacht charter services. Whether you are planning a romantic [...]","protected":false},"author":1,"featured_media":0,"parent":0,"menu_order":0,"comment_status":"closed","ping_status":"closed","template":"","meta":{"footnotes":""},"class_list":["post-11039","page","type-page","status-publish","hentry"],"_links":{"self":[{"href":"https:\/\/bodrumluxuryservices.com\/pl\/wp-json\/wp\/v2\/pages\/11039","targetHints":{"allow":["GET"]}}],"collection":[{"href":"https:\/\/bodrumluxuryservices.com\/pl\/wp-json\/wp\/v2\/pages"}],"about":[{"href":"https:\/\/bodrumluxuryservices.com\/pl\/wp-json\/wp\/v2\/types\/page"}],"author":[{"embeddable":true,"href":"https:\/\/bodrumluxuryservices.com\/pl\/wp-json\/wp\/v2\/users\/1"}],"replies":[{"embeddable":true,"href":"https:\/\/bodrumluxuryservices.com\/pl\/wp-json\/wp\/v2\/comments?post=11039"}],"version-history":[{"count":9,"href":"https:\/\/bodrumluxuryservices.com\/pl\/wp-json\/wp\/v2\/pages\/11039\/revisions"}],"predecessor-version":[{"id":24374,"href":"https:\/\/bodrumluxuryservices.com\/pl\/wp-json\/wp\/v2\/pages\/11039\/revisions\/24374"}],"wp:attachment":[{"href":"https:\/\/bodrumluxuryservices.com\/pl\/wp-json\/wp\/v2\/media?parent=11039"}],"curies":[{"name":"wp","href":"https:\/\/api.w.org\/{rel}","templated":true}]}}