{"id":11028,"date":"2025-06-06T09:20:43","date_gmt":"2025-06-06T06:20:43","guid":{"rendered":"http:\/\/quanticalabs.com\/wp_themes4\/autoride\/?page_id=11028"},"modified":"2025-07-18T00:17:46","modified_gmt":"2025-07-17T21:17:46","slug":"transfery-samolotem-bodrum","status":"publish","type":"page","link":"https:\/\/bodrumluxuryservices.com\/pl\/bodrum-jet-transfers\/","title":{"rendered":"Transfery odrzutowe Bodrum"},"content":{"rendered":"<div class=\"wpb-content-wrapper\"><div class=\"vc_row wpb_row vc_row-fluid\"><div class=\"wpb_column vc_column_container vc_col-sm-4\"><div class=\"vc_column-inner\"><div class=\"wpb_wrapper\">\n\t<div  class=\"wpb_single_image wpb_content_element vc_align_left wpb_content_element\">\n\t\t\n\t\t<figure class=\"wpb_wrapper vc_figure\">\n\t\t\t<div class=\"vc_single_image-wrapper   vc_box_border_grey\"><img loading=\"lazy\" decoding=\"async\" width=\"592\" height=\"444\" src=\"https:\/\/bodrumluxuryservices.com\/wp-content\/uploads\/2025\/06\/Cessna-C550-Citation-Bravo-PrivateFly-AA9987-1-592x444-1.webp\" class=\"vc_single_image-img attachment-full\" alt=\"\" title=\"Cessna-C550-Citation-Bravo-PrivateFly-AA9987-1-592x444\" srcset=\"https:\/\/bodrumluxuryservices.com\/wp-content\/uploads\/2025\/06\/Cessna-C550-Citation-Bravo-PrivateFly-AA9987-1-592x444-1.webp 592w, https:\/\/bodrumluxuryservices.com\/wp-content\/uploads\/2025\/06\/Cessna-C550-Citation-Bravo-PrivateFly-AA9987-1-592x444-1-300x225.webp 300w, https:\/\/bodrumluxuryservices.com\/wp-content\/uploads\/2025\/06\/Cessna-C550-Citation-Bravo-PrivateFly-AA9987-1-592x444-1-16x12.webp 16w, https:\/\/bodrumluxuryservices.com\/wp-content\/uploads\/2025\/06\/Cessna-C550-Citation-Bravo-PrivateFly-AA9987-1-592x444-1-408x306.webp 408w\" sizes=\"auto, (max-width: 592px) 100vw, 592px\" \/><\/div>\n\t\t<\/figure>\n\t<\/div>\n\n\t<div  class=\"wpb_single_image wpb_content_element vc_align_right wpb_content_element\">\n\t\t\n\t\t<figure class=\"wpb_wrapper vc_figure\">\n\t\t\t<div class=\"vc_single_image-wrapper   vc_box_border_grey\"><img loading=\"lazy\" decoding=\"async\" width=\"846\" height=\"564\" src=\"https:\/\/bodrumluxuryservices.com\/wp-content\/uploads\/2025\/06\/Cessna-C550-Citation-Bravo-PrivateFly-AA9988.webp\" class=\"vc_single_image-img attachment-full\" alt=\"\" title=\"Cessna-C550-Citation-Bravo-PrivateFly-AA9988\" srcset=\"https:\/\/bodrumluxuryservices.com\/wp-content\/uploads\/2025\/06\/Cessna-C550-Citation-Bravo-PrivateFly-AA9988.webp 846w, https:\/\/bodrumluxuryservices.com\/wp-content\/uploads\/2025\/06\/Cessna-C550-Citation-Bravo-PrivateFly-AA9988-300x200.webp 300w, https:\/\/bodrumluxuryservices.com\/wp-content\/uploads\/2025\/06\/Cessna-C550-Citation-Bravo-PrivateFly-AA9988-768x512.webp 768w, https:\/\/bodrumluxuryservices.com\/wp-content\/uploads\/2025\/06\/Cessna-C550-Citation-Bravo-PrivateFly-AA9988-18x12.webp 18w, https:\/\/bodrumluxuryservices.com\/wp-content\/uploads\/2025\/06\/Cessna-C550-Citation-Bravo-PrivateFly-AA9988-460x306.webp 460w, https:\/\/bodrumluxuryservices.com\/wp-content\/uploads\/2025\/06\/Cessna-C550-Citation-Bravo-PrivateFly-AA9988-800x533.webp 800w\" sizes=\"auto, (max-width: 846px) 100vw, 846px\" \/><\/div>\n\t\t<\/figure>\n\t<\/div>\n<\/div><\/div><\/div><div class=\"wpb_column vc_column_container vc_col-sm-8\"><div class=\"vc_column-inner\"><div class=\"wpb_wrapper\">\r\n            <p class=\"theme-component-paragraph-large theme-component-paragraph-large-style-2 alignleft theme-padding-top-0 theme-padding-bottom-0\">\r\n                Transfery odrzutowe w Bodrum \u2013 prywatne luksusowe podr\u00f3\u017ce lotnicze\r\n            <\/p>\r\n        \n\t<div class=\"wpb_text_column wpb_content_element theme-padding-top-30\" >\n\t\t<div class=\"wpb_wrapper\">\n\t\t\t<p data-start=\"284\" data-end=\"720\">Odkryj najwy\u017cszy poziom luksusu i wydajno\u015bci dzi\u0119ki naszym <strong data-start=\"342\" data-end=\"369\">Transfery odrzutowe w Bodrum<\/strong>. Niezale\u017cnie od tego, czy odlatujesz z Bodrum, czy przylatujesz do Bodrum, zapewniamy bezproblemowe us\u0142ugi czarteru prywatnych odrzutowc\u00f3w, takimi samolotami jak Embraer Legacy 650, Bombardier Learjet 45XR i Embraer Lineage 1000 \u2014 idealne dla 8\u201319 pasa\u017cer\u00f3w. Dzi\u0119ki dost\u0119powi do lotniska Bodrum-Milas i pobliskich prywatnych lotnisk oferujemy rozwi\u0105zania podr\u00f3\u017cy premium dostosowane do Twojego harmonogramu.<\/p>\n<p data-start=\"722\" data-end=\"1010\">Nasze us\u0142ugi transferu odrzutowcami s\u0105 idealne dla dyrektor\u00f3w firm, celebryt\u00f3w lub wczasowicz\u00f3w, kt\u00f3rzy chc\u0105 unikn\u0105\u0107 k\u0142opot\u00f3w z lotami komercyjnymi. Unikaj zat\u0142oczonych terminali i d\u0142ugiego oczekiwania \u2014 ciesz si\u0119 bezpo\u015bredni\u0105, spersonalizowan\u0105 podr\u00f3\u017c\u0105 lotnicz\u0105 prosto z serca Bodrum z pe\u0142n\u0105 prywatno\u015bci\u0105 i gwarancj\u0105 komfortu.<\/p>\n\n\t\t<\/div>\n\t<\/div>\n<\/div><\/div><\/div><\/div><div class=\"vc_row wpb_row vc_row-fluid theme-margin-top-20\"><div class=\"wpb_column vc_column_container vc_col-sm-8\"><div class=\"vc_column-inner\"><div class=\"wpb_wrapper\">\r\n            <p class=\"theme-component-paragraph-large theme-component-paragraph-large-style-2 alignleft theme-padding-top-0 theme-padding-bottom-0\">\r\n                Indywidualne do\u015bwiadczenia odrzutowe z Bodrum do miejsc docelowych na ca\u0142ym \u015bwiecie\r\n            <\/p>\r\n        \n\t<div class=\"wpb_text_column wpb_content_element theme-padding-top-30\" >\n\t\t<div class=\"wpb_wrapper\">\n\t\t\t<p data-start=\"1088\" data-end=\"1400\">Od Bodrum do ka\u017cdego du\u017cego miasta europejskiego lub bliskowschodniego, nasze rozwi\u0105zania dotycz\u0105ce prywatnych odrzutowc\u00f3w s\u0105 zaprojektowane tak, aby spe\u0142ni\u0107 Twoje potrzeby. Niezale\u017cnie od tego, czy lecisz na wydarzenie firmowe, rodzinne wakacje czy specjaln\u0105 uroczysto\u015b\u0107, nasz zesp\u00f3\u0142 dostosowuje do\u015bwiadczenie \u2014 od wyboru samolotu po catering na pok\u0142adzie i wsparcie konsjer\u017ca.<\/p>\n<p data-start=\"1402\" data-end=\"1651\">Zapewniamy r\u00f3wnie\u017c skoordynowany transport l\u0105dowy i us\u0142ugi VIP w Bodrum, aby zagwarantowa\u0107 Ci bezproblemow\u0105 podr\u00f3\u017c od progu Twojego domu do miejsca docelowego. \u2709\ufe0f <strong data-start=\"1555\" data-end=\"1651\">Cena zale\u017cy od wybranej trasy i samolotu \u2014 popro\u015b o spersonalizowan\u0105 wycen\u0119 ju\u017c dzi\u015b.<\/strong><\/p>\n\n\t\t<\/div>\n\t<\/div>\n<\/div><\/div><\/div><div class=\"wpb_column vc_column_container vc_col-sm-4\"><div class=\"vc_column-inner\"><div class=\"wpb_wrapper\">\n\t<div  class=\"wpb_single_image wpb_content_element vc_align_right wpb_content_element\">\n\t\t\n\t\t<figure class=\"wpb_wrapper vc_figure\">\n\t\t\t<div class=\"vc_single_image-wrapper   vc_box_border_grey\"><img loading=\"lazy\" decoding=\"async\" width=\"592\" height=\"444\" src=\"https:\/\/bodrumluxuryservices.com\/wp-content\/uploads\/2025\/06\/Cessna-Citation-Sovereign-592x444-1.webp\" class=\"vc_single_image-img attachment-full\" alt=\"\" title=\"Cessna-Citation-Sovereign-592x444\" srcset=\"https:\/\/bodrumluxuryservices.com\/wp-content\/uploads\/2025\/06\/Cessna-Citation-Sovereign-592x444-1.webp 592w, https:\/\/bodrumluxuryservices.com\/wp-content\/uploads\/2025\/06\/Cessna-Citation-Sovereign-592x444-1-300x225.webp 300w, https:\/\/bodrumluxuryservices.com\/wp-content\/uploads\/2025\/06\/Cessna-Citation-Sovereign-592x444-1-16x12.webp 16w, https:\/\/bodrumluxuryservices.com\/wp-content\/uploads\/2025\/06\/Cessna-Citation-Sovereign-592x444-1-408x306.webp 408w\" sizes=\"auto, (max-width: 592px) 100vw, 592px\" \/><\/div>\n\t\t<\/figure>\n\t<\/div>\n\n\t<div  class=\"wpb_single_image wpb_content_element vc_align_right wpb_content_element\">\n\t\t\n\t\t<figure class=\"wpb_wrapper vc_figure\">\n\t\t\t<div class=\"vc_single_image-wrapper   vc_box_border_grey\"><img loading=\"lazy\" decoding=\"async\" width=\"846\" height=\"564\" src=\"https:\/\/bodrumluxuryservices.com\/wp-content\/uploads\/2025\/06\/Cessna-C550-Citation-Bravo-PrivateFly-AA9990.webp\" class=\"vc_single_image-img attachment-full\" alt=\"\" title=\"Cessna-C550-Citation-Bravo-PrivateFly-AA9990\" srcset=\"https:\/\/bodrumluxuryservices.com\/wp-content\/uploads\/2025\/06\/Cessna-C550-Citation-Bravo-PrivateFly-AA9990.webp 846w, https:\/\/bodrumluxuryservices.com\/wp-content\/uploads\/2025\/06\/Cessna-C550-Citation-Bravo-PrivateFly-AA9990-300x200.webp 300w, https:\/\/bodrumluxuryservices.com\/wp-content\/uploads\/2025\/06\/Cessna-C550-Citation-Bravo-PrivateFly-AA9990-768x512.webp 768w, https:\/\/bodrumluxuryservices.com\/wp-content\/uploads\/2025\/06\/Cessna-C550-Citation-Bravo-PrivateFly-AA9990-18x12.webp 18w, https:\/\/bodrumluxuryservices.com\/wp-content\/uploads\/2025\/06\/Cessna-C550-Citation-Bravo-PrivateFly-AA9990-460x306.webp 460w, https:\/\/bodrumluxuryservices.com\/wp-content\/uploads\/2025\/06\/Cessna-C550-Citation-Bravo-PrivateFly-AA9990-800x533.webp 800w\" sizes=\"auto, (max-width: 846px) 100vw, 846px\" \/><\/div>\n\t\t<\/figure>\n\t<\/div>\n<\/div><\/div><\/div><\/div>\n<\/div>","protected":false},"excerpt":{"rendered":"Jet Transfers in Bodrum \u2013 Private Luxury Air Travel Experience the ultimate in luxury and efficiency with our Jet Transfers in Bodrum. Whether departing from or arriving in Bodrum, we provide seamless private jet charter services with aircraft such as the Embraer Legacy 650, Bombardier Learjet 45XR, and Embraer Lineage 1000 \u2014 ideal for 8 [...]","protected":false},"author":1,"featured_media":0,"parent":0,"menu_order":0,"comment_status":"closed","ping_status":"closed","template":"","meta":{"footnotes":""},"class_list":["post-11028","page","type-page","status-publish","hentry"],"_links":{"self":[{"href":"https:\/\/bodrumluxuryservices.com\/pl\/wp-json\/wp\/v2\/pages\/11028","targetHints":{"allow":["GET"]}}],"collection":[{"href":"https:\/\/bodrumluxuryservices.com\/pl\/wp-json\/wp\/v2\/pages"}],"about":[{"href":"https:\/\/bodrumluxuryservices.com\/pl\/wp-json\/wp\/v2\/types\/page"}],"author":[{"embeddable":true,"href":"https:\/\/bodrumluxuryservices.com\/pl\/wp-json\/wp\/v2\/users\/1"}],"replies":[{"embeddable":true,"href":"https:\/\/bodrumluxuryservices.com\/pl\/wp-json\/wp\/v2\/comments?post=11028"}],"version-history":[{"count":7,"href":"https:\/\/bodrumluxuryservices.com\/pl\/wp-json\/wp\/v2\/pages\/11028\/revisions"}],"predecessor-version":[{"id":24473,"href":"https:\/\/bodrumluxuryservices.com\/pl\/wp-json\/wp\/v2\/pages\/11028\/revisions\/24473"}],"wp:attachment":[{"href":"https:\/\/bodrumluxuryservices.com\/pl\/wp-json\/wp\/v2\/media?parent=11028"}],"curies":[{"name":"wp","href":"https:\/\/api.w.org\/{rel}","templated":true}]}}