{"id":11027,"date":"2025-06-06T09:20:18","date_gmt":"2025-06-06T06:20:18","guid":{"rendered":"http:\/\/quanticalabs.com\/wp_themes4\/autoride\/?page_id=11027"},"modified":"2025-06-08T01:02:35","modified_gmt":"2025-06-07T22:02:35","slug":"bodrum-podroze-sluzbowe","status":"publish","type":"page","link":"https:\/\/bodrumluxuryservices.com\/pl\/bodrum-corporate-travel\/","title":{"rendered":"Bodrum Podr\u00f3\u017ce s\u0142u\u017cbowe"},"content":{"rendered":"<div class=\"wpb-content-wrapper\"><div class=\"vc_row wpb_row vc_row-fluid\"><div class=\"wpb_column vc_column_container vc_col-sm-4\"><div class=\"vc_column-inner\"><div class=\"wpb_wrapper\">\n\t<div  class=\"wpb_single_image wpb_content_element vc_align_left wpb_content_element\">\n\t\t\n\t\t<figure class=\"wpb_wrapper vc_figure\">\n\t\t\t<div class=\"vc_single_image-wrapper   vc_box_border_grey\"><img loading=\"lazy\" decoding=\"async\" width=\"275\" height=\"275\" src=\"https:\/\/bodrumluxuryservices.com\/wp-content\/uploads\/2025\/06\/corporate-travel-bodrum.jpg\" class=\"vc_single_image-img attachment-full\" alt=\"\" title=\"podr\u00f3\u017ce-korporacyjne-bodrum\" srcset=\"https:\/\/bodrumluxuryservices.com\/wp-content\/uploads\/2025\/06\/corporate-travel-bodrum.jpg 275w, https:\/\/bodrumluxuryservices.com\/wp-content\/uploads\/2025\/06\/corporate-travel-bodrum-150x150.jpg 150w, https:\/\/bodrumluxuryservices.com\/wp-content\/uploads\/2025\/06\/corporate-travel-bodrum-12x12.jpg 12w\" sizes=\"auto, (max-width: 275px) 100vw, 275px\" \/><\/div>\n\t\t<\/figure>\n\t<\/div>\n<\/div><\/div><\/div><div class=\"wpb_column vc_column_container vc_col-sm-8\"><div class=\"vc_column-inner\"><div class=\"wpb_wrapper\">\r\n            <p class=\"theme-component-paragraph-large theme-component-paragraph-large-style-2 alignleft theme-padding-top-0 theme-padding-bottom-0\">\r\n                Podr\u00f3\u017ce s\u0142u\u017cbowe \u2013 profesjonalne rozwi\u0105zania transportowe dla Twojej firmy\r\n            <\/p>\r\n        \n\t<div class=\"wpb_text_column wpb_content_element theme-padding-top-30\" >\n\t\t<div class=\"wpb_wrapper\">\n\t\t\t<p data-start=\"328\" data-end=\"600\">Zorganizowanie p\u0142ynnego, punktualnego i stylowego transportu na Twoje wydarzenia firmowe i spotkania biznesowe jest kluczowe dla wywarcia w\u0142a\u015bciwego wra\u017cenia. Nasze <strong data-start=\"479\" data-end=\"499\">Podr\u00f3\u017ce s\u0142u\u017cbowe<\/strong> Us\u0142ugi w Bodrum i okolicach s\u0105 projektowane z my\u015bl\u0105 o komforcie, prywatno\u015bci i niezawodno\u015bci.<\/p>\n<p data-start=\"602\" data-end=\"769\">Oferujemy rozwi\u0105zania transportowe szyte na miar\u0119 dla firm, delegacji i klient\u00f3w mi\u0119dzynarodowych, od odbioru z lotniska po codzienne transfery konferencyjne i obs\u0142ug\u0119 VIP.<\/p>\n\n\t\t<\/div>\n\t<\/div>\n<\/div><\/div><\/div><\/div><div class=\"vc_row wpb_row vc_row-fluid theme-margin-top-20\"><div class=\"wpb_column vc_column_container vc_col-sm-8\"><div class=\"vc_column-inner\"><div class=\"wpb_wrapper\">\r\n            <p class=\"theme-component-paragraph-large theme-component-paragraph-large-style-2 alignleft theme-padding-top-0 theme-padding-bottom-0\">\r\n                Transfery dla kadry kierowniczej dla podr\u00f3\u017cuj\u0105cych s\u0142u\u017cbowo\r\n            <\/p>\r\n        \n\t<div class=\"wpb_text_column wpb_content_element theme-padding-top-30\" >\n\t\t<div class=\"wpb_wrapper\">\n\t\t\t<p data-start=\"827\" data-end=\"1077\">Nasza luksusowa flota \u2013 w tym sedany, SUV-y i vany premium \u2013 jest w pe\u0142ni wyposa\u017cona, aby sprosta\u0107 potrzebom profesjonalist\u00f3w biznesowych. Ciesz si\u0119 bezp\u0142atnym Wi-Fi, butelkowan\u0105 wod\u0105 i spokojn\u0105 przestrzeni\u0105 do przygotowywania si\u0119 do spotka\u0144, podczas gdy nasi kierowcy zajmuj\u0105 si\u0119 logistyk\u0105.<\/p>\n<p data-start=\"1079\" data-end=\"1203\">Gwarantujemy terminow\u0105 obs\u0142ug\u0119 po\u0142\u0105cze\u0144 do i z lotniska Bodrum (BJV), terminali prywatnych i najwa\u017cniejszych obiekt\u00f3w biznesowych w ca\u0142ym regionie.<\/p>\n\n\t\t<\/div>\n\t<\/div>\n<\/div><\/div><\/div><div class=\"wpb_column vc_column_container vc_col-sm-4\"><div class=\"vc_column-inner\"><div class=\"wpb_wrapper\">\n\t<div  class=\"wpb_single_image wpb_content_element vc_align_right wpb_content_element\">\n\t\t\n\t\t<figure class=\"wpb_wrapper vc_figure\">\n\t\t\t<div class=\"vc_single_image-wrapper   vc_box_border_grey\"><img loading=\"lazy\" decoding=\"async\" width=\"275\" height=\"275\" src=\"https:\/\/bodrumluxuryservices.com\/wp-content\/uploads\/2025\/06\/bodrum-business-corporate-travel-transfer.jpg\" class=\"vc_single_image-img attachment-full\" alt=\"\" title=\"bodrum-biznes-podr\u00f3\u017ce-korporacyjne-transfer\" srcset=\"https:\/\/bodrumluxuryservices.com\/wp-content\/uploads\/2025\/06\/bodrum-business-corporate-travel-transfer.jpg 275w, https:\/\/bodrumluxuryservices.com\/wp-content\/uploads\/2025\/06\/bodrum-business-corporate-travel-transfer-150x150.jpg 150w, https:\/\/bodrumluxuryservices.com\/wp-content\/uploads\/2025\/06\/bodrum-business-corporate-travel-transfer-12x12.jpg 12w\" sizes=\"auto, (max-width: 275px) 100vw, 275px\" \/><\/div>\n\t\t<\/figure>\n\t<\/div>\n<\/div><\/div><\/div><\/div><div class=\"vc_row wpb_row vc_row-fluid\"><div class=\"theme-margin-bottom-0 wpb_column vc_column_container vc_col-sm-12\"><div class=\"vc_column-inner\"><div class=\"wpb_wrapper\"><h3 style=\"text-align: center\" class=\"vc_custom_heading vc_do_custom_heading theme-margin-top-60 theme-margin-bottom-50\" >\ud83e\udd1d Wydarzenia korporacyjne i us\u0142ugi delegacyjne<\/h3>\n\t<div class=\"wpb_text_column wpb_content_element\" >\n\t\t<div class=\"wpb_wrapper\">\n\t\t\t<p data-start=\"1257\" data-end=\"1540\">Planujesz konferencj\u0119, firmowy wyjazd integracyjny lub kolacj\u0119 biznesow\u0105? Nasz zesp\u00f3\u0142 specjalizuje si\u0119 w logistyce grupowej, koordynacji wielu pojazd\u00f3w i zarz\u0105dzaniu go\u015b\u0107mi na najwy\u017cszym poziomie. Niezale\u017cnie od tego, czy jest to pojedynczy VIP, czy pe\u0142na delegacja korporacyjna, gwarantujemy bezproblemow\u0105, profesjonaln\u0105 obs\u0142ug\u0119 od pocz\u0105tku do ko\u0144ca.<\/p>\n<p data-start=\"1542\" data-end=\"1644\">Oferujemy r\u00f3wnie\u017c firmowe oznakowanie, wieloj\u0119zycznych kierowc\u00f3w i dyskretn\u0105 obs\u0142ug\u0119 dla wa\u017cnych go\u015bci.<\/p>\n<hr data-start=\"1646\" data-end=\"1649\" \/>\n<h3 data-start=\"1651\" data-end=\"1686\">\ud83d\udcbc <strong data-start=\"1658\" data-end=\"1684\">Cena podr\u00f3\u017cy s\u0142u\u017cbowych<\/strong><\/h3>\n<p data-start=\"1687\" data-end=\"1844\">Ceny zale\u017c\u0105 od wielko\u015bci grupy, rodzaju pojazdu i czasu trwania us\u0142ugi.<br data-start=\"1762\" data-end=\"1765\" \/>\ud83d\udce9 <strong data-start=\"1768\" data-end=\"1844\">Skontaktuj si\u0119 z nami ju\u017c dzi\u015b, aby otrzyma\u0107 indywidualn\u0105 wycen\u0119 \u2013 dost\u0119pne oferty online!<\/strong><\/p>\n\n\t\t<\/div>\n\t<\/div>\n\t\t<div class=\"theme-vehicle-list theme-clear-fix\">\n\t\t\t\n\t\t\t<div class=\"chbs-main\">\n\t\t\t\t<div class=\"theme-vehicle-list-result theme-clear-fix\">\n<div class=\"vc_row wpb_row vc_row-fluid\">\n\t\t\t\t\t<div class=\"wpb_column vc_column_container vc_col-sm-4\"><div class=\"vc_column-inner\"><div class=\"wpb_wrapper\">\n\t\t\t\t\t\t<div class=\"theme-vehicle-list-item\">\n\t\t\t\t\n\t\t\t\t\t\t<div class=\"theme-vehicle-list-item-image\">\n\t\t\t\t\t\n\t\t\t\t\t\t\t<a href=\"https:\/\/bodrumluxuryservices.com\/pl\/car\/mercedes-benz-vito-standart\/\" title=\"View vehicle &quot;Mercedes-Benz Vito Standart&quot;.\">\n\t\t\t\t\t\t\n\t\t\t\t\t\t\t\t<span>\n\t\t\t\t\t\t\t\t\t<span class=\"theme-vehicle-list-item-category\">Minibus<\/span><span class=\"theme-vehicle-list-item-category\">Standardowy<\/span>\n\t\t\t\t\t\t\t\t\t<span class=\"theme-vehicle-list-item-title\">Mercedes-Benz Vito Standardowy<\/span>\n\t\t\t\t\t\t\t\t<\/span>\n\t\t\t\t\t\t\t\t<img loading=\"lazy\" decoding=\"async\" width=\"800\" height=\"533\" src=\"https:\/\/bodrumluxuryservices.com\/wp-content\/uploads\/2025\/06\/bodrum-transfer-airport-shuttle-mercedes-vito-price.png\" class=\"attachment-post-thumbnail size-post-thumbnail wp-post-image\" alt=\"\" srcset=\"https:\/\/bodrumluxuryservices.com\/wp-content\/uploads\/2025\/06\/bodrum-transfer-airport-shuttle-mercedes-vito-price.png 800w, https:\/\/bodrumluxuryservices.com\/wp-content\/uploads\/2025\/06\/bodrum-transfer-airport-shuttle-mercedes-vito-price-300x200.png 300w, https:\/\/bodrumluxuryservices.com\/wp-content\/uploads\/2025\/06\/bodrum-transfer-airport-shuttle-mercedes-vito-price-768x512.png 768w, https:\/\/bodrumluxuryservices.com\/wp-content\/uploads\/2025\/06\/bodrum-transfer-airport-shuttle-mercedes-vito-price-18x12.png 18w, https:\/\/bodrumluxuryservices.com\/wp-content\/uploads\/2025\/06\/bodrum-transfer-airport-shuttle-mercedes-vito-price-460x306.png 460w, https:\/\/bodrumluxuryservices.com\/wp-content\/uploads\/2025\/06\/bodrum-transfer-airport-shuttle-mercedes-vito-price-600x400.png 600w\" sizes=\"auto, (max-width: 800px) 100vw, 800px\" \/>\n\t\t\t\t\t\t\t\t<span><\/span>\n\t\t\t\t\t\t\t\t\t\t\n\t\t\t\t\t\t\t<\/a>\n\t\t\t\t\t\t\t\t\t\t\t\n\t\t\t\t\t\t<\/div>\n\t\t\t\t\t\n\t\t\t\t\t\t<div class=\"theme-vehicle-list-item-meta\">\n\t\t\t\t\t\t\t<span class=\"theme-icon-meta-user\"><\/span>\n\t\t\t\t\t\t\t<span class=\"theme-circle\">6<\/span>\n\t\t\t\t\t\t\t<span class=\"theme-icon-meta-suitcase\"><\/span>\n\t\t\t\t\t\t\t<span class=\"theme-circle\">6<\/span>\n\t\t\t\t\t\t<\/div>\n\t\t\t\t\t\n\t\t\t\t\t\t<\/div>\n\t\t\t\t\t<\/div><\/div><\/div>\n\t\t\t\t\n\t\t\t\t\t<div class=\"wpb_column vc_column_container vc_col-sm-4\"><div class=\"vc_column-inner\"><div class=\"wpb_wrapper\">\n\t\t\t\t\t\t<div class=\"theme-vehicle-list-item\">\n\t\t\t\t\n\t\t\t\t\t\t<div class=\"theme-vehicle-list-item-image\">\n\t\t\t\t\t\n\t\t\t\t\t\t\t<a href=\"https:\/\/bodrumluxuryservices.com\/pl\/car\/mercedes-benz-vito-luxury-vip\/\" title=\"View vehicle &quot;Mercedes-Benz Vito Luxury Vip&quot;.\">\n\t\t\t\t\t\t\n\t\t\t\t\t\t\t\t<span>\n\t\t\t\t\t\t\t\t\t<span class=\"theme-vehicle-list-item-category\">Luksus<\/span><span class=\"theme-vehicle-list-item-category\">Minibus<\/span>\n\t\t\t\t\t\t\t\t\t<span class=\"theme-vehicle-list-item-title\">Mercedes-Benz Vito Luksusowy Vip<\/span>\n\t\t\t\t\t\t\t\t<\/span>\n\t\t\t\t\t\t\t\t<img loading=\"lazy\" decoding=\"async\" width=\"800\" height=\"533\" src=\"https:\/\/bodrumluxuryservices.com\/wp-content\/uploads\/2017\/11\/mercedes-vito-luxury-maybach-bodrum-transfers-airport-shuttle.png\" class=\"attachment-post-thumbnail size-post-thumbnail wp-post-image\" alt=\"\" srcset=\"https:\/\/bodrumluxuryservices.com\/wp-content\/uploads\/2017\/11\/mercedes-vito-luxury-maybach-bodrum-transfers-airport-shuttle.png 800w, https:\/\/bodrumluxuryservices.com\/wp-content\/uploads\/2017\/11\/mercedes-vito-luxury-maybach-bodrum-transfers-airport-shuttle-300x200.png 300w, https:\/\/bodrumluxuryservices.com\/wp-content\/uploads\/2017\/11\/mercedes-vito-luxury-maybach-bodrum-transfers-airport-shuttle-768x512.png 768w, https:\/\/bodrumluxuryservices.com\/wp-content\/uploads\/2017\/11\/mercedes-vito-luxury-maybach-bodrum-transfers-airport-shuttle-18x12.png 18w, https:\/\/bodrumluxuryservices.com\/wp-content\/uploads\/2017\/11\/mercedes-vito-luxury-maybach-bodrum-transfers-airport-shuttle-460x306.png 460w, https:\/\/bodrumluxuryservices.com\/wp-content\/uploads\/2017\/11\/mercedes-vito-luxury-maybach-bodrum-transfers-airport-shuttle-600x400.png 600w\" sizes=\"auto, (max-width: 800px) 100vw, 800px\" \/>\n\t\t\t\t\t\t\t\t<span><\/span>\n\t\t\t\t\t\t\t\t\t\t\n\t\t\t\t\t\t\t<\/a>\n\t\t\t\t\t\t\t\t\t\t\t\n\t\t\t\t\t\t<\/div>\n\t\t\t\t\t\n\t\t\t\t\t\t<div class=\"theme-vehicle-list-item-meta\">\n\t\t\t\t\t\t\t<span class=\"theme-icon-meta-user\"><\/span>\n\t\t\t\t\t\t\t<span class=\"theme-circle\">6<\/span>\n\t\t\t\t\t\t\t<span class=\"theme-icon-meta-suitcase\"><\/span>\n\t\t\t\t\t\t\t<span class=\"theme-circle\">6<\/span>\n\t\t\t\t\t\t<\/div>\n\t\t\t\t\t\n\t\t\t\t\t\t<\/div>\n\t\t\t\t\t<\/div><\/div><\/div>\n\t\t\t\t\n\t\t\t\t\t<div class=\"wpb_column vc_column_container vc_col-sm-4\"><div class=\"vc_column-inner\"><div class=\"wpb_wrapper\">\n\t\t\t\t\t\t<div class=\"theme-vehicle-list-item\">\n\t\t\t\t\n\t\t\t\t\t\t<div class=\"theme-vehicle-list-item-image\">\n\t\t\t\t\t\n\t\t\t\t\t\t\t<a href=\"https:\/\/bodrumluxuryservices.com\/pl\/car\/mercedes-benz-sprinter-101-seater\/\" title=\"View vehicle &quot;Mercedes-Benz Sprinter (10+1 Seater)&quot;.\">\n\t\t\t\t\t\t\n\t\t\t\t\t\t\t\t<span>\n\t\t\t\t\t\t\t\t\t<span class=\"theme-vehicle-list-item-category\">Minibus<\/span><span class=\"theme-vehicle-list-item-category\">Standardowy<\/span>\n\t\t\t\t\t\t\t\t\t<span class=\"theme-vehicle-list-item-title\">Mercedes-Benz Sprinter (10+1 miejsc)<\/span>\n\t\t\t\t\t\t\t\t<\/span>\n\t\t\t\t\t\t\t\t<img loading=\"lazy\" decoding=\"async\" width=\"800\" height=\"533\" src=\"https:\/\/bodrumluxuryservices.com\/wp-content\/uploads\/2017\/11\/mercedes-sprinter-10-seater-bodrum-transfers-airport-shuttle.png\" class=\"attachment-post-thumbnail size-post-thumbnail wp-post-image\" alt=\"\" srcset=\"https:\/\/bodrumluxuryservices.com\/wp-content\/uploads\/2017\/11\/mercedes-sprinter-10-seater-bodrum-transfers-airport-shuttle.png 800w, https:\/\/bodrumluxuryservices.com\/wp-content\/uploads\/2017\/11\/mercedes-sprinter-10-seater-bodrum-transfers-airport-shuttle-300x200.png 300w, https:\/\/bodrumluxuryservices.com\/wp-content\/uploads\/2017\/11\/mercedes-sprinter-10-seater-bodrum-transfers-airport-shuttle-768x512.png 768w, https:\/\/bodrumluxuryservices.com\/wp-content\/uploads\/2017\/11\/mercedes-sprinter-10-seater-bodrum-transfers-airport-shuttle-18x12.png 18w, https:\/\/bodrumluxuryservices.com\/wp-content\/uploads\/2017\/11\/mercedes-sprinter-10-seater-bodrum-transfers-airport-shuttle-460x306.png 460w\" sizes=\"auto, (max-width: 800px) 100vw, 800px\" \/>\n\t\t\t\t\t\t\t\t<span><\/span>\n\t\t\t\t\t\t\t\t\t\t\n\t\t\t\t\t\t\t<\/a>\n\t\t\t\t\t\t\t\t\t\t\t\n\t\t\t\t\t\t<\/div>\n\t\t\t\t\t\n\t\t\t\t\t\t<div class=\"theme-vehicle-list-item-meta\">\n\t\t\t\t\t\t\t<span class=\"theme-icon-meta-user\"><\/span>\n\t\t\t\t\t\t\t<span class=\"theme-circle\">10<\/span>\n\t\t\t\t\t\t\t<span class=\"theme-icon-meta-suitcase\"><\/span>\n\t\t\t\t\t\t\t<span class=\"theme-circle\">10<\/span>\n\t\t\t\t\t\t<\/div>\n\t\t\t\t\t\n\t\t\t\t\t\t<\/div>\n\t\t\t\t\t<\/div><\/div><\/div>\n\t\t\t\t<\/div><div class=\"vc_row wpb_row vc_row-fluid\">\n\t\t\t\t\t<div class=\"wpb_column vc_column_container vc_col-sm-4\"><div class=\"vc_column-inner\"><div class=\"wpb_wrapper\">\n\t\t\t\t\t\t<div class=\"theme-vehicle-list-item\">\n\t\t\t\t\n\t\t\t\t\t\t<div class=\"theme-vehicle-list-item-image\">\n\t\t\t\t\t\n\t\t\t\t\t\t\t<a href=\"https:\/\/bodrumluxuryservices.com\/pl\/car\/mercedes-benz-sprinter-161-seater\/\" title=\"View vehicle &quot;Mercedes-Benz Sprinter (16+1 Seater)&quot;.\">\n\t\t\t\t\t\t\n\t\t\t\t\t\t\t\t<span>\n\t\t\t\t\t\t\t\t\t<span class=\"theme-vehicle-list-item-category\">Midibus<\/span><span class=\"theme-vehicle-list-item-category\">Standardowy<\/span>\n\t\t\t\t\t\t\t\t\t<span class=\"theme-vehicle-list-item-title\">Mercedes-Benz Sprinter (16+1 miejsc)<\/span>\n\t\t\t\t\t\t\t\t<\/span>\n\t\t\t\t\t\t\t\t<img loading=\"lazy\" decoding=\"async\" width=\"800\" height=\"533\" src=\"https:\/\/bodrumluxuryservices.com\/wp-content\/uploads\/2025\/06\/mercedes-sprinter-16-seater-bodrum-transfers-airport-shuttle.png\" class=\"attachment-post-thumbnail size-post-thumbnail wp-post-image\" alt=\"\" srcset=\"https:\/\/bodrumluxuryservices.com\/wp-content\/uploads\/2025\/06\/mercedes-sprinter-16-seater-bodrum-transfers-airport-shuttle.png 800w, https:\/\/bodrumluxuryservices.com\/wp-content\/uploads\/2025\/06\/mercedes-sprinter-16-seater-bodrum-transfers-airport-shuttle-300x200.png 300w, https:\/\/bodrumluxuryservices.com\/wp-content\/uploads\/2025\/06\/mercedes-sprinter-16-seater-bodrum-transfers-airport-shuttle-768x512.png 768w, https:\/\/bodrumluxuryservices.com\/wp-content\/uploads\/2025\/06\/mercedes-sprinter-16-seater-bodrum-transfers-airport-shuttle-18x12.png 18w, https:\/\/bodrumluxuryservices.com\/wp-content\/uploads\/2025\/06\/mercedes-sprinter-16-seater-bodrum-transfers-airport-shuttle-460x306.png 460w\" sizes=\"auto, (max-width: 800px) 100vw, 800px\" \/>\n\t\t\t\t\t\t\t\t<span><\/span>\n\t\t\t\t\t\t\t\t\t\t\n\t\t\t\t\t\t\t<\/a>\n\t\t\t\t\t\t\t\t\t\t\t\n\t\t\t\t\t\t<\/div>\n\t\t\t\t\t\n\t\t\t\t\t\t<div class=\"theme-vehicle-list-item-meta\">\n\t\t\t\t\t\t\t<span class=\"theme-icon-meta-user\"><\/span>\n\t\t\t\t\t\t\t<span class=\"theme-circle\">16<\/span>\n\t\t\t\t\t\t\t<span class=\"theme-icon-meta-suitcase\"><\/span>\n\t\t\t\t\t\t\t<span class=\"theme-circle\">16<\/span>\n\t\t\t\t\t\t<\/div>\n\t\t\t\t\t\n\t\t\t\t\t\t<\/div>\n\t\t\t\t\t<\/div><\/div><\/div>\n\t\t\t\t\n\t\t\t\t\t<div class=\"wpb_column vc_column_container vc_col-sm-4\"><div class=\"vc_column-inner\"><div class=\"wpb_wrapper\">\n\t\t\t\t\t\t<div class=\"theme-vehicle-list-item\">\n\t\t\t\t\n\t\t\t\t\t\t<div class=\"theme-vehicle-list-item-image\">\n\t\t\t\t\t\n\t\t\t\t\t\t\t<a href=\"https:\/\/bodrumluxuryservices.com\/pl\/car\/mercedes-benz-e-class\/\" title=\"View vehicle &quot;Mercedes-Benz E Class&quot;.\">\n\t\t\t\t\t\t\n\t\t\t\t\t\t\t\t<span>\n\t\t\t\t\t\t\t\t\t<span class=\"theme-vehicle-list-item-category\">Limuzyna<\/span><span class=\"theme-vehicle-list-item-category\">Luksus<\/span>\n\t\t\t\t\t\t\t\t\t<span class=\"theme-vehicle-list-item-title\">Mercedes-Benz Klasa E<\/span>\n\t\t\t\t\t\t\t\t<\/span>\n\t\t\t\t\t\t\t\t<img loading=\"lazy\" decoding=\"async\" width=\"800\" height=\"533\" src=\"https:\/\/bodrumluxuryservices.com\/wp-content\/uploads\/2017\/11\/mercedes-e-class-limousine-bodrum-transfers-airport-shuttle.png\" class=\"attachment-post-thumbnail size-post-thumbnail wp-post-image\" alt=\"\" srcset=\"https:\/\/bodrumluxuryservices.com\/wp-content\/uploads\/2017\/11\/mercedes-e-class-limousine-bodrum-transfers-airport-shuttle.png 800w, https:\/\/bodrumluxuryservices.com\/wp-content\/uploads\/2017\/11\/mercedes-e-class-limousine-bodrum-transfers-airport-shuttle-300x200.png 300w, https:\/\/bodrumluxuryservices.com\/wp-content\/uploads\/2017\/11\/mercedes-e-class-limousine-bodrum-transfers-airport-shuttle-768x512.png 768w, https:\/\/bodrumluxuryservices.com\/wp-content\/uploads\/2017\/11\/mercedes-e-class-limousine-bodrum-transfers-airport-shuttle-18x12.png 18w, https:\/\/bodrumluxuryservices.com\/wp-content\/uploads\/2017\/11\/mercedes-e-class-limousine-bodrum-transfers-airport-shuttle-460x306.png 460w\" sizes=\"auto, (max-width: 800px) 100vw, 800px\" \/>\n\t\t\t\t\t\t\t\t<span><\/span>\n\t\t\t\t\t\t\t\t\t\t\n\t\t\t\t\t\t\t<\/a>\n\t\t\t\t\t\t\t\t\t\t\t\n\t\t\t\t\t\t<\/div>\n\t\t\t\t\t\n\t\t\t\t\t\t<div class=\"theme-vehicle-list-item-meta\">\n\t\t\t\t\t\t\t<span class=\"theme-icon-meta-user\"><\/span>\n\t\t\t\t\t\t\t<span class=\"theme-circle\">2<\/span>\n\t\t\t\t\t\t\t<span class=\"theme-icon-meta-suitcase\"><\/span>\n\t\t\t\t\t\t\t<span class=\"theme-circle\">2<\/span>\n\t\t\t\t\t\t<\/div>\n\t\t\t\t\t\n\t\t\t\t\t\t<\/div>\n\t\t\t\t\t<\/div><\/div><\/div>\n\t\t\t\t\n\t\t\t\t\t<div class=\"wpb_column vc_column_container vc_col-sm-4\"><div class=\"vc_column-inner\"><div class=\"wpb_wrapper\">\n\t\t\t\t\t\t<div class=\"theme-vehicle-list-item\">\n\t\t\t\t\n\t\t\t\t\t\t<div class=\"theme-vehicle-list-item-image\">\n\t\t\t\t\t\n\t\t\t\t\t\t\t<a href=\"https:\/\/bodrumluxuryservices.com\/pl\/car\/mercedes-benz-s-class\/\" title=\"View vehicle &quot;Mercedes-Benz S Class&quot;.\">\n\t\t\t\t\t\t\n\t\t\t\t\t\t\t\t<span>\n\t\t\t\t\t\t\t\t\t<span class=\"theme-vehicle-list-item-category\">Limuzyna<\/span><span class=\"theme-vehicle-list-item-category\">Luksus<\/span><span class=\"theme-vehicle-list-item-category\">Limuzyna typu stretch<\/span>\n\t\t\t\t\t\t\t\t\t<span class=\"theme-vehicle-list-item-title\">Mercedes-Benz Klasa S<\/span>\n\t\t\t\t\t\t\t\t<\/span>\n\t\t\t\t\t\t\t\t<img loading=\"lazy\" decoding=\"async\" width=\"800\" height=\"533\" src=\"https:\/\/bodrumluxuryservices.com\/wp-content\/uploads\/2017\/11\/mercedes-S-Class-limousine-bodrum-transfers-airport-shuttle.png\" class=\"attachment-post-thumbnail size-post-thumbnail wp-post-image\" alt=\"\" srcset=\"https:\/\/bodrumluxuryservices.com\/wp-content\/uploads\/2017\/11\/mercedes-S-Class-limousine-bodrum-transfers-airport-shuttle.png 800w, https:\/\/bodrumluxuryservices.com\/wp-content\/uploads\/2017\/11\/mercedes-S-Class-limousine-bodrum-transfers-airport-shuttle-300x200.png 300w, https:\/\/bodrumluxuryservices.com\/wp-content\/uploads\/2017\/11\/mercedes-S-Class-limousine-bodrum-transfers-airport-shuttle-768x512.png 768w, https:\/\/bodrumluxuryservices.com\/wp-content\/uploads\/2017\/11\/mercedes-S-Class-limousine-bodrum-transfers-airport-shuttle-18x12.png 18w, https:\/\/bodrumluxuryservices.com\/wp-content\/uploads\/2017\/11\/mercedes-S-Class-limousine-bodrum-transfers-airport-shuttle-460x306.png 460w\" sizes=\"auto, (max-width: 800px) 100vw, 800px\" \/>\n\t\t\t\t\t\t\t\t<span><\/span>\n\t\t\t\t\t\t\t\t\t\t\n\t\t\t\t\t\t\t<\/a>\n\t\t\t\t\t\t\t\t\t\t\t\n\t\t\t\t\t\t<\/div>\n\t\t\t\t\t\n\t\t\t\t\t\t<div class=\"theme-vehicle-list-item-meta\">\n\t\t\t\t\t\t\t<span class=\"theme-icon-meta-user\"><\/span>\n\t\t\t\t\t\t\t<span class=\"theme-circle\">2<\/span>\n\t\t\t\t\t\t\t<span class=\"theme-icon-meta-suitcase\"><\/span>\n\t\t\t\t\t\t\t<span class=\"theme-circle\">2<\/span>\n\t\t\t\t\t\t<\/div>\n\t\t\t\t\t\n\t\t\t\t\t\t<\/div>\n\t\t\t\t\t<\/div><\/div><\/div>\n\t\t\t\t<\/div>\t\t\t\t<\/div>\n\t\t\t<\/div>\n\t\t<\/div><\/div><\/div><\/div><\/div>\n<\/div>","protected":false},"excerpt":{"rendered":"Corporate Travel \u2013 Professional Transport Solutions for Your Business Organizing smooth, punctual, and stylish transportation for your corporate events and business meetings is crucial to making the right impression. Our Corporate Travel services in Bodrum and beyond are designed with executive comfort, privacy, and reliability in mind. From airport pickups to daily conference transfers or [...]","protected":false},"author":1,"featured_media":0,"parent":0,"menu_order":0,"comment_status":"closed","ping_status":"closed","template":"","meta":{"footnotes":""},"class_list":["post-11027","page","type-page","status-publish","hentry"],"_links":{"self":[{"href":"https:\/\/bodrumluxuryservices.com\/pl\/wp-json\/wp\/v2\/pages\/11027","targetHints":{"allow":["GET"]}}],"collection":[{"href":"https:\/\/bodrumluxuryservices.com\/pl\/wp-json\/wp\/v2\/pages"}],"about":[{"href":"https:\/\/bodrumluxuryservices.com\/pl\/wp-json\/wp\/v2\/types\/page"}],"author":[{"embeddable":true,"href":"https:\/\/bodrumluxuryservices.com\/pl\/wp-json\/wp\/v2\/users\/1"}],"replies":[{"embeddable":true,"href":"https:\/\/bodrumluxuryservices.com\/pl\/wp-json\/wp\/v2\/comments?post=11027"}],"version-history":[{"count":5,"href":"https:\/\/bodrumluxuryservices.com\/pl\/wp-json\/wp\/v2\/pages\/11027\/revisions"}],"predecessor-version":[{"id":24112,"href":"https:\/\/bodrumluxuryservices.com\/pl\/wp-json\/wp\/v2\/pages\/11027\/revisions\/24112"}],"wp:attachment":[{"href":"https:\/\/bodrumluxuryservices.com\/pl\/wp-json\/wp\/v2\/media?parent=11027"}],"curies":[{"name":"wp","href":"https:\/\/api.w.org\/{rel}","templated":true}]}}