{"id":11025,"date":"2025-06-05T09:19:06","date_gmt":"2025-06-05T06:19:06","guid":{"rendered":"http:\/\/quanticalabs.com\/wp_themes4\/autoride\/?page_id=11025"},"modified":"2025-08-15T16:43:23","modified_gmt":"2025-08-15T13:43:23","slug":"transfery-z-lotniska-bodrum","status":"publish","type":"page","link":"https:\/\/bodrumluxuryservices.com\/pl\/bodrum-airport-transfers\/","title":{"rendered":"Transfery z lotniska Bodrum"},"content":{"rendered":"<div class=\"wpb-content-wrapper\"><div class=\"vc_row wpb_row vc_row-fluid\"><div class=\"wpb_column vc_column_container vc_col-sm-4\"><div class=\"vc_column-inner\"><div class=\"wpb_wrapper\">\n\t<div  class=\"wpb_single_image wpb_content_element vc_align_left wpb_content_element\">\n\t\t\n\t\t<figure class=\"wpb_wrapper vc_figure\">\n\t\t\t<div class=\"vc_single_image-wrapper   vc_box_border_grey\"><img loading=\"lazy\" decoding=\"async\" width=\"275\" height=\"275\" src=\"https:\/\/bodrumluxuryservices.com\/wp-content\/uploads\/2025\/06\/passenger-reception-bodrum-airport-transfers-shuttle.jpg\" class=\"vc_single_image-img attachment-full\" alt=\"\" title=\"odbi\u00f3r pasa\u017cer\u00f3w-transfery-z-lotniska-bodrum-wahad\u0142owiec\" srcset=\"https:\/\/bodrumluxuryservices.com\/wp-content\/uploads\/2025\/06\/passenger-reception-bodrum-airport-transfers-shuttle.jpg 275w, https:\/\/bodrumluxuryservices.com\/wp-content\/uploads\/2025\/06\/passenger-reception-bodrum-airport-transfers-shuttle-150x150.jpg 150w, https:\/\/bodrumluxuryservices.com\/wp-content\/uploads\/2025\/06\/passenger-reception-bodrum-airport-transfers-shuttle-12x12.jpg 12w\" sizes=\"auto, (max-width: 275px) 100vw, 275px\" \/><\/div>\n\t\t<\/figure>\n\t<\/div>\n<\/div><\/div><\/div><div class=\"wpb_column vc_column_container vc_col-sm-8\"><div class=\"vc_column-inner\"><div class=\"wpb_wrapper\">\r\n            <p class=\"theme-component-paragraph-large theme-component-paragraph-large-style-2 alignleft theme-padding-top-0 theme-padding-bottom-0\">\r\n                Transfery z lotniska w Bodrum (transfery BJV do ADB \u2013 DLM \u2013 AYT i inne)\r\n            <\/p>\r\n        \n\t<div class=\"wpb_text_column wpb_content_element theme-padding-top-30\" >\n\t\t<div class=\"wpb_wrapper\">\n\t\t\t<p>Szukasz niezawodnych i luksusowych transfer\u00f3w z lotniska Bodrum? Oferujemy us\u0142ugi transportu premium z lotniska Milas-Bodrum (BJV) do popularnych miejsc docelowych, takich jak lotnisko Izmir (ADB), lotnisko Dalaman (DLM), lotnisko Antalya (AYT) i najlepsze o\u015brodki, takie jak Bodrum Center, Yal\u0131kavak i G\u00fcll\u00fck.<\/p>\n\n\t\t<\/div>\n\t<\/div>\n<\/div><\/div><\/div><\/div><div class=\"vc_row wpb_row vc_row-fluid\"><div class=\"wpb_column vc_column_container vc_col-sm-12\"><div class=\"vc_column-inner\"><div class=\"wpb_wrapper\">\n\t<div class=\"wpb_text_column wpb_content_element theme-padding-top-30\" >\n\t\t<div class=\"wpb_wrapper\">\n\t\t\t<h4>\u2708\ufe0f Cennik transfer\u00f3w na lotnisko w Bodrum (transfery BJV do ADB \u2013 DLM \u2013 AYT i inne) 2025<\/h4>\n<p>Z naszym <strong>Transfery z lotniska Bodrum<\/strong> Dzi\u0119ki naszej obs\u0142udze, komfortowy i niedrogi transport nigdy nie by\u0142 \u0142atwiejszy. Nasz Standard Vito (do 6 pasa\u017cer\u00f3w) jest dost\u0119pny <strong>ju\u017c od 35 \u20ac<\/strong>, a w przypadku wycieczek lokalnych mo\u017cesz skorzysta\u0107 z <strong>wynajem godzinowy ju\u017c od 12 \u20ac<\/strong>.<\/p>\n<p>Popularne trasy obejmuj\u0105:<\/p>\n<ul>\n<li><strong>BJV do Port lotniczy Izmir Adnan Menderes (ADB)<\/strong><\/li>\n<li><strong>BJV do lotniska Dalaman (DLM)<\/strong><\/li>\n<li><strong>BJV do lotniska w Antalyi (AYT)<\/strong><\/li>\n<li><strong>BJV do G\u00fcll\u00fck<\/strong><\/li>\n<li><strong>BJV do Torby<\/strong><\/li>\n<li><strong>BJV do centrum Bodrum<\/strong><\/li>\n<li><strong>BJV do Yal\u0131kavak<\/strong><\/li>\n<\/ul>\n<p>Koszty przelewu mo\u017cesz \u0142atwo obliczy\u0107 korzystaj\u0105c z naszego <a href=\"\/pl\/rezerwacja\/\"><strong>system rezerwacji online<\/strong><\/a>Alternatywnie, skontaktuj si\u0119 z nami przez WhatsApp, aby uzyska\u0107 <strong>spersonalizowany cytat<\/strong> dostosowane do Twoich potrzeb podr\u00f3\u017cniczych.<\/p>\n<p>Oferujemy transfery lokalne i mi\u0119dzymiastowe z lotniska Bodrum. Zapewniamy profesjonalnych kierowc\u00f3w i komfortowe pojazdy, aby Twoja podr\u00f3\u017c przebieg\u0142a sprawnie i przyjemnie. Rozpocznij podr\u00f3\u017c w komforcie, a my zajmiemy si\u0119 Twoim transportem.<\/p>\n\n\t\t<\/div>\n\t<\/div>\n<\/div><\/div><\/div><\/div><div class=\"vc_row wpb_row vc_row-fluid theme-margin-top-20\"><div class=\"wpb_column vc_column_container vc_col-sm-8\"><div class=\"vc_column-inner\"><div class=\"wpb_wrapper\">\r\n            <p class=\"theme-component-paragraph-large theme-component-paragraph-large-style-2 alignleft theme-padding-top-0 theme-padding-bottom-0\">\r\n                Nasi do\u015bwiadczeni kierowcy oprowadz\u0105 Ci\u0119 po ka\u017cdym mie\u015bcie, w kt\u00f3rym si\u0119 znajdujesz.\r\n            <\/p>\r\n        \n\t<div class=\"wpb_text_column wpb_content_element theme-padding-top-30\" >\n\t\t<div class=\"wpb_wrapper\">\n\t\t\t<p>Niezale\u017cnie od tego, czy potrzebujesz transferu VIP na lotnisko, prywatnego transferu z kierowc\u0105, czy pojazdu dla grupy, dzi\u0119ki naszej nowoczesnej flocie pojazd\u00f3w zapewniamy p\u0142ynn\u0105, stylow\u0105 i punktualn\u0105 podr\u00f3\u017c.<\/p>\n\n\t\t<\/div>\n\t<\/div>\n<\/div><\/div><\/div><div class=\"wpb_column vc_column_container vc_col-sm-4\"><div class=\"vc_column-inner\"><div class=\"wpb_wrapper\">\n\t<div  class=\"wpb_single_image wpb_content_element vc_align_right wpb_content_element\">\n\t\t\n\t\t<figure class=\"wpb_wrapper vc_figure\">\n\t\t\t<div class=\"vc_single_image-wrapper   vc_box_border_grey\"><img loading=\"lazy\" decoding=\"async\" width=\"275\" height=\"275\" src=\"https:\/\/bodrumluxuryservices.com\/wp-content\/uploads\/2025\/06\/passenger-reception-bodrum-airport-transfers-luggages.jpg\" class=\"vc_single_image-img attachment-full\" alt=\"\" title=\"recepcja-pasa\u017cer\u00f3w-bodrum-lotnisko-transfery-baga\u017c\" srcset=\"https:\/\/bodrumluxuryservices.com\/wp-content\/uploads\/2025\/06\/passenger-reception-bodrum-airport-transfers-luggages.jpg 275w, https:\/\/bodrumluxuryservices.com\/wp-content\/uploads\/2025\/06\/passenger-reception-bodrum-airport-transfers-luggages-150x150.jpg 150w, https:\/\/bodrumluxuryservices.com\/wp-content\/uploads\/2025\/06\/passenger-reception-bodrum-airport-transfers-luggages-12x12.jpg 12w\" sizes=\"auto, (max-width: 275px) 100vw, 275px\" \/><\/div>\n\t\t<\/figure>\n\t<\/div>\n<\/div><\/div><\/div><\/div><div class=\"vc_row wpb_row vc_row-fluid theme-column-style-6 theme-padding-bottom-0\"><div class=\"theme-margin-bottom-20 wpb_column vc_column_container vc_col-sm-6\"><div class=\"vc_column-inner\"><div class=\"wpb_wrapper\"><div class=\"theme-component-list theme-component-list-style-2\">\n<ul>\n<li>Profesjonalnie wyszkoleni kierowcy<\/li>\n<li>Transport z pe\u0142nym zakresem us\u0142ug 24\/7<\/li>\n<li>Pojazdy luksusowe, wyj\u0105tkowy komfort<\/li>\n<\/ul>\n<\/div><\/div><\/div><\/div><div class=\"theme-margin-bottom-20 wpb_column vc_column_container vc_col-sm-6\"><div class=\"vc_column-inner\"><div class=\"wpb_wrapper\"><div class=\"theme-component-list theme-component-list-style-2\">\n<ul>\n<li>Zawsze na czas \u2013 Gwarantujemy<\/li>\n<li>Bezproblemowe transfery lotniskowe przez Morze Egejskie<\/li>\n<li>Prywatne przejazdy, wra\u017cenia premium<\/li>\n<\/ul>\n<\/div><\/div><\/div><\/div><\/div><div class=\"vc_row wpb_row vc_row-fluid\"><div class=\"theme-margin-bottom-0 wpb_column vc_column_container vc_col-sm-12\"><div class=\"vc_column-inner\"><div class=\"wpb_wrapper\"><h3 style=\"text-align: center\" class=\"vc_custom_heading vc_do_custom_heading theme-margin-top-60 theme-margin-bottom-50\" >Korzy\u015bci z wynaj\u0119cia luksusowych transfer\u00f3w w Bodrum<\/h3><\/div><\/div><\/div><\/div><div class=\"vc_row wpb_row vc_row-fluid\"><div class=\"theme-margin-bottom-0 wpb_column vc_column_container vc_col-sm-12\"><div class=\"vc_column-inner\"><div class=\"wpb_wrapper\">\n            <div class=\"theme-component-feature theme-component-feature-style-1\">\n                <div class=\"vc_row wpb_row vc_inner vc_row-fluid\"><div class=\"wpb_column vc_column_container vc_col-sm-4\"><div class=\"vc_column-inner\"><div class=\"wpb_wrapper\">\r\n            <div class=\"theme-component-feature-item\">\r\n                <span class=\"theme-icon-feature-check theme-component-feature-item-icon\"><span><\/span><\/span>\r\n                <h4 class=\"theme-component-feature-item-header\">Bezpiecze\u0144stwo przede wszystkim<\/h4><p>Nasze pojazdy i kierowcy spe\u0142niaj\u0105 najwy\u017csze standardy bezpiecze\u0144stwa.<\/p>\n\r\n            <\/div>\r\n        <\/div><\/div><\/div><div class=\"wpb_column vc_column_container vc_col-sm-4\"><div class=\"vc_column-inner\"><div class=\"wpb_wrapper\">\r\n            <div class=\"theme-component-feature-item\">\r\n                <span class=\"theme-icon-feature-wallet theme-component-feature-item-icon\"><span><\/span><\/span>\r\n                <h4 class=\"theme-component-feature-item-header\">Rozs\u0105dne stawki<\/h4><p>Mo\u017cemy zaoferowa\u0107 Ci odpowiedni pojazd w odpowiedniej cenie, dostosowanej do Twojego bud\u017cetu.<\/p>\n\r\n            <\/div>\r\n        <\/div><\/div><\/div><div class=\"wpb_column vc_column_container vc_col-sm-4\"><div class=\"vc_column-inner\"><div class=\"wpb_wrapper\">\r\n            <div class=\"theme-component-feature-item\">\r\n                <span class=\"theme-icon-feature-timetable theme-component-feature-item-icon\"><span><\/span><\/span>\r\n                <h4 class=\"theme-component-feature-item-header\">Punktualno\u015b\u0107<\/h4><p>Gwarantujemy punktualny odbi\u00f3r i bezstresowy przyjazd na lotnisko.<\/p>\n\r\n            <\/div>\r\n        <\/div><\/div><\/div><\/div>\n            <\/div>\n        <\/div><\/div><\/div><\/div><div class=\"vc_row wpb_row vc_row-fluid theme-margin-top-20\"><div class=\"theme-margin-bottom-0 wpb_column vc_column_container vc_col-sm-12\"><div class=\"vc_column-inner\"><div class=\"wpb_wrapper\">\n            <div class=\"theme-component-feature theme-component-feature-style-1\">\n                <div class=\"vc_row wpb_row vc_inner vc_row-fluid\"><div class=\"wpb_column vc_column_container vc_col-sm-4\"><div class=\"vc_column-inner\"><div class=\"wpb_wrapper\">\r\n            <div class=\"theme-component-feature-item\">\r\n                <span class=\"theme-icon-feature-vip theme-component-feature-item-icon\"><span><\/span><\/span>\r\n                <h4 class=\"theme-component-feature-item-header\">Luksusowy komfort<\/h4><p>Odkryj pojazdy najwy\u017cszej klasy dostosowane do potrzeb serwisu premium.<\/p>\n\r\n            <\/div>\r\n        <\/div><\/div><\/div><div class=\"wpb_column vc_column_container vc_col-sm-4\"><div class=\"vc_column-inner\"><div class=\"wpb_wrapper\">\r\n            <div class=\"theme-component-feature-item\">\r\n                <span class=\"theme-icon-feature-price theme-component-feature-item-icon\"><span><\/span><\/span>\r\n                <h4 class=\"theme-component-feature-item-header\">Przyst\u0119pno\u015b\u0107 cenowa<\/h4><p>Oferujemy konkurencyjne ceny, bez \u017cadnych ukrytych op\u0142at.<\/p>\n\r\n            <\/div>\r\n        <\/div><\/div><\/div><div class=\"wpb_column vc_column_container vc_col-sm-4\"><div class=\"vc_column-inner\"><div class=\"wpb_wrapper\">\r\n            <div class=\"theme-component-feature-item\">\r\n                <span class=\"theme-icon-feature-help theme-component-feature-item-icon\"><span><\/span><\/span>\r\n                <h4 class=\"theme-component-feature-item-header\">Niezawodno\u015b\u0107<\/h4><p>Oferujemy konkurencyjne ceny, bez \u017cadnych ukrytych op\u0142at.<\/p>\n\r\n            <\/div>\r\n        <\/div><\/div><\/div><\/div>\n            <\/div>\n        <\/div><\/div><\/div><\/div>\n<\/div>","protected":false},"excerpt":{"rendered":"Bodrum Airport Transfers (BJV Transfers to ADB \u2013 DLM \u2013 AYT &amp; More) Looking for reliable and luxurious Bodrum Airport Transfers? We offer premium transportation services from Milas-Bodrum Airport (BJV) to popular destinations such as Izmir Airport (ADB), Dalaman Airport (DLM), Antalya Airport (AYT), and top resorts like Bodrum Center, Yal\u0131kavak, and G\u00fcll\u00fck. \u2708\ufe0f Bodrum [...]","protected":false},"author":1,"featured_media":0,"parent":0,"menu_order":0,"comment_status":"closed","ping_status":"closed","template":"","meta":{"footnotes":""},"class_list":["post-11025","page","type-page","status-publish","hentry"],"_links":{"self":[{"href":"https:\/\/bodrumluxuryservices.com\/pl\/wp-json\/wp\/v2\/pages\/11025","targetHints":{"allow":["GET"]}}],"collection":[{"href":"https:\/\/bodrumluxuryservices.com\/pl\/wp-json\/wp\/v2\/pages"}],"about":[{"href":"https:\/\/bodrumluxuryservices.com\/pl\/wp-json\/wp\/v2\/types\/page"}],"author":[{"embeddable":true,"href":"https:\/\/bodrumluxuryservices.com\/pl\/wp-json\/wp\/v2\/users\/1"}],"replies":[{"embeddable":true,"href":"https:\/\/bodrumluxuryservices.com\/pl\/wp-json\/wp\/v2\/comments?post=11025"}],"version-history":[{"count":27,"href":"https:\/\/bodrumluxuryservices.com\/pl\/wp-json\/wp\/v2\/pages\/11025\/revisions"}],"predecessor-version":[{"id":24563,"href":"https:\/\/bodrumluxuryservices.com\/pl\/wp-json\/wp\/v2\/pages\/11025\/revisions\/24563"}],"wp:attachment":[{"href":"https:\/\/bodrumluxuryservices.com\/pl\/wp-json\/wp\/v2\/media?parent=11025"}],"curies":[{"name":"wp","href":"https:\/\/api.w.org\/{rel}","templated":true}]}}