{"id":3,"date":"2025-06-02T10:12:46","date_gmt":"2025-06-02T10:12:46","guid":{"rendered":"https:\/\/bodrumluxuryservices.com\/?page_id=3"},"modified":"2026-04-16T10:19:32","modified_gmt":"2026-04-16T07:19:32","slug":"datenschutzrichtlinie","status":"publish","type":"page","link":"https:\/\/bodrumluxuryservices.com\/de\/privacy-policy\/","title":{"rendered":"Datenschutzrichtlinie"},"content":{"rendered":"<p><strong>Letzte Aktualisierung: 01.05.2024<\/strong><\/p>\n\n\n\n<p>Ihre Sicherheit ist uns wichtig. Wir bei <strong>Eraslan Exclusive Travel<\/strong>, achten sehr darauf, die pers\u00f6nlichen Daten, die Sie uns mitteilen, zu sch\u00fctzen.<\/p>\n\n\n\n<p>Als Datenverantwortlicher m\u00f6chten wir Sie mit dieser Datenschutzrichtlinie dar\u00fcber informieren, welche Ihrer personenbezogenen Daten zu welchem Zweck verarbeitet werden, mit wem und warum sie m\u00f6glicherweise geteilt werden, \u00fcber unsere Methoden und rechtlichen Gr\u00fcnde f\u00fcr die Datenverarbeitung und \u00fcber Ihre Rechte in Bezug auf Ihre verarbeiteten Daten.<\/p>\n\n\n\n<p><strong>Erhobene personenbezogene Daten, Erhebungsmethode und Rechtsgrundlage<\/strong><\/p>\n\n\n\n<p>Ihre IP-Adresse und Ihre User-Agent-Informationen werden ausschlie\u00dflich zu Analysezwecken mithilfe von Cookies und \u00e4hnlichen Technologien verarbeitet, sowohl automatisch als auch nicht automatisch. Daten werden teilweise von Drittanbietern wie Analyseanbietern, Werbenetzwerken und Technologieanbietern erhoben. Diese Daten werden basierend auf unserer Servicebeziehung mit Ihnen und unter den Bedingungen der berechtigten Interessenverarbeitung f\u00fcr die Dauer dieser Beziehung erfasst, gespeichert und aktualisiert.<\/p>\n\n\n\n<p><strong>Zweck der Verarbeitung Ihrer personenbezogenen Daten<\/strong><\/p>\n\n\n\n<p>Die von Ihnen \u00fcbermittelten personenbezogenen Daten verarbeiten wir ausschlie\u00dflich f\u00fcr die Durchf\u00fchrung notwendiger Analysen, die Gew\u00e4hrleistung einer optimalen Erbringung unserer Dienstleistungen, die Bereitstellung zug\u00e4nglicher und optimaler Dienstleistungen, die bedarfsgerechte Weiterentwicklung unserer Dienstleistungen, die Anbindung an weitere Dienstleister im Rahmen der gesetzlichen Bestimmungen und die Erf\u00fcllung gesetzlicher Verpflichtungen (z. B. die Weitergabe personenbezogener Daten an Justiz- und Verwaltungsbeh\u00f6rden auf Anfrage). Diese Datenverarbeitung erfolgt nach Bedarf, in angemessener Weise und im Rahmen unseres Dienstleistungsvertrags.<\/p>\n\n\n\n<p><strong>An wen und zu welchen Zwecken k\u00f6nnen erhobene personenbezogene Daten \u00fcbermittelt werden?<\/strong><\/p>\n\n\n\n<p>Ihre personenbezogenen Daten k\u00f6nnen an in- und ausl\u00e4ndische Drittparteien, Institutionen und Organisationen weitergegeben werden, mit denen wir vertragliche oder kooperative Beziehungen unterhalten oder auf Anfrage von Justiz- und Verwaltungsbeh\u00f6rden, sofern die erforderlichen technischen und administrativen Ma\u00dfnahmen ergriffen werden.<\/p>\n\n\n\n<p><strong>Ihre Rechte als Betroffener<\/strong><\/p>\n\n\n\n<p>Gem\u00e4\u00df Artikel 11 des t\u00fcrkischen Gesetzes zum Schutz personenbezogener Daten (KVKK) hat jede Person das Recht, vom Datenverantwortlichen Folgendes anzufordern:<\/p>\n\n\n\n<ul class=\"wp-block-list\">\n<li>Um zu erfahren, ob personenbezogene Daten verarbeitet werden,<\/li>\n\n\n\n<li>Auskunft dar\u00fcber zu verlangen, ob personenbezogene Daten verarbeitet wurden,<\/li>\n\n\n\n<li>Um zu erfahren, zu welchem Zweck personenbezogene Daten verarbeitet werden und ob sie zweckgem\u00e4\u00df verwendet werden,<\/li>\n\n\n\n<li>Um die Drittparteien zu kennen, an die personenbezogene Daten im In- oder Ausland \u00fcbermittelt werden,<\/li>\n\n\n\n<li>Die Berichtigung unvollst\u00e4ndiger oder unrichtiger personenbezogener Daten zu verlangen,<\/li>\n\n\n\n<li>Um die L\u00f6schung oder Vernichtung personenbezogener Daten zu verlangen,<\/li>\n\n\n\n<li>Die Benachrichtigung \u00fcber die gem\u00e4\u00df den Punkten (e) und (f) durchgef\u00fchrten Transaktionen an Dritte, an die personenbezogene Daten \u00fcbermittelt werden, zu verlangen,<\/li>\n\n\n\n<li>Das Eintreten eines Ergebnisses gegen die Person kann durch die Analyse der verarbeiteten Daten ausschlie\u00dflich durch automatisierte Systeme verhindert werden.<\/li>\n\n\n\n<li>Schadensersatz zu fordern, wenn ihnen durch die unrechtm\u00e4\u00dfige Verarbeitung personenbezogener Daten ein Schaden entsteht.<\/li>\n<\/ul>\n\n\n\n<p>Um Ihre Rechte auszu\u00fcben, kontaktieren Sie uns bitte unter&nbsp;<a href=\"mailto:info@bodrumluxuryservices.com\">info@bodrumluxuryservices.com<\/a><\/p>\n\n\n\n<p><strong>Kontakt<\/strong><\/p>\n\n\n\n<p>Sie k\u00f6nnen frei entscheiden, ob Sie der Verarbeitung nur der erforderlichen personenbezogenen Daten gem\u00e4\u00df dieser Datenschutzrichtlinie zustimmen, ausschlie\u00dflich zum Zweck der Bereitstellung von Diensten und der Durchf\u00fchrung von Analysen. Wenn Sie die Website weiterhin nutzen, akzeptieren Sie diese Bedingungen. F\u00fcr weitere Informationen kontaktieren Sie uns bitte unter&nbsp;<a href=\"mailto:info@bodrumluxuryservices.com\">info@bodrumluxuryservices.com<\/a>.<\/p>","protected":false},"excerpt":{"rendered":"<p>Last updated: 01\/05\/2024 Your security is important to us. We, at Eraslan Exclusive Travel, take great care to protect the personal information you share with us. As the data controller, through this Privacy and Personal Data Protection Policy, we aim to inform you about which of your personal data is processed and for what purpose, [&#8230;]<\/p>\n","protected":false},"author":1,"featured_media":0,"parent":0,"menu_order":0,"comment_status":"closed","ping_status":"open","template":"","meta":{"footnotes":""},"class_list":["post-3","page","type-page","status-publish","hentry"],"_links":{"self":[{"href":"https:\/\/bodrumluxuryservices.com\/de\/wp-json\/wp\/v2\/pages\/3","targetHints":{"allow":["GET"]}}],"collection":[{"href":"https:\/\/bodrumluxuryservices.com\/de\/wp-json\/wp\/v2\/pages"}],"about":[{"href":"https:\/\/bodrumluxuryservices.com\/de\/wp-json\/wp\/v2\/types\/page"}],"author":[{"embeddable":true,"href":"https:\/\/bodrumluxuryservices.com\/de\/wp-json\/wp\/v2\/users\/1"}],"replies":[{"embeddable":true,"href":"https:\/\/bodrumluxuryservices.com\/de\/wp-json\/wp\/v2\/comments?post=3"}],"version-history":[{"count":4,"href":"https:\/\/bodrumluxuryservices.com\/de\/wp-json\/wp\/v2\/pages\/3\/revisions"}],"predecessor-version":[{"id":24663,"href":"https:\/\/bodrumluxuryservices.com\/de\/wp-json\/wp\/v2\/pages\/3\/revisions\/24663"}],"wp:attachment":[{"href":"https:\/\/bodrumluxuryservices.com\/de\/wp-json\/wp\/v2\/media?parent=3"}],"curies":[{"name":"wp","href":"https:\/\/api.w.org\/{rel}","templated":true}]}}