{"id":24481,"date":"2025-07-26T22:25:15","date_gmt":"2025-07-26T19:25:15","guid":{"rendered":"https:\/\/bodrumluxuryservices.com\/?page_id=24481"},"modified":"2026-04-16T10:24:30","modified_gmt":"2026-04-16T07:24:30","slug":"fernabsatzvertrag","status":"publish","type":"page","link":"https:\/\/bodrumluxuryservices.com\/de\/distance-sales-agreement\/","title":{"rendered":"Distance Selling Contract"},"content":{"rendered":"<h2 class=\"wp-block-heading\">Fernabsatzvertrag<\/h2>\n\n\n\n<p>This agreement is issued in accordance with the Regulation on Distance Contracts, published in the Official Gazette No. 244675, dated  November 6, 2025<\/p>\n\n\n\n<p><strong>ANGABEN ZUM VERK\u00c4UFER<\/strong><br>Company Name: E ASLAN TUR\u0130ZM ORGAN\u0130ZASYON LTD. STI.<br>Webseite: <a href=\"https:\/\/bodrumluxuryservices.com\/de\/\" class=\"\">https:\/\/bodrumluxuryservices.com<\/a><br>Address: Y\u0131ld\u0131ztepe mah. 162. cadde no:28\/C Alt\u0131nda\u011f-Ankara-Turkey<br>Phone: +90 543 972 06 06<br>Tax Identification Number (VDN.): 3231389355<\/p>\n\n\n\n<p><strong>K\u00c4UFERINFORMATIONEN<\/strong><br>(Vorname, Nachname, Adresse und Kontaktdaten, die vom K\u00e4ufer \u00fcber die Website oder Kommunikationskan\u00e4le \u00fcbermittelt werden, werden als Teil des Vertrags erfasst.)<\/p>\n\n\n\n<p><strong>1. GEGENSTAND<\/strong><br>Gegenstand dieses Vertrags ist die Festlegung der Rechte und Pflichten der Parteien gem\u00e4\u00df den Bestimmungen des Verbraucherschutzgesetzes Nr. 6502 und der Verordnung \u00fcber Fernabsatzvertr\u00e4ge in Bezug auf den Verkauf und die Erbringung des vom Verk\u00e4ufer dem K\u00e4ufer \u00fcber die Website angebotenen VIP-Transferdienstes <a class=\"\" href=\"https:\/\/bodrumluxuryservices.com\/de\/\">https:\/\/bodrumluxuryservices.com<\/a>.<\/p>\n\n\n\n<p><strong>2. SERVICEDETAILS<\/strong><br>Service: VIP-Transport- und Transferservice<br>Reservierungsdatum: Wie vom K\u00e4ufer ausgew\u00e4hlt<br>Abholort: Wie vom K\u00e4ufer angegeben<br>Abgabeort: Wie vom K\u00e4ufer angegeben<br>Preis: Wie auf der Website angezeigt und vor der Zahlung best\u00e4tigt<\/p>\n\n\n\n<p><strong>3. ZAHLUNG<\/strong><br>Der Preis der Dienstleistung wird vom K\u00e4ufer im Voraus mit den auf der Website angegebenen Methoden (Kreditkarte, Bank\u00fcberweisung usw.) bezahlt. Die Reservierung wird erst nach erfolgreicher Zahlung g\u00fcltig.<\/p>\n\n\n\n<p><strong>4. WIDERRUFSRECHT<\/strong><br>Gem\u00e4\u00df Artikel 15 Buchstabe g der Verordnung \u00fcber Fernabsatzvertr\u00e4ge besteht das Widerrufsrecht nicht bei der Erbringung von Dienstleistungen in den Bereichen Unterkunft, Bef\u00f6rderung, Autovermietung, Lieferung von Speisen und Getr\u00e4nken sowie Unterhaltungs- oder Erholungsdienstleistungen, die an einem spezifischen Datum oder in einem spezifischen Zeitraum erbracht werden sollen.<\/p>\n\n\n\n<p>Daher ist der K\u00e4ufer <strong>kann das Widerrufsrecht nicht nutzen<\/strong> f\u00fcr \u00fcber diese Website erworbene Dienste f\u00fcr ein bestimmtes Datum und eine bestimmte Uhrzeit.<\/p>\n\n\n\n<p><strong>5. STORNIERUNG UND R\u00dcCKERSTATTUNG<\/strong><br>Der K\u00e4ufer kann eine Reservierung mindestens stornieren <strong>24 Stunden<\/strong> vor der geplanten Servicezeit und erhalten Sie eine volle R\u00fcckerstattung.<br>Stornierungen vorgenommen <strong>innerhalb von 24 Stunden<\/strong> der geplanten Zeit wird <strong>nicht<\/strong> Anspruch auf eine R\u00fcckerstattung haben.<\/p>\n\n\n\n<p><strong>6. PFLICHTEN DES VERK\u00c4UFERS<\/strong><br>Der Verk\u00e4ufer verpflichtet sich, den Transferservice gem\u00e4\u00df den in diesem Vertrag genannten und auf der Website angegebenen Bedingungen zu erbringen. Im Falle einer Nichterf\u00fcllung aufgrund h\u00f6herer Gewalt (wie z. B. schlechtes Wetter, Naturkatastrophen, Verkehrsunf\u00e4lle usw.) informiert der Verk\u00e4ufer den K\u00e4ufer so schnell wie m\u00f6glich und erstattet die Zahlung vollst\u00e4ndig zur\u00fcck, wenn die Dienstleistung nicht erbracht werden kann.<\/p>\n\n\n\n<p><strong>7. Streitbeilegung<\/strong><br>Bei Streitigkeiten aus diesem Vertrag k\u00f6nnen Beschwerden bei den Verbraucherschlichtungsstellen oder Verbrauchergerichten am Wohnort des K\u00e4ufers oder am Ort der Leistungserbringung eingereicht werden.<\/p>\n\n\n\n<p><strong>8. SCHLUSSBESTIMMUNGEN<\/strong><br>Mit der Best\u00e4tigung der Bestellung auf der Website akzeptiert der K\u00e4ufer alle Bedingungen dieser Vereinbarung. Diese Vereinbarung wird von beiden Parteien elektronisch akzeptiert und gespeichert.<\/p>","protected":false},"excerpt":{"rendered":"<p>Distance Sales Agreement This agreement is issued in accordance with the Regulation on Distance Contracts, published in the Official Gazette No. 244675, dated November 6, 2025 SELLER INFORMATIONCompany Name: E ASLAN TUR\u0130ZM ORGAN\u0130ZASYON LTD. STI.Website: https:\/\/bodrumluxuryservices.comAddress: Y\u0131ld\u0131ztepe mah. 162. cadde no:28\/C Alt\u0131nda\u011f-Ankara-TurkeyPhone: +90 543 972 06 06Tax Identification Number (VDN.): 3231389355 BUYER INFORMATION(Name, Surname, Address, [&#8230;]<\/p>\n","protected":false},"author":1,"featured_media":0,"parent":0,"menu_order":0,"comment_status":"closed","ping_status":"closed","template":"","meta":{"footnotes":""},"class_list":["post-24481","page","type-page","status-publish","hentry"],"_links":{"self":[{"href":"https:\/\/bodrumluxuryservices.com\/de\/wp-json\/wp\/v2\/pages\/24481","targetHints":{"allow":["GET"]}}],"collection":[{"href":"https:\/\/bodrumluxuryservices.com\/de\/wp-json\/wp\/v2\/pages"}],"about":[{"href":"https:\/\/bodrumluxuryservices.com\/de\/wp-json\/wp\/v2\/types\/page"}],"author":[{"embeddable":true,"href":"https:\/\/bodrumluxuryservices.com\/de\/wp-json\/wp\/v2\/users\/1"}],"replies":[{"embeddable":true,"href":"https:\/\/bodrumluxuryservices.com\/de\/wp-json\/wp\/v2\/comments?post=24481"}],"version-history":[{"count":8,"href":"https:\/\/bodrumluxuryservices.com\/de\/wp-json\/wp\/v2\/pages\/24481\/revisions"}],"predecessor-version":[{"id":24667,"href":"https:\/\/bodrumluxuryservices.com\/de\/wp-json\/wp\/v2\/pages\/24481\/revisions\/24667"}],"wp:attachment":[{"href":"https:\/\/bodrumluxuryservices.com\/de\/wp-json\/wp\/v2\/media?parent=24481"}],"curies":[{"name":"wp","href":"https:\/\/api.w.org\/{rel}","templated":true}]}}