{"id":24001,"date":"2025-06-03T21:09:20","date_gmt":"2025-06-03T18:09:20","guid":{"rendered":"https:\/\/bodrumluxuryservices.com\/?page_id=24001"},"modified":"2026-04-16T10:20:52","modified_gmt":"2026-04-16T07:20:52","slug":"cookie-richtlinie","status":"publish","type":"page","link":"https:\/\/bodrumluxuryservices.com\/de\/cookie-policy\/","title":{"rendered":"Cookie-Richtlinie"},"content":{"rendered":"<p><strong>Letzte Aktualisierung: 07.11.2024<\/strong><\/p>\n\n\n\n<p>Bei Evolution Limousine hat Ihre Sicherheit f\u00fcr uns oberste Priorit\u00e4t. Mit dieser Cookie-Richtlinie m\u00f6chten wir Sie dar\u00fcber informieren, welche Cookies wir auf unserer Website verwenden, zu welchen Zwecken und wie Sie Ihre Cookie-Einstellungen \u00e4ndern k\u00f6nnen.<\/p>\n\n\n\n<p>Um Ihnen einen besseren Service zu bieten, verwenden wir Cookies, um Ihnen einen kurzen \u00dcberblick dar\u00fcber zu geben, welche personenbezogenen Daten erhoben, verarbeitet und wie wir sie verarbeiten, mit einem Verweis auf unsere\u00a0<a href=\"https:\/\/bodrumluxuryservices.com\/de\/datenschutzrichtlinie\/\" data-type=\"page\" data-id=\"3\">Datenschutzrichtlinie<\/a>\u00a0f\u00fcr weitere Einzelheiten oder um uns direkt zu kontaktieren.<\/p>\n\n\n\n<p><strong>Was sind Cookies?<\/strong><\/p>\n\n\n\n<p>Cookies sind kleine Dateien, die auf Ihrem Ger\u00e4t gespeichert werden, um Ihr Erlebnis beim Surfen auf Websites zu verbessern. Da Cookies Benutzerinformationen verarbeiten, ist dies f\u00fcr die&nbsp;<a href=\"https:\/\/www.mevzuat.gov.tr\/mevzuat?MevzuatNo=6698&amp;MevzuatTur=1&amp;MevzuatTertip=5\" target=\"_blank\" rel=\"noreferrer noopener\">T\u00fcrkisches Gesetz zum Schutz personenbezogener Daten<\/a>&nbsp;Nr. 6698, dass Benutzer informiert werden und ihre Zustimmung zur Datenverarbeitung geben.<\/p>\n\n\n\n<p>Um Ihnen, unseren Besuchern, das beste Erlebnis auf unserer Website zu bieten, verwenden wir verschiedene Cookies, um die Qualit\u00e4t und Effizienz Ihrer Interaktion zu verbessern.<\/p>\n\n\n\n<p><strong>Arten von Cookies, die wir verwenden:<\/strong><\/p>\n\n\n\n<ol class=\"wp-block-list\">\n<li><strong>Notwendige Cookies<\/strong><br>Notwendige Cookies erm\u00f6glichen grundlegende Funktionen und sind f\u00fcr die einwandfreie Funktion der Website erforderlich. Ohne diese Cookies funktioniert die Website m\u00f6glicherweise nicht richtig.<\/li>\n\n\n\n<li><strong>Leistungs-Cookies<\/strong><br>Performance-Cookies erfassen anonyme Daten dar\u00fcber, wie Besucher unsere Website nutzen und erm\u00f6glichen uns so, die Leistung der Website zu verbessern.<\/li>\n\n\n\n<li><strong>Funktionelle Cookies<\/strong><br>Funktionale Cookies erm\u00f6glichen es unserer Website, Benutzer bei zuk\u00fcnftigen Besuchen auf der Grundlage fr\u00fcherer Interaktionen wiederzuerkennen und so ein personalisiertes Erlebnis mit Sprache, Region und \u00e4hnlichen Einstellungen zu bieten.<\/li>\n\n\n\n<li><strong>Werbe-Cookies<\/strong><br>Werbe-Cookies, oft von Drittanbietern, \u00fcberwachen das Besucherverhalten, um den Nutzern relevante Werbung anzuzeigen. Die Verantwortung f\u00fcr diese Cookies liegt bei den Drittanbietern.<\/li>\n<\/ol>\n\n\n\n<p><strong>Welche personenbezogenen Daten werden durch Cookies verarbeitet?<\/strong><\/p>\n\n\n\n<p>Personenbezogene Daten wie Identit\u00e4t (Vorname, Nachname, Geburtsdatum usw.) und Kontaktdaten (Adresse, E-Mail, Telefonnummer, IP-Adresse, Standort usw.) k\u00f6nnen \u00fcber Cookies erfasst werden. Diese Daten, die teilweise \u00fcber Analyseanbieter, Werbenetzwerke und andere Technologieanbieter erhoben werden, werden gem\u00e4\u00df unserer Vertragsbeziehung und unseren gesetzlichen Verpflichtungen auf Grundlage der Verarbeitung berechtigter Interessen erfasst, gespeichert und aktualisiert.<\/p>\n\n\n\n<p><strong>Warum werden Cookies verwendet?<\/strong><\/p>\n\n\n\n<p>Cookies auf unserer Website dienen unter anderem der Erh\u00f6hung der Sicherheit durch Betrugserkennung, der Verbesserung von Funktionalit\u00e4t und Leistung entsprechend den Nutzerpr\u00e4ferenzen, der Entwicklung und Personalisierung unserer Produkte und Dienstleistungen sowie der Erleichterung des Zugangs zu diesen Diensten. Dar\u00fcber hinaus dienen Werbe-Cookies und der Informationsaustausch mit Dritten dazu, den Nutzern den Zugang zu weiteren Dienstanbietern zu erm\u00f6glichen.<\/p>\n\n\n\n<p><strong>Verwaltung von Cookies<\/strong><\/p>\n\n\n\n<p>Sie k\u00f6nnen Ihre Cookie-Einstellungen in Ihren Browsereinstellungen verwalten und Cookies jederzeit l\u00f6schen oder blockieren. Weitere Informationen finden Sie in unserer Datenschutzrichtlinie oder kontaktieren Sie uns unter <a href=\"mailto:info@bodrumluxuryservices.com\">info@bodrumluxuryservices.com<\/a><\/p>\n\n\n\n<p>Ihre Auswahl bez\u00fcglich der Verwendung von Cookies wird wirksam, sobald Sie auf unsere Website zugreifen, und Sie k\u00f6nnen sie jederzeit \u00e4ndern.<\/p>","protected":false},"excerpt":{"rendered":"<p>Last updated: 07\/11\/2024 As Evolution Limousine, we prioritize your security, and through this Cookie Policy, we aim to inform you about which cookies we use on our website, for what purposes, and how you can modify your cookie settings. To better serve you, we use cookies to provide a brief overview of what personal data [&#8230;]<\/p>\n","protected":false},"author":1,"featured_media":0,"parent":0,"menu_order":0,"comment_status":"closed","ping_status":"closed","template":"","meta":{"footnotes":""},"class_list":["post-24001","page","type-page","status-publish","hentry"],"_links":{"self":[{"href":"https:\/\/bodrumluxuryservices.com\/de\/wp-json\/wp\/v2\/pages\/24001","targetHints":{"allow":["GET"]}}],"collection":[{"href":"https:\/\/bodrumluxuryservices.com\/de\/wp-json\/wp\/v2\/pages"}],"about":[{"href":"https:\/\/bodrumluxuryservices.com\/de\/wp-json\/wp\/v2\/types\/page"}],"author":[{"embeddable":true,"href":"https:\/\/bodrumluxuryservices.com\/de\/wp-json\/wp\/v2\/users\/1"}],"replies":[{"embeddable":true,"href":"https:\/\/bodrumluxuryservices.com\/de\/wp-json\/wp\/v2\/comments?post=24001"}],"version-history":[{"count":3,"href":"https:\/\/bodrumluxuryservices.com\/de\/wp-json\/wp\/v2\/pages\/24001\/revisions"}],"predecessor-version":[{"id":24664,"href":"https:\/\/bodrumluxuryservices.com\/de\/wp-json\/wp\/v2\/pages\/24001\/revisions\/24664"}],"wp:attachment":[{"href":"https:\/\/bodrumluxuryservices.com\/de\/wp-json\/wp\/v2\/media?parent=24001"}],"curies":[{"name":"wp","href":"https:\/\/api.w.org\/{rel}","templated":true}]}}