{"id":23633,"date":"2025-06-05T09:24:36","date_gmt":"2025-06-05T06:24:36","guid":{"rendered":"http:\/\/quanticalabs.com\/wp_themes4\/autoride\/?page_id=19"},"modified":"2025-06-08T01:06:22","modified_gmt":"2025-06-07T22:06:22","slug":"unsere-bodrum-luxus-services","status":"publish","type":"page","link":"https:\/\/bodrumluxuryservices.com\/de\/our-bodrum-luxury-services\/","title":{"rendered":"Unsere Bodrum Luxus-Services"},"content":{"rendered":"<div class=\"wpb-content-wrapper\"><div class=\"vc_row wpb_row vc_row-fluid theme-margin-bottom-60\"><div class=\"wpb_column vc_column_container vc_col-sm-6\"><div class=\"vc_column-inner\"><div class=\"wpb_wrapper\"><h3 style=\"text-align: left\" class=\"vc_custom_heading vc_do_custom_heading\" >Bodrum Transportdienste<\/h3>\n\t<div class=\"wpb_text_column wpb_content_element\" >\n\t\t<div class=\"wpb_wrapper\">\n\t\t\t<p><strong data-start=\"114\" data-end=\"140\">Bodrum Luxus-Services<\/strong> bietet seit 2015 Premium-Fahrdienste in der Region Bodrum an. Was als kleines Transferunternehmen begann, hat sich stetig zu einem vertrauensw\u00fcrdigen Namen im Bereich Luxus- und Privattransporte entwickelt. Mit unserem starken Engagement f\u00fcr Komfort, P\u00fcnktlichkeit und Kundenzufriedenheit haben wir Tausende von Kunden \u2013 von Familien im Urlaub bis hin zu Gesch\u00e4ftsreisenden \u2013 mit Stolz bedient und f\u00fcr ein reibungsloses Reiseerlebnis gesorgt. Unsere professionell ausgebildeten Chauffeure, unsere vielf\u00e4ltige Flotte hochwertiger Fahrzeuge und unser pers\u00f6nlicher Service machen uns zur bevorzugten Wahl f\u00fcr anspruchsvolle Reisende, die mehr als nur eine Fahrt suchen.<\/p>\n\n\t\t<\/div>\n\t<\/div>\n<\/div><\/div><\/div><div class=\"wpb_column vc_column_container vc_col-sm-6\"><div class=\"vc_column-inner\"><div class=\"wpb_wrapper\">\n            <div class=\"theme-component-blockquote theme-component-blockquote-style-2\">\n                <span class=\"theme-icon-meta-quote\"><\/span>\n                <blockquote>Ich habe dieses Unternehmen 1995 mit der Vision gegr\u00fcndet, Luxus-Transportdienstleistungen h\u00f6chster Qualit\u00e4t anzubieten. Ich lade Sie ein, unseren Service auszuprobieren, und garantiere Ihnen eine rundum zufriedene Erfahrung.<br \/>\n<\/blockquote>\n                <div>Vorsitzender und CEO<\/div>\n            <\/div>\n        <\/div><\/div><\/div><\/div><div data-vc-full-width=\"true\" data-vc-full-width-temp=\"true\" data-vc-full-width-init=\"false\" class=\"vc_row wpb_row vc_row-fluid theme-column-style-2 theme-padding-bottom-0 vc_custom_1576584180851 vc_row-has-fill\"><div class=\"wpb_column vc_column_container vc_col-sm-12\"><div class=\"vc_column-inner\"><div class=\"wpb_wrapper\">\r\n            <p class=\"theme-component-paragraph-large theme-component-paragraph-large-style-2 aligncenter theme-margin-bottom-60\">\r\n                Die perfekte Fahrzeugsammlung \u2013<br \/>\nW\u00e4hlen Sie unseren Service f\u00fcr jeden Anlass\r\n            <\/p>\r\n        <div class=\"vc_row wpb_row vc_row-fluid\"><div class=\"wpb_column vc_column_container vc_col-sm-12\"><div class=\"vc_column-inner\"><div class=\"wpb_wrapper\">\n            <div data-column_count=\"2\" class=\"theme-component-gallery theme-component-gallery-type-1 theme-component-gallery-effect-type-2\">\n                <ul>\n                    \r\n            <li class=\"theme-component-gallery-item-width-50\">\r\n                <a data-fancybox-group=\"autoride-gallery-1\" href=\"\/de\/bodrum-flughafentransfers\/\">\r\n                    <img decoding=\"async\" src=\"https:\/\/bodrumluxuryservices.com\/wp-content\/uploads\/2022\/11\/bodrum-airport-transfers-vip-bjv-adb-ayt-dlm.webp\" alt=\"Image\"\/>\r\n                    <span><span><\/span><span>BODRUM FLUGHAFENTRANSFERS<\/span><\/span>\r\n                    <i><\/i>\r\n                <\/a>\r\n            <\/li>\r\n        \r\n            <li class=\"theme-component-gallery-item-width-50\">\r\n                <a data-fancybox-group=\"autoride-gallery-1\" href=\"\/de\/bodrum-yachtcharter\/\">\r\n                    <img decoding=\"async\" src=\"https:\/\/bodrumluxuryservices.com\/wp-content\/uploads\/2022\/11\/yacht-charter-in-bodrum-prices.webp\" alt=\"Image\"\/>\r\n                    <span><span><\/span><span>BODRUM YACHT CHARTER<\/span><\/span>\r\n                    <i><\/i>\r\n                <\/a>\r\n            <\/li>\r\n        \r\n            <li class=\"theme-component-gallery-item-width-50\">\r\n                <a data-fancybox-group=\"autoride-gallery-1\" href=\"\/de\/bodrum-geschaftsreisen\/\">\r\n                    <img decoding=\"async\" src=\"https:\/\/bodrumluxuryservices.com\/wp-content\/uploads\/2022\/11\/bodrum-corporate-travel-thumb.jpg\" alt=\"Image\"\/>\r\n                    <span><span><\/span><span>BODRUM FIRMENREISEN<\/span><\/span>\r\n                    <i><\/i>\r\n                <\/a>\r\n            <\/li>\r\n        \r\n            <li class=\"theme-component-gallery-item-width-25\">\r\n                <a data-fancybox-group=\"autoride-gallery-1\" href=\"\/de\/bodrum-reiseziele\/\">\r\n                    <img decoding=\"async\" src=\"https:\/\/bodrumluxuryservices.com\/wp-content\/uploads\/2022\/11\/bodrum-destinations.webp\" alt=\"Image\"\/>\r\n                    <span><span><\/span><span>BODRUM REISEZIELE<\/span><\/span>\r\n                    <i><\/i>\r\n                <\/a>\r\n            <\/li>\r\n        \r\n            <li class=\"theme-component-gallery-item-width-25\">\r\n                <a data-fancybox-group=\"autoride-gallery-1\" href=\"\/de\/bodrum-jet-transfers\/\">\r\n                    <img decoding=\"async\" src=\"https:\/\/bodrumluxuryservices.com\/wp-content\/uploads\/2022\/11\/bodrum-jet-flight-transfers-thumb.jpg\" alt=\"Image\"\/>\r\n                    <span><span><\/span><span>BODRUM JET TRANSFERS<\/span><\/span>\r\n                    <i><\/i>\r\n                <\/a>\r\n            <\/li>\r\n        \n                <\/ul>\n            <\/div>\n        <\/div><\/div><\/div><\/div><\/div><\/div><\/div><\/div><div class=\"vc_row-full-width vc_clearfix\"><\/div>\n<\/div>","protected":false},"excerpt":{"rendered":"Bodrum Transportation Services Bodrum Luxury Services has been offering premium car services in the Bodrum area since 2015. What started as a boutique transfer company has steadily grown into a trusted name in luxury and private transportation. With a strong commitment to comfort, punctuality, and customer satisfaction, we have proudly served thousands of clients \u2014 [...]","protected":false},"author":1,"featured_media":0,"parent":0,"menu_order":0,"comment_status":"closed","ping_status":"closed","template":"","meta":{"footnotes":""},"class_list":["post-23633","page","type-page","status-publish","hentry"],"_links":{"self":[{"href":"https:\/\/bodrumluxuryservices.com\/de\/wp-json\/wp\/v2\/pages\/23633","targetHints":{"allow":["GET"]}}],"collection":[{"href":"https:\/\/bodrumluxuryservices.com\/de\/wp-json\/wp\/v2\/pages"}],"about":[{"href":"https:\/\/bodrumluxuryservices.com\/de\/wp-json\/wp\/v2\/types\/page"}],"author":[{"embeddable":true,"href":"https:\/\/bodrumluxuryservices.com\/de\/wp-json\/wp\/v2\/users\/1"}],"replies":[{"embeddable":true,"href":"https:\/\/bodrumluxuryservices.com\/de\/wp-json\/wp\/v2\/comments?post=23633"}],"version-history":[{"count":3,"href":"https:\/\/bodrumluxuryservices.com\/de\/wp-json\/wp\/v2\/pages\/23633\/revisions"}],"predecessor-version":[{"id":24113,"href":"https:\/\/bodrumluxuryservices.com\/de\/wp-json\/wp\/v2\/pages\/23633\/revisions\/24113"}],"wp:attachment":[{"href":"https:\/\/bodrumluxuryservices.com\/de\/wp-json\/wp\/v2\/media?parent=23633"}],"curies":[{"name":"wp","href":"https:\/\/api.w.org\/{rel}","templated":true}]}}