{"id":23632,"date":"2025-06-05T09:24:11","date_gmt":"2025-06-05T06:24:11","guid":{"rendered":"http:\/\/quanticalabs.com\/wp_themes4\/autoride\/?page_id=17"},"modified":"2026-04-16T10:12:35","modified_gmt":"2026-04-16T07:12:35","slug":"uber-uns","status":"publish","type":"page","link":"https:\/\/bodrumluxuryservices.com\/de\/about-us\/","title":{"rendered":"\u00dcber uns"},"content":{"rendered":"<div class=\"wpb-content-wrapper\"><div class=\"vc_row wpb_row vc_row-fluid\"><div class=\"wpb_column vc_column_container vc_col-sm-12\"><div class=\"vc_column-inner\"><div class=\"wpb_wrapper\"><h2 style=\"text-align: left;font-family:Abril Fatface;font-weight:400;font-style:normal\" class=\"vc_custom_heading vc_do_custom_heading\" >Eraslan Exclusive Travel<\/h2>\n\t<div class=\"wpb_text_column wpb_content_element\" >\n\t\t<div class=\"wpb_wrapper\">\n\t\t\t<p>Y\u0131ld\u0131ztepe mahallesi, 162. cadde 28\/C<br \/>\n06140 Alt\u0131nda\u011f\/Ankara TURKEY<\/p>\n\n\t\t<\/div>\n\t<\/div>\n<\/div><\/div><\/div><\/div><div class=\"vc_row wpb_row vc_row-fluid theme-margin-bottom-50\"><div class=\"wpb_column vc_column_container vc_col-sm-6\"><div class=\"vc_column-inner\"><div class=\"wpb_wrapper\">\r\n            <p class=\"theme-component-paragraph-large theme-component-paragraph-large-style-2 alignleft\">\r\n                Bei Bodrum Luxury Services sind wir stolz darauf,<br \/>\nUmfassende Dienstleistungen zur Erf\u00fcllung aller Ihrer Anforderungen mit erstklassiger Kundenbetreuung.\r\n            <\/p>\r\n        <\/div><\/div><\/div><div class=\"wpb_column vc_column_container vc_col-sm-6\"><div class=\"vc_column-inner\"><div class=\"wpb_wrapper\">\r\n            <p class=\"theme-component-paragraph-large theme-component-paragraph-large-style-2 alignleft\">\r\n                Dank unseres au\u00dfergew\u00f6hnlichen Service und unserer Sorgfalt haben wir uns zum f\u00fchrenden Anbieter von Bodentransporten in der Region entwickelt. Unser Ziel ist es, Ihre Reisen sicher, m\u00fchelos und p\u00fcnktlich zu gestalten.\r\n            <\/p>\r\n        <\/div><\/div><\/div><\/div><div data-vc-full-width=\"true\" data-vc-full-width-temp=\"true\" data-vc-full-width-init=\"false\" class=\"vc_row wpb_row vc_row-fluid theme-background-color-7 theme-padding-top-100 theme-padding-bottom-20\"><div class=\"wpb_column vc_column_container vc_col-sm-12\"><div class=\"vc_column-inner\"><div class=\"wpb_wrapper\">\r\n            <div class=\"theme-component-header-subheader aligncenter\">\r\n                <div class=\"theme-component-header-subheader-subheader\">Engagement f\u00fcr die Arbeit<\/div>\r\n                <h2 class=\"theme-component-header-subheader-header\">Unsere Kompetenzen<\/h2>\r\n            <\/div>\r\n        \n            <div class=\"theme-component-feature-image-list\">\n                <div class=\"vc_row wpb_row vc_inner vc_row-fluid\"><div class=\"wpb_column vc_column_container vc_col-sm-6\"><div class=\"vc_column-inner\"><div class=\"wpb_wrapper\">\r\n            <div class=\"theme-component-feature-image-list-item\">\r\n                <div class=\"theme-component-feature-image-list-item-image\">\r\n                    <img decoding=\"async\" src=\"https:\/\/bodrumluxuryservices.com\/wp-content\/uploads\/2019\/10\/image_06.jpg\" alt=\"Image\">\r\n                    <span><span class=\"theme-icon-feature-city-2\"><\/span><\/span>\r\n                    <div><\/div>\r\n                <\/div>\r\n                <div class=\"theme-component-feature-image-list-item-content\"><h4>PROFESSIONALIT\u00c4T<\/h4><p>Unsere erfahrenen Mitarbeiter und hochprofessionellen Chauffeure stehen f\u00fcr sicheren und zuverl\u00e4ssigen Transport, hervorragenden Kundenservice und faire Preise. Wir verf\u00fcgen \u00fcber interne Disponenten, die unsere Kunden unterst\u00fctzen.<\/p><\/div>\r\n            <\/div>\r\n        <\/div><\/div><\/div><div class=\"wpb_column vc_column_container vc_col-sm-6\"><div class=\"vc_column-inner\"><div class=\"wpb_wrapper\">\r\n            <div class=\"theme-component-feature-image-list-item\">\r\n                <div class=\"theme-component-feature-image-list-item-image\">\r\n                    <img decoding=\"async\" src=\"https:\/\/bodrumluxuryservices.com\/wp-content\/uploads\/2019\/10\/image_07.jpg\" alt=\"Image\">\r\n                    <span><span class=\"theme-icon-feature-compass\"><\/span><\/span>\r\n                    <div><\/div>\r\n                <\/div>\r\n                <div class=\"theme-component-feature-image-list-item-content\"><h4>ENGAGEMENT<\/h4><p>Unser B\u00fcro ist rund um die Uhr an sieben Tagen in der Woche ge\u00f6ffnet. Wir sorgen f\u00fcr einen reibungslosen Ablauf \u2013 egal, ob Sie gesch\u00e4ftlich oder privat, in der N\u00e4he Ihres Zuhauses oder in einer neuen Stadt ein Fahrzeug mit Chauffeur ben\u00f6tigen. Wir sind immer f\u00fcr Sie da. <\/p><\/div>\r\n            <\/div>\r\n        <\/div><\/div><\/div><\/div>\n            <\/div>\n        <\/div><\/div><\/div><\/div><div class=\"vc_row-full-width vc_clearfix\"><\/div><div data-vc-full-width=\"true\" data-vc-full-width-temp=\"true\" data-vc-full-width-init=\"false\" class=\"vc_row wpb_row vc_row-fluid theme-section-background-image-fixed vc_custom_1576582685027 vc_row-has-fill\"><div class=\"theme-column-style-2 theme-padding-bottom-60 wpb_column vc_column_container vc_col-sm-12\"><div class=\"vc_column-inner\"><div class=\"wpb_wrapper\">\n            <div class=\"theme-component-call-to-action theme-component-call-to-action-style-1 aligncenter\">\n                <div class=\"theme-component-call-to-action-box\">\n                    <span class=\"theme-icon-feature-lighthouse theme-component-call-to-action-icon\"><span><\/span><\/span>\n                    <h4 class=\"theme-component-call-to-action-header\">IHRE N\u00c4CHSTE REISE MIT UNS?<\/h4>\n                    <p class=\"theme-component-call-to-action-subheader\">Nutzen Sie unser Online-Tool zur Berechnung<br \/>\ndie Gesamtkosten Ihrer Fahrt<\/p>\n                    \r\n            <div class=\"theme-component-button theme-component-button-style-2 alignleft theme-component-call-to-action-button\">\r\n                <a href=\"\/de\/buchung\/\" target=\"_self\">\r\n                    Jetzt berechnen\r\n                <\/a>\r\n            <\/div>\r\n        \n                <\/div>\n            <\/div>\n        <\/div><\/div><\/div><\/div><div class=\"vc_row-full-width vc_clearfix\"><\/div><div class=\"vc_row wpb_row vc_row-fluid theme-column-style-2 theme-padding-bottom-60\"><div class=\"wpb_column vc_column_container vc_col-sm-6\"><div class=\"vc_column-inner\"><div class=\"wpb_wrapper\"><h3 style=\"text-align: left\" class=\"vc_custom_heading vc_do_custom_heading\" >Unser Hauptsitz befindet sich in Istanbul und wir haben Zweigstellen in BODRUM.<\/h3>\n\t<div class=\"wpb_text_column wpb_content_element\" >\n\t\t<div class=\"wpb_wrapper\">\n\t\t\t<p>Mit jahrelanger Erfahrung im Luxustransport und Yachtcharter bieten wir Ihnen ein nahtloses Reiseerlebnis, das auf Ihren Komfort zugeschnitten ist. Von privaten Fahrzeugen mit Chauffeur bis hin zu exklusiven Yachtreisen garantieren wir Eleganz, Zuverl\u00e4ssigkeit und Diskretion in jedem Detail.<\/p>\n\n\t\t<\/div>\n\t<\/div>\n<h4 style=\"text-align: left\" class=\"vc_custom_heading vc_do_custom_heading theme-margin-top-50 theme-margin-bottom-30\" >Warum Uns W\u00e4hlen<\/h4><div class=\"theme-component-list theme-component-list-style-2\">\n<ul>\n<li>Professionell ausgebildete Chauffeure<\/li>\n<li>24\/7 Full-Service-Transport<\/li>\n<li>Fachm\u00e4nnisch koordinierte Gesch\u00e4ftsreisel\u00f6sungen<\/li>\n<li>Langj\u00e4hrige Sicherheitsbilanz<\/li>\n<li>Premium-Reiseziele wie Bodrum, G\u00f6cek, Marmaris und Fethiye<\/li>\n<\/ul>\n<\/div><\/div><\/div><\/div><div class=\"wpb_column vc_column_container vc_col-sm-6\"><div class=\"vc_column-inner\"><div class=\"wpb_wrapper\">\n\t<div  class=\"wpb_single_image wpb_content_element vc_align_left wpb_content_element\">\n\t\t\n\t\t<figure class=\"wpb_wrapper vc_figure\">\n\t\t\t<div class=\"vc_single_image-wrapper   vc_box_border_grey\"><img loading=\"lazy\" decoding=\"async\" width=\"1050\" height=\"700\" src=\"https:\/\/bodrumluxuryservices.com\/wp-content\/uploads\/2025\/06\/bodrum-private-transfer-services-luxury-vito-airports-milas-mugla-bjv.jpg\" class=\"vc_single_image-img attachment-full\" alt=\"\" title=\"Bodrum-Privattransfer-Services-Luxus-Vito-Flugh\u00e4fen-Milas-Mugla-BJV\" srcset=\"https:\/\/bodrumluxuryservices.com\/wp-content\/uploads\/2025\/06\/bodrum-private-transfer-services-luxury-vito-airports-milas-mugla-bjv.jpg 1050w, https:\/\/bodrumluxuryservices.com\/wp-content\/uploads\/2025\/06\/bodrum-private-transfer-services-luxury-vito-airports-milas-mugla-bjv-300x200.jpg 300w, https:\/\/bodrumluxuryservices.com\/wp-content\/uploads\/2025\/06\/bodrum-private-transfer-services-luxury-vito-airports-milas-mugla-bjv-1024x683.jpg 1024w, https:\/\/bodrumluxuryservices.com\/wp-content\/uploads\/2025\/06\/bodrum-private-transfer-services-luxury-vito-airports-milas-mugla-bjv-768x512.jpg 768w, https:\/\/bodrumluxuryservices.com\/wp-content\/uploads\/2025\/06\/bodrum-private-transfer-services-luxury-vito-airports-milas-mugla-bjv-18x12.jpg 18w, https:\/\/bodrumluxuryservices.com\/wp-content\/uploads\/2025\/06\/bodrum-private-transfer-services-luxury-vito-airports-milas-mugla-bjv-460x306.jpg 460w, https:\/\/bodrumluxuryservices.com\/wp-content\/uploads\/2025\/06\/bodrum-private-transfer-services-luxury-vito-airports-milas-mugla-bjv-800x533.jpg 800w, https:\/\/bodrumluxuryservices.com\/wp-content\/uploads\/2025\/06\/bodrum-private-transfer-services-luxury-vito-airports-milas-mugla-bjv-600x400.jpg 600w\" sizes=\"auto, (max-width: 1050px) 100vw, 1050px\" \/><\/div>\n\t\t<\/figure>\n\t<\/div>\n<\/div><\/div><\/div><\/div><div data-vc-full-width=\"true\" data-vc-full-width-temp=\"true\" data-vc-full-width-init=\"false\" data-vc-stretch-content=\"true\" class=\"vc_row wpb_row vc_row-fluid vc_row-no-padding vc_row-o-equal-height vc_row-flex\"><div class=\"theme-column-style-1 theme-background-color-7 wpb_column vc_column_container vc_col-sm-12\"><div class=\"vc_column-inner\"><div class=\"wpb_wrapper\">\n            <div class=\"theme-component-testimonial-list theme-component-testimonial-list-style-2\">\n                <div>\n                    \n            <div class=\"theme-component-testimonial-list-item\">\n                <span class=\"theme-icon-feature-testimonials-2\"><span><\/span><\/span>\n                <p>Ich bin mit Ihrem Transport mehr als zufrieden. Er war gro\u00dfartig und Ihr Auto war fantastisch. Vielen Dank f\u00fcr Ihren tollen Service. Ich werde Sie weiterhin an Freunde und Familie weiterempfehlen.<\/p>\n                <div>Betty Finsen<\/div>\n            <\/div>\n        \n            <div class=\"theme-component-testimonial-list-item\">\n                <span class=\"theme-icon-feature-testimonials-2\"><span><\/span><\/span>\n                <p>Tolle Erfahrung mit diesem Unternehmen. Ich habe schon viele andere in Bodrum genutzt, aber dieses war mit Abstand das Beste. Ihr habt unsere Reise so einfach gemacht. Toller Kundenservice, wundervolle Fahrer und mit Abstand das beste und g\u00fcnstigste Transportunternehmen, das ich je genutzt habe. Vielen Dank!<\/p>\n                <div>Mark Webster<\/div>\n            <\/div>\n        \n            <div class=\"theme-component-testimonial-list-item\">\n                <span class=\"theme-icon-feature-testimonials-2\"><span><\/span><\/span>\n                <p>Ich habe BLS beauftragt, mich mit ihrer Limousine vom Flughafen abzuholen. Ich war gerade von einer langen Reise in Ayutthaya zur\u00fcckgekommen und sehr m\u00fcde. Der Fahrer war p\u00fcnktlich und \u00e4u\u00dferst zuvorkommend, und ich hatte \u00fcberhaupt keine Probleme. Toller Service!<\/p>\n                <div>Kevin Foster<\/div>\n            <\/div>\n        \n            <div class=\"theme-component-testimonial-list-item\">\n                <span class=\"theme-icon-feature-testimonials-2\"><span><\/span><\/span>\n                <p>Das ist der beste Service, den ich bisher erlebt habe. Der Fahrer war p\u00fcnktlich und sehr hilfsbereit und kannte die Stadt gut. Dank seiner F\u00e4higkeiten konnte er Staus vermeiden. Ich werde Bodrum Luxury Services allen meinen Freunden empfehlen!<\/p>\n                <div>Mitch Michael<\/div>\n            <\/div>\n        \n                <\/div>\n            <\/div>\n        <\/div><\/div><\/div><\/div><div class=\"vc_row-full-width vc_clearfix\"><\/div>\n<\/div>","protected":false},"excerpt":{"rendered":"Eraslan Exclusive Travel Y\u0131ld\u0131ztepe mahallesi, 162. cadde 28\/C 06140 Alt\u0131nda\u011f\/Ankara TURKEY At Bodrum Luxury Services we pride ourselves in delivering extensive services to fulfill all of your needs with first rate customer care. By offering exceptional service with no detail unattended, we have been fortunate enough to have developed into the leading provider of ground [...]","protected":false},"author":1,"featured_media":0,"parent":0,"menu_order":0,"comment_status":"closed","ping_status":"closed","template":"","meta":{"footnotes":""},"class_list":["post-23632","page","type-page","status-publish","hentry"],"_links":{"self":[{"href":"https:\/\/bodrumluxuryservices.com\/de\/wp-json\/wp\/v2\/pages\/23632","targetHints":{"allow":["GET"]}}],"collection":[{"href":"https:\/\/bodrumluxuryservices.com\/de\/wp-json\/wp\/v2\/pages"}],"about":[{"href":"https:\/\/bodrumluxuryservices.com\/de\/wp-json\/wp\/v2\/types\/page"}],"author":[{"embeddable":true,"href":"https:\/\/bodrumluxuryservices.com\/de\/wp-json\/wp\/v2\/users\/1"}],"replies":[{"embeddable":true,"href":"https:\/\/bodrumluxuryservices.com\/de\/wp-json\/wp\/v2\/comments?post=23632"}],"version-history":[{"count":11,"href":"https:\/\/bodrumluxuryservices.com\/de\/wp-json\/wp\/v2\/pages\/23632\/revisions"}],"predecessor-version":[{"id":24662,"href":"https:\/\/bodrumluxuryservices.com\/de\/wp-json\/wp\/v2\/pages\/23632\/revisions\/24662"}],"wp:attachment":[{"href":"https:\/\/bodrumluxuryservices.com\/de\/wp-json\/wp\/v2\/media?parent=23632"}],"curies":[{"name":"wp","href":"https:\/\/api.w.org\/{rel}","templated":true}]}}