{"id":14,"date":"2025-06-03T21:22:54","date_gmt":"2025-06-03T18:22:54","guid":{"rendered":"https:\/\/bodrumluxuryservices.com\/?page_id=14"},"modified":"2026-04-16T10:23:07","modified_gmt":"2026-04-16T07:23:07","slug":"nutzungsbedingungen","status":"publish","type":"page","link":"https:\/\/bodrumluxuryservices.com\/de\/terms-of-use\/","title":{"rendered":"Nutzungsbedingungen"},"content":{"rendered":"<div class=\"wpb-content-wrapper\"><div class=\"vc_row wpb_row vc_row-fluid\"><div class=\"wpb_column vc_column_container vc_col-sm-12\"><div class=\"vc_column-inner\"><div class=\"wpb_wrapper\">\n\t<div class=\"wpb_text_column wpb_content_element\" >\n\t\t<div class=\"wpb_wrapper\">\n\t\t\t<p><strong>Letzte Aktualisierung: 07\/11\/2024<\/strong><\/p>\n<p>Sehr geehrte Besucherin, sehr geehrter Besucher, bitte lesen Sie diese Nutzungsbedingungen sorgf\u00e4ltig durch, bevor Sie unsere Website bodrumluxuryservices.com aufrufen. Der Zugriff auf die Website setzt voraus, dass Sie diese Vereinbarung akzeptieren und deren Bedingungen einhalten. Sollten Sie mit den Bedingungen dieser Vereinbarung nicht einverstanden sein, beenden Sie bitte Ihren Zugriff auf die Website. Wenn Sie die Website weiterhin aufrufen, akzeptieren Sie alle Bestimmungen dieser Vereinbarung vorbehaltlos.<\/p>\n<p>The website bodrumluxuryservices.com is managed by <strong>ERASLAN EXCLUSIVE TRAVEL<\/strong>, hereafter referred to as the SITE. The Terms of Use regarding this site take effect upon publication. The SITE reserves the right to make changes to these terms unilaterally, and all users are deemed to accept these changes from the moment they are updated on the SITE.<\/p>\n<p><strong>Datenschutz<\/strong><\/p>\n<p>Der Datenschutz wird gesondert behandelt und regelt die Verarbeitung Ihrer personenbezogenen Daten. Durch die Nutzung der Website erkl\u00e4ren Sie sich damit einverstanden, dass die Datenverarbeitung gem\u00e4\u00df der Datenschutzrichtlinie erfolgt.<\/p>\n<p><strong>Leistungsumfang<\/strong><\/p>\n<p><strong>Bodrum Luxus-Services<\/strong> beh\u00e4lt sich das Recht vor, den Umfang und die Art der bereitgestellten Dienste im Einklang mit den gesetzlichen Bestimmungen festzulegen. Alle an den Diensten vorgenommenen \u00c4nderungen gelten als wirksam, sobald sie auf der SITE ver\u00f6ffentlicht werden.<\/p>\n<p><strong>Copyright<\/strong><\/p>\n<p>Alle Texte, Codes, Grafiken, Logos, Bilder, Audiodateien und Software auf der Website (nachfolgend \u201eInhalte\u201c genannt) sind Eigentum von Bodrum Luxury Services, und alle Rechte sind vorbehalten. Die unbefugte Vervielf\u00e4ltigung oder das Kopieren von Website-Inhalten ist ohne schriftliche Genehmigung strengstens untersagt.<\/p>\n<p><strong>Allgemeine Bestimmungen<\/strong><\/p>\n<p>Alle Nutzer verpflichten sich, die Website ausschlie\u00dflich f\u00fcr rechtm\u00e4\u00dfige und pers\u00f6nliche Zwecke zu nutzen und keine Aktivit\u00e4ten durchzuf\u00fchren, die die Rechte Dritter verletzen. Sie tragen die alleinige Verantwortung f\u00fcr die rechtliche und strafrechtliche Haftung im Zusammenhang mit ihren Handlungen und Transaktionen auf der Website. Die Website \u00fcbernimmt keine direkte oder indirekte Verantwortung f\u00fcr Sch\u00e4den, die Dritten durch diese Handlungen entstehen.<\/p>\n<p>Wir bem\u00fchen uns nach Kr\u00e4ften, die Richtigkeit und Aktualit\u00e4t der auf der Website verf\u00fcgbaren Informationen sicherzustellen. Trotz unserer Bem\u00fchungen k\u00f6nnen diese Informationen jedoch nicht immer aktuell sein und Unstimmigkeiten enthalten. Daher \u00fcbernehmen wir keine ausdr\u00fcckliche oder stillschweigende Garantie f\u00fcr die Richtigkeit und Aktualit\u00e4t der Informationen auf der Website.<\/p>\n<p>Die Website kann Hyperlinks zu anderen Websites, Anwendungen und Plattformen Dritter enthalten, deren Inhalte uns unbekannt sind. Die Funktionalit\u00e4t der Website erm\u00f6glicht lediglich den Zugriff auf diese Websites, und wir \u00fcbernehmen keine Verantwortung f\u00fcr deren Inhalte.<\/p>\n<p>Obwohl wir uns bem\u00fchen, die Website virenfrei zu halten, k\u00f6nnen wir die vollst\u00e4ndige Virenfreiheit nicht garantieren. Die Benutzer sind daf\u00fcr verantwortlich, beim Herunterladen von Daten die notwendigen Vorkehrungen gegen Viren zu treffen. Wir \u00fcbernehmen keine Verantwortung f\u00fcr Sch\u00e4den, die durch Viren oder andere sch\u00e4dliche Programme, Codes oder Materialien verursacht werden.<\/p>\n<p>Wir garantieren nicht, dass die auf der Website angebotenen Dienste fehlerfrei oder ununterbrochen verf\u00fcgbar sind. Wir behalten uns das Recht vor, Ihren Zugriff auf die Website, ihre Dienste oder Teile davon jederzeit und ohne vorherige Ank\u00fcndigung zu sperren.<\/p>\n<p><strong>Haftungsbeschr\u00e4nkung<\/strong><\/p>\n<p>Unsere Haftung f\u00fcr Sch\u00e4den, die aus der Nutzung der Website entstehen, ist auf Vorsatz und grobe Fahrl\u00e4ssigkeit beschr\u00e4nkt. Bei Sch\u00e4den aus einer Vertragsverletzung ist der Schadensersatzanspruch auf den vorhersehbaren Schaden begrenzt. Die vorgenannten Haftungsbeschr\u00e4nkungen gelten nicht bei Verletzungen des Lebens, des K\u00f6rpers oder der Gesundheit. In allen F\u00e4llen h\u00f6herer Gewalt haften wir nicht f\u00fcr Verz\u00f6gerungen, Nichterf\u00fcllung oder Verzug.<\/p>\n<p><strong>Streitbeilegung<\/strong><\/p>\n<p>F\u00fcr alle Streitigkeiten, die sich aus der Anwendung oder Auslegung dieser Vereinbarung ergeben, gelten die Gesetze der Republik T\u00fcrkei. Gerichtsstand sind die Gerichte und Vollstreckungs\u00e4mter in Ankara.<\/p>\n<p>\u00a0<\/p>\n\n\t\t<\/div>\n\t<\/div>\n<\/div><\/div><\/div><\/div><\/div>","protected":false},"excerpt":{"rendered":"Last Updated: 07\/11\/2024 Dear visitor, please carefully read this Terms of Use agreement before accessing our website, bodrumluxuryservices.com. Access to the site is strictly dependent on your acceptance of this agreement and compliance with its terms. If you do not accept any of the terms outlined in this agreement, please discontinue your access to the [...]","protected":false},"author":1,"featured_media":0,"parent":0,"menu_order":0,"comment_status":"closed","ping_status":"closed","template":"","meta":{"footnotes":""},"class_list":["post-14","page","type-page","status-publish","hentry"],"_links":{"self":[{"href":"https:\/\/bodrumluxuryservices.com\/de\/wp-json\/wp\/v2\/pages\/14","targetHints":{"allow":["GET"]}}],"collection":[{"href":"https:\/\/bodrumluxuryservices.com\/de\/wp-json\/wp\/v2\/pages"}],"about":[{"href":"https:\/\/bodrumluxuryservices.com\/de\/wp-json\/wp\/v2\/types\/page"}],"author":[{"embeddable":true,"href":"https:\/\/bodrumluxuryservices.com\/de\/wp-json\/wp\/v2\/users\/1"}],"replies":[{"embeddable":true,"href":"https:\/\/bodrumluxuryservices.com\/de\/wp-json\/wp\/v2\/comments?post=14"}],"version-history":[{"count":3,"href":"https:\/\/bodrumluxuryservices.com\/de\/wp-json\/wp\/v2\/pages\/14\/revisions"}],"predecessor-version":[{"id":24666,"href":"https:\/\/bodrumluxuryservices.com\/de\/wp-json\/wp\/v2\/pages\/14\/revisions\/24666"}],"wp:attachment":[{"href":"https:\/\/bodrumluxuryservices.com\/de\/wp-json\/wp\/v2\/media?parent=14"}],"curies":[{"name":"wp","href":"https:\/\/api.w.org\/{rel}","templated":true}]}}