{"id":11039,"date":"2025-06-05T09:24:48","date_gmt":"2025-06-05T06:24:48","guid":{"rendered":"http:\/\/quanticalabs.com\/wp_themes4\/autoride\/?page_id=11039"},"modified":"2025-06-26T09:13:45","modified_gmt":"2025-06-26T06:13:45","slug":"bodrum-yachtcharter","status":"publish","type":"page","link":"https:\/\/bodrumluxuryservices.com\/de\/bodrum-yacht-charter\/","title":{"rendered":"Bodrum Yachtcharter"},"content":{"rendered":"<div class=\"wpb-content-wrapper\"><div class=\"vc_row wpb_row vc_row-fluid\"><div class=\"wpb_column vc_column_container vc_col-sm-12\"><div class=\"vc_column-inner\"><div class=\"wpb_wrapper\">\r\n            <p class=\"theme-component-paragraph-large theme-component-paragraph-large-style-2 alignleft theme-padding-top-0 theme-padding-bottom-0\">\r\n                \ud83c\udf0a Bodrum Yachtcharter \u2013 Entdecken Sie die \u00c4g\u00e4is mit Luxus\r\n            <\/p>\r\n        \n\t<div class=\"wpb_text_column wpb_content_element theme-padding-top-30\" >\n\t\t<div class=\"wpb_wrapper\">\n\t\t\t<p data-start=\"283\" data-end=\"543\">Chartern Sie eine Luxusyacht in Bodrum f\u00fcr ein einzigartiges Segelerlebnis. Entdecken Sie unsere Premiumflotte, ma\u00dfgeschneiderte Routen und unsere erfahrene Crew. Kontaktieren Sie uns f\u00fcr Online-Preise.<\/p>\n<p data-start=\"283\" data-end=\"543\">Erleben Sie die atemberaubende Sch\u00f6nheit der \u00c4g\u00e4is mit unserem <strong data-start=\"345\" data-end=\"369\">Bodrum Yachtcharter<\/strong> Dienstleistungen. Egal, ob Sie einen romantischen Ausflug, eine Familienkreuzfahrt oder eine private Feier auf dem Wasser planen, wir bieten eine gro\u00dfe Auswahl an Luxusyachten, die auf Ihre Bed\u00fcrfnisse zugeschnitten sind.<\/p>\n\n\t\t<\/div>\n\t<\/div>\n<\/div><\/div><\/div><\/div><div class=\"vc_row wpb_row vc_row-fluid vc_row-o-content-middle vc_row-flex\"><div class=\"wpb_column vc_column_container vc_col-sm-3\"><div class=\"vc_column-inner\"><div class=\"wpb_wrapper\">\r\n            <div class=\"theme-component-button theme-component-button-style-3 aligncenter\">\r\n                <a href=\"https:\/\/bodrumluxuryservices.com\/wp-content\/uploads\/2022\/11\/bodrum-luxury-services-ML-Exclusive-Motoryacht.pdf\" target=\"_blank\">\r\n                    Yacht 1 - Katalog\r\n                <\/a>\r\n            <\/div>\r\n        <\/div><\/div><\/div><div class=\"wpb_column vc_column_container vc_col-sm-3\"><div class=\"vc_column-inner\"><div class=\"wpb_wrapper\">\r\n            <div class=\"theme-component-button theme-component-button-style-3 aligncenter\">\r\n                <a href=\"https:\/\/bodrumluxuryservices.com\/wp-content\/uploads\/2022\/11\/bodrum-luxury-services-RD-Exclusive-Motoryacht.pdf\" target=\"_blank\">\r\n                    Yacht 2 - Katalog\r\n                <\/a>\r\n            <\/div>\r\n        <\/div><\/div><\/div><div class=\"wpb_column vc_column_container vc_col-sm-3\"><div class=\"vc_column-inner\"><div class=\"wpb_wrapper\">\r\n            <div class=\"theme-component-button theme-component-button-style-3 aligncenter\">\r\n                <a href=\"https:\/\/bodrumluxuryservices.com\/wp-content\/uploads\/2022\/11\/bodrum-luxury-services-Ultra-Luxury-Motoryacht-Princess.pdf\" target=\"_blank\">\r\n                    Yacht 3 - Katalog\r\n                <\/a>\r\n            <\/div>\r\n        <\/div><\/div><\/div><div class=\"wpb_column vc_column_container vc_col-sm-3\"><div class=\"vc_column-inner\"><div class=\"wpb_wrapper\">\r\n            <div class=\"theme-component-button theme-component-button-style-3 aligncenter\">\r\n                <a href=\"https:\/\/bodrumluxuryservices.com\/wp-content\/uploads\/2022\/11\/bodrum-luxury-services-Ultra-Luxury-Catamaran-Brise.pdf\" target=\"_blank\">\r\n                    Yacht 4 - Katalog\r\n                <\/a>\r\n            <\/div>\r\n        <\/div><\/div><\/div><\/div><div class=\"vc_row wpb_row vc_row-fluid theme-margin-top-20\"><div class=\"wpb_column vc_column_container vc_col-sm-12\"><div class=\"vc_column-inner\"><div class=\"wpb_wrapper\"><div class=\"vc_row wpb_row vc_row-fluid\"><div class=\"theme-margin-bottom-0 wpb_column vc_column_container vc_col-sm-12\"><div class=\"vc_column-inner\"><div class=\"wpb_wrapper\">\n            <div data-column_count=\"2\" class=\"theme-component-gallery theme-component-gallery-type-1 theme-component-gallery-effect-type-1\">\n                <ul>\n                    \r\n            <li class=\"theme-component-gallery-item-width-50\">\r\n                <a class=\"theme-image-fancybox\" data-fancybox-group=\"autoride-gallery-1\" href=\"https:\/\/bodrumluxuryservices.com\/wp-content\/uploads\/2022\/11\/bodrum-yatch-charter-3.webp\">\r\n                    <img decoding=\"async\" src=\"https:\/\/bodrumluxuryservices.com\/wp-content\/uploads\/2022\/11\/bodrum-yatch-charter-3.webp\" alt=\"Image\"\/>\r\n                    \r\n                    <i><\/i>\r\n                <\/a>\r\n            <\/li>\r\n        \r\n            <li class=\"theme-component-gallery-item-width-50\">\r\n                <a class=\"theme-image-fancybox\" data-fancybox-group=\"autoride-gallery-1\" href=\"https:\/\/bodrumluxuryservices.com\/wp-content\/uploads\/2022\/11\/bodrum-yatch-charter-2.webp\">\r\n                    <img decoding=\"async\" src=\"https:\/\/bodrumluxuryservices.com\/wp-content\/uploads\/2022\/11\/bodrum-yatch-charter-2.webp\" alt=\"Image\"\/>\r\n                    \r\n                    <i><\/i>\r\n                <\/a>\r\n            <\/li>\r\n        \r\n            <li class=\"theme-component-gallery-item-width-50\">\r\n                <a class=\"theme-image-fancybox\" data-fancybox-group=\"autoride-gallery-1\" href=\"https:\/\/bodrumluxuryservices.com\/wp-content\/uploads\/2022\/11\/bodrum-yatch-charter-5.webp\">\r\n                    <img decoding=\"async\" src=\"https:\/\/bodrumluxuryservices.com\/wp-content\/uploads\/2022\/11\/bodrum-yatch-charter-5.webp\" alt=\"Image\"\/>\r\n                    \r\n                    <i><\/i>\r\n                <\/a>\r\n            <\/li>\r\n        \r\n            <li class=\"theme-component-gallery-item-width-50\">\r\n                <a class=\"theme-image-fancybox\" data-fancybox-group=\"autoride-gallery-1\" href=\"https:\/\/bodrumluxuryservices.com\/wp-content\/uploads\/2022\/11\/bodrum-yatch-charter-4.webp\">\r\n                    <img decoding=\"async\" src=\"https:\/\/bodrumluxuryservices.com\/wp-content\/uploads\/2022\/11\/bodrum-yatch-charter-4.webp\" alt=\"Image\"\/>\r\n                    \r\n                    <i><\/i>\r\n                <\/a>\r\n            <\/li>\r\n        \n                <\/ul>\n            <\/div>\n        <\/div><\/div><\/div><\/div><\/div><\/div><\/div><\/div><div class=\"vc_row wpb_row vc_row-fluid theme-margin-top-20\"><div class=\"wpb_column vc_column_container vc_col-sm-12\"><div class=\"vc_column-inner\"><div class=\"wpb_wrapper\">\r\n            <p class=\"theme-component-paragraph-large theme-component-paragraph-large-style-2 alignleft theme-padding-top-0 theme-padding-bottom-0\">\r\n                Bodrum Yachtcharter, Luxusyachten und private Bootsvermietung\r\n            <\/p>\r\n        \n\t<div class=\"wpb_text_column wpb_content_element theme-padding-top-30\" >\n\t\t<div class=\"wpb_wrapper\">\n\t\t\t<p>Unsere Flotte umfasst alles von eleganten Motoryachten bis hin zu traditionellen Gulets, alle ausgestattet mit modernen Annehmlichkeiten, professionellen Crews und individuellen Routen. Erkunden Sie die versteckten Buchten von Bodrum, segeln Sie nach Kos oder Symi oder genie\u00dfen Sie eine Sonnenuntergangskreuzfahrt entlang der t\u00fcrkischen Riviera.<\/p>\n<p>Jeder Charter ist ein individuelles Erlebnis \u2013 vom Essen an Bord bis zu den Wasseraktivit\u00e4ten k\u00fcmmern wir uns um jedes Detail, damit Sie sich entspannen und die Reise genie\u00dfen k\u00f6nnen.<\/p>\n\n\t\t<\/div>\n\t<\/div>\n<\/div><\/div><\/div><\/div><div class=\"vc_row wpb_row vc_row-fluid theme-margin-top-20\"><div class=\"wpb_column vc_column_container vc_col-sm-12\"><div class=\"vc_column-inner\"><div class=\"wpb_wrapper\">\r\n            <p class=\"theme-component-paragraph-large theme-component-paragraph-large-style-2 alignleft theme-padding-top-0 theme-padding-bottom-0\">\r\n                Unsere exklusiven Reiseziele\r\n            <\/p>\r\n        \n\t<div class=\"wpb_text_column wpb_content_element theme-padding-top-30\" >\n\t\t<div class=\"wpb_wrapper\">\n\t\t\t<h3 data-start=\"253\" data-end=\"299\"><strong data-start=\"257\" data-end=\"297\">Blaue Kreuzfahrtroute \u2013 Bodrum nach G\u00f6kova<\/strong><\/h3>\n<p data-start=\"300\" data-end=\"473\">Von den t\u00fcrkisfarbenen Buchten rund um Bodrum bis hin zum Golf von G\u00f6kova bietet diese legend\u00e4re Blaue Kreuzfahrt eine unvergessliche Fahrt durch abgeschiedene Buchten und an pinienbewachsenen K\u00fcsten entlang.<\/p>\n<h3 data-start=\"475\" data-end=\"510\"><strong data-start=\"479\" data-end=\"508\">Bodrum \u2013 Golf von Hisar\u00f6n\u00fc<\/strong><\/h3>\n<p data-start=\"511\" data-end=\"654\">Machen Sie eine Kreuzfahrt zwischen Bodrum und dem Golf von Hisar\u00f6n\u00fc und entdecken Sie ruhige Str\u00e4nde und versteckte Buchten, die sich perfekt zum Schwimmen und Sonnenbaden in friedlicher Abgeschiedenheit eignen.<\/p>\n<h3 data-start=\"656\" data-end=\"695\"><strong data-start=\"660\" data-end=\"693\">Insel Symi und Golf von Hisar\u00f6n\u00fc<\/strong><\/h3>\n<p data-start=\"696\" data-end=\"843\">Erkunden Sie das griechische Juwel Symi, bekannt f\u00fcr seinen pastellfarbenen Hafen, seine charmante Architektur und seine friedliche Atmosph\u00e4re \u2013 ein bezaubernder Zufluchtsort direkt vor der K\u00fcste.<\/p>\n<h3 data-start=\"845\" data-end=\"871\"><strong data-start=\"849\" data-end=\"869\">Halbinsel Bodrum<\/strong><\/h3>\n<p data-start=\"872\" data-end=\"1011\">Segeln Sie entlang der gesamten Halbinsel Bodrum und erleben Sie die lebendige Mischung aus kosmopolitischen Zentren, traditionellen D\u00f6rfern und unber\u00fchrter Natur.<\/p>\n<h3 data-start=\"1013\" data-end=\"1042\"><strong data-start=\"1017\" data-end=\"1040\">T\u00fcrkb\u00fck\u00fc \u2013 \u00c7\u00f6kertme<\/strong><\/h3>\n<p data-start=\"1043\" data-end=\"1197\">Setzen Sie die Segel vom gehobenen Yachthafen T\u00fcrkb\u00fck\u00fc in Richtung des ruhigen Fischerdorfs \u00c7\u00f6kertme und passieren Sie unterwegs die ikonische \u00c4g\u00e4islandschaft und friedliche Buchten.<\/p>\n<h3 data-start=\"1199\" data-end=\"1227\"><strong data-start=\"1203\" data-end=\"1225\">Halbinsel Bozburun<\/strong><\/h3>\n<p data-start=\"1228\" data-end=\"1355\">Wagen Sie sich nach Bozburun, das f\u00fcr seinen handwerklichen Bootsbau und seine raue Sch\u00f6nheit ber\u00fchmt ist \u2013 ideal f\u00fcr alle, die Authentizit\u00e4t und lokalen Charme suchen.<\/p>\n\n\t\t<\/div>\n\t<\/div>\n<\/div><\/div><\/div><\/div><div class=\"vc_row wpb_row vc_row-fluid\"><div class=\"theme-margin-bottom-0 wpb_column vc_column_container vc_col-sm-6\"><div class=\"vc_column-inner\"><div class=\"wpb_wrapper\"><h3 style=\"text-align: center\" class=\"vc_custom_heading vc_do_custom_heading theme-margin-top-60 theme-margin-bottom-50\" >\ud83d\udee5\ufe0f Warum uns w\u00e4hlen?<\/h3>\n\t<div class=\"wpb_text_column wpb_content_element\" >\n\t\t<div class=\"wpb_wrapper\">\n\t\t\t<ul data-start=\"1000\" data-end=\"1284\">\n<li data-start=\"1000\" data-end=\"1057\">\n<p data-start=\"1002\" data-end=\"1057\">Eine vielf\u00e4ltige Flotte von Luxusyachten, Gulets und Katamaranen<\/p>\n<\/li>\n<li data-start=\"1058\" data-end=\"1114\">\n<p data-start=\"1060\" data-end=\"1114\">Charter mit vollst\u00e4ndiger Besatzung, erfahrenen Kapit\u00e4nen und K\u00f6chen<\/p>\n<\/li>\n<li data-start=\"1115\" data-end=\"1172\">\n<p data-start=\"1117\" data-end=\"1172\">Flexible Reiserouten: Tages-, Wochen- oder Stundenmieten<\/p>\n<\/li>\n<li data-start=\"1173\" data-end=\"1222\">\n<p data-start=\"1175\" data-end=\"1222\">VIP-Service, Transfers &amp; Concierge auf Anfrage<\/p>\n<\/li>\n<li data-start=\"1223\" data-end=\"1284\">\n<p data-start=\"1225\" data-end=\"1284\">Individuelle Veranstaltungen an Bord (Geburtstag, Heiratsantrag, Flitterwochen usw.)<\/p>\n<\/li>\n<\/ul>\n\n\t\t<\/div>\n\t<\/div>\n<\/div><\/div><\/div><div class=\"wpb_column vc_column_container vc_col-sm-6\"><div class=\"vc_column-inner\"><div class=\"wpb_wrapper\"><h3 style=\"text-align: center\" class=\"vc_custom_heading vc_do_custom_heading theme-margin-top-60 theme-margin-bottom-50\" >\ud83d\udcb0 Yachtcharter Preis<\/h3>\n\t<div class=\"wpb_text_column wpb_content_element\" >\n\t\t<div class=\"wpb_wrapper\">\n\t\t\t<p data-start=\"1318\" data-end=\"1448\">Die Preise variieren je nach Yachttyp, Saison und Dauer.<br data-start=\"1376\" data-end=\"1379\" \/>\ud83d\udce9 <strong data-start=\"1382\" data-end=\"1448\">Kontaktieren Sie uns f\u00fcr ein individuelles Angebot \u2013 Online-Angebote verf\u00fcgbar!<\/strong><\/p>\n\n\t\t<\/div>\n\t<\/div>\n<\/div><\/div><\/div><\/div>\n<\/div>","protected":false},"excerpt":{"rendered":"\ud83c\udf0a Bodrum Yacht Charter \u2013 Discover the Aegean in Luxury Charter a luxury yacht in Bodrum for a unique sailing experience. Discover our premium fleet, tailor-made routes &amp; expert crew. Contact us for online pricing. Experience the breathtaking beauty of the Aegean Sea with our Bodrum yacht charter services. Whether you are planning a romantic [...]","protected":false},"author":1,"featured_media":0,"parent":0,"menu_order":0,"comment_status":"closed","ping_status":"closed","template":"","meta":{"footnotes":""},"class_list":["post-11039","page","type-page","status-publish","hentry"],"_links":{"self":[{"href":"https:\/\/bodrumluxuryservices.com\/de\/wp-json\/wp\/v2\/pages\/11039","targetHints":{"allow":["GET"]}}],"collection":[{"href":"https:\/\/bodrumluxuryservices.com\/de\/wp-json\/wp\/v2\/pages"}],"about":[{"href":"https:\/\/bodrumluxuryservices.com\/de\/wp-json\/wp\/v2\/types\/page"}],"author":[{"embeddable":true,"href":"https:\/\/bodrumluxuryservices.com\/de\/wp-json\/wp\/v2\/users\/1"}],"replies":[{"embeddable":true,"href":"https:\/\/bodrumluxuryservices.com\/de\/wp-json\/wp\/v2\/comments?post=11039"}],"version-history":[{"count":9,"href":"https:\/\/bodrumluxuryservices.com\/de\/wp-json\/wp\/v2\/pages\/11039\/revisions"}],"predecessor-version":[{"id":24374,"href":"https:\/\/bodrumluxuryservices.com\/de\/wp-json\/wp\/v2\/pages\/11039\/revisions\/24374"}],"wp:attachment":[{"href":"https:\/\/bodrumluxuryservices.com\/de\/wp-json\/wp\/v2\/media?parent=11039"}],"curies":[{"name":"wp","href":"https:\/\/api.w.org\/{rel}","templated":true}]}}