{"id":11028,"date":"2025-06-06T09:20:43","date_gmt":"2025-06-06T06:20:43","guid":{"rendered":"http:\/\/quanticalabs.com\/wp_themes4\/autoride\/?page_id=11028"},"modified":"2025-07-18T00:17:46","modified_gmt":"2025-07-17T21:17:46","slug":"bodrum-jet-transfers","status":"publish","type":"page","link":"https:\/\/bodrumluxuryservices.com\/de\/bodrum-jet-transfers\/","title":{"rendered":"Bodrum Jet Transfers"},"content":{"rendered":"<div class=\"wpb-content-wrapper\"><div class=\"vc_row wpb_row vc_row-fluid\"><div class=\"wpb_column vc_column_container vc_col-sm-4\"><div class=\"vc_column-inner\"><div class=\"wpb_wrapper\">\n\t<div  class=\"wpb_single_image wpb_content_element vc_align_left wpb_content_element\">\n\t\t\n\t\t<figure class=\"wpb_wrapper vc_figure\">\n\t\t\t<div class=\"vc_single_image-wrapper   vc_box_border_grey\"><img loading=\"lazy\" decoding=\"async\" width=\"592\" height=\"444\" src=\"https:\/\/bodrumluxuryservices.com\/wp-content\/uploads\/2025\/06\/Cessna-C550-Citation-Bravo-PrivateFly-AA9987-1-592x444-1.webp\" class=\"vc_single_image-img attachment-full\" alt=\"\" title=\"Cessna-C550-Citation-Bravo-PrivateFly-AA9987-1-592x444\" srcset=\"https:\/\/bodrumluxuryservices.com\/wp-content\/uploads\/2025\/06\/Cessna-C550-Citation-Bravo-PrivateFly-AA9987-1-592x444-1.webp 592w, https:\/\/bodrumluxuryservices.com\/wp-content\/uploads\/2025\/06\/Cessna-C550-Citation-Bravo-PrivateFly-AA9987-1-592x444-1-300x225.webp 300w, https:\/\/bodrumluxuryservices.com\/wp-content\/uploads\/2025\/06\/Cessna-C550-Citation-Bravo-PrivateFly-AA9987-1-592x444-1-16x12.webp 16w, https:\/\/bodrumluxuryservices.com\/wp-content\/uploads\/2025\/06\/Cessna-C550-Citation-Bravo-PrivateFly-AA9987-1-592x444-1-408x306.webp 408w\" sizes=\"auto, (max-width: 592px) 100vw, 592px\" \/><\/div>\n\t\t<\/figure>\n\t<\/div>\n\n\t<div  class=\"wpb_single_image wpb_content_element vc_align_right wpb_content_element\">\n\t\t\n\t\t<figure class=\"wpb_wrapper vc_figure\">\n\t\t\t<div class=\"vc_single_image-wrapper   vc_box_border_grey\"><img loading=\"lazy\" decoding=\"async\" width=\"846\" height=\"564\" src=\"https:\/\/bodrumluxuryservices.com\/wp-content\/uploads\/2025\/06\/Cessna-C550-Citation-Bravo-PrivateFly-AA9988.webp\" class=\"vc_single_image-img attachment-full\" alt=\"\" title=\"Cessna-C550-Citation-Bravo-PrivateFly-AA9988\" srcset=\"https:\/\/bodrumluxuryservices.com\/wp-content\/uploads\/2025\/06\/Cessna-C550-Citation-Bravo-PrivateFly-AA9988.webp 846w, https:\/\/bodrumluxuryservices.com\/wp-content\/uploads\/2025\/06\/Cessna-C550-Citation-Bravo-PrivateFly-AA9988-300x200.webp 300w, https:\/\/bodrumluxuryservices.com\/wp-content\/uploads\/2025\/06\/Cessna-C550-Citation-Bravo-PrivateFly-AA9988-768x512.webp 768w, https:\/\/bodrumluxuryservices.com\/wp-content\/uploads\/2025\/06\/Cessna-C550-Citation-Bravo-PrivateFly-AA9988-18x12.webp 18w, https:\/\/bodrumluxuryservices.com\/wp-content\/uploads\/2025\/06\/Cessna-C550-Citation-Bravo-PrivateFly-AA9988-460x306.webp 460w, https:\/\/bodrumluxuryservices.com\/wp-content\/uploads\/2025\/06\/Cessna-C550-Citation-Bravo-PrivateFly-AA9988-800x533.webp 800w\" sizes=\"auto, (max-width: 846px) 100vw, 846px\" \/><\/div>\n\t\t<\/figure>\n\t<\/div>\n<\/div><\/div><\/div><div class=\"wpb_column vc_column_container vc_col-sm-8\"><div class=\"vc_column-inner\"><div class=\"wpb_wrapper\">\r\n            <p class=\"theme-component-paragraph-large theme-component-paragraph-large-style-2 alignleft theme-padding-top-0 theme-padding-bottom-0\">\r\n                Jettransfers in Bodrum \u2013 Private Luxusflugreisen\r\n            <\/p>\r\n        \n\t<div class=\"wpb_text_column wpb_content_element theme-padding-top-30\" >\n\t\t<div class=\"wpb_wrapper\">\n\t\t\t<p data-start=\"284\" data-end=\"720\">Erleben Sie ultimativen Luxus und Effizienz mit unserem <strong data-start=\"342\" data-end=\"369\">Jet-Transfers in Bodrum<\/strong>Ob Abflug oder Ankunft in Bodrum \u2013 wir bieten Ihnen einen reibungslosen Privatjet-Charterservice mit Flugzeugen wie der Embraer Legacy 650, dem Bombardier Learjet 45XR und der Embraer Lineage 1000 \u2013 ideal f\u00fcr 8 bis 19 Passagiere. Dank unseres Zugangs zum Flughafen Bodrum-Milas und nahegelegenen Privatflugh\u00e4fen bieten wir Ihnen erstklassige, auf Ihren Zeitplan zugeschnittene Reisel\u00f6sungen.<\/p>\n<p data-start=\"722\" data-end=\"1010\">Unsere Jet-Transfer-Services sind ideal f\u00fcr Gesch\u00e4ftsleute, Prominente oder Urlauber, die den Stress eines Linienflugs vermeiden m\u00f6chten. Vermeiden Sie \u00fcberf\u00fcllte Terminals und lange Wartezeiten \u2013 genie\u00dfen Sie direkte, personalisierte Flugreisen direkt aus dem Herzen Bodrums mit garantierter Privatsph\u00e4re und Komfort.<\/p>\n\n\t\t<\/div>\n\t<\/div>\n<\/div><\/div><\/div><\/div><div class=\"vc_row wpb_row vc_row-fluid theme-margin-top-20\"><div class=\"wpb_column vc_column_container vc_col-sm-8\"><div class=\"vc_column-inner\"><div class=\"wpb_wrapper\">\r\n            <p class=\"theme-component-paragraph-large theme-component-paragraph-large-style-2 alignleft theme-padding-top-0 theme-padding-bottom-0\">\r\n                Ma\u00dfgeschneiderte Jet-Erlebnisse von Bodrum zu Zielen weltweit\r\n            <\/p>\r\n        \n\t<div class=\"wpb_text_column wpb_content_element theme-padding-top-30\" >\n\t\t<div class=\"wpb_wrapper\">\n\t\t\t<p data-start=\"1088\" data-end=\"1400\">Von Bodrum bis in jede gr\u00f6\u00dfere Stadt Europas oder des Nahen Ostens \u2013 unsere Privatjet-L\u00f6sungen sind auf Ihre Bed\u00fcrfnisse zugeschnitten. Ob Sie zu einer Firmenveranstaltung, einem Familienurlaub oder einer besonderen Feier fliegen, unser Team gestaltet Ihr Erlebnis individuell \u2013 von der Flugzeugauswahl \u00fcber das Bordcatering bis hin zum Concierge-Service.<\/p>\n<p data-start=\"1402\" data-end=\"1651\">Wir bieten auch koordinierte Bodentransporte und VIP-Dienste in Bodrum an, um eine reibungslose Reise von Ihrer Haust\u00fcr bis zu Ihrem endg\u00fcltigen Ziel zu gew\u00e4hrleisten. \u2709\ufe0f <strong data-start=\"1555\" data-end=\"1651\">Der Preis h\u00e4ngt von Ihrer Route und der Flugzeugauswahl ab \u2013 fordern Sie noch heute online ein individuelles Angebot an.<\/strong><\/p>\n\n\t\t<\/div>\n\t<\/div>\n<\/div><\/div><\/div><div class=\"wpb_column vc_column_container vc_col-sm-4\"><div class=\"vc_column-inner\"><div class=\"wpb_wrapper\">\n\t<div  class=\"wpb_single_image wpb_content_element vc_align_right wpb_content_element\">\n\t\t\n\t\t<figure class=\"wpb_wrapper vc_figure\">\n\t\t\t<div class=\"vc_single_image-wrapper   vc_box_border_grey\"><img loading=\"lazy\" decoding=\"async\" width=\"592\" height=\"444\" src=\"https:\/\/bodrumluxuryservices.com\/wp-content\/uploads\/2025\/06\/Cessna-Citation-Sovereign-592x444-1.webp\" class=\"vc_single_image-img attachment-full\" alt=\"\" title=\"Cessna-Citation-Sovereign-592x444\" srcset=\"https:\/\/bodrumluxuryservices.com\/wp-content\/uploads\/2025\/06\/Cessna-Citation-Sovereign-592x444-1.webp 592w, https:\/\/bodrumluxuryservices.com\/wp-content\/uploads\/2025\/06\/Cessna-Citation-Sovereign-592x444-1-300x225.webp 300w, https:\/\/bodrumluxuryservices.com\/wp-content\/uploads\/2025\/06\/Cessna-Citation-Sovereign-592x444-1-16x12.webp 16w, https:\/\/bodrumluxuryservices.com\/wp-content\/uploads\/2025\/06\/Cessna-Citation-Sovereign-592x444-1-408x306.webp 408w\" sizes=\"auto, (max-width: 592px) 100vw, 592px\" \/><\/div>\n\t\t<\/figure>\n\t<\/div>\n\n\t<div  class=\"wpb_single_image wpb_content_element vc_align_right wpb_content_element\">\n\t\t\n\t\t<figure class=\"wpb_wrapper vc_figure\">\n\t\t\t<div class=\"vc_single_image-wrapper   vc_box_border_grey\"><img loading=\"lazy\" decoding=\"async\" width=\"846\" height=\"564\" src=\"https:\/\/bodrumluxuryservices.com\/wp-content\/uploads\/2025\/06\/Cessna-C550-Citation-Bravo-PrivateFly-AA9990.webp\" class=\"vc_single_image-img attachment-full\" alt=\"\" title=\"Cessna-C550-Citation-Bravo-PrivateFly-AA9990\" srcset=\"https:\/\/bodrumluxuryservices.com\/wp-content\/uploads\/2025\/06\/Cessna-C550-Citation-Bravo-PrivateFly-AA9990.webp 846w, https:\/\/bodrumluxuryservices.com\/wp-content\/uploads\/2025\/06\/Cessna-C550-Citation-Bravo-PrivateFly-AA9990-300x200.webp 300w, https:\/\/bodrumluxuryservices.com\/wp-content\/uploads\/2025\/06\/Cessna-C550-Citation-Bravo-PrivateFly-AA9990-768x512.webp 768w, https:\/\/bodrumluxuryservices.com\/wp-content\/uploads\/2025\/06\/Cessna-C550-Citation-Bravo-PrivateFly-AA9990-18x12.webp 18w, https:\/\/bodrumluxuryservices.com\/wp-content\/uploads\/2025\/06\/Cessna-C550-Citation-Bravo-PrivateFly-AA9990-460x306.webp 460w, https:\/\/bodrumluxuryservices.com\/wp-content\/uploads\/2025\/06\/Cessna-C550-Citation-Bravo-PrivateFly-AA9990-800x533.webp 800w\" sizes=\"auto, (max-width: 846px) 100vw, 846px\" \/><\/div>\n\t\t<\/figure>\n\t<\/div>\n<\/div><\/div><\/div><\/div>\n<\/div>","protected":false},"excerpt":{"rendered":"Jet Transfers in Bodrum \u2013 Private Luxury Air Travel Experience the ultimate in luxury and efficiency with our Jet Transfers in Bodrum. Whether departing from or arriving in Bodrum, we provide seamless private jet charter services with aircraft such as the Embraer Legacy 650, Bombardier Learjet 45XR, and Embraer Lineage 1000 \u2014 ideal for 8 [...]","protected":false},"author":1,"featured_media":0,"parent":0,"menu_order":0,"comment_status":"closed","ping_status":"closed","template":"","meta":{"footnotes":""},"class_list":["post-11028","page","type-page","status-publish","hentry"],"_links":{"self":[{"href":"https:\/\/bodrumluxuryservices.com\/de\/wp-json\/wp\/v2\/pages\/11028","targetHints":{"allow":["GET"]}}],"collection":[{"href":"https:\/\/bodrumluxuryservices.com\/de\/wp-json\/wp\/v2\/pages"}],"about":[{"href":"https:\/\/bodrumluxuryservices.com\/de\/wp-json\/wp\/v2\/types\/page"}],"author":[{"embeddable":true,"href":"https:\/\/bodrumluxuryservices.com\/de\/wp-json\/wp\/v2\/users\/1"}],"replies":[{"embeddable":true,"href":"https:\/\/bodrumluxuryservices.com\/de\/wp-json\/wp\/v2\/comments?post=11028"}],"version-history":[{"count":7,"href":"https:\/\/bodrumluxuryservices.com\/de\/wp-json\/wp\/v2\/pages\/11028\/revisions"}],"predecessor-version":[{"id":24473,"href":"https:\/\/bodrumluxuryservices.com\/de\/wp-json\/wp\/v2\/pages\/11028\/revisions\/24473"}],"wp:attachment":[{"href":"https:\/\/bodrumluxuryservices.com\/de\/wp-json\/wp\/v2\/media?parent=11028"}],"curies":[{"name":"wp","href":"https:\/\/api.w.org\/{rel}","templated":true}]}}