{"id":11027,"date":"2025-06-06T09:20:18","date_gmt":"2025-06-06T06:20:18","guid":{"rendered":"http:\/\/quanticalabs.com\/wp_themes4\/autoride\/?page_id=11027"},"modified":"2025-06-08T01:02:35","modified_gmt":"2025-06-07T22:02:35","slug":"bodrum-geschaftsreisen","status":"publish","type":"page","link":"https:\/\/bodrumluxuryservices.com\/de\/bodrum-corporate-travel\/","title":{"rendered":"Bodrum Gesch\u00e4ftsreisen"},"content":{"rendered":"<div class=\"wpb-content-wrapper\"><div class=\"vc_row wpb_row vc_row-fluid\"><div class=\"wpb_column vc_column_container vc_col-sm-4\"><div class=\"vc_column-inner\"><div class=\"wpb_wrapper\">\n\t<div  class=\"wpb_single_image wpb_content_element vc_align_left wpb_content_element\">\n\t\t\n\t\t<figure class=\"wpb_wrapper vc_figure\">\n\t\t\t<div class=\"vc_single_image-wrapper   vc_box_border_grey\"><img loading=\"lazy\" decoding=\"async\" width=\"275\" height=\"275\" src=\"https:\/\/bodrumluxuryservices.com\/wp-content\/uploads\/2025\/06\/corporate-travel-bodrum.jpg\" class=\"vc_single_image-img attachment-full\" alt=\"\" title=\"Gesch\u00e4ftsreisen nach Bodrum\" srcset=\"https:\/\/bodrumluxuryservices.com\/wp-content\/uploads\/2025\/06\/corporate-travel-bodrum.jpg 275w, https:\/\/bodrumluxuryservices.com\/wp-content\/uploads\/2025\/06\/corporate-travel-bodrum-150x150.jpg 150w, https:\/\/bodrumluxuryservices.com\/wp-content\/uploads\/2025\/06\/corporate-travel-bodrum-12x12.jpg 12w\" sizes=\"auto, (max-width: 275px) 100vw, 275px\" \/><\/div>\n\t\t<\/figure>\n\t<\/div>\n<\/div><\/div><\/div><div class=\"wpb_column vc_column_container vc_col-sm-8\"><div class=\"vc_column-inner\"><div class=\"wpb_wrapper\">\r\n            <p class=\"theme-component-paragraph-large theme-component-paragraph-large-style-2 alignleft theme-padding-top-0 theme-padding-bottom-0\">\r\n                Corporate Travel \u2013 Professionelle Transportl\u00f6sungen f\u00fcr Ihr Unternehmen\r\n            <\/p>\r\n        \n\t<div class=\"wpb_text_column wpb_content_element theme-padding-top-30\" >\n\t\t<div class=\"wpb_wrapper\">\n\t\t\t<p data-start=\"328\" data-end=\"600\">Die Organisation eines reibungslosen, p\u00fcnktlichen und stilvollen Transports f\u00fcr Ihre Firmenveranstaltungen und Gesch\u00e4ftstreffen ist entscheidend, um den richtigen Eindruck zu hinterlassen. Unsere <strong data-start=\"479\" data-end=\"499\">Gesch\u00e4ftsreisen<\/strong> Die Dienstleistungen in Bodrum und dar\u00fcber hinaus sind auf exklusiven Komfort, Privatsph\u00e4re und Zuverl\u00e4ssigkeit ausgelegt.<\/p>\n<p data-start=\"602\" data-end=\"769\">Von der Abholung vom Flughafen bis hin zu t\u00e4glichen Konferenztransfers oder VIP-Hosting bieten wir ma\u00dfgeschneiderte Transportl\u00f6sungen f\u00fcr Unternehmen, Delegationen und internationale Kunden.<\/p>\n\n\t\t<\/div>\n\t<\/div>\n<\/div><\/div><\/div><\/div><div class=\"vc_row wpb_row vc_row-fluid theme-margin-top-20\"><div class=\"wpb_column vc_column_container vc_col-sm-8\"><div class=\"vc_column-inner\"><div class=\"wpb_wrapper\">\r\n            <p class=\"theme-component-paragraph-large theme-component-paragraph-large-style-2 alignleft theme-padding-top-0 theme-padding-bottom-0\">\r\n                Executive Transfers f\u00fcr Gesch\u00e4ftsreisende\r\n            <\/p>\r\n        \n\t<div class=\"wpb_text_column wpb_content_element theme-padding-top-30\" >\n\t\t<div class=\"wpb_wrapper\">\n\t\t\t<p data-start=\"827\" data-end=\"1077\">Unsere Luxusflotte \u2013 darunter Limousinen, SUVs und Premium-Vans \u2013 ist bestens auf die Bed\u00fcrfnisse von Gesch\u00e4ftsleuten zugeschnitten. Genie\u00dfen Sie kostenloses WLAN, Mineralwasser und einen ruhigen Raum zur Vorbereitung auf Meetings, w\u00e4hrend unsere Chauffeure sich um die Logistik k\u00fcmmern.<\/p>\n<p data-start=\"1079\" data-end=\"1203\">Wir gew\u00e4hrleisten einen p\u00fcnktlichen Service zum und vom Flughafen Bodrum (BJV), privaten Terminals und wichtigen Gesch\u00e4ftsstandorten in der gesamten Region.<\/p>\n\n\t\t<\/div>\n\t<\/div>\n<\/div><\/div><\/div><div class=\"wpb_column vc_column_container vc_col-sm-4\"><div class=\"vc_column-inner\"><div class=\"wpb_wrapper\">\n\t<div  class=\"wpb_single_image wpb_content_element vc_align_right wpb_content_element\">\n\t\t\n\t\t<figure class=\"wpb_wrapper vc_figure\">\n\t\t\t<div class=\"vc_single_image-wrapper   vc_box_border_grey\"><img loading=\"lazy\" decoding=\"async\" width=\"275\" height=\"275\" src=\"https:\/\/bodrumluxuryservices.com\/wp-content\/uploads\/2025\/06\/bodrum-business-corporate-travel-transfer.jpg\" class=\"vc_single_image-img attachment-full\" alt=\"\" title=\"Bodrum-Gesch\u00e4fts- und Firmenreisetransfer\" srcset=\"https:\/\/bodrumluxuryservices.com\/wp-content\/uploads\/2025\/06\/bodrum-business-corporate-travel-transfer.jpg 275w, https:\/\/bodrumluxuryservices.com\/wp-content\/uploads\/2025\/06\/bodrum-business-corporate-travel-transfer-150x150.jpg 150w, https:\/\/bodrumluxuryservices.com\/wp-content\/uploads\/2025\/06\/bodrum-business-corporate-travel-transfer-12x12.jpg 12w\" sizes=\"auto, (max-width: 275px) 100vw, 275px\" \/><\/div>\n\t\t<\/figure>\n\t<\/div>\n<\/div><\/div><\/div><\/div><div class=\"vc_row wpb_row vc_row-fluid\"><div class=\"theme-margin-bottom-0 wpb_column vc_column_container vc_col-sm-12\"><div class=\"vc_column-inner\"><div class=\"wpb_wrapper\"><h3 style=\"text-align: center\" class=\"vc_custom_heading vc_do_custom_heading theme-margin-top-60 theme-margin-bottom-50\" >\ud83e\udd1d Firmenveranstaltungen und Delegationsdienste<\/h3>\n\t<div class=\"wpb_text_column wpb_content_element\" >\n\t\t<div class=\"wpb_wrapper\">\n\t\t\t<p data-start=\"1257\" data-end=\"1540\">Planen Sie eine Konferenz, eine Firmenklausur oder ein Gesch\u00e4ftsessen? Unser Team ist spezialisiert auf Gruppenlogistik, die Koordination mehrerer Fahrzeuge und anspruchsvolles G\u00e4stemanagement. Ob einzelner VIP oder komplette Firmendelegation \u2013 wir garantieren Ihnen einen reibungslosen und professionellen Service von Anfang bis Ende.<\/p>\n<p data-start=\"1542\" data-end=\"1644\">Wir bieten au\u00dferdem Markenbeschilderung, mehrsprachige Chauffeure und diskrete Abfertigung f\u00fcr hochrangige G\u00e4ste.<\/p>\n<hr data-start=\"1646\" data-end=\"1649\" \/>\n<h3 data-start=\"1651\" data-end=\"1686\">\ud83d\udcbc <strong data-start=\"1658\" data-end=\"1684\">Preis f\u00fcr Gesch\u00e4ftsreisen<\/strong><\/h3>\n<p data-start=\"1687\" data-end=\"1844\">Die Preise variieren je nach Gruppengr\u00f6\u00dfe, Fahrzeugtyp und Servicedauer.<br data-start=\"1762\" data-end=\"1765\" \/>\ud83d\udce9 <strong data-start=\"1768\" data-end=\"1844\">Kontaktieren Sie uns noch heute, um Ihr individuelles Angebot zu erhalten \u2013 Online-Angebote verf\u00fcgbar!<\/strong><\/p>\n\n\t\t<\/div>\n\t<\/div>\n\t\t<div class=\"theme-vehicle-list theme-clear-fix\">\n\t\t\t\n\t\t\t<div class=\"chbs-main\">\n\t\t\t\t<div class=\"theme-vehicle-list-result theme-clear-fix\">\n<div class=\"vc_row wpb_row vc_row-fluid\">\n\t\t\t\t\t<div class=\"wpb_column vc_column_container vc_col-sm-4\"><div class=\"vc_column-inner\"><div class=\"wpb_wrapper\">\n\t\t\t\t\t\t<div class=\"theme-vehicle-list-item\">\n\t\t\t\t\n\t\t\t\t\t\t<div class=\"theme-vehicle-list-item-image\">\n\t\t\t\t\t\n\t\t\t\t\t\t\t<a href=\"https:\/\/bodrumluxuryservices.com\/de\/car\/mercedes-benz-vito-standart\/\" title=\"View vehicle &quot;Mercedes-Benz Vito Standart&quot;.\">\n\t\t\t\t\t\t\n\t\t\t\t\t\t\t\t<span>\n\t\t\t\t\t\t\t\t\t<span class=\"theme-vehicle-list-item-category\">Kleinbus<\/span><span class=\"theme-vehicle-list-item-category\">Standart<\/span>\n\t\t\t\t\t\t\t\t\t<span class=\"theme-vehicle-list-item-title\">Mercedes-Benz Vito Standard<\/span>\n\t\t\t\t\t\t\t\t<\/span>\n\t\t\t\t\t\t\t\t<img loading=\"lazy\" decoding=\"async\" width=\"800\" height=\"533\" src=\"https:\/\/bodrumluxuryservices.com\/wp-content\/uploads\/2025\/06\/bodrum-transfer-airport-shuttle-mercedes-vito-price.png\" class=\"attachment-post-thumbnail size-post-thumbnail wp-post-image\" alt=\"\" srcset=\"https:\/\/bodrumluxuryservices.com\/wp-content\/uploads\/2025\/06\/bodrum-transfer-airport-shuttle-mercedes-vito-price.png 800w, https:\/\/bodrumluxuryservices.com\/wp-content\/uploads\/2025\/06\/bodrum-transfer-airport-shuttle-mercedes-vito-price-300x200.png 300w, https:\/\/bodrumluxuryservices.com\/wp-content\/uploads\/2025\/06\/bodrum-transfer-airport-shuttle-mercedes-vito-price-768x512.png 768w, https:\/\/bodrumluxuryservices.com\/wp-content\/uploads\/2025\/06\/bodrum-transfer-airport-shuttle-mercedes-vito-price-18x12.png 18w, https:\/\/bodrumluxuryservices.com\/wp-content\/uploads\/2025\/06\/bodrum-transfer-airport-shuttle-mercedes-vito-price-460x306.png 460w, https:\/\/bodrumluxuryservices.com\/wp-content\/uploads\/2025\/06\/bodrum-transfer-airport-shuttle-mercedes-vito-price-600x400.png 600w\" sizes=\"auto, (max-width: 800px) 100vw, 800px\" \/>\n\t\t\t\t\t\t\t\t<span><\/span>\n\t\t\t\t\t\t\t\t\t\t\n\t\t\t\t\t\t\t<\/a>\n\t\t\t\t\t\t\t\t\t\t\t\n\t\t\t\t\t\t<\/div>\n\t\t\t\t\t\n\t\t\t\t\t\t<div class=\"theme-vehicle-list-item-meta\">\n\t\t\t\t\t\t\t<span class=\"theme-icon-meta-user\"><\/span>\n\t\t\t\t\t\t\t<span class=\"theme-circle\">6<\/span>\n\t\t\t\t\t\t\t<span class=\"theme-icon-meta-suitcase\"><\/span>\n\t\t\t\t\t\t\t<span class=\"theme-circle\">6<\/span>\n\t\t\t\t\t\t<\/div>\n\t\t\t\t\t\n\t\t\t\t\t\t<\/div>\n\t\t\t\t\t<\/div><\/div><\/div>\n\t\t\t\t\n\t\t\t\t\t<div class=\"wpb_column vc_column_container vc_col-sm-4\"><div class=\"vc_column-inner\"><div class=\"wpb_wrapper\">\n\t\t\t\t\t\t<div class=\"theme-vehicle-list-item\">\n\t\t\t\t\n\t\t\t\t\t\t<div class=\"theme-vehicle-list-item-image\">\n\t\t\t\t\t\n\t\t\t\t\t\t\t<a href=\"https:\/\/bodrumluxuryservices.com\/de\/car\/mercedes-benz-vito-luxury-vip\/\" title=\"View vehicle &quot;Mercedes-Benz Vito Luxury Vip&quot;.\">\n\t\t\t\t\t\t\n\t\t\t\t\t\t\t\t<span>\n\t\t\t\t\t\t\t\t\t<span class=\"theme-vehicle-list-item-category\">Luxus<\/span><span class=\"theme-vehicle-list-item-category\">Kleinbus<\/span>\n\t\t\t\t\t\t\t\t\t<span class=\"theme-vehicle-list-item-title\">Mercedes-Benz Vito Luxury Vip<\/span>\n\t\t\t\t\t\t\t\t<\/span>\n\t\t\t\t\t\t\t\t<img loading=\"lazy\" decoding=\"async\" width=\"800\" height=\"533\" src=\"https:\/\/bodrumluxuryservices.com\/wp-content\/uploads\/2017\/11\/mercedes-vito-luxury-maybach-bodrum-transfers-airport-shuttle.png\" class=\"attachment-post-thumbnail size-post-thumbnail wp-post-image\" alt=\"\" srcset=\"https:\/\/bodrumluxuryservices.com\/wp-content\/uploads\/2017\/11\/mercedes-vito-luxury-maybach-bodrum-transfers-airport-shuttle.png 800w, https:\/\/bodrumluxuryservices.com\/wp-content\/uploads\/2017\/11\/mercedes-vito-luxury-maybach-bodrum-transfers-airport-shuttle-300x200.png 300w, https:\/\/bodrumluxuryservices.com\/wp-content\/uploads\/2017\/11\/mercedes-vito-luxury-maybach-bodrum-transfers-airport-shuttle-768x512.png 768w, https:\/\/bodrumluxuryservices.com\/wp-content\/uploads\/2017\/11\/mercedes-vito-luxury-maybach-bodrum-transfers-airport-shuttle-18x12.png 18w, https:\/\/bodrumluxuryservices.com\/wp-content\/uploads\/2017\/11\/mercedes-vito-luxury-maybach-bodrum-transfers-airport-shuttle-460x306.png 460w, https:\/\/bodrumluxuryservices.com\/wp-content\/uploads\/2017\/11\/mercedes-vito-luxury-maybach-bodrum-transfers-airport-shuttle-600x400.png 600w\" sizes=\"auto, (max-width: 800px) 100vw, 800px\" \/>\n\t\t\t\t\t\t\t\t<span><\/span>\n\t\t\t\t\t\t\t\t\t\t\n\t\t\t\t\t\t\t<\/a>\n\t\t\t\t\t\t\t\t\t\t\t\n\t\t\t\t\t\t<\/div>\n\t\t\t\t\t\n\t\t\t\t\t\t<div class=\"theme-vehicle-list-item-meta\">\n\t\t\t\t\t\t\t<span class=\"theme-icon-meta-user\"><\/span>\n\t\t\t\t\t\t\t<span class=\"theme-circle\">6<\/span>\n\t\t\t\t\t\t\t<span class=\"theme-icon-meta-suitcase\"><\/span>\n\t\t\t\t\t\t\t<span class=\"theme-circle\">6<\/span>\n\t\t\t\t\t\t<\/div>\n\t\t\t\t\t\n\t\t\t\t\t\t<\/div>\n\t\t\t\t\t<\/div><\/div><\/div>\n\t\t\t\t\n\t\t\t\t\t<div class=\"wpb_column vc_column_container vc_col-sm-4\"><div class=\"vc_column-inner\"><div class=\"wpb_wrapper\">\n\t\t\t\t\t\t<div class=\"theme-vehicle-list-item\">\n\t\t\t\t\n\t\t\t\t\t\t<div class=\"theme-vehicle-list-item-image\">\n\t\t\t\t\t\n\t\t\t\t\t\t\t<a href=\"https:\/\/bodrumluxuryservices.com\/de\/car\/mercedes-benz-sprinter-101-seater\/\" title=\"View vehicle &quot;Mercedes-Benz Sprinter (10+1 Seater)&quot;.\">\n\t\t\t\t\t\t\n\t\t\t\t\t\t\t\t<span>\n\t\t\t\t\t\t\t\t\t<span class=\"theme-vehicle-list-item-category\">Kleinbus<\/span><span class=\"theme-vehicle-list-item-category\">Standart<\/span>\n\t\t\t\t\t\t\t\t\t<span class=\"theme-vehicle-list-item-title\">Mercedes-Benz Sprinter (10+1 Sitzer)<\/span>\n\t\t\t\t\t\t\t\t<\/span>\n\t\t\t\t\t\t\t\t<img loading=\"lazy\" decoding=\"async\" width=\"800\" height=\"533\" src=\"https:\/\/bodrumluxuryservices.com\/wp-content\/uploads\/2017\/11\/mercedes-sprinter-10-seater-bodrum-transfers-airport-shuttle.png\" class=\"attachment-post-thumbnail size-post-thumbnail wp-post-image\" alt=\"\" srcset=\"https:\/\/bodrumluxuryservices.com\/wp-content\/uploads\/2017\/11\/mercedes-sprinter-10-seater-bodrum-transfers-airport-shuttle.png 800w, https:\/\/bodrumluxuryservices.com\/wp-content\/uploads\/2017\/11\/mercedes-sprinter-10-seater-bodrum-transfers-airport-shuttle-300x200.png 300w, https:\/\/bodrumluxuryservices.com\/wp-content\/uploads\/2017\/11\/mercedes-sprinter-10-seater-bodrum-transfers-airport-shuttle-768x512.png 768w, https:\/\/bodrumluxuryservices.com\/wp-content\/uploads\/2017\/11\/mercedes-sprinter-10-seater-bodrum-transfers-airport-shuttle-18x12.png 18w, https:\/\/bodrumluxuryservices.com\/wp-content\/uploads\/2017\/11\/mercedes-sprinter-10-seater-bodrum-transfers-airport-shuttle-460x306.png 460w\" sizes=\"auto, (max-width: 800px) 100vw, 800px\" \/>\n\t\t\t\t\t\t\t\t<span><\/span>\n\t\t\t\t\t\t\t\t\t\t\n\t\t\t\t\t\t\t<\/a>\n\t\t\t\t\t\t\t\t\t\t\t\n\t\t\t\t\t\t<\/div>\n\t\t\t\t\t\n\t\t\t\t\t\t<div class=\"theme-vehicle-list-item-meta\">\n\t\t\t\t\t\t\t<span class=\"theme-icon-meta-user\"><\/span>\n\t\t\t\t\t\t\t<span class=\"theme-circle\">10<\/span>\n\t\t\t\t\t\t\t<span class=\"theme-icon-meta-suitcase\"><\/span>\n\t\t\t\t\t\t\t<span class=\"theme-circle\">10<\/span>\n\t\t\t\t\t\t<\/div>\n\t\t\t\t\t\n\t\t\t\t\t\t<\/div>\n\t\t\t\t\t<\/div><\/div><\/div>\n\t\t\t\t<\/div><div class=\"vc_row wpb_row vc_row-fluid\">\n\t\t\t\t\t<div class=\"wpb_column vc_column_container vc_col-sm-4\"><div class=\"vc_column-inner\"><div class=\"wpb_wrapper\">\n\t\t\t\t\t\t<div class=\"theme-vehicle-list-item\">\n\t\t\t\t\n\t\t\t\t\t\t<div class=\"theme-vehicle-list-item-image\">\n\t\t\t\t\t\n\t\t\t\t\t\t\t<a href=\"https:\/\/bodrumluxuryservices.com\/de\/car\/mercedes-benz-sprinter-161-seater\/\" title=\"View vehicle &quot;Mercedes-Benz Sprinter (16+1 Seater)&quot;.\">\n\t\t\t\t\t\t\n\t\t\t\t\t\t\t\t<span>\n\t\t\t\t\t\t\t\t\t<span class=\"theme-vehicle-list-item-category\">Midibus<\/span><span class=\"theme-vehicle-list-item-category\">Standart<\/span>\n\t\t\t\t\t\t\t\t\t<span class=\"theme-vehicle-list-item-title\">Mercedes-Benz Sprinter (16+1 Sitzer)<\/span>\n\t\t\t\t\t\t\t\t<\/span>\n\t\t\t\t\t\t\t\t<img loading=\"lazy\" decoding=\"async\" width=\"800\" height=\"533\" src=\"https:\/\/bodrumluxuryservices.com\/wp-content\/uploads\/2025\/06\/mercedes-sprinter-16-seater-bodrum-transfers-airport-shuttle.png\" class=\"attachment-post-thumbnail size-post-thumbnail wp-post-image\" alt=\"\" srcset=\"https:\/\/bodrumluxuryservices.com\/wp-content\/uploads\/2025\/06\/mercedes-sprinter-16-seater-bodrum-transfers-airport-shuttle.png 800w, https:\/\/bodrumluxuryservices.com\/wp-content\/uploads\/2025\/06\/mercedes-sprinter-16-seater-bodrum-transfers-airport-shuttle-300x200.png 300w, https:\/\/bodrumluxuryservices.com\/wp-content\/uploads\/2025\/06\/mercedes-sprinter-16-seater-bodrum-transfers-airport-shuttle-768x512.png 768w, https:\/\/bodrumluxuryservices.com\/wp-content\/uploads\/2025\/06\/mercedes-sprinter-16-seater-bodrum-transfers-airport-shuttle-18x12.png 18w, https:\/\/bodrumluxuryservices.com\/wp-content\/uploads\/2025\/06\/mercedes-sprinter-16-seater-bodrum-transfers-airport-shuttle-460x306.png 460w\" sizes=\"auto, (max-width: 800px) 100vw, 800px\" \/>\n\t\t\t\t\t\t\t\t<span><\/span>\n\t\t\t\t\t\t\t\t\t\t\n\t\t\t\t\t\t\t<\/a>\n\t\t\t\t\t\t\t\t\t\t\t\n\t\t\t\t\t\t<\/div>\n\t\t\t\t\t\n\t\t\t\t\t\t<div class=\"theme-vehicle-list-item-meta\">\n\t\t\t\t\t\t\t<span class=\"theme-icon-meta-user\"><\/span>\n\t\t\t\t\t\t\t<span class=\"theme-circle\">16<\/span>\n\t\t\t\t\t\t\t<span class=\"theme-icon-meta-suitcase\"><\/span>\n\t\t\t\t\t\t\t<span class=\"theme-circle\">16<\/span>\n\t\t\t\t\t\t<\/div>\n\t\t\t\t\t\n\t\t\t\t\t\t<\/div>\n\t\t\t\t\t<\/div><\/div><\/div>\n\t\t\t\t\n\t\t\t\t\t<div class=\"wpb_column vc_column_container vc_col-sm-4\"><div class=\"vc_column-inner\"><div class=\"wpb_wrapper\">\n\t\t\t\t\t\t<div class=\"theme-vehicle-list-item\">\n\t\t\t\t\n\t\t\t\t\t\t<div class=\"theme-vehicle-list-item-image\">\n\t\t\t\t\t\n\t\t\t\t\t\t\t<a href=\"https:\/\/bodrumluxuryservices.com\/de\/car\/mercedes-benz-e-class\/\" title=\"View vehicle &quot;Mercedes-Benz E Class&quot;.\">\n\t\t\t\t\t\t\n\t\t\t\t\t\t\t\t<span>\n\t\t\t\t\t\t\t\t\t<span class=\"theme-vehicle-list-item-category\">Limousine<\/span><span class=\"theme-vehicle-list-item-category\">Luxus<\/span>\n\t\t\t\t\t\t\t\t\t<span class=\"theme-vehicle-list-item-title\">Mercedes-Benz E-Klasse<\/span>\n\t\t\t\t\t\t\t\t<\/span>\n\t\t\t\t\t\t\t\t<img loading=\"lazy\" decoding=\"async\" width=\"800\" height=\"533\" src=\"https:\/\/bodrumluxuryservices.com\/wp-content\/uploads\/2017\/11\/mercedes-e-class-limousine-bodrum-transfers-airport-shuttle.png\" class=\"attachment-post-thumbnail size-post-thumbnail wp-post-image\" alt=\"\" srcset=\"https:\/\/bodrumluxuryservices.com\/wp-content\/uploads\/2017\/11\/mercedes-e-class-limousine-bodrum-transfers-airport-shuttle.png 800w, https:\/\/bodrumluxuryservices.com\/wp-content\/uploads\/2017\/11\/mercedes-e-class-limousine-bodrum-transfers-airport-shuttle-300x200.png 300w, https:\/\/bodrumluxuryservices.com\/wp-content\/uploads\/2017\/11\/mercedes-e-class-limousine-bodrum-transfers-airport-shuttle-768x512.png 768w, https:\/\/bodrumluxuryservices.com\/wp-content\/uploads\/2017\/11\/mercedes-e-class-limousine-bodrum-transfers-airport-shuttle-18x12.png 18w, https:\/\/bodrumluxuryservices.com\/wp-content\/uploads\/2017\/11\/mercedes-e-class-limousine-bodrum-transfers-airport-shuttle-460x306.png 460w\" sizes=\"auto, (max-width: 800px) 100vw, 800px\" \/>\n\t\t\t\t\t\t\t\t<span><\/span>\n\t\t\t\t\t\t\t\t\t\t\n\t\t\t\t\t\t\t<\/a>\n\t\t\t\t\t\t\t\t\t\t\t\n\t\t\t\t\t\t<\/div>\n\t\t\t\t\t\n\t\t\t\t\t\t<div class=\"theme-vehicle-list-item-meta\">\n\t\t\t\t\t\t\t<span class=\"theme-icon-meta-user\"><\/span>\n\t\t\t\t\t\t\t<span class=\"theme-circle\">2<\/span>\n\t\t\t\t\t\t\t<span class=\"theme-icon-meta-suitcase\"><\/span>\n\t\t\t\t\t\t\t<span class=\"theme-circle\">2<\/span>\n\t\t\t\t\t\t<\/div>\n\t\t\t\t\t\n\t\t\t\t\t\t<\/div>\n\t\t\t\t\t<\/div><\/div><\/div>\n\t\t\t\t\n\t\t\t\t\t<div class=\"wpb_column vc_column_container vc_col-sm-4\"><div class=\"vc_column-inner\"><div class=\"wpb_wrapper\">\n\t\t\t\t\t\t<div class=\"theme-vehicle-list-item\">\n\t\t\t\t\n\t\t\t\t\t\t<div class=\"theme-vehicle-list-item-image\">\n\t\t\t\t\t\n\t\t\t\t\t\t\t<a href=\"https:\/\/bodrumluxuryservices.com\/de\/car\/mercedes-benz-s-class\/\" title=\"View vehicle &quot;Mercedes-Benz S Class&quot;.\">\n\t\t\t\t\t\t\n\t\t\t\t\t\t\t\t<span>\n\t\t\t\t\t\t\t\t\t<span class=\"theme-vehicle-list-item-category\">Limousine<\/span><span class=\"theme-vehicle-list-item-category\">Luxus<\/span><span class=\"theme-vehicle-list-item-category\">Stretchlimousine<\/span>\n\t\t\t\t\t\t\t\t\t<span class=\"theme-vehicle-list-item-title\">Mercedes-Benz S-Klasse<\/span>\n\t\t\t\t\t\t\t\t<\/span>\n\t\t\t\t\t\t\t\t<img loading=\"lazy\" decoding=\"async\" width=\"800\" height=\"533\" src=\"https:\/\/bodrumluxuryservices.com\/wp-content\/uploads\/2017\/11\/mercedes-S-Class-limousine-bodrum-transfers-airport-shuttle.png\" class=\"attachment-post-thumbnail size-post-thumbnail wp-post-image\" alt=\"\" srcset=\"https:\/\/bodrumluxuryservices.com\/wp-content\/uploads\/2017\/11\/mercedes-S-Class-limousine-bodrum-transfers-airport-shuttle.png 800w, https:\/\/bodrumluxuryservices.com\/wp-content\/uploads\/2017\/11\/mercedes-S-Class-limousine-bodrum-transfers-airport-shuttle-300x200.png 300w, https:\/\/bodrumluxuryservices.com\/wp-content\/uploads\/2017\/11\/mercedes-S-Class-limousine-bodrum-transfers-airport-shuttle-768x512.png 768w, https:\/\/bodrumluxuryservices.com\/wp-content\/uploads\/2017\/11\/mercedes-S-Class-limousine-bodrum-transfers-airport-shuttle-18x12.png 18w, https:\/\/bodrumluxuryservices.com\/wp-content\/uploads\/2017\/11\/mercedes-S-Class-limousine-bodrum-transfers-airport-shuttle-460x306.png 460w\" sizes=\"auto, (max-width: 800px) 100vw, 800px\" \/>\n\t\t\t\t\t\t\t\t<span><\/span>\n\t\t\t\t\t\t\t\t\t\t\n\t\t\t\t\t\t\t<\/a>\n\t\t\t\t\t\t\t\t\t\t\t\n\t\t\t\t\t\t<\/div>\n\t\t\t\t\t\n\t\t\t\t\t\t<div class=\"theme-vehicle-list-item-meta\">\n\t\t\t\t\t\t\t<span class=\"theme-icon-meta-user\"><\/span>\n\t\t\t\t\t\t\t<span class=\"theme-circle\">2<\/span>\n\t\t\t\t\t\t\t<span class=\"theme-icon-meta-suitcase\"><\/span>\n\t\t\t\t\t\t\t<span class=\"theme-circle\">2<\/span>\n\t\t\t\t\t\t<\/div>\n\t\t\t\t\t\n\t\t\t\t\t\t<\/div>\n\t\t\t\t\t<\/div><\/div><\/div>\n\t\t\t\t<\/div>\t\t\t\t<\/div>\n\t\t\t<\/div>\n\t\t<\/div><\/div><\/div><\/div><\/div>\n<\/div>","protected":false},"excerpt":{"rendered":"Corporate Travel \u2013 Professional Transport Solutions for Your Business Organizing smooth, punctual, and stylish transportation for your corporate events and business meetings is crucial to making the right impression. Our Corporate Travel services in Bodrum and beyond are designed with executive comfort, privacy, and reliability in mind. From airport pickups to daily conference transfers or [...]","protected":false},"author":1,"featured_media":0,"parent":0,"menu_order":0,"comment_status":"closed","ping_status":"closed","template":"","meta":{"footnotes":""},"class_list":["post-11027","page","type-page","status-publish","hentry"],"_links":{"self":[{"href":"https:\/\/bodrumluxuryservices.com\/de\/wp-json\/wp\/v2\/pages\/11027","targetHints":{"allow":["GET"]}}],"collection":[{"href":"https:\/\/bodrumluxuryservices.com\/de\/wp-json\/wp\/v2\/pages"}],"about":[{"href":"https:\/\/bodrumluxuryservices.com\/de\/wp-json\/wp\/v2\/types\/page"}],"author":[{"embeddable":true,"href":"https:\/\/bodrumluxuryservices.com\/de\/wp-json\/wp\/v2\/users\/1"}],"replies":[{"embeddable":true,"href":"https:\/\/bodrumluxuryservices.com\/de\/wp-json\/wp\/v2\/comments?post=11027"}],"version-history":[{"count":5,"href":"https:\/\/bodrumluxuryservices.com\/de\/wp-json\/wp\/v2\/pages\/11027\/revisions"}],"predecessor-version":[{"id":24112,"href":"https:\/\/bodrumluxuryservices.com\/de\/wp-json\/wp\/v2\/pages\/11027\/revisions\/24112"}],"wp:attachment":[{"href":"https:\/\/bodrumluxuryservices.com\/de\/wp-json\/wp\/v2\/media?parent=11027"}],"curies":[{"name":"wp","href":"https:\/\/api.w.org\/{rel}","templated":true}]}}