{"id":11025,"date":"2025-06-05T09:19:06","date_gmt":"2025-06-05T06:19:06","guid":{"rendered":"http:\/\/quanticalabs.com\/wp_themes4\/autoride\/?page_id=11025"},"modified":"2025-08-15T16:43:23","modified_gmt":"2025-08-15T13:43:23","slug":"bodrum-flughafentransfers","status":"publish","type":"page","link":"https:\/\/bodrumluxuryservices.com\/de\/bodrum-airport-transfers\/","title":{"rendered":"Bodrum Flughafentransfers"},"content":{"rendered":"<div class=\"wpb-content-wrapper\"><div class=\"vc_row wpb_row vc_row-fluid\"><div class=\"wpb_column vc_column_container vc_col-sm-4\"><div class=\"vc_column-inner\"><div class=\"wpb_wrapper\">\n\t<div  class=\"wpb_single_image wpb_content_element vc_align_left wpb_content_element\">\n\t\t\n\t\t<figure class=\"wpb_wrapper vc_figure\">\n\t\t\t<div class=\"vc_single_image-wrapper   vc_box_border_grey\"><img loading=\"lazy\" decoding=\"async\" width=\"275\" height=\"275\" src=\"https:\/\/bodrumluxuryservices.com\/wp-content\/uploads\/2025\/06\/passenger-reception-bodrum-airport-transfers-shuttle.jpg\" class=\"vc_single_image-img attachment-full\" alt=\"\" title=\"Passagierempfang-Bodrum-Flughafentransfer-Shuttle\" srcset=\"https:\/\/bodrumluxuryservices.com\/wp-content\/uploads\/2025\/06\/passenger-reception-bodrum-airport-transfers-shuttle.jpg 275w, https:\/\/bodrumluxuryservices.com\/wp-content\/uploads\/2025\/06\/passenger-reception-bodrum-airport-transfers-shuttle-150x150.jpg 150w, https:\/\/bodrumluxuryservices.com\/wp-content\/uploads\/2025\/06\/passenger-reception-bodrum-airport-transfers-shuttle-12x12.jpg 12w\" sizes=\"auto, (max-width: 275px) 100vw, 275px\" \/><\/div>\n\t\t<\/figure>\n\t<\/div>\n<\/div><\/div><\/div><div class=\"wpb_column vc_column_container vc_col-sm-8\"><div class=\"vc_column-inner\"><div class=\"wpb_wrapper\">\r\n            <p class=\"theme-component-paragraph-large theme-component-paragraph-large-style-2 alignleft theme-padding-top-0 theme-padding-bottom-0\">\r\n                Bodrum Flughafentransfers (BJV-Transfers nach ADB \u2013 DLM \u2013 AYT &amp; mehr)\r\n            <\/p>\r\n        \n\t<div class=\"wpb_text_column wpb_content_element theme-padding-top-30\" >\n\t\t<div class=\"wpb_wrapper\">\n\t\t\t<p>Suchen Sie nach zuverl\u00e4ssigen und luxuri\u00f6sen Flughafentransfers in Bodrum? Wir bieten erstklassige Transportdienste vom Flughafen Milas-Bodrum (BJV) zu beliebten Zielen wie dem Flughafen Izmir (ADB), dem Flughafen Dalaman (DLM), dem Flughafen Antalya (AYT) und Top-Resorts wie Bodrum Center, Yal\u0131kavak und G\u00fcll\u00fck.<\/p>\n\n\t\t<\/div>\n\t<\/div>\n<\/div><\/div><\/div><\/div><div class=\"vc_row wpb_row vc_row-fluid\"><div class=\"wpb_column vc_column_container vc_col-sm-12\"><div class=\"vc_column-inner\"><div class=\"wpb_wrapper\">\n\t<div class=\"wpb_text_column wpb_content_element theme-padding-top-30\" >\n\t\t<div class=\"wpb_wrapper\">\n\t\t\t<h4>\u2708\ufe0f Bodrum Flughafentransfers (BJV Transfers nach ADB \u2013 DLM \u2013 AYT &amp; mehr) Preislisten 2025<\/h4>\n<p>Mit unserem <strong>Bodrum Flughafentransfers<\/strong> Service, komfortable und kosteng\u00fcnstige Fortbewegung war noch nie so einfach. Unser Standard Vito (bis zu 6 Passagiere) ist verf\u00fcgbar <strong>schon ab 35 \u20ac<\/strong>, und f\u00fcr lokale Fahrten profitieren Sie von <strong>Stundenmieten schon ab 12 \u20ac<\/strong>.<\/p>\n<p>Beliebte Routen sind:<\/p>\n<ul>\n<li><strong>BJV zum Flughafen Izmir Adnan Menderes (ADB)<\/strong><\/li>\n<li><strong>BJV zum Flughafen Dalaman (DLM)<\/strong><\/li>\n<li><strong>BJV zum Flughafen Antalya (AYT)<\/strong><\/li>\n<li><strong>BJV nach G\u00fcll\u00fck<\/strong><\/li>\n<li><strong>BJV nach Torba<\/strong><\/li>\n<li><strong>BJV nach Bodrum Center<\/strong><\/li>\n<li><strong>BJV nach Yal\u0131kavak<\/strong><\/li>\n<\/ul>\n<p>Berechnen Sie Ihre Transferkosten ganz einfach mit unserem <a href=\"\/de\/buchung\/\"><strong>Online-Buchungssystem<\/strong><\/a>Alternativ kontaktieren Sie uns per WhatsApp f\u00fcr eine <strong>personalisiertes Angebot<\/strong> auf Ihre Reisebed\u00fcrfnisse zugeschnitten.<\/p>\n<p>F\u00fcr lokale und internationale Flughafentransfers in Bodrum stellen wir Ihnen professionelle Fahrer und komfortable Fahrzeuge zur Verf\u00fcgung, damit Ihre Reise reibungslos und angenehm verl\u00e4uft. Beginnen Sie Ihre Reise bequem und \u00fcberlassen Sie uns Ihren Transport.<\/p>\n\n\t\t<\/div>\n\t<\/div>\n<\/div><\/div><\/div><\/div><div class=\"vc_row wpb_row vc_row-fluid theme-margin-top-20\"><div class=\"wpb_column vc_column_container vc_col-sm-8\"><div class=\"vc_column-inner\"><div class=\"wpb_wrapper\">\r\n            <p class=\"theme-component-paragraph-large theme-component-paragraph-large-style-2 alignleft theme-padding-top-0 theme-padding-bottom-0\">\r\n                Unsere erfahrenen Chauffeure f\u00fchren Sie durch jede Stadt, in der Sie sich befinden.\r\n            <\/p>\r\n        \n\t<div class=\"wpb_text_column wpb_content_element theme-padding-top-30\" >\n\t\t<div class=\"wpb_wrapper\">\n\t\t\t<p>Egal ob VIP-Flughafentransfer, privater Transfer mit Fahrer oder Gruppenfahrzeug \u2013 mit unserem modernen Fuhrpark sorgen wir f\u00fcr eine reibungslose, stilvolle und p\u00fcnktliche Fahrt.<\/p>\n\n\t\t<\/div>\n\t<\/div>\n<\/div><\/div><\/div><div class=\"wpb_column vc_column_container vc_col-sm-4\"><div class=\"vc_column-inner\"><div class=\"wpb_wrapper\">\n\t<div  class=\"wpb_single_image wpb_content_element vc_align_right wpb_content_element\">\n\t\t\n\t\t<figure class=\"wpb_wrapper vc_figure\">\n\t\t\t<div class=\"vc_single_image-wrapper   vc_box_border_grey\"><img loading=\"lazy\" decoding=\"async\" width=\"275\" height=\"275\" src=\"https:\/\/bodrumluxuryservices.com\/wp-content\/uploads\/2025\/06\/passenger-reception-bodrum-airport-transfers-luggages.jpg\" class=\"vc_single_image-img attachment-full\" alt=\"\" title=\"Passagierempfang-Bodrum-Flughafentransfers-Gep\u00e4ck\" srcset=\"https:\/\/bodrumluxuryservices.com\/wp-content\/uploads\/2025\/06\/passenger-reception-bodrum-airport-transfers-luggages.jpg 275w, https:\/\/bodrumluxuryservices.com\/wp-content\/uploads\/2025\/06\/passenger-reception-bodrum-airport-transfers-luggages-150x150.jpg 150w, https:\/\/bodrumluxuryservices.com\/wp-content\/uploads\/2025\/06\/passenger-reception-bodrum-airport-transfers-luggages-12x12.jpg 12w\" sizes=\"auto, (max-width: 275px) 100vw, 275px\" \/><\/div>\n\t\t<\/figure>\n\t<\/div>\n<\/div><\/div><\/div><\/div><div class=\"vc_row wpb_row vc_row-fluid theme-column-style-6 theme-padding-bottom-0\"><div class=\"theme-margin-bottom-20 wpb_column vc_column_container vc_col-sm-6\"><div class=\"vc_column-inner\"><div class=\"wpb_wrapper\"><div class=\"theme-component-list theme-component-list-style-2\">\n<ul>\n<li>Professionell ausgebildete Chauffeure<\/li>\n<li>24\/7 Full-Service-Transport<\/li>\n<li>Luxusfahrzeuge, au\u00dfergew\u00f6hnlicher Komfort<\/li>\n<\/ul>\n<\/div><\/div><\/div><\/div><div class=\"theme-margin-bottom-20 wpb_column vc_column_container vc_col-sm-6\"><div class=\"vc_column-inner\"><div class=\"wpb_wrapper\"><div class=\"theme-component-list theme-component-list-style-2\">\n<ul>\n<li>P\u00fcnktlich, immer \u2013 garantiert<\/li>\n<li>Reibungslose Flughafentransfers entlang der \u00c4g\u00e4is<\/li>\n<li>Private Fahrten, Premium-Erlebnis<\/li>\n<\/ul>\n<\/div><\/div><\/div><\/div><\/div><div class=\"vc_row wpb_row vc_row-fluid\"><div class=\"theme-margin-bottom-0 wpb_column vc_column_container vc_col-sm-12\"><div class=\"vc_column-inner\"><div class=\"wpb_wrapper\"><h3 style=\"text-align: center\" class=\"vc_custom_heading vc_do_custom_heading theme-margin-top-60 theme-margin-bottom-50\" >Vorteile der Buchung von Bodrum Luxury Transfers<\/h3><\/div><\/div><\/div><\/div><div class=\"vc_row wpb_row vc_row-fluid\"><div class=\"theme-margin-bottom-0 wpb_column vc_column_container vc_col-sm-12\"><div class=\"vc_column-inner\"><div class=\"wpb_wrapper\">\n            <div class=\"theme-component-feature theme-component-feature-style-1\">\n                <div class=\"vc_row wpb_row vc_inner vc_row-fluid\"><div class=\"wpb_column vc_column_container vc_col-sm-4\"><div class=\"vc_column-inner\"><div class=\"wpb_wrapper\">\r\n            <div class=\"theme-component-feature-item\">\r\n                <span class=\"theme-icon-feature-check theme-component-feature-item-icon\"><span><\/span><\/span>\r\n                <h4 class=\"theme-component-feature-item-header\">Sicherheit geht vor<\/h4><p>Unsere Fahrzeuge und Chauffeure erf\u00fcllen h\u00f6chste Sicherheitsstandards.<\/p>\n\r\n            <\/div>\r\n        <\/div><\/div><\/div><div class=\"wpb_column vc_column_container vc_col-sm-4\"><div class=\"vc_column-inner\"><div class=\"wpb_wrapper\">\r\n            <div class=\"theme-component-feature-item\">\r\n                <span class=\"theme-icon-feature-wallet theme-component-feature-item-icon\"><span><\/span><\/span>\r\n                <h4 class=\"theme-component-feature-item-header\">Angemessene Preise<\/h4><p>Wir k\u00f6nnen Ihnen das richtige Fahrzeug zum richtigen Preis anbieten, das zu Ihrem Budget passt.<\/p>\n\r\n            <\/div>\r\n        <\/div><\/div><\/div><div class=\"wpb_column vc_column_container vc_col-sm-4\"><div class=\"vc_column-inner\"><div class=\"wpb_wrapper\">\r\n            <div class=\"theme-component-feature-item\">\r\n                <span class=\"theme-icon-feature-timetable theme-component-feature-item-icon\"><span><\/span><\/span>\r\n                <h4 class=\"theme-component-feature-item-header\">P\u00fcnktlichkeit<\/h4><p>Wir garantieren p\u00fcnktliche Abholungen und stressfreie Ank\u00fcnfte am Flughafen.<\/p>\n\r\n            <\/div>\r\n        <\/div><\/div><\/div><\/div>\n            <\/div>\n        <\/div><\/div><\/div><\/div><div class=\"vc_row wpb_row vc_row-fluid theme-margin-top-20\"><div class=\"theme-margin-bottom-0 wpb_column vc_column_container vc_col-sm-12\"><div class=\"vc_column-inner\"><div class=\"wpb_wrapper\">\n            <div class=\"theme-component-feature theme-component-feature-style-1\">\n                <div class=\"vc_row wpb_row vc_inner vc_row-fluid\"><div class=\"wpb_column vc_column_container vc_col-sm-4\"><div class=\"vc_column-inner\"><div class=\"wpb_wrapper\">\r\n            <div class=\"theme-component-feature-item\">\r\n                <span class=\"theme-icon-feature-vip theme-component-feature-item-icon\"><span><\/span><\/span>\r\n                <h4 class=\"theme-component-feature-item-header\">Luxuri\u00f6ser Komfort<\/h4><p>Erleben Sie High-End-Fahrzeuge, die auf Premium-Service zugeschnitten sind.<\/p>\n\r\n            <\/div>\r\n        <\/div><\/div><\/div><div class=\"wpb_column vc_column_container vc_col-sm-4\"><div class=\"vc_column-inner\"><div class=\"wpb_wrapper\">\r\n            <div class=\"theme-component-feature-item\">\r\n                <span class=\"theme-icon-feature-price theme-component-feature-item-icon\"><span><\/span><\/span>\r\n                <h4 class=\"theme-component-feature-item-header\">Erschwinglichkeit<\/h4><p>Wir bieten wettbewerbsf\u00e4hige Preise ohne versteckte Kosten, niemals.<\/p>\n\r\n            <\/div>\r\n        <\/div><\/div><\/div><div class=\"wpb_column vc_column_container vc_col-sm-4\"><div class=\"vc_column-inner\"><div class=\"wpb_wrapper\">\r\n            <div class=\"theme-component-feature-item\">\r\n                <span class=\"theme-icon-feature-help theme-component-feature-item-icon\"><span><\/span><\/span>\r\n                <h4 class=\"theme-component-feature-item-header\">Zuverl\u00e4ssigkeit<\/h4><p>Wir bieten wettbewerbsf\u00e4hige Preise ohne versteckte Kosten, niemals.<\/p>\n\r\n            <\/div>\r\n        <\/div><\/div><\/div><\/div>\n            <\/div>\n        <\/div><\/div><\/div><\/div>\n<\/div>","protected":false},"excerpt":{"rendered":"Bodrum Airport Transfers (BJV Transfers to ADB \u2013 DLM \u2013 AYT &amp; More) Looking for reliable and luxurious Bodrum Airport Transfers? We offer premium transportation services from Milas-Bodrum Airport (BJV) to popular destinations such as Izmir Airport (ADB), Dalaman Airport (DLM), Antalya Airport (AYT), and top resorts like Bodrum Center, Yal\u0131kavak, and G\u00fcll\u00fck. \u2708\ufe0f Bodrum [...]","protected":false},"author":1,"featured_media":0,"parent":0,"menu_order":0,"comment_status":"closed","ping_status":"closed","template":"","meta":{"footnotes":""},"class_list":["post-11025","page","type-page","status-publish","hentry"],"_links":{"self":[{"href":"https:\/\/bodrumluxuryservices.com\/de\/wp-json\/wp\/v2\/pages\/11025","targetHints":{"allow":["GET"]}}],"collection":[{"href":"https:\/\/bodrumluxuryservices.com\/de\/wp-json\/wp\/v2\/pages"}],"about":[{"href":"https:\/\/bodrumluxuryservices.com\/de\/wp-json\/wp\/v2\/types\/page"}],"author":[{"embeddable":true,"href":"https:\/\/bodrumluxuryservices.com\/de\/wp-json\/wp\/v2\/users\/1"}],"replies":[{"embeddable":true,"href":"https:\/\/bodrumluxuryservices.com\/de\/wp-json\/wp\/v2\/comments?post=11025"}],"version-history":[{"count":27,"href":"https:\/\/bodrumluxuryservices.com\/de\/wp-json\/wp\/v2\/pages\/11025\/revisions"}],"predecessor-version":[{"id":24563,"href":"https:\/\/bodrumluxuryservices.com\/de\/wp-json\/wp\/v2\/pages\/11025\/revisions\/24563"}],"wp:attachment":[{"href":"https:\/\/bodrumluxuryservices.com\/de\/wp-json\/wp\/v2\/media?parent=11025"}],"curies":[{"name":"wp","href":"https:\/\/api.w.org\/{rel}","templated":true}]}}