{"id":3,"date":"2025-06-02T10:12:46","date_gmt":"2025-06-02T10:12:46","guid":{"rendered":"https:\/\/bodrumluxuryservices.com\/?page_id=3"},"modified":"2026-04-16T10:19:32","modified_gmt":"2026-04-16T07:19:32","slug":"zasady-ochrany-osobnich-udaju","status":"publish","type":"page","link":"https:\/\/bodrumluxuryservices.com\/cs\/privacy-policy\/","title":{"rendered":"Z\u00e1sady ochrany osobn\u00edch \u00fadaj\u016f"},"content":{"rendered":"<p><strong>Posledn\u00ed aktualizace: 01.05.2024<\/strong><\/p>\n\n\n\n<p>Va\u0161e bezpe\u010dnost je pro n\u00e1s d\u016fle\u017eit\u00e1. My v <strong>Eraslan Exclusive Travel<\/strong>, dbejte na ochranu osobn\u00edch \u00fadaj\u016f, kter\u00e9 s n\u00e1mi sd\u00edl\u00edte.<\/p>\n\n\n\n<p>Jako spr\u00e1vce \u00fadaj\u016f se prost\u0159ednictv\u00edm t\u011bchto Z\u00e1sad ochrany osobn\u00edch \u00fadaj\u016f sna\u017e\u00edme informovat v\u00e1s o tom, kter\u00e9 va\u0161e osobn\u00ed \u00fadaje zpracov\u00e1v\u00e1me a za jak\u00fdm \u00fa\u010delem, s k\u00fdm a pro\u010d je m\u016f\u017eeme sd\u00edlet, o na\u0161ich metod\u00e1ch a pr\u00e1vn\u00edch d\u016fvodech zpracov\u00e1n\u00ed \u00fadaj\u016f a o va\u0161ich pr\u00e1vech t\u00fdkaj\u00edc\u00edch se va\u0161ich zpracov\u00e1van\u00fdch \u00fadaj\u016f.<\/p>\n\n\n\n<p><strong>Shrom\u00e1\u017ed\u011bn\u00e9 osobn\u00ed \u00fadaje, zp\u016fsob shroma\u017e\u010fov\u00e1n\u00ed a pr\u00e1vn\u00ed z\u00e1klad<\/strong><\/p>\n\n\n\n<p>Va\u0161e IP adresa a informace o u\u017eivatelsk\u00e9m agentu jsou zpracov\u00e1v\u00e1ny v\u00fdhradn\u011b pro analytick\u00e9 \u00fa\u010dely prost\u0159ednictv\u00edm soubor\u016f cookie a podobn\u00fdch technologi\u00ed, a to jak automatick\u00fdmi, tak neautomatick\u00fdmi metodami. Data jsou n\u011bkdy shroma\u017e\u010fov\u00e1na od t\u0159et\u00edch stran, jako jsou poskytovatel\u00e9 analytick\u00fdch slu\u017eeb, reklamn\u00ed s\u00edt\u011b a poskytovatel\u00e9 technologi\u00ed. Tato data jsou zaznamen\u00e1v\u00e1na, ukl\u00e1d\u00e1na a aktualizov\u00e1na na z\u00e1klad\u011b na\u0161eho servisn\u00edho vztahu s v\u00e1mi a za podm\u00ednek opr\u00e1vn\u011bn\u00e9ho z\u00e1jmu zpracov\u00e1n\u00ed po dobu trv\u00e1n\u00ed tohoto vztahu.<\/p>\n\n\n\n<p><strong>\u00da\u010del zpracov\u00e1n\u00ed va\u0161ich osobn\u00edch \u00fadaj\u016f<\/strong><\/p>\n\n\n\n<p>Osobn\u00ed \u00fadaje, kter\u00e9 s n\u00e1mi sd\u00edl\u00edte, budou zpracov\u00e1v\u00e1ny pouze za \u00fa\u010delem proveden\u00ed nezbytn\u00fdch anal\u00fdz, zaji\u0161t\u011bn\u00ed optim\u00e1ln\u00edho poskytov\u00e1n\u00ed na\u0161ich slu\u017eeb, poskytov\u00e1n\u00ed dostupn\u00fdch a maxim\u00e1ln\u011b prosp\u011b\u0161n\u00fdch slu\u017eeb, rozvoje na\u0161ich slu\u017eeb podle va\u0161ich pot\u0159eb, propojen\u00ed s poskytovateli slu\u017eeb v r\u00e1mci pr\u00e1vn\u00edho r\u00e1mce a pln\u011bn\u00ed ve\u0161ker\u00fdch z\u00e1konn\u00fdch povinnost\u00ed (nap\u0159\u00edklad sd\u00edlen\u00ed osobn\u00edch \u00fadaj\u016f na \u017e\u00e1dost se soudn\u00edmi a spr\u00e1vn\u00edmi org\u00e1ny). Tyto \u010dinnosti zpracov\u00e1n\u00ed \u00fadaj\u016f budou prov\u00e1d\u011bny v nezbytn\u00fdch p\u0159\u00edpadech, vhodn\u00fdm zp\u016fsobem a v souladu s podm\u00ednkami na\u0161\u00ed smlouvy o poskytov\u00e1n\u00ed slu\u017eeb.<\/p>\n\n\n\n<p><strong>Komu a za jak\u00fdmi \u00fa\u010dely mohou b\u00fdt shrom\u00e1\u017ed\u011bn\u00e9 osobn\u00ed \u00fadaje p\u0159ed\u00e1ny<\/strong><\/p>\n\n\n\n<p>Va\u0161e osobn\u00ed \u00fadaje mohou b\u00fdt p\u0159ed\u00e1ny tuzemsk\u00fdm i mezin\u00e1rodn\u00edm t\u0159et\u00edm stran\u00e1m, instituc\u00edm a organizac\u00edm, se kter\u00fdmi udr\u017eujeme smluvn\u00ed nebo kooperativn\u00ed vztahy, nebo na \u017e\u00e1dost soudn\u00edch a spr\u00e1vn\u00edch org\u00e1n\u016f, za p\u0159edpokladu, \u017ee budou p\u0159ijata nezbytn\u00e1 technick\u00e1 a administrativn\u00ed opat\u0159en\u00ed.<\/p>\n\n\n\n<p><strong>Va\u0161e pr\u00e1va jako subjektu \u00fadaj\u016f<\/strong><\/p>\n\n\n\n<p>Podle \u010dl\u00e1nku 11 tureck\u00e9ho z\u00e1kona o ochran\u011b osobn\u00edch \u00fadaj\u016f (KVKK) m\u00e1 ka\u017ed\u00fd fyzick\u00e1 osoba pr\u00e1vo po\u017eadovat od spr\u00e1vce \u00fadaj\u016f n\u00e1sleduj\u00edc\u00ed:<\/p>\n\n\n\n<ul class=\"wp-block-list\">\n<li>Chcete-li zjistit, zda jsou zpracov\u00e1v\u00e1ny osobn\u00ed \u00fadaje,<\/li>\n\n\n\n<li>Po\u017e\u00e1dat o informaci, zda byly zpracov\u00e1v\u00e1ny osobn\u00ed \u00fadaje,<\/li>\n\n\n\n<li>Chcete-li se dozv\u011bd\u011bt \u00fa\u010del zpracov\u00e1n\u00ed osobn\u00edch \u00fadaj\u016f a zda jsou pou\u017e\u00edv\u00e1ny v souladu se zam\u00fd\u0161len\u00fdm \u00fa\u010delem,<\/li>\n\n\n\n<li>Zn\u00e1t t\u0159et\u00ed strany, kter\u00fdm jsou osobn\u00ed \u00fadaje p\u0159ed\u00e1v\u00e1ny v tuzemsku nebo mezin\u00e1rodn\u011b,<\/li>\n\n\n\n<li>Chcete-li po\u017e\u00e1dat o opravu ne\u00fapln\u00fdch nebo nespr\u00e1vn\u00fdch osobn\u00edch \u00fadaj\u016f,<\/li>\n\n\n\n<li>Po\u017e\u00e1dat o v\u00fdmaz nebo zni\u010den\u00ed osobn\u00edch \u00fadaj\u016f,<\/li>\n\n\n\n<li>Po\u017e\u00e1dat o ozn\u00e1men\u00ed transakc\u00ed proveden\u00fdch podle bod\u016f (e) a (f) t\u0159et\u00edm stran\u00e1m, kter\u00fdm jsou osobn\u00ed \u00fadaje p\u0159ed\u00e1v\u00e1ny,<\/li>\n\n\n\n<li>Vzn\u00e9st n\u00e1mitku proti vzniku v\u00fdsledku v\u016f\u010di osob\u011b anal\u00fdzou zpracov\u00e1van\u00fdch \u00fadaj\u016f v\u00fdhradn\u011b prost\u0159ednictv\u00edm automatizovan\u00fdch syst\u00e9m\u016f,<\/li>\n\n\n\n<li>Na n\u00e1hradu \u0161kody, pokud jim v d\u016fsledku protipr\u00e1vn\u00edho zpracov\u00e1n\u00ed osobn\u00edch \u00fadaj\u016f vznikne \u0161koda.<\/li>\n<\/ul>\n\n\n\n<p>Chcete-li uplatnit sv\u00e1 pr\u00e1va, nev\u00e1hejte n\u00e1s kontaktovat na adrese&nbsp;<a href=\"mailto:info@bodrumluxuryservices.com\">info@bodrumluxuryservices.com<\/a><\/p>\n\n\n\n<p><strong>Kontakt<\/strong><\/p>\n\n\n\n<p>M\u00e1te pln\u011b svobodnou volbu, zda souhlas\u00edte se zpracov\u00e1n\u00edm pouze nezbytn\u00fdch osobn\u00edch \u00fadaj\u016f v souladu s t\u011bmito Z\u00e1sadami ochrany osobn\u00edch \u00fadaj\u016f, a to v\u00fdhradn\u011b za \u00fa\u010delem poskytov\u00e1n\u00ed slu\u017eeb a prov\u00e1d\u011bn\u00ed anal\u00fdz. Pokra\u010dov\u00e1n\u00edm v pou\u017e\u00edv\u00e1n\u00ed str\u00e1nek se bude p\u0159edpokl\u00e1dat, \u017ee s t\u011bmito podm\u00ednkami souhlas\u00edte. Pro podrobn\u011bj\u0161\u00ed informace n\u00e1s nev\u00e1hejte kontaktovat na adrese&nbsp;<a href=\"mailto:info@bodrumluxuryservices.com\">info@bodrumluxuryservices.com<\/a>.<\/p>","protected":false},"excerpt":{"rendered":"<p>Last updated: 01\/05\/2024 Your security is important to us. We, at Eraslan Exclusive Travel, take great care to protect the personal information you share with us. As the data controller, through this Privacy and Personal Data Protection Policy, we aim to inform you about which of your personal data is processed and for what purpose, [&#8230;]<\/p>\n","protected":false},"author":1,"featured_media":0,"parent":0,"menu_order":0,"comment_status":"closed","ping_status":"open","template":"","meta":{"footnotes":""},"class_list":["post-3","page","type-page","status-publish","hentry"],"_links":{"self":[{"href":"https:\/\/bodrumluxuryservices.com\/cs\/wp-json\/wp\/v2\/pages\/3","targetHints":{"allow":["GET"]}}],"collection":[{"href":"https:\/\/bodrumluxuryservices.com\/cs\/wp-json\/wp\/v2\/pages"}],"about":[{"href":"https:\/\/bodrumluxuryservices.com\/cs\/wp-json\/wp\/v2\/types\/page"}],"author":[{"embeddable":true,"href":"https:\/\/bodrumluxuryservices.com\/cs\/wp-json\/wp\/v2\/users\/1"}],"replies":[{"embeddable":true,"href":"https:\/\/bodrumluxuryservices.com\/cs\/wp-json\/wp\/v2\/comments?post=3"}],"version-history":[{"count":4,"href":"https:\/\/bodrumluxuryservices.com\/cs\/wp-json\/wp\/v2\/pages\/3\/revisions"}],"predecessor-version":[{"id":24663,"href":"https:\/\/bodrumluxuryservices.com\/cs\/wp-json\/wp\/v2\/pages\/3\/revisions\/24663"}],"wp:attachment":[{"href":"https:\/\/bodrumluxuryservices.com\/cs\/wp-json\/wp\/v2\/media?parent=3"}],"curies":[{"name":"wp","href":"https:\/\/api.w.org\/{rel}","templated":true}]}}