{"id":24481,"date":"2025-07-26T22:25:15","date_gmt":"2025-07-26T19:25:15","guid":{"rendered":"https:\/\/bodrumluxuryservices.com\/?page_id=24481"},"modified":"2026-04-16T10:24:30","modified_gmt":"2026-04-16T07:24:30","slug":"smlouva-o-prodeji-na-dalku","status":"publish","type":"page","link":"https:\/\/bodrumluxuryservices.com\/cs\/distance-sales-agreement\/","title":{"rendered":"Distance Selling Contract"},"content":{"rendered":"<h2 class=\"wp-block-heading\">Smlouva o prodeji na d\u00e1lku<\/h2>\n\n\n\n<p>This agreement is issued in accordance with the Regulation on Distance Contracts, published in the Official Gazette No. 244675, dated  November 6, 2025<\/p>\n\n\n\n<p><strong>INFORMACE O PRODEJCI<\/strong><br>Company Name: E ASLAN TUR\u0130ZM ORGAN\u0130ZASYON LTD. STI.<br>Webov\u00e1 str\u00e1nka: <a href=\"https:\/\/bodrumluxuryservices.com\/cs\/\" class=\"\">https:\/\/bodrumluxuryservices.com<\/a><br>Address: Y\u0131ld\u0131ztepe mah. 162. cadde no:28\/C Alt\u0131nda\u011f-Ankara-Turkey<br>Phone: +90 543 972 06 06<br>Tax Identification Number (VDN.): 3231389355<\/p>\n\n\n\n<p><strong>INFORMACE PRO KUPUJ\u00cdC\u00cdHO<\/strong><br>(Jm\u00e9no, p\u0159\u00edjmen\u00ed, adresa a kontaktn\u00ed \u00fadaje uveden\u00e9 kupuj\u00edc\u00edm prost\u0159ednictv\u00edm webov\u00fdch str\u00e1nek nebo komunika\u010dn\u00edch kan\u00e1l\u016f budou zaznamen\u00e1ny jako sou\u010d\u00e1st smlouvy.)<\/p>\n\n\n\n<p><strong>1. P\u0158EDM\u011aT<\/strong><br>P\u0159edm\u011btem t\u00e9to smlouvy je vymezen\u00ed pr\u00e1v a povinnost\u00ed stran v souladu s ustanoven\u00edmi z\u00e1kona o ochran\u011b spot\u0159ebitele \u010d. 6502 a na\u0159\u00edzen\u00ed o smlouv\u00e1ch uzav\u0159en\u00fdch na d\u00e1lku ohledn\u011b prodeje a poskytov\u00e1n\u00ed VIP transferov\u00e9 slu\u017eby nab\u00edzen\u00e9 prod\u00e1vaj\u00edc\u00edm kupuj\u00edc\u00edmu prost\u0159ednictv\u00edm webov\u00fdch str\u00e1nek. <a class=\"\" href=\"https:\/\/bodrumluxuryservices.com\/cs\/\">https:\/\/bodrumluxuryservices.com<\/a>.<\/p>\n\n\n\n<p><strong>2. PODROBNOSTI O SLU\u017dB\u011a<\/strong><br>Slu\u017eba: VIP p\u0159eprava a transfery<br>Datum rezervace: Dle v\u00fdb\u011bru kupuj\u00edc\u00edho<br>M\u00edsto vyzvednut\u00ed: Dle ud\u00e1n\u00ed kupuj\u00edc\u00edho<br>M\u00edsto odb\u011bru: Dle ud\u00e1n\u00ed kupuj\u00edc\u00edho<br>Cena: Jak je uvedeno a potvrzeno na webov\u00fdch str\u00e1nk\u00e1ch p\u0159ed platbou<\/p>\n\n\n\n<p><strong>3. PLATBA<\/strong><br>Cena slu\u017eby je Kupuj\u00edc\u00edm uhrazena p\u0159edem pomoc\u00ed zp\u016fsob\u016f uveden\u00fdch na webov\u00fdch str\u00e1nk\u00e1ch (kreditn\u00ed karta, bankovn\u00ed p\u0159evod atd.). Rezervace je platn\u00e1 a\u017e po \u00fasp\u011b\u0161n\u00e9m dokon\u010den\u00ed platby.<\/p>\n\n\n\n<p><strong>4. PR\u00c1VO NA ODSTOUPEN\u00cd OD SMLOUVY<\/strong><br>Podle \u010dl\u00e1nku 15 p\u00edsm. g) Na\u0159\u00edzen\u00ed o smlouv\u00e1ch uzav\u0159en\u00fdch na d\u00e1lku se pr\u00e1vo na odstoupen\u00ed od smlouvy nevztahuje na ubytov\u00e1n\u00ed, dopravu, pron\u00e1jem automobil\u016f, dod\u00e1vky stravovac\u00edch a n\u00e1pojov\u00fdch slu\u017eeb a slu\u017eby pro z\u00e1bavu nebo rekreaci, kter\u00e9 maj\u00ed b\u00fdt poskytnuty v konkr\u00e9tn\u00ed den nebo obdob\u00ed.<\/p>\n\n\n\n<p>Kupuj\u00edc\u00ed proto <strong>nelze vyu\u017e\u00edt pr\u00e1vo na odstoupen\u00ed od smlouvy<\/strong> pro slu\u017eby zakoupen\u00e9 prost\u0159ednictv\u00edm t\u011bchto webov\u00fdch str\u00e1nek pro konkr\u00e9tn\u00ed datum a \u010das.<\/p>\n\n\n\n<p><strong>5. ZRU\u0160EN\u00cd A VR\u00c1CEN\u00cd PEN\u011aZ<\/strong><br>Kupuj\u00edc\u00ed m\u016f\u017ee zru\u0161it rezervaci minim\u00e1ln\u011b <strong>24 hodin<\/strong> p\u0159ed pl\u00e1novan\u00fdm \u010dasem slu\u017eby a obdr\u017e\u00edte plnou n\u00e1hradu.<br>Zru\u0161en\u00e9 rezervace <strong>do 24 hodin<\/strong> pl\u00e1novan\u00e9ho \u010dasu bude <strong>ne<\/strong> m\u00edt n\u00e1rok na vr\u00e1cen\u00ed pen\u011bz.<\/p>\n\n\n\n<p><strong>6. POVINNOSTI PROD\u00c1VAJ\u00cdC\u00cdHO<\/strong><br>Prod\u00e1vaj\u00edc\u00ed se zavazuje poskytnout p\u0159epravn\u00ed slu\u017ebu v souladu s podm\u00ednkami uveden\u00fdmi v t\u00e9to smlouv\u011b a v souladu s inzerc\u00ed na webov\u00fdch str\u00e1nk\u00e1ch. V p\u0159\u00edpad\u011b nepln\u011bn\u00ed z d\u016fvodu vy\u0161\u0161\u00ed moci (nap\u0159\u00edklad nep\u0159\u00edzniv\u00e9 po\u010das\u00ed, \u017eiveln\u00e1 pohroma, dopravn\u00ed nehoda atd.) bude Prod\u00e1vaj\u00edc\u00ed co nejd\u0159\u00edve informovat Kupuj\u00edc\u00edho a vr\u00e1t\u00ed platbu v pln\u00e9 v\u00fd\u0161i, pokud slu\u017ebu nelze poskytnout.<\/p>\n\n\n\n<p><strong>7. \u0158E\u0160EN\u00cd SPOR\u016e<\/strong><br>V p\u0159\u00edpad\u011b jak\u00fdchkoli spor\u016f vypl\u00fdvaj\u00edc\u00edch z t\u00e9to smlouvy lze st\u00ed\u017enosti podat u spot\u0159ebitelsk\u00fdch arbitr\u00e1\u017en\u00edch v\u00fdbor\u016f nebo spot\u0159ebitelsk\u00fdch soud\u016f v m\u00edst\u011b bydli\u0161t\u011b kupuj\u00edc\u00edho nebo poskytov\u00e1n\u00ed slu\u017eby.<\/p>\n\n\n\n<p><strong>8. Z\u00c1V\u011aRE\u010cN\u00c1 USTANOVEN\u00cd<\/strong><br>Potvrzen\u00edm objedn\u00e1vky na webov\u00fdch str\u00e1nk\u00e1ch se m\u00e1 za to, \u017ee Kupuj\u00edc\u00ed souhlas\u00ed se v\u0161emi podm\u00ednkami t\u00e9to smlouvy. Tato smlouva je elektronicky akceptov\u00e1na a ulo\u017eena ob\u011bma stranami.<\/p>","protected":false},"excerpt":{"rendered":"<p>Distance Sales Agreement This agreement is issued in accordance with the Regulation on Distance Contracts, published in the Official Gazette No. 244675, dated November 6, 2025 SELLER INFORMATIONCompany Name: E ASLAN TUR\u0130ZM ORGAN\u0130ZASYON LTD. STI.Website: https:\/\/bodrumluxuryservices.comAddress: Y\u0131ld\u0131ztepe mah. 162. cadde no:28\/C Alt\u0131nda\u011f-Ankara-TurkeyPhone: +90 543 972 06 06Tax Identification Number (VDN.): 3231389355 BUYER INFORMATION(Name, Surname, Address, [&#8230;]<\/p>\n","protected":false},"author":1,"featured_media":0,"parent":0,"menu_order":0,"comment_status":"closed","ping_status":"closed","template":"","meta":{"footnotes":""},"class_list":["post-24481","page","type-page","status-publish","hentry"],"_links":{"self":[{"href":"https:\/\/bodrumluxuryservices.com\/cs\/wp-json\/wp\/v2\/pages\/24481","targetHints":{"allow":["GET"]}}],"collection":[{"href":"https:\/\/bodrumluxuryservices.com\/cs\/wp-json\/wp\/v2\/pages"}],"about":[{"href":"https:\/\/bodrumluxuryservices.com\/cs\/wp-json\/wp\/v2\/types\/page"}],"author":[{"embeddable":true,"href":"https:\/\/bodrumluxuryservices.com\/cs\/wp-json\/wp\/v2\/users\/1"}],"replies":[{"embeddable":true,"href":"https:\/\/bodrumluxuryservices.com\/cs\/wp-json\/wp\/v2\/comments?post=24481"}],"version-history":[{"count":8,"href":"https:\/\/bodrumluxuryservices.com\/cs\/wp-json\/wp\/v2\/pages\/24481\/revisions"}],"predecessor-version":[{"id":24667,"href":"https:\/\/bodrumluxuryservices.com\/cs\/wp-json\/wp\/v2\/pages\/24481\/revisions\/24667"}],"wp:attachment":[{"href":"https:\/\/bodrumluxuryservices.com\/cs\/wp-json\/wp\/v2\/media?parent=24481"}],"curies":[{"name":"wp","href":"https:\/\/api.w.org\/{rel}","templated":true}]}}