{"id":24001,"date":"2025-06-03T21:09:20","date_gmt":"2025-06-03T18:09:20","guid":{"rendered":"https:\/\/bodrumluxuryservices.com\/?page_id=24001"},"modified":"2026-04-16T10:20:52","modified_gmt":"2026-04-16T07:20:52","slug":"zasady-pouzivani-souboru-cookie","status":"publish","type":"page","link":"https:\/\/bodrumluxuryservices.com\/cs\/cookie-policy\/","title":{"rendered":"Z\u00e1sady pou\u017e\u00edv\u00e1n\u00ed soubor\u016f cookie"},"content":{"rendered":"<p><strong>Posledn\u00ed aktualizace: 07.11.2024<\/strong><\/p>\n\n\n\n<p>Jako Evolution Limousine klademe d\u016fraz na va\u0161i bezpe\u010dnost a prost\u0159ednictv\u00edm t\u011bchto Z\u00e1sad pou\u017e\u00edv\u00e1n\u00ed soubor\u016f cookie se v\u00e1s sna\u017e\u00edme informovat o tom, kter\u00e9 soubory cookie pou\u017e\u00edv\u00e1me na na\u0161ich webov\u00fdch str\u00e1nk\u00e1ch, k jak\u00fdm \u00fa\u010del\u016fm a jak m\u016f\u017eete upravit nastaven\u00ed soubor\u016f cookie.<\/p>\n\n\n\n<p>Abychom v\u00e1m mohli l\u00e9pe slou\u017eit, pou\u017e\u00edv\u00e1me soubory cookie, kter\u00e9 v\u00e1m poskytnou stru\u010dn\u00fd p\u0159ehled o tom, jak\u00e9 osobn\u00ed \u00fadaje shroma\u017e\u010fujeme, zpracov\u00e1v\u00e1me a jak, s odkazem na na\u0161e\u00a0<a href=\"https:\/\/bodrumluxuryservices.com\/cs\/zasady-ochrany-osobnich-udaju\/\" data-type=\"page\" data-id=\"3\">Z\u00e1sady ochrany osobn\u00edch \u00fadaj\u016f<\/a>\u00a0pro dal\u0161\u00ed podrobnosti nebo pro p\u0159\u00edm\u00e9 kontaktov\u00e1n\u00ed n\u00e1s.<\/p>\n\n\n\n<p><strong>Co jsou soubory cookie?<\/strong><\/p>\n\n\n\n<p>Soubory cookie jsou mal\u00e9 soubory ukl\u00e1dan\u00e9 do va\u0161eho za\u0159\u00edzen\u00ed, kter\u00e9 zlep\u0161uj\u00ed v\u00e1\u0161 z\u00e1\u017eitek z prohl\u00ed\u017een\u00ed webov\u00fdch str\u00e1nek. Proto\u017ee soubory cookie zpracov\u00e1vaj\u00ed u\u017eivatelsk\u00e9 informace, jsou vy\u017eadov\u00e1ny&nbsp;<a href=\"https:\/\/www.mevzuat.gov.tr\/mevzuat?MevzuatNo=6698&amp;MevzuatTur=1&amp;MevzuatTertip=5\" target=\"_blank\" rel=\"noreferrer noopener\">Tureck\u00fd z\u00e1kon o ochran\u011b osobn\u00edch \u00fadaj\u016f<\/a>&nbsp;\u010d. 6698, aby u\u017eivatel\u00e9 byli informov\u00e1ni a poskytli souhlas se zpracov\u00e1n\u00edm \u00fadaj\u016f.<\/p>\n\n\n\n<p>Abychom v\u00e1m, na\u0161im n\u00e1v\u0161t\u011bvn\u00edk\u016fm, poskytli co nejlep\u0161\u00ed z\u00e1\u017eitek z na\u0161ich webov\u00fdch str\u00e1nek, pou\u017e\u00edv\u00e1me r\u016fzn\u00e9 soubory cookie ke zlep\u0161en\u00ed kvality a efektivity va\u0161\u00ed interakce.<\/p>\n\n\n\n<p><strong>Typy soubor\u016f cookie, kter\u00e9 pou\u017e\u00edv\u00e1me:<\/strong><\/p>\n\n\n\n<ol class=\"wp-block-list\">\n<li><strong>Z\u00e1kladn\u00ed soubory cookie<\/strong><br>Z\u00e1kladn\u00ed soubory cookie zaji\u0161\u0165uj\u00ed funk\u010dnost webov\u00fdch str\u00e1nek t\u00edm, \u017ee umo\u017e\u0148uj\u00ed fungov\u00e1n\u00ed jejich z\u00e1kladn\u00edch funkc\u00ed. Bez t\u011bchto soubor\u016f cookie nemus\u00ed webov\u00e9 str\u00e1nky fungovat spr\u00e1vn\u011b.<\/li>\n\n\n\n<li><strong>V\u00fdkonnostn\u00ed soubory cookie<\/strong><br>V\u00fdkonnostn\u00ed soubory cookie shroma\u017e\u010fuj\u00ed anonymn\u00ed data o tom, jak n\u00e1v\u0161t\u011bvn\u00edci pou\u017e\u00edvaj\u00ed na\u0161e str\u00e1nky, co\u017e n\u00e1m umo\u017e\u0148uje zlep\u0161it jejich v\u00fdkon.<\/li>\n\n\n\n<li><strong>Funk\u010dn\u00ed soubory cookie<\/strong><br>Funk\u010dn\u00ed soubory cookie umo\u017e\u0148uj\u00ed na\u0161im webov\u00fdm str\u00e1nk\u00e1m rozpozn\u00e1vat u\u017eivatele p\u0159i budouc\u00edch n\u00e1v\u0161t\u011bv\u00e1ch na z\u00e1klad\u011b p\u0159edchoz\u00edch interakc\u00ed a nab\u00edzet personalizovan\u00fd z\u00e1\u017eitek s nastaven\u00edm jazyka, regionu a podobn\u00fdch parametr\u016f.<\/li>\n\n\n\n<li><strong>Reklamn\u00ed soubory cookie<\/strong><br>Reklamn\u00ed soubory cookie, \u010dasto od t\u0159et\u00edch stran, monitoruj\u00ed chov\u00e1n\u00ed n\u00e1v\u0161t\u011bvn\u00edk\u016f a pom\u00e1haj\u00ed jim zobrazovat reklamy relevantn\u00ed pro jejich z\u00e1jmy. Odpov\u011bdnost za tyto soubory cookie nesou poskytovatel\u00e9 t\u0159et\u00edch stran.<\/li>\n<\/ol>\n\n\n\n<p><strong>Jak\u00e9 osobn\u00ed \u00fadaje jsou zpracov\u00e1v\u00e1ny prost\u0159ednictv\u00edm soubor\u016f cookie?<\/strong><\/p>\n\n\n\n<p>Osobn\u00ed \u00fadaje, jako je toto\u017enost (jm\u00e9no, p\u0159\u00edjmen\u00ed, datum narozen\u00ed atd.) a kontaktn\u00ed \u00fadaje (adresa, e-mail, telefon, IP adresa, um\u00edst\u011bn\u00ed atd.), mohou b\u00fdt shroma\u017e\u010fov\u00e1ny prost\u0159ednictv\u00edm soubor\u016f cookie. Tyto \u00fadaje, n\u011bkdy z\u00edskan\u00e9 prost\u0159ednictv\u00edm analytick\u00fdch poskytovatel\u016f, reklamn\u00edch s\u00edt\u00ed a dal\u0161\u00edch poskytovatel\u016f technologi\u00ed, budou zaznamen\u00e1v\u00e1ny, ukl\u00e1d\u00e1ny a aktualizov\u00e1ny v souladu s na\u0161\u00edm smluvn\u00edm vztahem a pr\u00e1vn\u00edmi povinnostmi na z\u00e1klad\u011b zpracov\u00e1n\u00ed opr\u00e1vn\u011bn\u00e9ho z\u00e1jmu.<\/p>\n\n\n\n<p><strong>Pro\u010d se pou\u017e\u00edvaj\u00ed soubory cookie?<\/strong><\/p>\n\n\n\n<p>Soubory cookie na na\u0161ich webov\u00fdch str\u00e1nk\u00e1ch slou\u017e\u00ed k \u00fa\u010del\u016fm, jako je zv\u00fd\u0161en\u00ed bezpe\u010dnosti prost\u0159ednictv\u00edm odhalov\u00e1n\u00ed podvod\u016f, zlep\u0161en\u00ed funk\u010dnosti a v\u00fdkonu v souladu s preferencemi u\u017eivatel\u016f, v\u00fdvoj a personalizace na\u0161ich produkt\u016f a slu\u017eeb a usnadn\u011bn\u00ed p\u0159\u00edstupu k t\u011bmto slu\u017eb\u00e1m. Krom\u011b toho se k roz\u0161\u00ed\u0159en\u00ed p\u0159\u00edstupu u\u017eivatel\u016f k \u0161ir\u0161\u00edmu okruhu poskytovatel\u016f slu\u017eeb pou\u017e\u00edvaj\u00ed reklamn\u00ed soubory cookie a sd\u00edlen\u00ed informac\u00ed se t\u0159et\u00edmi stranami.<\/p>\n\n\n\n<p><strong>Spr\u00e1va soubor\u016f cookie<\/strong><\/p>\n\n\n\n<p>P\u0159edvolby ohledn\u011b soubor\u016f cookie si m\u016f\u017eete voln\u011b spravovat v nastaven\u00ed prohl\u00ed\u017ee\u010de, kde je m\u016f\u017eete kdykoli smazat nebo zablokovat. Dal\u0161\u00ed informace naleznete v na\u0161ich Z\u00e1sad\u00e1ch ochrany osobn\u00edch \u00fadaj\u016f nebo n\u00e1s m\u016f\u017eete kontaktovat na adrese <a href=\"mailto:info@bodrumluxuryservices.com\">info@bodrumluxuryservices.com<\/a><\/p>\n\n\n\n<p>Va\u0161e volby t\u00fdkaj\u00edc\u00ed se pou\u017e\u00edv\u00e1n\u00ed soubor\u016f cookie nabudou platnosti okam\u017eikem, kdy nav\u0161t\u00edv\u00edte na\u0161e webov\u00e9 str\u00e1nky, a m\u016f\u017eete je kdykoli zm\u011bnit.<\/p>","protected":false},"excerpt":{"rendered":"<p>Last updated: 07\/11\/2024 As Evolution Limousine, we prioritize your security, and through this Cookie Policy, we aim to inform you about which cookies we use on our website, for what purposes, and how you can modify your cookie settings. To better serve you, we use cookies to provide a brief overview of what personal data [&#8230;]<\/p>\n","protected":false},"author":1,"featured_media":0,"parent":0,"menu_order":0,"comment_status":"closed","ping_status":"closed","template":"","meta":{"footnotes":""},"class_list":["post-24001","page","type-page","status-publish","hentry"],"_links":{"self":[{"href":"https:\/\/bodrumluxuryservices.com\/cs\/wp-json\/wp\/v2\/pages\/24001","targetHints":{"allow":["GET"]}}],"collection":[{"href":"https:\/\/bodrumluxuryservices.com\/cs\/wp-json\/wp\/v2\/pages"}],"about":[{"href":"https:\/\/bodrumluxuryservices.com\/cs\/wp-json\/wp\/v2\/types\/page"}],"author":[{"embeddable":true,"href":"https:\/\/bodrumluxuryservices.com\/cs\/wp-json\/wp\/v2\/users\/1"}],"replies":[{"embeddable":true,"href":"https:\/\/bodrumluxuryservices.com\/cs\/wp-json\/wp\/v2\/comments?post=24001"}],"version-history":[{"count":3,"href":"https:\/\/bodrumluxuryservices.com\/cs\/wp-json\/wp\/v2\/pages\/24001\/revisions"}],"predecessor-version":[{"id":24664,"href":"https:\/\/bodrumluxuryservices.com\/cs\/wp-json\/wp\/v2\/pages\/24001\/revisions\/24664"}],"wp:attachment":[{"href":"https:\/\/bodrumluxuryservices.com\/cs\/wp-json\/wp\/v2\/media?parent=24001"}],"curies":[{"name":"wp","href":"https:\/\/api.w.org\/{rel}","templated":true}]}}