{"id":23633,"date":"2025-06-05T09:24:36","date_gmt":"2025-06-05T06:24:36","guid":{"rendered":"http:\/\/quanticalabs.com\/wp_themes4\/autoride\/?page_id=19"},"modified":"2025-06-08T01:06:22","modified_gmt":"2025-06-07T22:06:22","slug":"nase-luxusni-sluzby-v-bodrumu","status":"publish","type":"page","link":"https:\/\/bodrumluxuryservices.com\/cs\/our-bodrum-luxury-services\/","title":{"rendered":"Na\u0161e luxusn\u00ed slu\u017eby v Bodrumu"},"content":{"rendered":"<div class=\"wpb-content-wrapper\"><div class=\"vc_row wpb_row vc_row-fluid theme-margin-bottom-60\"><div class=\"wpb_column vc_column_container vc_col-sm-6\"><div class=\"vc_column-inner\"><div class=\"wpb_wrapper\"><h3 style=\"text-align: left\" class=\"vc_custom_heading vc_do_custom_heading\" >Dopravn\u00ed slu\u017eby v Bodrumu<\/h3>\n\t<div class=\"wpb_text_column wpb_content_element\" >\n\t\t<div class=\"wpb_wrapper\">\n\t\t\t<p><strong data-start=\"114\" data-end=\"140\">Luxusn\u00ed slu\u017eby v Bodrumu<\/strong> nab\u00edz\u00ed pr\u00e9miov\u00e9 automobilov\u00e9 slu\u017eby v oblasti Bodrumu od roku 2015. To, co za\u010dalo jako butikov\u00e1 transferov\u00e1 spole\u010dnost, se postupn\u011b rozrostlo v d\u016fv\u011bryhodn\u00e9 jm\u00e9no v oblasti luxusn\u00ed a soukrom\u00e9 dopravy. D\u00edky siln\u00e9mu z\u00e1vazku k pohodl\u00ed, dochvilnosti a spokojenosti z\u00e1kazn\u00edk\u016f jsme hrd\u011b obslou\u017eili tis\u00edce klient\u016f \u2013 od rodin na dovolen\u00e9 a\u017e po obchodn\u00ed cestuj\u00edc\u00ed \u2013 a zajistili jsme tak bezprobl\u00e9mov\u00fd cestovn\u00ed z\u00e1\u017eitek. Na\u0161i profesion\u00e1ln\u011b vy\u0161kolen\u00ed \u0159idi\u010di, rozmanit\u00e1 flotila luxusn\u00edch vozidel a personalizovan\u00e9 slu\u017eby z n\u00e1s ud\u011blaly preferovanou volbu pro n\u00e1ro\u010dn\u00e9 cestovatele, kte\u0159\u00ed hledaj\u00ed v\u00edce ne\u017e jen odvoz.<\/p>\n\n\t\t<\/div>\n\t<\/div>\n<\/div><\/div><\/div><div class=\"wpb_column vc_column_container vc_col-sm-6\"><div class=\"vc_column-inner\"><div class=\"wpb_wrapper\">\n            <div class=\"theme-component-blockquote theme-component-blockquote-style-2\">\n                <span class=\"theme-icon-meta-quote\"><\/span>\n                <blockquote>Tuto spole\u010dnost jsem zalo\u017eil v roce 1995 s viz\u00ed nab\u00edzet luxusn\u00ed p\u0159epravn\u00ed slu\u017eby nejvy\u0161\u0161\u00ed kvality. Zvu v\u00e1s, abyste si na\u0161i slu\u017ebu vyzkou\u0161eli, a osobn\u011b v\u00e1m zaru\u010duji, \u017ee budete s n\u00ed naprosto spokojeni.<br \/>\n<\/blockquote>\n                <div>P\u0159edseda p\u0159edstavenstva a gener\u00e1ln\u00ed \u0159editel<\/div>\n            <\/div>\n        <\/div><\/div><\/div><\/div><div data-vc-full-width=\"true\" data-vc-full-width-temp=\"true\" data-vc-full-width-init=\"false\" class=\"vc_row wpb_row vc_row-fluid theme-column-style-2 theme-padding-bottom-0 vc_custom_1576584180851 vc_row-has-fill\"><div class=\"wpb_column vc_column_container vc_col-sm-12\"><div class=\"vc_column-inner\"><div class=\"wpb_wrapper\">\r\n            <p class=\"theme-component-paragraph-large theme-component-paragraph-large-style-2 aligncenter theme-margin-bottom-60\">\r\n                Dokonal\u00e1 sb\u00edrka vozidel \u2013<br \/>\nA\u0165 u\u017e je va\u0161e p\u0159\u00edle\u017eitost jak\u00e1koli, vyberte si na\u0161i slu\u017ebu\r\n            <\/p>\r\n        <div class=\"vc_row wpb_row vc_row-fluid\"><div class=\"wpb_column vc_column_container vc_col-sm-12\"><div class=\"vc_column-inner\"><div class=\"wpb_wrapper\">\n            <div data-column_count=\"2\" class=\"theme-component-gallery theme-component-gallery-type-1 theme-component-gallery-effect-type-2\">\n                <ul>\n                    \r\n            <li class=\"theme-component-gallery-item-width-50\">\r\n                <a data-fancybox-group=\"autoride-gallery-1\" href=\"\/cs\/transfery-z-letiste-v-bodrumu\/\">\r\n                    <img decoding=\"async\" src=\"https:\/\/bodrumluxuryservices.com\/wp-content\/uploads\/2022\/11\/bodrum-airport-transfers-vip-bjv-adb-ayt-dlm.webp\" alt=\"Image\"\/>\r\n                    <span><span><\/span><span>TRANSFERY Z LETI\u0160T\u011a V BODRUMU<\/span><\/span>\r\n                    <i><\/i>\r\n                <\/a>\r\n            <\/li>\r\n        \r\n            <li class=\"theme-component-gallery-item-width-50\">\r\n                <a data-fancybox-group=\"autoride-gallery-1\" href=\"\/cs\/pronajem-jachet-v-bodrumu\/\">\r\n                    <img decoding=\"async\" src=\"https:\/\/bodrumluxuryservices.com\/wp-content\/uploads\/2022\/11\/yacht-charter-in-bodrum-prices.webp\" alt=\"Image\"\/>\r\n                    <span><span><\/span><span>PRON\u00c1JEM JACHET V BODRUMU<\/span><\/span>\r\n                    <i><\/i>\r\n                <\/a>\r\n            <\/li>\r\n        \r\n            <li class=\"theme-component-gallery-item-width-50\">\r\n                <a data-fancybox-group=\"autoride-gallery-1\" href=\"\/cs\/firemni-cestovani-do-bodrumu\/\">\r\n                    <img decoding=\"async\" src=\"https:\/\/bodrumluxuryservices.com\/wp-content\/uploads\/2022\/11\/bodrum-corporate-travel-thumb.jpg\" alt=\"Image\"\/>\r\n                    <span><span><\/span><span>FIREMN\u00cd CESTOVN\u00cd DOPRAVA V BODRUMU<\/span><\/span>\r\n                    <i><\/i>\r\n                <\/a>\r\n            <\/li>\r\n        \r\n            <li class=\"theme-component-gallery-item-width-25\">\r\n                <a data-fancybox-group=\"autoride-gallery-1\" href=\"\/cs\/destinace-v-bodrumu\/\">\r\n                    <img decoding=\"async\" src=\"https:\/\/bodrumluxuryservices.com\/wp-content\/uploads\/2022\/11\/bodrum-destinations.webp\" alt=\"Image\"\/>\r\n                    <span><span><\/span><span>DESTINACE V BODRUMU<\/span><\/span>\r\n                    <i><\/i>\r\n                <\/a>\r\n            <\/li>\r\n        \r\n            <li class=\"theme-component-gallery-item-width-25\">\r\n                <a data-fancybox-group=\"autoride-gallery-1\" href=\"\/cs\/transfery-letadlem-z-bodrumu\/\">\r\n                    <img decoding=\"async\" src=\"https:\/\/bodrumluxuryservices.com\/wp-content\/uploads\/2022\/11\/bodrum-jet-flight-transfers-thumb.jpg\" alt=\"Image\"\/>\r\n                    <span><span><\/span><span>TRANSFERY Z BODRUMU<\/span><\/span>\r\n                    <i><\/i>\r\n                <\/a>\r\n            <\/li>\r\n        \n                <\/ul>\n            <\/div>\n        <\/div><\/div><\/div><\/div><\/div><\/div><\/div><\/div><div class=\"vc_row-full-width vc_clearfix\"><\/div>\n<\/div>","protected":false},"excerpt":{"rendered":"Bodrum Transportation Services Bodrum Luxury Services has been offering premium car services in the Bodrum area since 2015. What started as a boutique transfer company has steadily grown into a trusted name in luxury and private transportation. With a strong commitment to comfort, punctuality, and customer satisfaction, we have proudly served thousands of clients \u2014 [...]","protected":false},"author":1,"featured_media":0,"parent":0,"menu_order":0,"comment_status":"closed","ping_status":"closed","template":"","meta":{"footnotes":""},"class_list":["post-23633","page","type-page","status-publish","hentry"],"_links":{"self":[{"href":"https:\/\/bodrumluxuryservices.com\/cs\/wp-json\/wp\/v2\/pages\/23633","targetHints":{"allow":["GET"]}}],"collection":[{"href":"https:\/\/bodrumluxuryservices.com\/cs\/wp-json\/wp\/v2\/pages"}],"about":[{"href":"https:\/\/bodrumluxuryservices.com\/cs\/wp-json\/wp\/v2\/types\/page"}],"author":[{"embeddable":true,"href":"https:\/\/bodrumluxuryservices.com\/cs\/wp-json\/wp\/v2\/users\/1"}],"replies":[{"embeddable":true,"href":"https:\/\/bodrumluxuryservices.com\/cs\/wp-json\/wp\/v2\/comments?post=23633"}],"version-history":[{"count":3,"href":"https:\/\/bodrumluxuryservices.com\/cs\/wp-json\/wp\/v2\/pages\/23633\/revisions"}],"predecessor-version":[{"id":24113,"href":"https:\/\/bodrumluxuryservices.com\/cs\/wp-json\/wp\/v2\/pages\/23633\/revisions\/24113"}],"wp:attachment":[{"href":"https:\/\/bodrumluxuryservices.com\/cs\/wp-json\/wp\/v2\/media?parent=23633"}],"curies":[{"name":"wp","href":"https:\/\/api.w.org\/{rel}","templated":true}]}}