{"id":23632,"date":"2025-06-05T09:24:11","date_gmt":"2025-06-05T06:24:11","guid":{"rendered":"http:\/\/quanticalabs.com\/wp_themes4\/autoride\/?page_id=17"},"modified":"2026-04-16T10:12:35","modified_gmt":"2026-04-16T07:12:35","slug":"o-nas","status":"publish","type":"page","link":"https:\/\/bodrumluxuryservices.com\/cs\/about-us\/","title":{"rendered":"O n\u00e1s"},"content":{"rendered":"<div class=\"wpb-content-wrapper\"><div class=\"vc_row wpb_row vc_row-fluid\"><div class=\"wpb_column vc_column_container vc_col-sm-12\"><div class=\"vc_column-inner\"><div class=\"wpb_wrapper\"><h2 style=\"text-align: left;font-family:Abril Fatface;font-weight:400;font-style:normal\" class=\"vc_custom_heading vc_do_custom_heading\" >Eraslan Exclusive Travel<\/h2>\n\t<div class=\"wpb_text_column wpb_content_element\" >\n\t\t<div class=\"wpb_wrapper\">\n\t\t\t<p>Y\u0131ld\u0131ztepe mahallesi, 162. cadde 28\/C<br \/>\n06140 Alt\u0131nda\u011f\/Ankara TURKEY<\/p>\n\n\t\t<\/div>\n\t<\/div>\n<\/div><\/div><\/div><\/div><div class=\"vc_row wpb_row vc_row-fluid theme-margin-bottom-50\"><div class=\"wpb_column vc_column_container vc_col-sm-6\"><div class=\"vc_column-inner\"><div class=\"wpb_wrapper\">\r\n            <p class=\"theme-component-paragraph-large theme-component-paragraph-large-style-2 alignleft\">\r\n                V Bodrum Luxury Services jsme hrd\u00ed na to, \u017ee poskytujeme<br \/>\nrozs\u00e1hl\u00e9 slu\u017eby pro spln\u011bn\u00ed v\u0161ech va\u0161ich pot\u0159eb s prvot\u0159\u00eddn\u00ed p\u00e9\u010d\u00ed o z\u00e1kazn\u00edky.\r\n            <\/p>\r\n        <\/div><\/div><\/div><div class=\"wpb_column vc_column_container vc_col-sm-6\"><div class=\"vc_column-inner\"><div class=\"wpb_wrapper\">\r\n            <p class=\"theme-component-paragraph-large theme-component-paragraph-large-style-2 alignleft\">\r\n                D\u00edky nab\u00eddce v\u00fdjime\u010dn\u00fdch slu\u017eeb bez ohledu na detail jsme se stali p\u0159edn\u00edm poskytovatelem pozemn\u00ed dopravy v oblasti. Na\u0161\u00edm c\u00edlem je zajistit, aby va\u0161e cesty byly bezpe\u010dn\u00e9, bez n\u00e1mahy a v\u010dasn\u00e9.\r\n            <\/p>\r\n        <\/div><\/div><\/div><\/div><div data-vc-full-width=\"true\" data-vc-full-width-temp=\"true\" data-vc-full-width-init=\"false\" class=\"vc_row wpb_row vc_row-fluid theme-background-color-7 theme-padding-top-100 theme-padding-bottom-20\"><div class=\"wpb_column vc_column_container vc_col-sm-12\"><div class=\"vc_column-inner\"><div class=\"wpb_wrapper\">\r\n            <div class=\"theme-component-header-subheader aligncenter\">\r\n                <div class=\"theme-component-header-subheader-subheader\">Z\u00c1VAZEK K PR\u00c1CI<\/div>\r\n                <h2 class=\"theme-component-header-subheader-header\">Na\u0161e kompetence<\/h2>\r\n            <\/div>\r\n        \n            <div class=\"theme-component-feature-image-list\">\n                <div class=\"vc_row wpb_row vc_inner vc_row-fluid\"><div class=\"wpb_column vc_column_container vc_col-sm-6\"><div class=\"vc_column-inner\"><div class=\"wpb_wrapper\">\r\n            <div class=\"theme-component-feature-image-list-item\">\r\n                <div class=\"theme-component-feature-image-list-item-image\">\r\n                    <img decoding=\"async\" src=\"https:\/\/bodrumluxuryservices.com\/wp-content\/uploads\/2019\/10\/image_06.jpg\" alt=\"Image\">\r\n                    <span><span class=\"theme-icon-feature-city-2\"><\/span><\/span>\r\n                    <div><\/div>\r\n                <\/div>\r\n                <div class=\"theme-component-feature-image-list-item-content\"><h4>PROFESIONALISMUS<\/h4><p>Na\u0161i zku\u0161en\u00ed zam\u011bstnanci a vysoce profesion\u00e1ln\u00ed \u0159idi\u010di se zav\u00e1zali k poskytov\u00e1n\u00ed bezpe\u010dn\u00e9 a spolehliv\u00e9 p\u0159epravy, v\u00fdjime\u010dn\u00e9ho z\u00e1kaznick\u00e9ho servisu a konzistentn\u00edch cen. Nab\u00edz\u00edme intern\u00ed dispe\u010dery, kte\u0159\u00ed podporuj\u00ed na\u0161e klienty.<\/p><\/div>\r\n            <\/div>\r\n        <\/div><\/div><\/div><div class=\"wpb_column vc_column_container vc_col-sm-6\"><div class=\"vc_column-inner\"><div class=\"wpb_wrapper\">\r\n            <div class=\"theme-component-feature-image-list-item\">\r\n                <div class=\"theme-component-feature-image-list-item-image\">\r\n                    <img decoding=\"async\" src=\"https:\/\/bodrumluxuryservices.com\/wp-content\/uploads\/2019\/10\/image_07.jpg\" alt=\"Image\">\r\n                    <span><span class=\"theme-icon-feature-compass\"><\/span><\/span>\r\n                    <div><\/div>\r\n                <\/div>\r\n                <div class=\"theme-component-feature-image-list-item-content\"><h4>Z\u00c1VAZEK<\/h4><p>Na\u0161e kancel\u00e1\u0159 je otev\u0159ena dvacet \u010dty\u0159i hodin denn\u011b, sedm dn\u00ed v t\u00fddnu. A\u0165 u\u017e si vyberete jakoukoli p\u0159\u00edle\u017eitost \u2013 my se postar\u00e1me o bezchybnou j\u00edzdu. A\u0165 u\u017e pot\u0159ebujete vozidlo s \u0159idi\u010dem pro slu\u017eebn\u00ed cestu nebo pro dovolenou, bl\u00edzko domova nebo v nov\u00e9m m\u011bst\u011b, jsme tu v\u017edy pro v\u00e1s. <\/p><\/div>\r\n            <\/div>\r\n        <\/div><\/div><\/div><\/div>\n            <\/div>\n        <\/div><\/div><\/div><\/div><div class=\"vc_row-full-width vc_clearfix\"><\/div><div data-vc-full-width=\"true\" data-vc-full-width-temp=\"true\" data-vc-full-width-init=\"false\" class=\"vc_row wpb_row vc_row-fluid theme-section-background-image-fixed vc_custom_1576582685027 vc_row-has-fill\"><div class=\"theme-column-style-2 theme-padding-bottom-60 wpb_column vc_column_container vc_col-sm-12\"><div class=\"vc_column-inner\"><div class=\"wpb_wrapper\">\n            <div class=\"theme-component-call-to-action theme-component-call-to-action-style-1 aligncenter\">\n                <div class=\"theme-component-call-to-action-box\">\n                    <span class=\"theme-icon-feature-lighthouse theme-component-call-to-action-icon\"><span><\/span><\/span>\n                    <h4 class=\"theme-component-call-to-action-header\">VA\u0160E DAL\u0160\u00cd CESTOV\u00c1N\u00cd S N\u00c1MI?<\/h4>\n                    <p class=\"theme-component-call-to-action-subheader\">Pou\u017eijte n\u00e1\u0161 online n\u00e1stroj k v\u00fdpo\u010dtu<br \/>\ncelkov\u00e1 cena va\u0161\u00ed j\u00edzdy<\/p>\n                    \r\n            <div class=\"theme-component-button theme-component-button-style-2 alignleft theme-component-call-to-action-button\">\r\n                <a href=\"\/cs\/rezervace\/\" target=\"_self\">\r\n                    Vypo\u010d\u00edtat nyn\u00ed\r\n                <\/a>\r\n            <\/div>\r\n        \n                <\/div>\n            <\/div>\n        <\/div><\/div><\/div><\/div><div class=\"vc_row-full-width vc_clearfix\"><\/div><div class=\"vc_row wpb_row vc_row-fluid theme-column-style-2 theme-padding-bottom-60\"><div class=\"wpb_column vc_column_container vc_col-sm-6\"><div class=\"vc_column-inner\"><div class=\"wpb_wrapper\"><h3 style=\"text-align: left\" class=\"vc_custom_heading vc_do_custom_heading\" >Na\u0161e hlavn\u00ed s\u00eddlo se nach\u00e1z\u00ed v oblasti Istanbulu s pobo\u010dkami v Bodrumu.<\/h3>\n\t<div class=\"wpb_text_column wpb_content_element\" >\n\t\t<div class=\"wpb_wrapper\">\n\t\t\t<p>D\u00edky dlouholet\u00fdm zku\u0161enostem v oblasti luxusn\u00ed dopravy a pron\u00e1jmu jachet v\u00e1m nab\u00edz\u00edme bezprobl\u00e9mov\u00e9 cestovn\u00ed z\u00e1\u017eitky p\u0159izp\u016fsoben\u00e9 va\u0161emu pohodl\u00ed. Od soukrom\u00fdch vozidel s \u0159idi\u010dem a\u017e po exkluzivn\u00ed plavby na jacht\u011b v\u00e1m zaru\u010d\u00edme eleganci, spolehlivost a diskr\u00e9tnost v ka\u017ed\u00e9m detailu.<\/p>\n\n\t\t<\/div>\n\t<\/div>\n<h4 style=\"text-align: left\" class=\"vc_custom_heading vc_do_custom_heading theme-margin-top-50 theme-margin-bottom-30\" >Pro\u010d si vybrat n\u00e1s<\/h4><div class=\"theme-component-list theme-component-list-style-2\">\n<ul>\n<li>Profesion\u00e1ln\u011b vy\u0161kolen\u00ed \u0159idi\u010di<\/li>\n<li>Kompletn\u00ed p\u0159epravn\u00ed slu\u017eby 24\/7<\/li>\n<li>Odborn\u011b koordinovan\u00e1 \u0159e\u0161en\u00ed pro slu\u017eebn\u00ed cesty<\/li>\n<li>Dlouhodob\u00e1 bezpe\u010dnostn\u00ed historie<\/li>\n<li>Pr\u00e9miov\u00e9 destinace v\u010detn\u011b Bodrum, G\u00f6cek, Marmaris a Fethiye<\/li>\n<\/ul>\n<\/div><\/div><\/div><\/div><div class=\"wpb_column vc_column_container vc_col-sm-6\"><div class=\"vc_column-inner\"><div class=\"wpb_wrapper\">\n\t<div  class=\"wpb_single_image wpb_content_element vc_align_left wpb_content_element\">\n\t\t\n\t\t<figure class=\"wpb_wrapper vc_figure\">\n\t\t\t<div class=\"vc_single_image-wrapper   vc_box_border_grey\"><img loading=\"lazy\" decoding=\"async\" width=\"1050\" height=\"700\" src=\"https:\/\/bodrumluxuryservices.com\/wp-content\/uploads\/2025\/06\/bodrum-private-transfer-services-luxury-vito-airports-milas-mugla-bjv.jpg\" class=\"vc_single_image-img attachment-full\" alt=\"\" title=\"Bodrum-soukrom\u00e9-transferov\u00e9-slu\u017eby-luxusn\u00ed-Vito-leti\u0161t\u011b-Milas-Mugla-BJV\" srcset=\"https:\/\/bodrumluxuryservices.com\/wp-content\/uploads\/2025\/06\/bodrum-private-transfer-services-luxury-vito-airports-milas-mugla-bjv.jpg 1050w, https:\/\/bodrumluxuryservices.com\/wp-content\/uploads\/2025\/06\/bodrum-private-transfer-services-luxury-vito-airports-milas-mugla-bjv-300x200.jpg 300w, https:\/\/bodrumluxuryservices.com\/wp-content\/uploads\/2025\/06\/bodrum-private-transfer-services-luxury-vito-airports-milas-mugla-bjv-1024x683.jpg 1024w, https:\/\/bodrumluxuryservices.com\/wp-content\/uploads\/2025\/06\/bodrum-private-transfer-services-luxury-vito-airports-milas-mugla-bjv-768x512.jpg 768w, https:\/\/bodrumluxuryservices.com\/wp-content\/uploads\/2025\/06\/bodrum-private-transfer-services-luxury-vito-airports-milas-mugla-bjv-18x12.jpg 18w, https:\/\/bodrumluxuryservices.com\/wp-content\/uploads\/2025\/06\/bodrum-private-transfer-services-luxury-vito-airports-milas-mugla-bjv-460x306.jpg 460w, https:\/\/bodrumluxuryservices.com\/wp-content\/uploads\/2025\/06\/bodrum-private-transfer-services-luxury-vito-airports-milas-mugla-bjv-800x533.jpg 800w, https:\/\/bodrumluxuryservices.com\/wp-content\/uploads\/2025\/06\/bodrum-private-transfer-services-luxury-vito-airports-milas-mugla-bjv-600x400.jpg 600w\" sizes=\"auto, (max-width: 1050px) 100vw, 1050px\" \/><\/div>\n\t\t<\/figure>\n\t<\/div>\n<\/div><\/div><\/div><\/div><div data-vc-full-width=\"true\" data-vc-full-width-temp=\"true\" data-vc-full-width-init=\"false\" data-vc-stretch-content=\"true\" class=\"vc_row wpb_row vc_row-fluid vc_row-no-padding vc_row-o-equal-height vc_row-flex\"><div class=\"theme-column-style-1 theme-background-color-7 wpb_column vc_column_container vc_col-sm-12\"><div class=\"vc_column-inner\"><div class=\"wpb_wrapper\">\n            <div class=\"theme-component-testimonial-list theme-component-testimonial-list-style-2\">\n                <div>\n                    \n            <div class=\"theme-component-testimonial-list-item\">\n                <span class=\"theme-icon-feature-testimonials-2\"><span><\/span><\/span>\n                <p>S p\u0159epravou, kterou jste za\u0159\u00eddili, jsem nemohl b\u00fdt spokojen\u011bj\u0161\u00ed. Byla skv\u011bl\u00e1 a va\u0161e auto bylo \u00fa\u017easn\u00e9. D\u011bkuji v\u00e1m za skv\u011bl\u00e9 slu\u017eby a budu v\u00e1s i nad\u00e1le doporu\u010dovat sv\u00fdm p\u0159\u00e1tel\u016fm a rodin\u011b.<\/p>\n                <div>Betty Finsen<\/div>\n            <\/div>\n        \n            <div class=\"theme-component-testimonial-list-item\">\n                <span class=\"theme-icon-feature-testimonials-2\"><span><\/span><\/span>\n                <p>Skv\u011bl\u00e1 zku\u0161enost s touto spole\u010dnost\u00ed. Vyu\u017eil jsem slu\u017eeb mnoha jin\u00fdch v Bodrumu, ale tato byla zdaleka nejlep\u0161\u00ed. D\u00edky v\u00e1m jsme si cestu usnadnili. Skv\u011bl\u00fd z\u00e1kaznick\u00fd servis, \u00fa\u017easn\u00ed \u0159idi\u010di a zdaleka nejlep\u0161\u00ed a nejdostupn\u011bj\u0161\u00ed dopravn\u00ed spole\u010dnost, jakou jsem kdy vyu\u017eil. Moc v\u00e1m d\u011bkuji!<\/p>\n                <div>Mark Webster<\/div>\n            <\/div>\n        \n            <div class=\"theme-component-testimonial-list-item\">\n                <span class=\"theme-icon-feature-testimonials-2\"><span><\/span><\/span>\n                <p>Najal jsem si BLS, aby m\u011b vyzvedli na leti\u0161ti jejich sedanem. Pr\u00e1v\u011b jsem se vr\u00e1til z dlouh\u00e9 cesty v Aytte a byl jsem velmi unaven\u00fd. \u0158idi\u010d byl v\u010dasn\u00fd a velmi zdvo\u0159il\u00fd a nem\u011bl jsem s n\u00edm v\u016fbec \u017e\u00e1dn\u00e9 probl\u00e9my. Skv\u011bl\u00e9 slu\u017eby!<\/p>\n                <div>Kevin Foster<\/div>\n            <\/div>\n        \n            <div class=\"theme-component-testimonial-list-item\">\n                <span class=\"theme-icon-feature-testimonials-2\"><span><\/span><\/span>\n                <p>Tohle je zat\u00edm nejlep\u0161\u00ed slu\u017eba, jakou jsem kdy m\u011bl. \u0158idi\u010d byl dochviln\u00fd a velmi ochotn\u00fd, m\u011bsto dob\u0159e znal. Jeho dovednosti pomohly vyhnout se dopravn\u00edm z\u00e1cp\u00e1m. Bodrum Luxury Services budu doporu\u010dovat v\u0161em sv\u00fdm p\u0159\u00e1tel\u016fm!<\/p>\n                <div>Mitch Michael<\/div>\n            <\/div>\n        \n                <\/div>\n            <\/div>\n        <\/div><\/div><\/div><\/div><div class=\"vc_row-full-width vc_clearfix\"><\/div>\n<\/div>","protected":false},"excerpt":{"rendered":"Eraslan Exclusive Travel Y\u0131ld\u0131ztepe mahallesi, 162. cadde 28\/C 06140 Alt\u0131nda\u011f\/Ankara TURKEY At Bodrum Luxury Services we pride ourselves in delivering extensive services to fulfill all of your needs with first rate customer care. By offering exceptional service with no detail unattended, we have been fortunate enough to have developed into the leading provider of ground [...]","protected":false},"author":1,"featured_media":0,"parent":0,"menu_order":0,"comment_status":"closed","ping_status":"closed","template":"","meta":{"footnotes":""},"class_list":["post-23632","page","type-page","status-publish","hentry"],"_links":{"self":[{"href":"https:\/\/bodrumluxuryservices.com\/cs\/wp-json\/wp\/v2\/pages\/23632","targetHints":{"allow":["GET"]}}],"collection":[{"href":"https:\/\/bodrumluxuryservices.com\/cs\/wp-json\/wp\/v2\/pages"}],"about":[{"href":"https:\/\/bodrumluxuryservices.com\/cs\/wp-json\/wp\/v2\/types\/page"}],"author":[{"embeddable":true,"href":"https:\/\/bodrumluxuryservices.com\/cs\/wp-json\/wp\/v2\/users\/1"}],"replies":[{"embeddable":true,"href":"https:\/\/bodrumluxuryservices.com\/cs\/wp-json\/wp\/v2\/comments?post=23632"}],"version-history":[{"count":11,"href":"https:\/\/bodrumluxuryservices.com\/cs\/wp-json\/wp\/v2\/pages\/23632\/revisions"}],"predecessor-version":[{"id":24662,"href":"https:\/\/bodrumluxuryservices.com\/cs\/wp-json\/wp\/v2\/pages\/23632\/revisions\/24662"}],"wp:attachment":[{"href":"https:\/\/bodrumluxuryservices.com\/cs\/wp-json\/wp\/v2\/media?parent=23632"}],"curies":[{"name":"wp","href":"https:\/\/api.w.org\/{rel}","templated":true}]}}