{"id":14,"date":"2025-06-03T21:22:54","date_gmt":"2025-06-03T18:22:54","guid":{"rendered":"https:\/\/bodrumluxuryservices.com\/?page_id=14"},"modified":"2026-04-16T10:23:07","modified_gmt":"2026-04-16T07:23:07","slug":"podminky-pouziti","status":"publish","type":"page","link":"https:\/\/bodrumluxuryservices.com\/cs\/terms-of-use\/","title":{"rendered":"Podm\u00ednky pou\u017eit\u00ed"},"content":{"rendered":"<div class=\"wpb-content-wrapper\"><div class=\"vc_row wpb_row vc_row-fluid\"><div class=\"wpb_column vc_column_container vc_col-sm-12\"><div class=\"vc_column-inner\"><div class=\"wpb_wrapper\">\n\t<div class=\"wpb_text_column wpb_content_element\" >\n\t\t<div class=\"wpb_wrapper\">\n\t\t\t<p><strong>Posledn\u00ed aktualizace: 07.11.2024<\/strong><\/p>\n<p>V\u00e1\u017een\u00fd n\u00e1v\u0161t\u011bvn\u00edku, p\u0159ed vstupem na na\u0161e webov\u00e9 str\u00e1nky bodrumluxuryservices.com si pros\u00edm pe\u010dliv\u011b p\u0159e\u010dt\u011bte tyto Podm\u00ednky pou\u017e\u00edv\u00e1n\u00ed. P\u0159\u00edstup na str\u00e1nky je striktn\u011b podm\u00edn\u011bn va\u0161\u00edm souhlasem s touto smlouvou a dodr\u017eov\u00e1n\u00edm jej\u00edch podm\u00ednek. Pokud nesouhlas\u00edte s n\u011bkterou z podm\u00ednek uveden\u00fdch v t\u00e9to smlouv\u011b, ukon\u010dete pros\u00edm sv\u016fj p\u0159\u00edstup na str\u00e1nky. Pokud budete v p\u0159\u00edstupu na str\u00e1nky pokra\u010dovat, bude se p\u0159edpokl\u00e1dat, \u017ee bezpodm\u00edne\u010dn\u011b a bez v\u00fdhrad souhlas\u00edte se v\u0161emi ustanoven\u00edmi t\u00e9to smlouvy.<\/p>\n<p>The website bodrumluxuryservices.com is managed by <strong>ERASLAN EXCLUSIVE TRAVEL<\/strong>, hereafter referred to as the SITE. The Terms of Use regarding this site take effect upon publication. The SITE reserves the right to make changes to these terms unilaterally, and all users are deemed to accept these changes from the moment they are updated on the SITE.<\/p>\n<p><strong>Soukrom\u00ed<\/strong><\/p>\n<p>Ochrana osobn\u00edch \u00fadaj\u016f je \u0159e\u0161ena samostatn\u011b a slou\u017e\u00ed k tomu, aby upravovala zp\u016fsob zpracov\u00e1n\u00ed va\u0161ich osobn\u00edch \u00fadaj\u016f. Pou\u017e\u00edv\u00e1n\u00edm STR\u00c1NEK souhlas\u00edte s t\u00edm, \u017ee toto zpracov\u00e1n\u00ed \u00fadaj\u016f je prov\u00e1d\u011bno v souladu se z\u00e1sadami ochrany osobn\u00edch \u00fadaj\u016f.<\/p>\n<p><strong>Rozsah slu\u017eeb<\/strong><\/p>\n<p><strong>Luxusn\u00ed slu\u017eby v Bodrumu<\/strong> si vyhrazuje pr\u00e1vo definovat rozsah a povahu poskytovan\u00fdch slu\u017eeb v souladu s pr\u00e1vn\u00edmi p\u0159edpisy a jak\u00e9koli zm\u011bny proveden\u00e9 ve slu\u017eb\u00e1ch budou pova\u017eov\u00e1ny za \u00fa\u010dinn\u00e9, jakmile budou zve\u0159ejn\u011bny na STR\u00c1NK\u00c1CH.<\/p>\n<p><strong>Copyright<\/strong><\/p>\n<p>Ve\u0161ker\u00fd text, k\u00f3d, grafika, loga, obr\u00e1zky, zvukov\u00e9 soubory a software na STR\u00c1NK\u00c1CH (d\u00e1le jen \u201eobsah\u201c) jsou majetkem spole\u010dnosti Bodrum Luxury Services a ve\u0161ker\u00e1 pr\u00e1va jsou vyhrazena. Neopr\u00e1vn\u011bn\u00e1 reprodukce nebo kop\u00edrov\u00e1n\u00ed obsahu str\u00e1nek je bez p\u00edsemn\u00e9ho souhlasu p\u0159\u00edsn\u011b zak\u00e1z\u00e1no.<\/p>\n<p><strong>Obecn\u00e1 ustanoven\u00ed<\/strong><\/p>\n<p>V\u0161ichni u\u017eivatel\u00e9 se zavazuj\u00ed pou\u017e\u00edvat STR\u00c1NKY v\u00fdhradn\u011b pro z\u00e1konn\u00e9 a osobn\u00ed \u00fa\u010dely a nebudou se zapojovat do \u017e\u00e1dn\u00fdch \u010dinnost\u00ed, kter\u00e9 poru\u0161uj\u00ed pr\u00e1va t\u0159et\u00edch stran. Nesou v\u00fdhradn\u00ed odpov\u011bdnost za pr\u00e1vn\u00ed a trestn\u00ed odpov\u011bdnost souvisej\u00edc\u00ed s jejich jedn\u00e1n\u00edm a transakcemi na STR\u00c1NK\u00c1CH. STR\u00c1NKY nenesou \u017e\u00e1dnou p\u0159\u00edmou ani nep\u0159\u00edmou odpov\u011bdnost za jak\u00e9koli \u0161kody zp\u016fsoben\u00e9 t\u0159et\u00edm stran\u00e1m v d\u016fsledku t\u011bchto jedn\u00e1n\u00ed.<\/p>\n<p>Vynakl\u00e1d\u00e1me ve\u0161ker\u00e9 \u00fasil\u00ed, abychom zajistili p\u0159esnost a aktu\u00e1lnost informac\u00ed dostupn\u00fdch na STR\u00c1NK\u00c1CH. Navzdory na\u0161emu \u00fasil\u00ed v\u0161ak tyto informace nemus\u00ed b\u00fdt aktu\u00e1ln\u00ed a mohou obsahovat nesrovnalosti. Proto neposkytujeme \u017e\u00e1dnou v\u00fdslovnou ani implicitn\u00ed z\u00e1ruku ohledn\u011b p\u0159esnosti a aktu\u00e1lnosti informac\u00ed na str\u00e1nk\u00e1ch.<\/p>\n<p>STR\u00c1NKY mohou obsahovat hypertextov\u00e9 odkazy na jin\u00e9 webov\u00e9 str\u00e1nky, aplikace a platformy provozovan\u00e9 t\u0159et\u00edmi stranami s obsahem, kter\u00fd n\u00e1m nen\u00ed zn\u00e1m. Funkce STR\u00c1NEK pouze poskytuj\u00ed p\u0159\u00edstup k t\u011bmto str\u00e1nk\u00e1m a nep\u0159eb\u00edr\u00e1me \u017e\u00e1dnou odpov\u011bdnost za jejich obsah.<\/p>\n<p>I kdy\u017e se sna\u017e\u00edme udr\u017eovat STR\u00c1NKY bez vir\u016f, nem\u016f\u017eeme zaru\u010dit jejich \u00faplnou absenci. U\u017eivatel\u00e9 jsou zodpov\u011bdn\u00ed za p\u0159ijet\u00ed nezbytn\u00fdch opat\u0159en\u00ed proti vir\u016fm p\u0159i stahov\u00e1n\u00ed dat. Neneseme odpov\u011bdnost za \u0161kody zp\u016fsoben\u00e9 viry nebo jin\u00fdmi \u0161kodliv\u00fdmi programy, k\u00f3dy \u010di materi\u00e1ly.<\/p>\n<p>Nezaru\u010dujeme, \u017ee slu\u017eby nab\u00edzen\u00e9 na STR\u00c1NK\u00c1CH budou bezchybn\u00e9 nebo nep\u0159eru\u0161ovan\u00e9. Vyhrazujeme si pr\u00e1vo kdykoli a bez p\u0159edchoz\u00edho upozorn\u011bn\u00ed ukon\u010dit v\u00e1\u0161 p\u0159\u00edstup k STR\u00c1NK\u00c1M, jejich slu\u017eb\u00e1m nebo jak\u00e9koli jejich \u010d\u00e1sti.<\/p>\n<p><strong>Omezen\u00ed odpov\u011bdnosti<\/strong><\/p>\n<p>Na\u0161e odpov\u011bdnost za \u0161kody vznikl\u00e9 v d\u016fsledku pou\u017e\u00edv\u00e1n\u00ed STR\u00c1NEK je omezena na \u00famysl a hrubou nedbalost. V p\u0159\u00edpadech \u0161kod vznikl\u00fdch v d\u016fsledku poru\u0161en\u00ed smlouvy je celkov\u00e1 n\u00e1hrada, kterou lze po\u017eadovat, omezena na p\u0159edv\u00eddateln\u00e9 \u0161kody. V\u00fd\u0161e uveden\u00e1 omezen\u00ed odpov\u011bdnosti se nevztahuj\u00ed na p\u0159\u00edpady \u00fajmy na lidsk\u00e9m \u017eivot\u011b, \u00fajmy na zdrav\u00ed nebo zdravotn\u00edch probl\u00e9m\u016f. Ve v\u0161ech p\u0159\u00edpadech, kter\u00e9 jsou z pr\u00e1vn\u00edho hlediska pova\u017eov\u00e1ny za vy\u0161\u0161\u00ed moc, neneseme odpov\u011bdnost za \u017e\u00e1dn\u00e9 zpo\u017ed\u011bn\u00ed, nepln\u011bn\u00ed ani nepln\u011bn\u00ed.<\/p>\n<p><strong>\u0158e\u0161en\u00ed spor\u016f<\/strong><\/p>\n<p>Pro jak\u00e9koli spory vypl\u00fdvaj\u00edc\u00ed z uplat\u0148ov\u00e1n\u00ed nebo v\u00fdkladu t\u00e9to Smlouvy se pou\u017eij\u00ed pr\u00e1vn\u00ed p\u0159edpisy Tureck\u00e9 republiky a jurisdikci maj\u00ed soudy a exeku\u010dn\u00ed \u00fa\u0159ady v Anka\u0159e.<\/p>\n<p>\u00a0<\/p>\n\n\t\t<\/div>\n\t<\/div>\n<\/div><\/div><\/div><\/div><\/div>","protected":false},"excerpt":{"rendered":"Last Updated: 07\/11\/2024 Dear visitor, please carefully read this Terms of Use agreement before accessing our website, bodrumluxuryservices.com. Access to the site is strictly dependent on your acceptance of this agreement and compliance with its terms. If you do not accept any of the terms outlined in this agreement, please discontinue your access to the [...]","protected":false},"author":1,"featured_media":0,"parent":0,"menu_order":0,"comment_status":"closed","ping_status":"closed","template":"","meta":{"footnotes":""},"class_list":["post-14","page","type-page","status-publish","hentry"],"_links":{"self":[{"href":"https:\/\/bodrumluxuryservices.com\/cs\/wp-json\/wp\/v2\/pages\/14","targetHints":{"allow":["GET"]}}],"collection":[{"href":"https:\/\/bodrumluxuryservices.com\/cs\/wp-json\/wp\/v2\/pages"}],"about":[{"href":"https:\/\/bodrumluxuryservices.com\/cs\/wp-json\/wp\/v2\/types\/page"}],"author":[{"embeddable":true,"href":"https:\/\/bodrumluxuryservices.com\/cs\/wp-json\/wp\/v2\/users\/1"}],"replies":[{"embeddable":true,"href":"https:\/\/bodrumluxuryservices.com\/cs\/wp-json\/wp\/v2\/comments?post=14"}],"version-history":[{"count":3,"href":"https:\/\/bodrumluxuryservices.com\/cs\/wp-json\/wp\/v2\/pages\/14\/revisions"}],"predecessor-version":[{"id":24666,"href":"https:\/\/bodrumluxuryservices.com\/cs\/wp-json\/wp\/v2\/pages\/14\/revisions\/24666"}],"wp:attachment":[{"href":"https:\/\/bodrumluxuryservices.com\/cs\/wp-json\/wp\/v2\/media?parent=14"}],"curies":[{"name":"wp","href":"https:\/\/api.w.org\/{rel}","templated":true}]}}