{"id":11039,"date":"2025-06-05T09:24:48","date_gmt":"2025-06-05T06:24:48","guid":{"rendered":"http:\/\/quanticalabs.com\/wp_themes4\/autoride\/?page_id=11039"},"modified":"2025-06-26T09:13:45","modified_gmt":"2025-06-26T06:13:45","slug":"pronajem-jachet-v-bodrumu","status":"publish","type":"page","link":"https:\/\/bodrumluxuryservices.com\/cs\/bodrum-yacht-charter\/","title":{"rendered":"Pron\u00e1jem jachet v Bodrumu"},"content":{"rendered":"<div class=\"wpb-content-wrapper\"><div class=\"vc_row wpb_row vc_row-fluid\"><div class=\"wpb_column vc_column_container vc_col-sm-12\"><div class=\"vc_column-inner\"><div class=\"wpb_wrapper\">\r\n            <p class=\"theme-component-paragraph-large theme-component-paragraph-large-style-2 alignleft theme-padding-top-0 theme-padding-bottom-0\">\r\n                \ud83c\udf0a Pron\u00e1jem jachty v Bodrumu \u2013 Objevte Egejsk\u00e9 mo\u0159e v luxusu\r\n            <\/p>\r\n        \n\t<div class=\"wpb_text_column wpb_content_element theme-padding-top-30\" >\n\t\t<div class=\"wpb_wrapper\">\n\t\t\t<p data-start=\"283\" data-end=\"543\">Pronajm\u011bte si luxusn\u00ed jachtu v Bodrumu a u\u017eijte si jedine\u010dn\u00fd z\u00e1\u017eitek z plavby. Objevte na\u0161i pr\u00e9miovou flotilu, trasy \u0161it\u00e9 na m\u00edru a odbornou pos\u00e1dku. Kontaktujte n\u00e1s pro online ceny.<\/p>\n<p data-start=\"283\" data-end=\"543\">Za\u017eijte \u00fachvatnou kr\u00e1su Egejsk\u00e9ho mo\u0159e s na\u0161\u00edm <strong data-start=\"345\" data-end=\"369\">Pron\u00e1jem jachet v Bodrumu<\/strong> slu\u017eby. A\u0165 u\u017e pl\u00e1nujete romantick\u00fd v\u00fdlet, rodinnou plavbu nebo soukromou oslavu na vod\u011b, nab\u00edz\u00edme \u0161irokou \u0161k\u00e1lu luxusn\u00edch jachet p\u0159izp\u016fsoben\u00fdch va\u0161im pot\u0159eb\u00e1m.<\/p>\n\n\t\t<\/div>\n\t<\/div>\n<\/div><\/div><\/div><\/div><div class=\"vc_row wpb_row vc_row-fluid vc_row-o-content-middle vc_row-flex\"><div class=\"wpb_column vc_column_container vc_col-sm-3\"><div class=\"vc_column-inner\"><div class=\"wpb_wrapper\">\r\n            <div class=\"theme-component-button theme-component-button-style-3 aligncenter\">\r\n                <a href=\"https:\/\/bodrumluxuryservices.com\/wp-content\/uploads\/2022\/11\/bodrum-luxury-services-ML-Exclusive-Motoryacht.pdf\" target=\"_blank\">\r\n                    Jachta 1 - Katalog\r\n                <\/a>\r\n            <\/div>\r\n        <\/div><\/div><\/div><div class=\"wpb_column vc_column_container vc_col-sm-3\"><div class=\"vc_column-inner\"><div class=\"wpb_wrapper\">\r\n            <div class=\"theme-component-button theme-component-button-style-3 aligncenter\">\r\n                <a href=\"https:\/\/bodrumluxuryservices.com\/wp-content\/uploads\/2022\/11\/bodrum-luxury-services-RD-Exclusive-Motoryacht.pdf\" target=\"_blank\">\r\n                    Jachta 2 - Katalog\r\n                <\/a>\r\n            <\/div>\r\n        <\/div><\/div><\/div><div class=\"wpb_column vc_column_container vc_col-sm-3\"><div class=\"vc_column-inner\"><div class=\"wpb_wrapper\">\r\n            <div class=\"theme-component-button theme-component-button-style-3 aligncenter\">\r\n                <a href=\"https:\/\/bodrumluxuryservices.com\/wp-content\/uploads\/2022\/11\/bodrum-luxury-services-Ultra-Luxury-Motoryacht-Princess.pdf\" target=\"_blank\">\r\n                    Jachta 3 - Katalog\r\n                <\/a>\r\n            <\/div>\r\n        <\/div><\/div><\/div><div class=\"wpb_column vc_column_container vc_col-sm-3\"><div class=\"vc_column-inner\"><div class=\"wpb_wrapper\">\r\n            <div class=\"theme-component-button theme-component-button-style-3 aligncenter\">\r\n                <a href=\"https:\/\/bodrumluxuryservices.com\/wp-content\/uploads\/2022\/11\/bodrum-luxury-services-Ultra-Luxury-Catamaran-Brise.pdf\" target=\"_blank\">\r\n                    Jachta 4 - Katalog\r\n                <\/a>\r\n            <\/div>\r\n        <\/div><\/div><\/div><\/div><div class=\"vc_row wpb_row vc_row-fluid theme-margin-top-20\"><div class=\"wpb_column vc_column_container vc_col-sm-12\"><div class=\"vc_column-inner\"><div class=\"wpb_wrapper\"><div class=\"vc_row wpb_row vc_row-fluid\"><div class=\"theme-margin-bottom-0 wpb_column vc_column_container vc_col-sm-12\"><div class=\"vc_column-inner\"><div class=\"wpb_wrapper\">\n            <div data-column_count=\"2\" class=\"theme-component-gallery theme-component-gallery-type-1 theme-component-gallery-effect-type-1\">\n                <ul>\n                    \r\n            <li class=\"theme-component-gallery-item-width-50\">\r\n                <a class=\"theme-image-fancybox\" data-fancybox-group=\"autoride-gallery-1\" href=\"https:\/\/bodrumluxuryservices.com\/wp-content\/uploads\/2022\/11\/bodrum-yatch-charter-3.webp\">\r\n                    <img decoding=\"async\" src=\"https:\/\/bodrumluxuryservices.com\/wp-content\/uploads\/2022\/11\/bodrum-yatch-charter-3.webp\" alt=\"Image\"\/>\r\n                    \r\n                    <i><\/i>\r\n                <\/a>\r\n            <\/li>\r\n        \r\n            <li class=\"theme-component-gallery-item-width-50\">\r\n                <a class=\"theme-image-fancybox\" data-fancybox-group=\"autoride-gallery-1\" href=\"https:\/\/bodrumluxuryservices.com\/wp-content\/uploads\/2022\/11\/bodrum-yatch-charter-2.webp\">\r\n                    <img decoding=\"async\" src=\"https:\/\/bodrumluxuryservices.com\/wp-content\/uploads\/2022\/11\/bodrum-yatch-charter-2.webp\" alt=\"Image\"\/>\r\n                    \r\n                    <i><\/i>\r\n                <\/a>\r\n            <\/li>\r\n        \r\n            <li class=\"theme-component-gallery-item-width-50\">\r\n                <a class=\"theme-image-fancybox\" data-fancybox-group=\"autoride-gallery-1\" href=\"https:\/\/bodrumluxuryservices.com\/wp-content\/uploads\/2022\/11\/bodrum-yatch-charter-5.webp\">\r\n                    <img decoding=\"async\" src=\"https:\/\/bodrumluxuryservices.com\/wp-content\/uploads\/2022\/11\/bodrum-yatch-charter-5.webp\" alt=\"Image\"\/>\r\n                    \r\n                    <i><\/i>\r\n                <\/a>\r\n            <\/li>\r\n        \r\n            <li class=\"theme-component-gallery-item-width-50\">\r\n                <a class=\"theme-image-fancybox\" data-fancybox-group=\"autoride-gallery-1\" href=\"https:\/\/bodrumluxuryservices.com\/wp-content\/uploads\/2022\/11\/bodrum-yatch-charter-4.webp\">\r\n                    <img decoding=\"async\" src=\"https:\/\/bodrumluxuryservices.com\/wp-content\/uploads\/2022\/11\/bodrum-yatch-charter-4.webp\" alt=\"Image\"\/>\r\n                    \r\n                    <i><\/i>\r\n                <\/a>\r\n            <\/li>\r\n        \n                <\/ul>\n            <\/div>\n        <\/div><\/div><\/div><\/div><\/div><\/div><\/div><\/div><div class=\"vc_row wpb_row vc_row-fluid theme-margin-top-20\"><div class=\"wpb_column vc_column_container vc_col-sm-12\"><div class=\"vc_column-inner\"><div class=\"wpb_wrapper\">\r\n            <p class=\"theme-component-paragraph-large theme-component-paragraph-large-style-2 alignleft theme-padding-top-0 theme-padding-bottom-0\">\r\n                Pron\u00e1jem jachet v Bodrumu, luxusn\u00ed jachty a soukrom\u00fd pron\u00e1jem lod\u00ed\r\n            <\/p>\r\n        \n\t<div class=\"wpb_text_column wpb_content_element theme-padding-top-30\" >\n\t\t<div class=\"wpb_wrapper\">\n\t\t\t<p>Na\u0161e flotila zahrnuje v\u0161e od elegantn\u00edch motorov\u00fdch jachet a\u017e po tradi\u010dn\u00ed gulety, v\u0161echny vybaven\u00e9 modern\u00edm vybaven\u00edm, profesion\u00e1ln\u00ed pos\u00e1dkou a p\u0159izp\u016fsobiteln\u00fdmi trasami. M\u016f\u017eete prozkoumat skryt\u00e9 z\u00e1toky Bodrumu, plavit se na Kos nebo Symi nebo si u\u017e\u00edt plavbu p\u0159i z\u00e1padu slunce po Tureck\u00e9 rivi\u00e9\u0159e.<\/p>\n<p>Ka\u017ed\u00fd charter je personalizovan\u00fd z\u00e1\u017eitek \u2013 od stravov\u00e1n\u00ed na palub\u011b a\u017e po vodn\u00ed aktivity, star\u00e1me se o ka\u017ed\u00fd detail, abyste si mohli odpo\u010dinout a u\u017e\u00edt si plavbu.<\/p>\n\n\t\t<\/div>\n\t<\/div>\n<\/div><\/div><\/div><\/div><div class=\"vc_row wpb_row vc_row-fluid theme-margin-top-20\"><div class=\"wpb_column vc_column_container vc_col-sm-12\"><div class=\"vc_column-inner\"><div class=\"wpb_wrapper\">\r\n            <p class=\"theme-component-paragraph-large theme-component-paragraph-large-style-2 alignleft theme-padding-top-0 theme-padding-bottom-0\">\r\n                Na\u0161e exkluzivn\u00ed destinace\r\n            <\/p>\r\n        \n\t<div class=\"wpb_text_column wpb_content_element theme-padding-top-30\" >\n\t\t<div class=\"wpb_wrapper\">\n\t\t\t<h3 data-start=\"253\" data-end=\"299\"><strong data-start=\"257\" data-end=\"297\">Modr\u00e1 v\u00fdletn\u00ed trasa \u2013 Bodrum do G\u00f6kova<\/strong><\/h3>\n<p data-start=\"300\" data-end=\"473\">Z tyrkysov\u00fdch z\u00e1tok kolem Bodrumu, kter\u00e9 se t\u00e1hnou a\u017e k z\u00e1livu G\u00f6kova, nab\u00edz\u00ed tato ikonick\u00e1 modr\u00e1 plavba nezapomenutelnou cestu odlehl\u00fdmi z\u00e1tokami a pob\u0159e\u017e\u00edmi porostl\u00fdmi borovicemi.<\/p>\n<h3 data-start=\"475\" data-end=\"510\"><strong data-start=\"479\" data-end=\"508\">Bodrum \u2013 Hisar\u00f6n\u00fcsk\u00fd z\u00e1liv<\/strong><\/h3>\n<p data-start=\"511\" data-end=\"654\">Plavba mezi Bodrumem a Hisar\u00f6n\u00fcsk\u00fdm z\u00e1livem, objevov\u00e1n\u00ed klidn\u00fdch pl\u00e1\u017e\u00ed a skryt\u00fdch z\u00e1tok, ide\u00e1ln\u00edch pro koup\u00e1n\u00ed a opalov\u00e1n\u00ed v klidn\u00e9m \u00fastran\u00ed.<\/p>\n<h3 data-start=\"656\" data-end=\"695\"><strong data-start=\"660\" data-end=\"693\">Ostrov Symi a z\u00e1liv Hisar\u00f6n\u00fc<\/strong><\/h3>\n<p data-start=\"696\" data-end=\"843\">Prozkoumejte \u0159eck\u00fd klenot Symi, zn\u00e1m\u00fd sv\u00fdm pastelov\u011b zbarven\u00fdm p\u0159\u00edstavem, okouzluj\u00edc\u00ed architekturou a klidnou atmosf\u00e9rou \u2013 okouzluj\u00edc\u00edm \u00fanikem z mo\u0159e.<\/p>\n<h3 data-start=\"845\" data-end=\"871\"><strong data-start=\"849\" data-end=\"869\">Poloostrov Bodrum<\/strong><\/h3>\n<p data-start=\"872\" data-end=\"1011\">Proplujte cel\u00fd poloostrov Bodrum a zaujm\u011bte jeho pulzuj\u00edc\u00ed sm\u011bsic\u00ed kosmopolitn\u00edch center, tradi\u010dn\u00edch vesnic a nedot\u010den\u00e9 p\u0159\u00edrody.<\/p>\n<h3 data-start=\"1013\" data-end=\"1042\"><strong data-start=\"1017\" data-end=\"1040\">T\u00fcrkb\u00fck\u00fc \u2013 \u00c7\u00f6kertme<\/strong><\/h3>\n<p data-start=\"1043\" data-end=\"1197\">Vydejte se na plavbu z luxusn\u00edho p\u0159\u00edstavu T\u00fcrkb\u00fck\u00fc do klidn\u00e9 ryb\u00e1\u0159sk\u00e9 vesnice \u00c7\u00f6kertme, cestou m\u00edjejte ikonickou egejskou scen\u00e9rii a klidn\u00e9 z\u00e1toky.<\/p>\n<h3 data-start=\"1199\" data-end=\"1227\"><strong data-start=\"1203\" data-end=\"1225\">Poloostrov Bozburun<\/strong><\/h3>\n<p data-start=\"1228\" data-end=\"1355\">Vydejte se do Bozburunu, proslul\u00e9ho \u0159emeslnou v\u00fdrobou lod\u00ed a surovou kr\u00e1sou \u2013 ide\u00e1ln\u00ed pro ty, kte\u0159\u00ed hledaj\u00ed autenticitu a m\u00edstn\u00ed kouzlo.<\/p>\n\n\t\t<\/div>\n\t<\/div>\n<\/div><\/div><\/div><\/div><div class=\"vc_row wpb_row vc_row-fluid\"><div class=\"theme-margin-bottom-0 wpb_column vc_column_container vc_col-sm-6\"><div class=\"vc_column-inner\"><div class=\"wpb_wrapper\"><h3 style=\"text-align: center\" class=\"vc_custom_heading vc_do_custom_heading theme-margin-top-60 theme-margin-bottom-50\" >\ud83d\udee5\ufe0f Pro\u010d si vybrat n\u00e1s?<\/h3>\n\t<div class=\"wpb_text_column wpb_content_element\" >\n\t\t<div class=\"wpb_wrapper\">\n\t\t\t<ul data-start=\"1000\" data-end=\"1284\">\n<li data-start=\"1000\" data-end=\"1057\">\n<p data-start=\"1002\" data-end=\"1057\">Rozmanit\u00e1 flotila luxusn\u00edch jachet, gulet\u016f a katamar\u00e1n\u016f<\/p>\n<\/li>\n<li data-start=\"1058\" data-end=\"1114\">\n<p data-start=\"1060\" data-end=\"1114\">Pln\u011b obsazen\u00e9 charterov\u00e9 lod\u011b s zku\u0161en\u00fdmi kapit\u00e1ny a kucha\u0159i<\/p>\n<\/li>\n<li data-start=\"1115\" data-end=\"1172\">\n<p data-start=\"1117\" data-end=\"1172\">Flexibiln\u00ed itiner\u00e1\u0159e: Denn\u00ed, t\u00fddenn\u00ed nebo hodinov\u00e9 pron\u00e1jmy<\/p>\n<\/li>\n<li data-start=\"1173\" data-end=\"1222\">\n<p data-start=\"1175\" data-end=\"1222\">VIP slu\u017eby, transfery a concierge na vy\u017e\u00e1d\u00e1n\u00ed<\/p>\n<\/li>\n<li data-start=\"1223\" data-end=\"1284\">\n<p data-start=\"1225\" data-end=\"1284\">Vlastn\u00ed ud\u00e1losti na palub\u011b (narozeniny, \u017e\u00e1dost o ruku, svatebn\u00ed cesta atd.)<\/p>\n<\/li>\n<\/ul>\n\n\t\t<\/div>\n\t<\/div>\n<\/div><\/div><\/div><div class=\"wpb_column vc_column_container vc_col-sm-6\"><div class=\"vc_column-inner\"><div class=\"wpb_wrapper\"><h3 style=\"text-align: center\" class=\"vc_custom_heading vc_do_custom_heading theme-margin-top-60 theme-margin-bottom-50\" >\ud83d\udcb0 Cena pron\u00e1jmu jachty<\/h3>\n\t<div class=\"wpb_text_column wpb_content_element\" >\n\t\t<div class=\"wpb_wrapper\">\n\t\t\t<p data-start=\"1318\" data-end=\"1448\">Ceny se li\u0161\u00ed v z\u00e1vislosti na typu jachty, ro\u010dn\u00edm obdob\u00ed a d\u00e9lce trv\u00e1n\u00ed.<br data-start=\"1376\" data-end=\"1379\" \/>\ud83d\udce9 <strong data-start=\"1382\" data-end=\"1448\">Kontaktujte n\u00e1s pro individu\u00e1ln\u00ed cenovou nab\u00eddku \u2013 nab\u00eddky jsou k dispozici online!<\/strong><\/p>\n\n\t\t<\/div>\n\t<\/div>\n<\/div><\/div><\/div><\/div>\n<\/div>","protected":false},"excerpt":{"rendered":"\ud83c\udf0a Bodrum Yacht Charter \u2013 Discover the Aegean in Luxury Charter a luxury yacht in Bodrum for a unique sailing experience. Discover our premium fleet, tailor-made routes &amp; expert crew. Contact us for online pricing. Experience the breathtaking beauty of the Aegean Sea with our Bodrum yacht charter services. Whether you are planning a romantic [...]","protected":false},"author":1,"featured_media":0,"parent":0,"menu_order":0,"comment_status":"closed","ping_status":"closed","template":"","meta":{"footnotes":""},"class_list":["post-11039","page","type-page","status-publish","hentry"],"_links":{"self":[{"href":"https:\/\/bodrumluxuryservices.com\/cs\/wp-json\/wp\/v2\/pages\/11039","targetHints":{"allow":["GET"]}}],"collection":[{"href":"https:\/\/bodrumluxuryservices.com\/cs\/wp-json\/wp\/v2\/pages"}],"about":[{"href":"https:\/\/bodrumluxuryservices.com\/cs\/wp-json\/wp\/v2\/types\/page"}],"author":[{"embeddable":true,"href":"https:\/\/bodrumluxuryservices.com\/cs\/wp-json\/wp\/v2\/users\/1"}],"replies":[{"embeddable":true,"href":"https:\/\/bodrumluxuryservices.com\/cs\/wp-json\/wp\/v2\/comments?post=11039"}],"version-history":[{"count":9,"href":"https:\/\/bodrumluxuryservices.com\/cs\/wp-json\/wp\/v2\/pages\/11039\/revisions"}],"predecessor-version":[{"id":24374,"href":"https:\/\/bodrumluxuryservices.com\/cs\/wp-json\/wp\/v2\/pages\/11039\/revisions\/24374"}],"wp:attachment":[{"href":"https:\/\/bodrumluxuryservices.com\/cs\/wp-json\/wp\/v2\/media?parent=11039"}],"curies":[{"name":"wp","href":"https:\/\/api.w.org\/{rel}","templated":true}]}}