{"id":11028,"date":"2025-06-06T09:20:43","date_gmt":"2025-06-06T06:20:43","guid":{"rendered":"http:\/\/quanticalabs.com\/wp_themes4\/autoride\/?page_id=11028"},"modified":"2025-07-18T00:17:46","modified_gmt":"2025-07-17T21:17:46","slug":"transfery-letadlem-z-bodrumu","status":"publish","type":"page","link":"https:\/\/bodrumluxuryservices.com\/cs\/bodrum-jet-transfers\/","title":{"rendered":"Leteck\u00e9 transfery v Bodrumu"},"content":{"rendered":"<div class=\"wpb-content-wrapper\"><div class=\"vc_row wpb_row vc_row-fluid\"><div class=\"wpb_column vc_column_container vc_col-sm-4\"><div class=\"vc_column-inner\"><div class=\"wpb_wrapper\">\n\t<div  class=\"wpb_single_image wpb_content_element vc_align_left wpb_content_element\">\n\t\t\n\t\t<figure class=\"wpb_wrapper vc_figure\">\n\t\t\t<div class=\"vc_single_image-wrapper   vc_box_border_grey\"><img loading=\"lazy\" decoding=\"async\" width=\"592\" height=\"444\" src=\"https:\/\/bodrumluxuryservices.com\/wp-content\/uploads\/2025\/06\/Cessna-C550-Citation-Bravo-PrivateFly-AA9987-1-592x444-1.webp\" class=\"vc_single_image-img attachment-full\" alt=\"\" title=\"Cessna-C550-Citation-Bravo-PrivateFly-AA9987-1-592x444\" srcset=\"https:\/\/bodrumluxuryservices.com\/wp-content\/uploads\/2025\/06\/Cessna-C550-Citation-Bravo-PrivateFly-AA9987-1-592x444-1.webp 592w, https:\/\/bodrumluxuryservices.com\/wp-content\/uploads\/2025\/06\/Cessna-C550-Citation-Bravo-PrivateFly-AA9987-1-592x444-1-300x225.webp 300w, https:\/\/bodrumluxuryservices.com\/wp-content\/uploads\/2025\/06\/Cessna-C550-Citation-Bravo-PrivateFly-AA9987-1-592x444-1-16x12.webp 16w, https:\/\/bodrumluxuryservices.com\/wp-content\/uploads\/2025\/06\/Cessna-C550-Citation-Bravo-PrivateFly-AA9987-1-592x444-1-408x306.webp 408w\" sizes=\"auto, (max-width: 592px) 100vw, 592px\" \/><\/div>\n\t\t<\/figure>\n\t<\/div>\n\n\t<div  class=\"wpb_single_image wpb_content_element vc_align_right wpb_content_element\">\n\t\t\n\t\t<figure class=\"wpb_wrapper vc_figure\">\n\t\t\t<div class=\"vc_single_image-wrapper   vc_box_border_grey\"><img loading=\"lazy\" decoding=\"async\" width=\"846\" height=\"564\" src=\"https:\/\/bodrumluxuryservices.com\/wp-content\/uploads\/2025\/06\/Cessna-C550-Citation-Bravo-PrivateFly-AA9988.webp\" class=\"vc_single_image-img attachment-full\" alt=\"\" title=\"Cessna-C550-Citation-Bravo-PrivateFly-AA9988\" srcset=\"https:\/\/bodrumluxuryservices.com\/wp-content\/uploads\/2025\/06\/Cessna-C550-Citation-Bravo-PrivateFly-AA9988.webp 846w, https:\/\/bodrumluxuryservices.com\/wp-content\/uploads\/2025\/06\/Cessna-C550-Citation-Bravo-PrivateFly-AA9988-300x200.webp 300w, https:\/\/bodrumluxuryservices.com\/wp-content\/uploads\/2025\/06\/Cessna-C550-Citation-Bravo-PrivateFly-AA9988-768x512.webp 768w, https:\/\/bodrumluxuryservices.com\/wp-content\/uploads\/2025\/06\/Cessna-C550-Citation-Bravo-PrivateFly-AA9988-18x12.webp 18w, https:\/\/bodrumluxuryservices.com\/wp-content\/uploads\/2025\/06\/Cessna-C550-Citation-Bravo-PrivateFly-AA9988-460x306.webp 460w, https:\/\/bodrumluxuryservices.com\/wp-content\/uploads\/2025\/06\/Cessna-C550-Citation-Bravo-PrivateFly-AA9988-800x533.webp 800w\" sizes=\"auto, (max-width: 846px) 100vw, 846px\" \/><\/div>\n\t\t<\/figure>\n\t<\/div>\n<\/div><\/div><\/div><div class=\"wpb_column vc_column_container vc_col-sm-8\"><div class=\"vc_column-inner\"><div class=\"wpb_wrapper\">\r\n            <p class=\"theme-component-paragraph-large theme-component-paragraph-large-style-2 alignleft theme-padding-top-0 theme-padding-bottom-0\">\r\n                Transfery letadlem v Bodrumu \u2013 Soukrom\u00e1 luxusn\u00ed leteck\u00e1 doprava\r\n            <\/p>\r\n        \n\t<div class=\"wpb_text_column wpb_content_element theme-padding-top-30\" >\n\t\t<div class=\"wpb_wrapper\">\n\t\t\t<p data-start=\"284\" data-end=\"720\">Za\u017eijte maxim\u00e1ln\u00ed luxus a efektivitu s na\u0161\u00edm <strong data-start=\"342\" data-end=\"369\">Leteck\u00e9 transfery v Bodrumu<\/strong>A\u0165 u\u017e odl\u00e9t\u00e1te z Bodrumu nebo tam p\u0159il\u00e9t\u00e1te, nab\u00edz\u00edme bezprobl\u00e9mov\u00e9 slu\u017eby charterov\u00fdch let\u016f soukrom\u00fdmi letadly, jako jsou Embraer Legacy 650, Bombardier Learjet 45XR a Embraer Lineage 1000 \u2013 ide\u00e1ln\u00ed pro 8 a\u017e 19 cestuj\u00edc\u00edch. D\u00edky p\u0159\u00edstupu na leti\u0161t\u011b Bodrum-Milas a bl\u00edzk\u00e1 soukrom\u00e1 leti\u0161t\u011b nab\u00edz\u00edme pr\u00e9miov\u00e1 cestovn\u00ed \u0159e\u0161en\u00ed p\u0159izp\u016fsoben\u00e1 va\u0161emu harmonogramu.<\/p>\n<p data-start=\"722\" data-end=\"1010\">Na\u0161e slu\u017eby leteck\u00e9 dopravy jsou ide\u00e1ln\u00ed pro mana\u017eery, celebrity nebo turisty, kte\u0159\u00ed se cht\u011bj\u00ed vyhnout pot\u00ed\u017e\u00edm s komer\u010dn\u00edmi lety. Vyhn\u011bte se p\u0159epln\u011bn\u00fdm termin\u00e1l\u016fm a dlouh\u00e9mu \u010dek\u00e1n\u00ed \u2013 u\u017eijte si p\u0159\u00edmou, personalizovanou leteckou dopravu p\u0159\u00edmo z centra Bodrumu s naprost\u00fdm soukrom\u00edm a z\u00e1rukou pohodl\u00ed.<\/p>\n\n\t\t<\/div>\n\t<\/div>\n<\/div><\/div><\/div><\/div><div class=\"vc_row wpb_row vc_row-fluid theme-margin-top-20\"><div class=\"wpb_column vc_column_container vc_col-sm-8\"><div class=\"vc_column-inner\"><div class=\"wpb_wrapper\">\r\n            <p class=\"theme-component-paragraph-large theme-component-paragraph-large-style-2 alignleft theme-padding-top-0 theme-padding-bottom-0\">\r\n                Z\u00e1\u017eitky s letadlem na m\u00edru z Bodrumu do glob\u00e1ln\u00edch destinac\u00ed\r\n            <\/p>\r\n        \n\t<div class=\"wpb_text_column wpb_content_element theme-padding-top-30\" >\n\t\t<div class=\"wpb_wrapper\">\n\t\t\t<p data-start=\"1088\" data-end=\"1400\">Od Bodrumu a\u017e po jak\u00e9koli velk\u00e9 evropsk\u00e9 nebo bl\u00edzkov\u00fdchodn\u00ed m\u011bsto, na\u0161e \u0159e\u0161en\u00ed soukrom\u00fdch letadel jsou navr\u017eena tak, aby splnila va\u0161e pot\u0159eby. A\u0165 u\u017e let\u00edte na firemn\u00ed akci, rodinnou dovolenou nebo speci\u00e1ln\u00ed oslavu, n\u00e1\u0161 t\u00fdm se postar\u00e1 o v\u00e1\u0161 z\u00e1\u017eitek na m\u00edru \u2013 od v\u00fdb\u011bru letadla a\u017e po catering b\u011bhem letu a concierge podporu.<\/p>\n<p data-start=\"1402\" data-end=\"1651\">Tak\u00e9 poskytujeme koordinovanou pozemn\u00ed dopravu a VIP slu\u017eby v Bodrumu, abychom zajistili hladkou cestu od va\u0161ich dve\u0159\u00ed do c\u00edlov\u00e9 destinace. \u2709\ufe0f <strong data-start=\"1555\" data-end=\"1651\">Cena z\u00e1vis\u00ed na va\u0161\u00ed trase a zvolen\u00e9m letadle \u2013 vy\u017e\u00e1dejte si online je\u0161t\u011b dnes personalizovanou cenovou nab\u00eddku.<\/strong><\/p>\n\n\t\t<\/div>\n\t<\/div>\n<\/div><\/div><\/div><div class=\"wpb_column vc_column_container vc_col-sm-4\"><div class=\"vc_column-inner\"><div class=\"wpb_wrapper\">\n\t<div  class=\"wpb_single_image wpb_content_element vc_align_right wpb_content_element\">\n\t\t\n\t\t<figure class=\"wpb_wrapper vc_figure\">\n\t\t\t<div class=\"vc_single_image-wrapper   vc_box_border_grey\"><img loading=\"lazy\" decoding=\"async\" width=\"592\" height=\"444\" src=\"https:\/\/bodrumluxuryservices.com\/wp-content\/uploads\/2025\/06\/Cessna-Citation-Sovereign-592x444-1.webp\" class=\"vc_single_image-img attachment-full\" alt=\"\" title=\"Cessna-Citation-Sovereign-592x444\" srcset=\"https:\/\/bodrumluxuryservices.com\/wp-content\/uploads\/2025\/06\/Cessna-Citation-Sovereign-592x444-1.webp 592w, https:\/\/bodrumluxuryservices.com\/wp-content\/uploads\/2025\/06\/Cessna-Citation-Sovereign-592x444-1-300x225.webp 300w, https:\/\/bodrumluxuryservices.com\/wp-content\/uploads\/2025\/06\/Cessna-Citation-Sovereign-592x444-1-16x12.webp 16w, https:\/\/bodrumluxuryservices.com\/wp-content\/uploads\/2025\/06\/Cessna-Citation-Sovereign-592x444-1-408x306.webp 408w\" sizes=\"auto, (max-width: 592px) 100vw, 592px\" \/><\/div>\n\t\t<\/figure>\n\t<\/div>\n\n\t<div  class=\"wpb_single_image wpb_content_element vc_align_right wpb_content_element\">\n\t\t\n\t\t<figure class=\"wpb_wrapper vc_figure\">\n\t\t\t<div class=\"vc_single_image-wrapper   vc_box_border_grey\"><img loading=\"lazy\" decoding=\"async\" width=\"846\" height=\"564\" src=\"https:\/\/bodrumluxuryservices.com\/wp-content\/uploads\/2025\/06\/Cessna-C550-Citation-Bravo-PrivateFly-AA9990.webp\" class=\"vc_single_image-img attachment-full\" alt=\"\" title=\"Cessna-C550-Citation-Bravo-PrivateFly-AA9990\" srcset=\"https:\/\/bodrumluxuryservices.com\/wp-content\/uploads\/2025\/06\/Cessna-C550-Citation-Bravo-PrivateFly-AA9990.webp 846w, https:\/\/bodrumluxuryservices.com\/wp-content\/uploads\/2025\/06\/Cessna-C550-Citation-Bravo-PrivateFly-AA9990-300x200.webp 300w, https:\/\/bodrumluxuryservices.com\/wp-content\/uploads\/2025\/06\/Cessna-C550-Citation-Bravo-PrivateFly-AA9990-768x512.webp 768w, https:\/\/bodrumluxuryservices.com\/wp-content\/uploads\/2025\/06\/Cessna-C550-Citation-Bravo-PrivateFly-AA9990-18x12.webp 18w, https:\/\/bodrumluxuryservices.com\/wp-content\/uploads\/2025\/06\/Cessna-C550-Citation-Bravo-PrivateFly-AA9990-460x306.webp 460w, https:\/\/bodrumluxuryservices.com\/wp-content\/uploads\/2025\/06\/Cessna-C550-Citation-Bravo-PrivateFly-AA9990-800x533.webp 800w\" sizes=\"auto, (max-width: 846px) 100vw, 846px\" \/><\/div>\n\t\t<\/figure>\n\t<\/div>\n<\/div><\/div><\/div><\/div>\n<\/div>","protected":false},"excerpt":{"rendered":"Jet Transfers in Bodrum \u2013 Private Luxury Air Travel Experience the ultimate in luxury and efficiency with our Jet Transfers in Bodrum. Whether departing from or arriving in Bodrum, we provide seamless private jet charter services with aircraft such as the Embraer Legacy 650, Bombardier Learjet 45XR, and Embraer Lineage 1000 \u2014 ideal for 8 [...]","protected":false},"author":1,"featured_media":0,"parent":0,"menu_order":0,"comment_status":"closed","ping_status":"closed","template":"","meta":{"footnotes":""},"class_list":["post-11028","page","type-page","status-publish","hentry"],"_links":{"self":[{"href":"https:\/\/bodrumluxuryservices.com\/cs\/wp-json\/wp\/v2\/pages\/11028","targetHints":{"allow":["GET"]}}],"collection":[{"href":"https:\/\/bodrumluxuryservices.com\/cs\/wp-json\/wp\/v2\/pages"}],"about":[{"href":"https:\/\/bodrumluxuryservices.com\/cs\/wp-json\/wp\/v2\/types\/page"}],"author":[{"embeddable":true,"href":"https:\/\/bodrumluxuryservices.com\/cs\/wp-json\/wp\/v2\/users\/1"}],"replies":[{"embeddable":true,"href":"https:\/\/bodrumluxuryservices.com\/cs\/wp-json\/wp\/v2\/comments?post=11028"}],"version-history":[{"count":7,"href":"https:\/\/bodrumluxuryservices.com\/cs\/wp-json\/wp\/v2\/pages\/11028\/revisions"}],"predecessor-version":[{"id":24473,"href":"https:\/\/bodrumluxuryservices.com\/cs\/wp-json\/wp\/v2\/pages\/11028\/revisions\/24473"}],"wp:attachment":[{"href":"https:\/\/bodrumluxuryservices.com\/cs\/wp-json\/wp\/v2\/media?parent=11028"}],"curies":[{"name":"wp","href":"https:\/\/api.w.org\/{rel}","templated":true}]}}