{"id":11027,"date":"2025-06-06T09:20:18","date_gmt":"2025-06-06T06:20:18","guid":{"rendered":"http:\/\/quanticalabs.com\/wp_themes4\/autoride\/?page_id=11027"},"modified":"2025-06-08T01:02:35","modified_gmt":"2025-06-07T22:02:35","slug":"firemni-cestovani-do-bodrumu","status":"publish","type":"page","link":"https:\/\/bodrumluxuryservices.com\/cs\/bodrum-corporate-travel\/","title":{"rendered":"Firemn\u00ed cestov\u00e1n\u00ed v Bodrumu"},"content":{"rendered":"<div class=\"wpb-content-wrapper\"><div class=\"vc_row wpb_row vc_row-fluid\"><div class=\"wpb_column vc_column_container vc_col-sm-4\"><div class=\"vc_column-inner\"><div class=\"wpb_wrapper\">\n\t<div  class=\"wpb_single_image wpb_content_element vc_align_left wpb_content_element\">\n\t\t\n\t\t<figure class=\"wpb_wrapper vc_figure\">\n\t\t\t<div class=\"vc_single_image-wrapper   vc_box_border_grey\"><img loading=\"lazy\" decoding=\"async\" width=\"275\" height=\"275\" src=\"https:\/\/bodrumluxuryservices.com\/wp-content\/uploads\/2025\/06\/corporate-travel-bodrum.jpg\" class=\"vc_single_image-img attachment-full\" alt=\"\" title=\"firemn\u00ed-cestov\u00e1n\u00ed-bodrum\" srcset=\"https:\/\/bodrumluxuryservices.com\/wp-content\/uploads\/2025\/06\/corporate-travel-bodrum.jpg 275w, https:\/\/bodrumluxuryservices.com\/wp-content\/uploads\/2025\/06\/corporate-travel-bodrum-150x150.jpg 150w, https:\/\/bodrumluxuryservices.com\/wp-content\/uploads\/2025\/06\/corporate-travel-bodrum-12x12.jpg 12w\" sizes=\"auto, (max-width: 275px) 100vw, 275px\" \/><\/div>\n\t\t<\/figure>\n\t<\/div>\n<\/div><\/div><\/div><div class=\"wpb_column vc_column_container vc_col-sm-8\"><div class=\"vc_column-inner\"><div class=\"wpb_wrapper\">\r\n            <p class=\"theme-component-paragraph-large theme-component-paragraph-large-style-2 alignleft theme-padding-top-0 theme-padding-bottom-0\">\r\n                Firemn\u00ed cestov\u00e1n\u00ed \u2013 profesion\u00e1ln\u00ed dopravn\u00ed \u0159e\u0161en\u00ed pro va\u0161i firmu\r\n            <\/p>\r\n        \n\t<div class=\"wpb_text_column wpb_content_element theme-padding-top-30\" >\n\t\t<div class=\"wpb_wrapper\">\n\t\t\t<p data-start=\"328\" data-end=\"600\">Zaji\u0161t\u011bn\u00ed hladk\u00e9, dochviln\u00e9 a stylov\u00e9 dopravy pro va\u0161e firemn\u00ed akce a obchodn\u00ed sch\u016fzky je kl\u00ed\u010dov\u00e9 pro ud\u011bl\u00e1n\u00ed spr\u00e1vn\u00e9ho dojmu. Na\u0161e <strong data-start=\"479\" data-end=\"499\">Firemn\u00ed cestov\u00e1n\u00ed<\/strong> Slu\u017eby v Bodrumu a okol\u00ed jsou navr\u017eeny s ohledem na pohodl\u00ed mana\u017eer\u016f, soukrom\u00ed a spolehlivost.<\/p>\n<p data-start=\"602\" data-end=\"769\">Od vyzvednut\u00ed na leti\u0161ti a\u017e po denn\u00ed transfery na konference nebo VIP hostov\u00e1n\u00ed nab\u00edz\u00edme p\u0159epravn\u00ed \u0159e\u0161en\u00ed \u0161it\u00e1 na m\u00edru pro firmy, delegace a mezin\u00e1rodn\u00ed klienty.<\/p>\n\n\t\t<\/div>\n\t<\/div>\n<\/div><\/div><\/div><\/div><div class=\"vc_row wpb_row vc_row-fluid theme-margin-top-20\"><div class=\"wpb_column vc_column_container vc_col-sm-8\"><div class=\"vc_column-inner\"><div class=\"wpb_wrapper\">\r\n            <p class=\"theme-component-paragraph-large theme-component-paragraph-large-style-2 alignleft theme-padding-top-0 theme-padding-bottom-0\">\r\n                Transfery pro mana\u017eery pro obchodn\u00ed cestuj\u00edc\u00ed\r\n            <\/p>\r\n        \n\t<div class=\"wpb_text_column wpb_content_element theme-padding-top-30\" >\n\t\t<div class=\"wpb_wrapper\">\n\t\t\t<p data-start=\"827\" data-end=\"1077\">Na\u0161e luxusn\u00ed flotila \u2013 v\u010detn\u011b sedan\u016f, SUV a pr\u00e9miov\u00fdch dod\u00e1vek \u2013 je pln\u011b vybavena tak, aby spl\u0148ovala pot\u0159eby obchodn\u00edch profesion\u00e1l\u016f. Vyu\u017eijte bezplatn\u00e9 Wi-Fi, balenou vodu a klidn\u00e9 m\u00edsto pro p\u0159\u00edpravu na sch\u016fzky, zat\u00edmco na\u0161i \u0159idi\u010di se postaraj\u00ed o logistiku.<\/p>\n<p data-start=\"1079\" data-end=\"1203\">Zaji\u0161\u0165ujeme v\u010dasnou dopravu na leti\u0161t\u011b Bodrum (BJV), soukrom\u00e9 termin\u00e1ly a kl\u00ed\u010dov\u00e1 obchodn\u00ed m\u00edsta v cel\u00e9m regionu a zp\u011bt.<\/p>\n\n\t\t<\/div>\n\t<\/div>\n<\/div><\/div><\/div><div class=\"wpb_column vc_column_container vc_col-sm-4\"><div class=\"vc_column-inner\"><div class=\"wpb_wrapper\">\n\t<div  class=\"wpb_single_image wpb_content_element vc_align_right wpb_content_element\">\n\t\t\n\t\t<figure class=\"wpb_wrapper vc_figure\">\n\t\t\t<div class=\"vc_single_image-wrapper   vc_box_border_grey\"><img loading=\"lazy\" decoding=\"async\" width=\"275\" height=\"275\" src=\"https:\/\/bodrumluxuryservices.com\/wp-content\/uploads\/2025\/06\/bodrum-business-corporate-travel-transfer.jpg\" class=\"vc_single_image-img attachment-full\" alt=\"\" title=\"transfer-obchodn\u00edch-firemn\u00edch-cestov ...\" srcset=\"https:\/\/bodrumluxuryservices.com\/wp-content\/uploads\/2025\/06\/bodrum-business-corporate-travel-transfer.jpg 275w, https:\/\/bodrumluxuryservices.com\/wp-content\/uploads\/2025\/06\/bodrum-business-corporate-travel-transfer-150x150.jpg 150w, https:\/\/bodrumluxuryservices.com\/wp-content\/uploads\/2025\/06\/bodrum-business-corporate-travel-transfer-12x12.jpg 12w\" sizes=\"auto, (max-width: 275px) 100vw, 275px\" \/><\/div>\n\t\t<\/figure>\n\t<\/div>\n<\/div><\/div><\/div><\/div><div class=\"vc_row wpb_row vc_row-fluid\"><div class=\"theme-margin-bottom-0 wpb_column vc_column_container vc_col-sm-12\"><div class=\"vc_column-inner\"><div class=\"wpb_wrapper\"><h3 style=\"text-align: center\" class=\"vc_custom_heading vc_do_custom_heading theme-margin-top-60 theme-margin-bottom-50\" >\ud83e\udd1d Firemn\u00ed akce a slu\u017eby pro delegace<\/h3>\n\t<div class=\"wpb_text_column wpb_content_element\" >\n\t\t<div class=\"wpb_wrapper\">\n\t\t\t<p data-start=\"1257\" data-end=\"1540\">Pl\u00e1nujete konferenci, firemn\u00ed setk\u00e1n\u00ed nebo obchodn\u00ed ve\u010de\u0159i? N\u00e1\u0161 t\u00fdm se specializuje na skupinovou logistiku, koordinaci v\u00edce vozidel a \u0161pi\u010dkov\u00fd management host\u016f. A\u0165 u\u017e se jedn\u00e1 o jednoho VIP \u010dlena nebo kompletn\u00ed firemn\u00ed delegaci, garantujeme bezprobl\u00e9mov\u00fd a profesion\u00e1ln\u00ed servis od za\u010d\u00e1tku do konce.<\/p>\n<p data-start=\"1542\" data-end=\"1644\">Nab\u00edz\u00edme tak\u00e9 zna\u010dkov\u00e9 zna\u010den\u00ed, v\u00edcejazy\u010dn\u00e9 \u0159idi\u010de a diskr\u00e9tn\u00ed odbaven\u00ed pro v\u00fdznamn\u00e9 hosty.<\/p>\n<hr data-start=\"1646\" data-end=\"1649\" \/>\n<h3 data-start=\"1651\" data-end=\"1686\">\ud83d\udcbc <strong data-start=\"1658\" data-end=\"1684\">Cena firemn\u00edho cestov\u00e1n\u00ed<\/strong><\/h3>\n<p data-start=\"1687\" data-end=\"1844\">Cena se li\u0161\u00ed v z\u00e1vislosti na velikosti skupiny, typu vozidla a d\u00e9lce trv\u00e1n\u00ed slu\u017eby.<br data-start=\"1762\" data-end=\"1765\" \/>\ud83d\udce9 <strong data-start=\"1768\" data-end=\"1844\">Kontaktujte n\u00e1s je\u0161t\u011b dnes a z\u00edskejte cenovou nab\u00eddku na m\u00edru \u2013 k dispozici jsou online nab\u00eddky!<\/strong><\/p>\n\n\t\t<\/div>\n\t<\/div>\n\t\t<div class=\"theme-vehicle-list theme-clear-fix\">\n\t\t\t\n\t\t\t<div class=\"chbs-main\">\n\t\t\t\t<div class=\"theme-vehicle-list-result theme-clear-fix\">\n<div class=\"vc_row wpb_row vc_row-fluid\">\n\t\t\t\t\t<div class=\"wpb_column vc_column_container vc_col-sm-4\"><div class=\"vc_column-inner\"><div class=\"wpb_wrapper\">\n\t\t\t\t\t\t<div class=\"theme-vehicle-list-item\">\n\t\t\t\t\n\t\t\t\t\t\t<div class=\"theme-vehicle-list-item-image\">\n\t\t\t\t\t\n\t\t\t\t\t\t\t<a href=\"https:\/\/bodrumluxuryservices.com\/cs\/car\/mercedes-benz-vito-standart\/\" title=\"View vehicle &quot;Mercedes-Benz Vito Standart&quot;.\">\n\t\t\t\t\t\t\n\t\t\t\t\t\t\t\t<span>\n\t\t\t\t\t\t\t\t\t<span class=\"theme-vehicle-list-item-category\">Minibus<\/span><span class=\"theme-vehicle-list-item-category\">Standardn\u00ed<\/span>\n\t\t\t\t\t\t\t\t\t<span class=\"theme-vehicle-list-item-title\">Mercedes-Benz Vito Standard<\/span>\n\t\t\t\t\t\t\t\t<\/span>\n\t\t\t\t\t\t\t\t<img loading=\"lazy\" decoding=\"async\" width=\"800\" height=\"533\" src=\"https:\/\/bodrumluxuryservices.com\/wp-content\/uploads\/2025\/06\/bodrum-transfer-airport-shuttle-mercedes-vito-price.png\" class=\"attachment-post-thumbnail size-post-thumbnail wp-post-image\" alt=\"\" srcset=\"https:\/\/bodrumluxuryservices.com\/wp-content\/uploads\/2025\/06\/bodrum-transfer-airport-shuttle-mercedes-vito-price.png 800w, https:\/\/bodrumluxuryservices.com\/wp-content\/uploads\/2025\/06\/bodrum-transfer-airport-shuttle-mercedes-vito-price-300x200.png 300w, https:\/\/bodrumluxuryservices.com\/wp-content\/uploads\/2025\/06\/bodrum-transfer-airport-shuttle-mercedes-vito-price-768x512.png 768w, https:\/\/bodrumluxuryservices.com\/wp-content\/uploads\/2025\/06\/bodrum-transfer-airport-shuttle-mercedes-vito-price-18x12.png 18w, https:\/\/bodrumluxuryservices.com\/wp-content\/uploads\/2025\/06\/bodrum-transfer-airport-shuttle-mercedes-vito-price-460x306.png 460w, https:\/\/bodrumluxuryservices.com\/wp-content\/uploads\/2025\/06\/bodrum-transfer-airport-shuttle-mercedes-vito-price-600x400.png 600w\" sizes=\"auto, (max-width: 800px) 100vw, 800px\" \/>\n\t\t\t\t\t\t\t\t<span><\/span>\n\t\t\t\t\t\t\t\t\t\t\n\t\t\t\t\t\t\t<\/a>\n\t\t\t\t\t\t\t\t\t\t\t\n\t\t\t\t\t\t<\/div>\n\t\t\t\t\t\n\t\t\t\t\t\t<div class=\"theme-vehicle-list-item-meta\">\n\t\t\t\t\t\t\t<span class=\"theme-icon-meta-user\"><\/span>\n\t\t\t\t\t\t\t<span class=\"theme-circle\">6<\/span>\n\t\t\t\t\t\t\t<span class=\"theme-icon-meta-suitcase\"><\/span>\n\t\t\t\t\t\t\t<span class=\"theme-circle\">6<\/span>\n\t\t\t\t\t\t<\/div>\n\t\t\t\t\t\n\t\t\t\t\t\t<\/div>\n\t\t\t\t\t<\/div><\/div><\/div>\n\t\t\t\t\n\t\t\t\t\t<div class=\"wpb_column vc_column_container vc_col-sm-4\"><div class=\"vc_column-inner\"><div class=\"wpb_wrapper\">\n\t\t\t\t\t\t<div class=\"theme-vehicle-list-item\">\n\t\t\t\t\n\t\t\t\t\t\t<div class=\"theme-vehicle-list-item-image\">\n\t\t\t\t\t\n\t\t\t\t\t\t\t<a href=\"https:\/\/bodrumluxuryservices.com\/cs\/car\/mercedes-benz-vito-luxury-vip\/\" title=\"View vehicle &quot;Mercedes-Benz Vito Luxury Vip&quot;.\">\n\t\t\t\t\t\t\n\t\t\t\t\t\t\t\t<span>\n\t\t\t\t\t\t\t\t\t<span class=\"theme-vehicle-list-item-category\">Luxus<\/span><span class=\"theme-vehicle-list-item-category\">Minibus<\/span>\n\t\t\t\t\t\t\t\t\t<span class=\"theme-vehicle-list-item-title\">Mercedes-Benz Vito Luxusn\u00ed VIP<\/span>\n\t\t\t\t\t\t\t\t<\/span>\n\t\t\t\t\t\t\t\t<img loading=\"lazy\" decoding=\"async\" width=\"800\" height=\"533\" src=\"https:\/\/bodrumluxuryservices.com\/wp-content\/uploads\/2017\/11\/mercedes-vito-luxury-maybach-bodrum-transfers-airport-shuttle.png\" class=\"attachment-post-thumbnail size-post-thumbnail wp-post-image\" alt=\"\" srcset=\"https:\/\/bodrumluxuryservices.com\/wp-content\/uploads\/2017\/11\/mercedes-vito-luxury-maybach-bodrum-transfers-airport-shuttle.png 800w, https:\/\/bodrumluxuryservices.com\/wp-content\/uploads\/2017\/11\/mercedes-vito-luxury-maybach-bodrum-transfers-airport-shuttle-300x200.png 300w, https:\/\/bodrumluxuryservices.com\/wp-content\/uploads\/2017\/11\/mercedes-vito-luxury-maybach-bodrum-transfers-airport-shuttle-768x512.png 768w, https:\/\/bodrumluxuryservices.com\/wp-content\/uploads\/2017\/11\/mercedes-vito-luxury-maybach-bodrum-transfers-airport-shuttle-18x12.png 18w, https:\/\/bodrumluxuryservices.com\/wp-content\/uploads\/2017\/11\/mercedes-vito-luxury-maybach-bodrum-transfers-airport-shuttle-460x306.png 460w, https:\/\/bodrumluxuryservices.com\/wp-content\/uploads\/2017\/11\/mercedes-vito-luxury-maybach-bodrum-transfers-airport-shuttle-600x400.png 600w\" sizes=\"auto, (max-width: 800px) 100vw, 800px\" \/>\n\t\t\t\t\t\t\t\t<span><\/span>\n\t\t\t\t\t\t\t\t\t\t\n\t\t\t\t\t\t\t<\/a>\n\t\t\t\t\t\t\t\t\t\t\t\n\t\t\t\t\t\t<\/div>\n\t\t\t\t\t\n\t\t\t\t\t\t<div class=\"theme-vehicle-list-item-meta\">\n\t\t\t\t\t\t\t<span class=\"theme-icon-meta-user\"><\/span>\n\t\t\t\t\t\t\t<span class=\"theme-circle\">6<\/span>\n\t\t\t\t\t\t\t<span class=\"theme-icon-meta-suitcase\"><\/span>\n\t\t\t\t\t\t\t<span class=\"theme-circle\">6<\/span>\n\t\t\t\t\t\t<\/div>\n\t\t\t\t\t\n\t\t\t\t\t\t<\/div>\n\t\t\t\t\t<\/div><\/div><\/div>\n\t\t\t\t\n\t\t\t\t\t<div class=\"wpb_column vc_column_container vc_col-sm-4\"><div class=\"vc_column-inner\"><div class=\"wpb_wrapper\">\n\t\t\t\t\t\t<div class=\"theme-vehicle-list-item\">\n\t\t\t\t\n\t\t\t\t\t\t<div class=\"theme-vehicle-list-item-image\">\n\t\t\t\t\t\n\t\t\t\t\t\t\t<a href=\"https:\/\/bodrumluxuryservices.com\/cs\/car\/mercedes-benz-sprinter-101-seater\/\" title=\"View vehicle &quot;Mercedes-Benz Sprinter (10+1 Seater)&quot;.\">\n\t\t\t\t\t\t\n\t\t\t\t\t\t\t\t<span>\n\t\t\t\t\t\t\t\t\t<span class=\"theme-vehicle-list-item-category\">Minibus<\/span><span class=\"theme-vehicle-list-item-category\">Standardn\u00ed<\/span>\n\t\t\t\t\t\t\t\t\t<span class=\"theme-vehicle-list-item-title\">Mercedes-Benz Sprinter (10+1 m\u00edst)<\/span>\n\t\t\t\t\t\t\t\t<\/span>\n\t\t\t\t\t\t\t\t<img loading=\"lazy\" decoding=\"async\" width=\"800\" height=\"533\" src=\"https:\/\/bodrumluxuryservices.com\/wp-content\/uploads\/2017\/11\/mercedes-sprinter-10-seater-bodrum-transfers-airport-shuttle.png\" class=\"attachment-post-thumbnail size-post-thumbnail wp-post-image\" alt=\"\" srcset=\"https:\/\/bodrumluxuryservices.com\/wp-content\/uploads\/2017\/11\/mercedes-sprinter-10-seater-bodrum-transfers-airport-shuttle.png 800w, https:\/\/bodrumluxuryservices.com\/wp-content\/uploads\/2017\/11\/mercedes-sprinter-10-seater-bodrum-transfers-airport-shuttle-300x200.png 300w, https:\/\/bodrumluxuryservices.com\/wp-content\/uploads\/2017\/11\/mercedes-sprinter-10-seater-bodrum-transfers-airport-shuttle-768x512.png 768w, https:\/\/bodrumluxuryservices.com\/wp-content\/uploads\/2017\/11\/mercedes-sprinter-10-seater-bodrum-transfers-airport-shuttle-18x12.png 18w, https:\/\/bodrumluxuryservices.com\/wp-content\/uploads\/2017\/11\/mercedes-sprinter-10-seater-bodrum-transfers-airport-shuttle-460x306.png 460w\" sizes=\"auto, (max-width: 800px) 100vw, 800px\" \/>\n\t\t\t\t\t\t\t\t<span><\/span>\n\t\t\t\t\t\t\t\t\t\t\n\t\t\t\t\t\t\t<\/a>\n\t\t\t\t\t\t\t\t\t\t\t\n\t\t\t\t\t\t<\/div>\n\t\t\t\t\t\n\t\t\t\t\t\t<div class=\"theme-vehicle-list-item-meta\">\n\t\t\t\t\t\t\t<span class=\"theme-icon-meta-user\"><\/span>\n\t\t\t\t\t\t\t<span class=\"theme-circle\">10<\/span>\n\t\t\t\t\t\t\t<span class=\"theme-icon-meta-suitcase\"><\/span>\n\t\t\t\t\t\t\t<span class=\"theme-circle\">10<\/span>\n\t\t\t\t\t\t<\/div>\n\t\t\t\t\t\n\t\t\t\t\t\t<\/div>\n\t\t\t\t\t<\/div><\/div><\/div>\n\t\t\t\t<\/div><div class=\"vc_row wpb_row vc_row-fluid\">\n\t\t\t\t\t<div class=\"wpb_column vc_column_container vc_col-sm-4\"><div class=\"vc_column-inner\"><div class=\"wpb_wrapper\">\n\t\t\t\t\t\t<div class=\"theme-vehicle-list-item\">\n\t\t\t\t\n\t\t\t\t\t\t<div class=\"theme-vehicle-list-item-image\">\n\t\t\t\t\t\n\t\t\t\t\t\t\t<a href=\"https:\/\/bodrumluxuryservices.com\/cs\/car\/mercedes-benz-sprinter-161-seater\/\" title=\"View vehicle &quot;Mercedes-Benz Sprinter (16+1 Seater)&quot;.\">\n\t\t\t\t\t\t\n\t\t\t\t\t\t\t\t<span>\n\t\t\t\t\t\t\t\t\t<span class=\"theme-vehicle-list-item-category\">Midibus<\/span><span class=\"theme-vehicle-list-item-category\">Standardn\u00ed<\/span>\n\t\t\t\t\t\t\t\t\t<span class=\"theme-vehicle-list-item-title\">Mercedes-Benz Sprinter (16+1 m\u00edst)<\/span>\n\t\t\t\t\t\t\t\t<\/span>\n\t\t\t\t\t\t\t\t<img loading=\"lazy\" decoding=\"async\" width=\"800\" height=\"533\" src=\"https:\/\/bodrumluxuryservices.com\/wp-content\/uploads\/2025\/06\/mercedes-sprinter-16-seater-bodrum-transfers-airport-shuttle.png\" class=\"attachment-post-thumbnail size-post-thumbnail wp-post-image\" alt=\"\" srcset=\"https:\/\/bodrumluxuryservices.com\/wp-content\/uploads\/2025\/06\/mercedes-sprinter-16-seater-bodrum-transfers-airport-shuttle.png 800w, https:\/\/bodrumluxuryservices.com\/wp-content\/uploads\/2025\/06\/mercedes-sprinter-16-seater-bodrum-transfers-airport-shuttle-300x200.png 300w, https:\/\/bodrumluxuryservices.com\/wp-content\/uploads\/2025\/06\/mercedes-sprinter-16-seater-bodrum-transfers-airport-shuttle-768x512.png 768w, https:\/\/bodrumluxuryservices.com\/wp-content\/uploads\/2025\/06\/mercedes-sprinter-16-seater-bodrum-transfers-airport-shuttle-18x12.png 18w, https:\/\/bodrumluxuryservices.com\/wp-content\/uploads\/2025\/06\/mercedes-sprinter-16-seater-bodrum-transfers-airport-shuttle-460x306.png 460w\" sizes=\"auto, (max-width: 800px) 100vw, 800px\" \/>\n\t\t\t\t\t\t\t\t<span><\/span>\n\t\t\t\t\t\t\t\t\t\t\n\t\t\t\t\t\t\t<\/a>\n\t\t\t\t\t\t\t\t\t\t\t\n\t\t\t\t\t\t<\/div>\n\t\t\t\t\t\n\t\t\t\t\t\t<div class=\"theme-vehicle-list-item-meta\">\n\t\t\t\t\t\t\t<span class=\"theme-icon-meta-user\"><\/span>\n\t\t\t\t\t\t\t<span class=\"theme-circle\">16<\/span>\n\t\t\t\t\t\t\t<span class=\"theme-icon-meta-suitcase\"><\/span>\n\t\t\t\t\t\t\t<span class=\"theme-circle\">16<\/span>\n\t\t\t\t\t\t<\/div>\n\t\t\t\t\t\n\t\t\t\t\t\t<\/div>\n\t\t\t\t\t<\/div><\/div><\/div>\n\t\t\t\t\n\t\t\t\t\t<div class=\"wpb_column vc_column_container vc_col-sm-4\"><div class=\"vc_column-inner\"><div class=\"wpb_wrapper\">\n\t\t\t\t\t\t<div class=\"theme-vehicle-list-item\">\n\t\t\t\t\n\t\t\t\t\t\t<div class=\"theme-vehicle-list-item-image\">\n\t\t\t\t\t\n\t\t\t\t\t\t\t<a href=\"https:\/\/bodrumluxuryservices.com\/cs\/car\/mercedes-benz-e-class\/\" title=\"View vehicle &quot;Mercedes-Benz E Class&quot;.\">\n\t\t\t\t\t\t\n\t\t\t\t\t\t\t\t<span>\n\t\t\t\t\t\t\t\t\t<span class=\"theme-vehicle-list-item-category\">Limuz\u00edna<\/span><span class=\"theme-vehicle-list-item-category\">Luxus<\/span>\n\t\t\t\t\t\t\t\t\t<span class=\"theme-vehicle-list-item-title\">Mercedes-Benz t\u0159\u00eddy E<\/span>\n\t\t\t\t\t\t\t\t<\/span>\n\t\t\t\t\t\t\t\t<img loading=\"lazy\" decoding=\"async\" width=\"800\" height=\"533\" src=\"https:\/\/bodrumluxuryservices.com\/wp-content\/uploads\/2017\/11\/mercedes-e-class-limousine-bodrum-transfers-airport-shuttle.png\" class=\"attachment-post-thumbnail size-post-thumbnail wp-post-image\" alt=\"\" srcset=\"https:\/\/bodrumluxuryservices.com\/wp-content\/uploads\/2017\/11\/mercedes-e-class-limousine-bodrum-transfers-airport-shuttle.png 800w, https:\/\/bodrumluxuryservices.com\/wp-content\/uploads\/2017\/11\/mercedes-e-class-limousine-bodrum-transfers-airport-shuttle-300x200.png 300w, https:\/\/bodrumluxuryservices.com\/wp-content\/uploads\/2017\/11\/mercedes-e-class-limousine-bodrum-transfers-airport-shuttle-768x512.png 768w, https:\/\/bodrumluxuryservices.com\/wp-content\/uploads\/2017\/11\/mercedes-e-class-limousine-bodrum-transfers-airport-shuttle-18x12.png 18w, https:\/\/bodrumluxuryservices.com\/wp-content\/uploads\/2017\/11\/mercedes-e-class-limousine-bodrum-transfers-airport-shuttle-460x306.png 460w\" sizes=\"auto, (max-width: 800px) 100vw, 800px\" \/>\n\t\t\t\t\t\t\t\t<span><\/span>\n\t\t\t\t\t\t\t\t\t\t\n\t\t\t\t\t\t\t<\/a>\n\t\t\t\t\t\t\t\t\t\t\t\n\t\t\t\t\t\t<\/div>\n\t\t\t\t\t\n\t\t\t\t\t\t<div class=\"theme-vehicle-list-item-meta\">\n\t\t\t\t\t\t\t<span class=\"theme-icon-meta-user\"><\/span>\n\t\t\t\t\t\t\t<span class=\"theme-circle\">2<\/span>\n\t\t\t\t\t\t\t<span class=\"theme-icon-meta-suitcase\"><\/span>\n\t\t\t\t\t\t\t<span class=\"theme-circle\">2<\/span>\n\t\t\t\t\t\t<\/div>\n\t\t\t\t\t\n\t\t\t\t\t\t<\/div>\n\t\t\t\t\t<\/div><\/div><\/div>\n\t\t\t\t\n\t\t\t\t\t<div class=\"wpb_column vc_column_container vc_col-sm-4\"><div class=\"vc_column-inner\"><div class=\"wpb_wrapper\">\n\t\t\t\t\t\t<div class=\"theme-vehicle-list-item\">\n\t\t\t\t\n\t\t\t\t\t\t<div class=\"theme-vehicle-list-item-image\">\n\t\t\t\t\t\n\t\t\t\t\t\t\t<a href=\"https:\/\/bodrumluxuryservices.com\/cs\/car\/mercedes-benz-s-class\/\" title=\"View vehicle &quot;Mercedes-Benz S Class&quot;.\">\n\t\t\t\t\t\t\n\t\t\t\t\t\t\t\t<span>\n\t\t\t\t\t\t\t\t\t<span class=\"theme-vehicle-list-item-category\">Limuz\u00edna<\/span><span class=\"theme-vehicle-list-item-category\">Luxus<\/span><span class=\"theme-vehicle-list-item-category\">Stretch Limousine<\/span>\n\t\t\t\t\t\t\t\t\t<span class=\"theme-vehicle-list-item-title\">Mercedes-Benz t\u0159\u00eddy S<\/span>\n\t\t\t\t\t\t\t\t<\/span>\n\t\t\t\t\t\t\t\t<img loading=\"lazy\" decoding=\"async\" width=\"800\" height=\"533\" src=\"https:\/\/bodrumluxuryservices.com\/wp-content\/uploads\/2017\/11\/mercedes-S-Class-limousine-bodrum-transfers-airport-shuttle.png\" class=\"attachment-post-thumbnail size-post-thumbnail wp-post-image\" alt=\"\" srcset=\"https:\/\/bodrumluxuryservices.com\/wp-content\/uploads\/2017\/11\/mercedes-S-Class-limousine-bodrum-transfers-airport-shuttle.png 800w, https:\/\/bodrumluxuryservices.com\/wp-content\/uploads\/2017\/11\/mercedes-S-Class-limousine-bodrum-transfers-airport-shuttle-300x200.png 300w, https:\/\/bodrumluxuryservices.com\/wp-content\/uploads\/2017\/11\/mercedes-S-Class-limousine-bodrum-transfers-airport-shuttle-768x512.png 768w, https:\/\/bodrumluxuryservices.com\/wp-content\/uploads\/2017\/11\/mercedes-S-Class-limousine-bodrum-transfers-airport-shuttle-18x12.png 18w, https:\/\/bodrumluxuryservices.com\/wp-content\/uploads\/2017\/11\/mercedes-S-Class-limousine-bodrum-transfers-airport-shuttle-460x306.png 460w\" sizes=\"auto, (max-width: 800px) 100vw, 800px\" \/>\n\t\t\t\t\t\t\t\t<span><\/span>\n\t\t\t\t\t\t\t\t\t\t\n\t\t\t\t\t\t\t<\/a>\n\t\t\t\t\t\t\t\t\t\t\t\n\t\t\t\t\t\t<\/div>\n\t\t\t\t\t\n\t\t\t\t\t\t<div class=\"theme-vehicle-list-item-meta\">\n\t\t\t\t\t\t\t<span class=\"theme-icon-meta-user\"><\/span>\n\t\t\t\t\t\t\t<span class=\"theme-circle\">2<\/span>\n\t\t\t\t\t\t\t<span class=\"theme-icon-meta-suitcase\"><\/span>\n\t\t\t\t\t\t\t<span class=\"theme-circle\">2<\/span>\n\t\t\t\t\t\t<\/div>\n\t\t\t\t\t\n\t\t\t\t\t\t<\/div>\n\t\t\t\t\t<\/div><\/div><\/div>\n\t\t\t\t<\/div>\t\t\t\t<\/div>\n\t\t\t<\/div>\n\t\t<\/div><\/div><\/div><\/div><\/div>\n<\/div>","protected":false},"excerpt":{"rendered":"Corporate Travel \u2013 Professional Transport Solutions for Your Business Organizing smooth, punctual, and stylish transportation for your corporate events and business meetings is crucial to making the right impression. Our Corporate Travel services in Bodrum and beyond are designed with executive comfort, privacy, and reliability in mind. From airport pickups to daily conference transfers or [...]","protected":false},"author":1,"featured_media":0,"parent":0,"menu_order":0,"comment_status":"closed","ping_status":"closed","template":"","meta":{"footnotes":""},"class_list":["post-11027","page","type-page","status-publish","hentry"],"_links":{"self":[{"href":"https:\/\/bodrumluxuryservices.com\/cs\/wp-json\/wp\/v2\/pages\/11027","targetHints":{"allow":["GET"]}}],"collection":[{"href":"https:\/\/bodrumluxuryservices.com\/cs\/wp-json\/wp\/v2\/pages"}],"about":[{"href":"https:\/\/bodrumluxuryservices.com\/cs\/wp-json\/wp\/v2\/types\/page"}],"author":[{"embeddable":true,"href":"https:\/\/bodrumluxuryservices.com\/cs\/wp-json\/wp\/v2\/users\/1"}],"replies":[{"embeddable":true,"href":"https:\/\/bodrumluxuryservices.com\/cs\/wp-json\/wp\/v2\/comments?post=11027"}],"version-history":[{"count":5,"href":"https:\/\/bodrumluxuryservices.com\/cs\/wp-json\/wp\/v2\/pages\/11027\/revisions"}],"predecessor-version":[{"id":24112,"href":"https:\/\/bodrumluxuryservices.com\/cs\/wp-json\/wp\/v2\/pages\/11027\/revisions\/24112"}],"wp:attachment":[{"href":"https:\/\/bodrumluxuryservices.com\/cs\/wp-json\/wp\/v2\/media?parent=11027"}],"curies":[{"name":"wp","href":"https:\/\/api.w.org\/{rel}","templated":true}]}}