{"id":11025,"date":"2025-06-05T09:19:06","date_gmt":"2025-06-05T06:19:06","guid":{"rendered":"http:\/\/quanticalabs.com\/wp_themes4\/autoride\/?page_id=11025"},"modified":"2025-08-15T16:43:23","modified_gmt":"2025-08-15T13:43:23","slug":"transfery-z-letiste-v-bodrumu","status":"publish","type":"page","link":"https:\/\/bodrumluxuryservices.com\/cs\/bodrum-airport-transfers\/","title":{"rendered":"Transfery z\/na leti\u0161t\u011b Bodrum"},"content":{"rendered":"<div class=\"wpb-content-wrapper\"><div class=\"vc_row wpb_row vc_row-fluid\"><div class=\"wpb_column vc_column_container vc_col-sm-4\"><div class=\"vc_column-inner\"><div class=\"wpb_wrapper\">\n\t<div  class=\"wpb_single_image wpb_content_element vc_align_left wpb_content_element\">\n\t\t\n\t\t<figure class=\"wpb_wrapper vc_figure\">\n\t\t\t<div class=\"vc_single_image-wrapper   vc_box_border_grey\"><img loading=\"lazy\" decoding=\"async\" width=\"275\" height=\"275\" src=\"https:\/\/bodrumluxuryservices.com\/wp-content\/uploads\/2025\/06\/passenger-reception-bodrum-airport-transfers-shuttle.jpg\" class=\"vc_single_image-img attachment-full\" alt=\"\" title=\"recepce-pro-cestuj\u00edc\u00ed-transfery-z-leti\u0161t\u011b-v-bodrumu-kyvadlov\u00e1-kyvadlov\u00e1-autobusov\u00e1-p\u0159eprava\" srcset=\"https:\/\/bodrumluxuryservices.com\/wp-content\/uploads\/2025\/06\/passenger-reception-bodrum-airport-transfers-shuttle.jpg 275w, https:\/\/bodrumluxuryservices.com\/wp-content\/uploads\/2025\/06\/passenger-reception-bodrum-airport-transfers-shuttle-150x150.jpg 150w, https:\/\/bodrumluxuryservices.com\/wp-content\/uploads\/2025\/06\/passenger-reception-bodrum-airport-transfers-shuttle-12x12.jpg 12w\" sizes=\"auto, (max-width: 275px) 100vw, 275px\" \/><\/div>\n\t\t<\/figure>\n\t<\/div>\n<\/div><\/div><\/div><div class=\"wpb_column vc_column_container vc_col-sm-8\"><div class=\"vc_column-inner\"><div class=\"wpb_wrapper\">\r\n            <p class=\"theme-component-paragraph-large theme-component-paragraph-large-style-2 alignleft theme-padding-top-0 theme-padding-bottom-0\">\r\n                Transfery z leti\u0161t\u011b v Bodrumu (transfery BJV do ADB \u2013 DLM \u2013 AYT a dal\u0161\u00ed)\r\n            <\/p>\r\n        \n\t<div class=\"wpb_text_column wpb_content_element theme-padding-top-30\" >\n\t\t<div class=\"wpb_wrapper\">\n\t\t\t<p>Hled\u00e1te spolehliv\u00fd a luxusn\u00ed transfer z\/na leti\u0161t\u011b Bodrum? Nab\u00edz\u00edme pr\u00e9miov\u00e9 p\u0159epravn\u00ed slu\u017eby z leti\u0161t\u011b Milas-Bodrum (BJV) do obl\u00edben\u00fdch destinac\u00ed, jako je leti\u0161t\u011b Izmir (ADB), leti\u0161t\u011b Dalaman (DLM), leti\u0161t\u011b Antalya (AYT), a do \u0161pi\u010dkov\u00fdch letovisek, jako je centrum Bodrumu, Yal\u0131kavak a G\u00fcll\u00fck.<\/p>\n\n\t\t<\/div>\n\t<\/div>\n<\/div><\/div><\/div><\/div><div class=\"vc_row wpb_row vc_row-fluid\"><div class=\"wpb_column vc_column_container vc_col-sm-12\"><div class=\"vc_column-inner\"><div class=\"wpb_wrapper\">\n\t<div class=\"wpb_text_column wpb_content_element theme-padding-top-30\" >\n\t\t<div class=\"wpb_wrapper\">\n\t\t\t<h4>\u2708\ufe0f Transfery z leti\u0161t\u011b Bodrum (transfery BJV do ADB \u2013 DLM \u2013 AYT a dal\u0161\u00ed) Cen\u00edk 2025<\/h4>\n<p>S na\u0161imi <strong>Transfery z\/na leti\u0161t\u011b Bodrum<\/strong> Pohodln\u00e1 a cenov\u011b dostupn\u00e1 doprava nebyla nikdy snaz\u0161\u00ed. K dispozici je na\u0161e standardn\u00ed Vito (a\u017e 6 cestuj\u00edc\u00edch) <strong>ji\u017e od 35 \u20ac<\/strong>a pro m\u00edstn\u00ed v\u00fdlety m\u016f\u017eete vyu\u017e\u00edt <strong>hodinov\u00e9 pron\u00e1jmy ji\u017e od 12 \u20ac<\/strong>.<\/p>\n<p>Mezi obl\u00edben\u00e9 trasy pat\u0159\u00ed:<\/p>\n<ul>\n<li><strong>BJV na leti\u0161t\u011b \u0130zmir Adnan Menderes Airport (ADB)<\/strong><\/li>\n<li><strong>BJV na leti\u0161t\u011b Dalaman (DLM)<\/strong><\/li>\n<li><strong>BJV na leti\u0161t\u011b Antalya (AYT)<\/strong><\/li>\n<li><strong>BJV do G\u00fcll\u00fcku<\/strong><\/li>\n<li><strong>BJV do Torby<\/strong><\/li>\n<li><strong>BJV do centra Bodrumu<\/strong><\/li>\n<li><strong>BJV do Yal\u0131kavaku<\/strong><\/li>\n<\/ul>\n<p>N\u00e1klady na p\u0159evod si m\u016f\u017eete snadno vypo\u010d\u00edtat pomoc\u00ed na\u0161eho <a href=\"\/cs\/rezervace\/\"><strong>online rezerva\u010dn\u00ed syst\u00e9m<\/strong><\/a>Nebo n\u00e1s kontaktujte p\u0159es WhatsApp. <strong>personalizovan\u00e1 cenov\u00e1 nab\u00eddka<\/strong> p\u0159izp\u016fsoben\u00e9 va\u0161im cestovn\u00edm pot\u0159eb\u00e1m.<\/p>\n<p>Pro m\u00edstn\u00ed i mezim\u011bstsk\u00e9 transfery z\/na leti\u0161t\u011b v Bodrumu nab\u00edz\u00edme profesion\u00e1ln\u00ed \u0159idi\u010de a pohodln\u00e1 vozidla, aby va\u0161e cesta byla hladk\u00e1 a p\u0159\u00edjemn\u00e1. Za\u010dn\u011bte sv\u016fj v\u00fdlet v pohodl\u00ed a nechte n\u00e1s postarat se o va\u0161i dopravu.<\/p>\n\n\t\t<\/div>\n\t<\/div>\n<\/div><\/div><\/div><\/div><div class=\"vc_row wpb_row vc_row-fluid theme-margin-top-20\"><div class=\"wpb_column vc_column_container vc_col-sm-8\"><div class=\"vc_column-inner\"><div class=\"wpb_wrapper\">\r\n            <p class=\"theme-component-paragraph-large theme-component-paragraph-large-style-2 alignleft theme-padding-top-0 theme-padding-bottom-0\">\r\n                Na\u0161i zku\u0161en\u00ed \u0159idi\u010di v\u00e1s provedou ka\u017ed\u00fdm m\u011bstem, ve kter\u00e9m se nach\u00e1z\u00edte.\r\n            <\/p>\r\n        \n\t<div class=\"wpb_text_column wpb_content_element theme-padding-top-30\" >\n\t\t<div class=\"wpb_wrapper\">\n\t\t\t<p>A\u0165 u\u017e pot\u0159ebujete VIP kyvadlovou dopravu na leti\u0161t\u011b, soukrom\u00fd transfer s \u0159idi\u010dem nebo skupinov\u00e9 vozidlo, s na\u0161\u00ed modern\u00ed flotilou vozidel v\u00e1m zajist\u00edme hladkou, stylovou a v\u010dasnou cestu.<\/p>\n\n\t\t<\/div>\n\t<\/div>\n<\/div><\/div><\/div><div class=\"wpb_column vc_column_container vc_col-sm-4\"><div class=\"vc_column-inner\"><div class=\"wpb_wrapper\">\n\t<div  class=\"wpb_single_image wpb_content_element vc_align_right wpb_content_element\">\n\t\t\n\t\t<figure class=\"wpb_wrapper vc_figure\">\n\t\t\t<div class=\"vc_single_image-wrapper   vc_box_border_grey\"><img loading=\"lazy\" decoding=\"async\" width=\"275\" height=\"275\" src=\"https:\/\/bodrumluxuryservices.com\/wp-content\/uploads\/2025\/06\/passenger-reception-bodrum-airport-transfers-luggages.jpg\" class=\"vc_single_image-img attachment-full\" alt=\"\" title=\"recepce-cestuj\u00edc\u00edch-z-leti\u0161t\u011b-bodrum-transfery-zavazadla\" srcset=\"https:\/\/bodrumluxuryservices.com\/wp-content\/uploads\/2025\/06\/passenger-reception-bodrum-airport-transfers-luggages.jpg 275w, https:\/\/bodrumluxuryservices.com\/wp-content\/uploads\/2025\/06\/passenger-reception-bodrum-airport-transfers-luggages-150x150.jpg 150w, https:\/\/bodrumluxuryservices.com\/wp-content\/uploads\/2025\/06\/passenger-reception-bodrum-airport-transfers-luggages-12x12.jpg 12w\" sizes=\"auto, (max-width: 275px) 100vw, 275px\" \/><\/div>\n\t\t<\/figure>\n\t<\/div>\n<\/div><\/div><\/div><\/div><div class=\"vc_row wpb_row vc_row-fluid theme-column-style-6 theme-padding-bottom-0\"><div class=\"theme-margin-bottom-20 wpb_column vc_column_container vc_col-sm-6\"><div class=\"vc_column-inner\"><div class=\"wpb_wrapper\"><div class=\"theme-component-list theme-component-list-style-2\">\n<ul>\n<li>Profesion\u00e1ln\u011b vy\u0161kolen\u00ed \u0159idi\u010di<\/li>\n<li>Kompletn\u00ed p\u0159epravn\u00ed slu\u017eby 24\/7<\/li>\n<li>Luxusn\u00ed vozidla, v\u00fdjime\u010dn\u00fd komfort<\/li>\n<\/ul>\n<\/div><\/div><\/div><\/div><div class=\"theme-margin-bottom-20 wpb_column vc_column_container vc_col-sm-6\"><div class=\"vc_column-inner\"><div class=\"wpb_wrapper\"><div class=\"theme-component-list theme-component-list-style-2\">\n<ul>\n<li>V\u017edy v\u010das \u2013 zaru\u010deno<\/li>\n<li>Bezprobl\u00e9mov\u00e9 leti\u0161tn\u00ed transfery p\u0159es Egejsk\u00e9 mo\u0159e<\/li>\n<li>Soukrom\u00e9 j\u00edzdy, pr\u00e9miov\u00fd z\u00e1\u017eitek<\/li>\n<\/ul>\n<\/div><\/div><\/div><\/div><\/div><div class=\"vc_row wpb_row vc_row-fluid\"><div class=\"theme-margin-bottom-0 wpb_column vc_column_container vc_col-sm-12\"><div class=\"vc_column-inner\"><div class=\"wpb_wrapper\"><h3 style=\"text-align: center\" class=\"vc_custom_heading vc_do_custom_heading theme-margin-top-60 theme-margin-bottom-50\" >V\u00fdhody pron\u00e1jmu luxusn\u00edch transfer\u016f v Bodrumu<\/h3><\/div><\/div><\/div><\/div><div class=\"vc_row wpb_row vc_row-fluid\"><div class=\"theme-margin-bottom-0 wpb_column vc_column_container vc_col-sm-12\"><div class=\"vc_column-inner\"><div class=\"wpb_wrapper\">\n            <div class=\"theme-component-feature theme-component-feature-style-1\">\n                <div class=\"vc_row wpb_row vc_inner vc_row-fluid\"><div class=\"wpb_column vc_column_container vc_col-sm-4\"><div class=\"vc_column-inner\"><div class=\"wpb_wrapper\">\r\n            <div class=\"theme-component-feature-item\">\r\n                <span class=\"theme-icon-feature-check theme-component-feature-item-icon\"><span><\/span><\/span>\r\n                <h4 class=\"theme-component-feature-item-header\">Bezpe\u010dnost p\u0159edev\u0161\u00edm<\/h4><p>Na\u0161e vozidla a \u0159idi\u010di spl\u0148uj\u00ed nejvy\u0161\u0161\u00ed bezpe\u010dnostn\u00ed standardy.<\/p>\n\r\n            <\/div>\r\n        <\/div><\/div><\/div><div class=\"wpb_column vc_column_container vc_col-sm-4\"><div class=\"vc_column-inner\"><div class=\"wpb_wrapper\">\r\n            <div class=\"theme-component-feature-item\">\r\n                <span class=\"theme-icon-feature-wallet theme-component-feature-item-icon\"><span><\/span><\/span>\r\n                <h4 class=\"theme-component-feature-item-header\">Rozumn\u00e9 ceny<\/h4><p>M\u016f\u017eeme v\u00e1m nab\u00eddnout spr\u00e1vn\u00e9 vozidlo za spr\u00e1vnou cenu, kter\u00e1 se vejde do va\u0161eho rozpo\u010dtu.<\/p>\n\r\n            <\/div>\r\n        <\/div><\/div><\/div><div class=\"wpb_column vc_column_container vc_col-sm-4\"><div class=\"vc_column-inner\"><div class=\"wpb_wrapper\">\r\n            <div class=\"theme-component-feature-item\">\r\n                <span class=\"theme-icon-feature-timetable theme-component-feature-item-icon\"><span><\/span><\/span>\r\n                <h4 class=\"theme-component-feature-item-header\">Dochvilnost<\/h4><p>Garantujeme v\u010dasn\u00e9 vyzvednut\u00ed a bezstresov\u00e9 p\u0159\u00edlety na leti\u0161t\u011b.<\/p>\n\r\n            <\/div>\r\n        <\/div><\/div><\/div><\/div>\n            <\/div>\n        <\/div><\/div><\/div><\/div><div class=\"vc_row wpb_row vc_row-fluid theme-margin-top-20\"><div class=\"theme-margin-bottom-0 wpb_column vc_column_container vc_col-sm-12\"><div class=\"vc_column-inner\"><div class=\"wpb_wrapper\">\n            <div class=\"theme-component-feature theme-component-feature-style-1\">\n                <div class=\"vc_row wpb_row vc_inner vc_row-fluid\"><div class=\"wpb_column vc_column_container vc_col-sm-4\"><div class=\"vc_column-inner\"><div class=\"wpb_wrapper\">\r\n            <div class=\"theme-component-feature-item\">\r\n                <span class=\"theme-icon-feature-vip theme-component-feature-item-icon\"><span><\/span><\/span>\r\n                <h4 class=\"theme-component-feature-item-header\">Luxusn\u00ed pohodl\u00ed<\/h4><p>Vyzkou\u0161ejte luxusn\u00ed vozidla p\u0159izp\u016fsoben\u00e1 pro pr\u00e9miov\u00e9 slu\u017eby.<\/p>\n\r\n            <\/div>\r\n        <\/div><\/div><\/div><div class=\"wpb_column vc_column_container vc_col-sm-4\"><div class=\"vc_column-inner\"><div class=\"wpb_wrapper\">\r\n            <div class=\"theme-component-feature-item\">\r\n                <span class=\"theme-icon-feature-price theme-component-feature-item-icon\"><span><\/span><\/span>\r\n                <h4 class=\"theme-component-feature-item-header\">Cenov\u00e1 dostupnost<\/h4><p>Nab\u00edz\u00edme konkurenceschopn\u00e9 ceny bez skryt\u00fdch poplatk\u016f.<\/p>\n\r\n            <\/div>\r\n        <\/div><\/div><\/div><div class=\"wpb_column vc_column_container vc_col-sm-4\"><div class=\"vc_column-inner\"><div class=\"wpb_wrapper\">\r\n            <div class=\"theme-component-feature-item\">\r\n                <span class=\"theme-icon-feature-help theme-component-feature-item-icon\"><span><\/span><\/span>\r\n                <h4 class=\"theme-component-feature-item-header\">Spolehlivost<\/h4><p>Nab\u00edz\u00edme konkurenceschopn\u00e9 ceny bez skryt\u00fdch poplatk\u016f.<\/p>\n\r\n            <\/div>\r\n        <\/div><\/div><\/div><\/div>\n            <\/div>\n        <\/div><\/div><\/div><\/div>\n<\/div>","protected":false},"excerpt":{"rendered":"Bodrum Airport Transfers (BJV Transfers to ADB \u2013 DLM \u2013 AYT &amp; More) Looking for reliable and luxurious Bodrum Airport Transfers? We offer premium transportation services from Milas-Bodrum Airport (BJV) to popular destinations such as Izmir Airport (ADB), Dalaman Airport (DLM), Antalya Airport (AYT), and top resorts like Bodrum Center, Yal\u0131kavak, and G\u00fcll\u00fck. \u2708\ufe0f Bodrum [...]","protected":false},"author":1,"featured_media":0,"parent":0,"menu_order":0,"comment_status":"closed","ping_status":"closed","template":"","meta":{"footnotes":""},"class_list":["post-11025","page","type-page","status-publish","hentry"],"_links":{"self":[{"href":"https:\/\/bodrumluxuryservices.com\/cs\/wp-json\/wp\/v2\/pages\/11025","targetHints":{"allow":["GET"]}}],"collection":[{"href":"https:\/\/bodrumluxuryservices.com\/cs\/wp-json\/wp\/v2\/pages"}],"about":[{"href":"https:\/\/bodrumluxuryservices.com\/cs\/wp-json\/wp\/v2\/types\/page"}],"author":[{"embeddable":true,"href":"https:\/\/bodrumluxuryservices.com\/cs\/wp-json\/wp\/v2\/users\/1"}],"replies":[{"embeddable":true,"href":"https:\/\/bodrumluxuryservices.com\/cs\/wp-json\/wp\/v2\/comments?post=11025"}],"version-history":[{"count":27,"href":"https:\/\/bodrumluxuryservices.com\/cs\/wp-json\/wp\/v2\/pages\/11025\/revisions"}],"predecessor-version":[{"id":24563,"href":"https:\/\/bodrumluxuryservices.com\/cs\/wp-json\/wp\/v2\/pages\/11025\/revisions\/24563"}],"wp:attachment":[{"href":"https:\/\/bodrumluxuryservices.com\/cs\/wp-json\/wp\/v2\/media?parent=11025"}],"curies":[{"name":"wp","href":"https:\/\/api.w.org\/{rel}","templated":true}]}}