{"id":11025,"date":"2025-06-05T09:19:06","date_gmt":"2025-06-05T06:19:06","guid":{"rendered":"http:\/\/quanticalabs.com\/wp_themes4\/autoride\/?page_id=11025"},"modified":"2025-08-15T16:43:23","modified_gmt":"2025-08-15T13:43:23","slug":"%d1%82%d1%80%d0%b0%d0%bd%d1%81%d1%84%d0%b5%d1%80%d0%b8-%d0%be%d1%82-%d0%bb%d0%b5%d1%82%d0%b8%d1%89%d0%b5-%d0%b1%d0%be%d0%b4%d1%80%d1%83%d0%bc","status":"publish","type":"page","link":"https:\/\/bodrumluxuryservices.com\/bg\/bodrum-airport-transfers\/","title":{"rendered":"\u0422\u0440\u0430\u043d\u0441\u0444\u0435\u0440\u0438 \u043e\u0442\/\u0434\u043e \u043b\u0435\u0442\u0438\u0449\u0435 \u0411\u043e\u0434\u0440\u0443\u043c"},"content":{"rendered":"<div class=\"wpb-content-wrapper\"><div class=\"vc_row wpb_row vc_row-fluid\"><div class=\"wpb_column vc_column_container vc_col-sm-4\"><div class=\"vc_column-inner\"><div class=\"wpb_wrapper\">\n\t<div  class=\"wpb_single_image wpb_content_element vc_align_left wpb_content_element\">\n\t\t\n\t\t<figure class=\"wpb_wrapper vc_figure\">\n\t\t\t<div class=\"vc_single_image-wrapper   vc_box_border_grey\"><img loading=\"lazy\" decoding=\"async\" width=\"275\" height=\"275\" src=\"https:\/\/bodrumluxuryservices.com\/wp-content\/uploads\/2025\/06\/passenger-reception-bodrum-airport-transfers-shuttle.jpg\" class=\"vc_single_image-img attachment-full\" alt=\"\" title=\"\u0442\u0440\u0430\u043d\u0441\u0444\u0435\u0440-\u043e\u0442-\u043b\u0435\u0442\u0438\u0449\u0435-\u0431\u043e\u0434\u0440\u0443\u043c-\u043f\u044a\u0442\u043d\u0438\u0447\u0435\u0441\u043a\u0438-\u0442\u0440\u0430\u043d\u0441\u0444\u0435\u0440\" srcset=\"https:\/\/bodrumluxuryservices.com\/wp-content\/uploads\/2025\/06\/passenger-reception-bodrum-airport-transfers-shuttle.jpg 275w, https:\/\/bodrumluxuryservices.com\/wp-content\/uploads\/2025\/06\/passenger-reception-bodrum-airport-transfers-shuttle-150x150.jpg 150w, https:\/\/bodrumluxuryservices.com\/wp-content\/uploads\/2025\/06\/passenger-reception-bodrum-airport-transfers-shuttle-12x12.jpg 12w\" sizes=\"auto, (max-width: 275px) 100vw, 275px\" \/><\/div>\n\t\t<\/figure>\n\t<\/div>\n<\/div><\/div><\/div><div class=\"wpb_column vc_column_container vc_col-sm-8\"><div class=\"vc_column-inner\"><div class=\"wpb_wrapper\">\r\n            <p class=\"theme-component-paragraph-large theme-component-paragraph-large-style-2 alignleft theme-padding-top-0 theme-padding-bottom-0\">\r\n                \u0422\u0440\u0430\u043d\u0441\u0444\u0435\u0440\u0438 \u043e\u0442 \u043b\u0435\u0442\u0438\u0449\u0435 \u0411\u043e\u0434\u0440\u0443\u043c (BJV \u0442\u0440\u0430\u043d\u0441\u0444\u0435\u0440\u0438 \u0434\u043e ADB \u2013 DLM \u2013 AYT \u0438 \u0434\u0440\u0443\u0433\u0438)\r\n            <\/p>\r\n        \n\t<div class=\"wpb_text_column wpb_content_element theme-padding-top-30\" >\n\t\t<div class=\"wpb_wrapper\">\n\t\t\t<p>\u0422\u044a\u0440\u0441\u0438\u0442\u0435 \u043d\u0430\u0434\u0435\u0436\u0434\u043d\u0438 \u0438 \u043b\u0443\u043a\u0441\u043e\u0437\u043d\u0438 \u0442\u0440\u0430\u043d\u0441\u0444\u0435\u0440\u0438 \u043e\u0442 \u043b\u0435\u0442\u0438\u0449\u0435 \u0411\u043e\u0434\u0440\u0443\u043c? \u041d\u0438\u0435 \u043f\u0440\u0435\u0434\u043b\u0430\u0433\u0430\u043c\u0435 \u043f\u044a\u0440\u0432\u043e\u043a\u043b\u0430\u0441\u043d\u0438 \u0442\u0440\u0430\u043d\u0441\u043f\u043e\u0440\u0442\u043d\u0438 \u0443\u0441\u043b\u0443\u0433\u0438 \u043e\u0442 \u043b\u0435\u0442\u0438\u0449\u0435 \u041c\u0438\u043b\u0430\u0441-\u0411\u043e\u0434\u0440\u0443\u043c (BJV) \u0434\u043e \u043f\u043e\u043f\u0443\u043b\u044f\u0440\u043d\u0438 \u0434\u0435\u0441\u0442\u0438\u043d\u0430\u0446\u0438\u0438 \u043a\u0430\u0442\u043e \u043b\u0435\u0442\u0438\u0449\u0435 \u0418\u0437\u043c\u0438\u0440 (ADB), \u043b\u0435\u0442\u0438\u0449\u0435 \u0414\u0430\u043b\u0430\u043c\u0430\u043d (DLM), \u043b\u0435\u0442\u0438\u0449\u0435 \u0410\u043d\u0442\u0430\u043b\u0438\u044f (AYT) \u0438 \u0442\u043e\u043f \u043a\u0443\u0440\u043e\u0440\u0442\u0438 \u043a\u0430\u0442\u043e \u0446\u0435\u043d\u0442\u044a\u0440\u0430 \u043d\u0430 \u0411\u043e\u0434\u0440\u0443\u043c, \u042f\u043b\u044a\u043a\u0430\u0432\u0430\u043a \u0438 \u0413\u044e\u043b\u044e\u043a.<\/p>\n\n\t\t<\/div>\n\t<\/div>\n<\/div><\/div><\/div><\/div><div class=\"vc_row wpb_row vc_row-fluid\"><div class=\"wpb_column vc_column_container vc_col-sm-12\"><div class=\"vc_column-inner\"><div class=\"wpb_wrapper\">\n\t<div class=\"wpb_text_column wpb_content_element theme-padding-top-30\" >\n\t\t<div class=\"wpb_wrapper\">\n\t\t\t<h4>\u2708\ufe0f \u0422\u0440\u0430\u043d\u0441\u0444\u0435\u0440\u0438 \u043e\u0442 \u043b\u0435\u0442\u0438\u0449\u0435 \u0411\u043e\u0434\u0440\u0443\u043c (BJV \u0442\u0440\u0430\u043d\u0441\u0444\u0435\u0440\u0438 \u0434\u043e ADB \u2013 DLM \u2013 AYT \u0438 \u0434\u0440\u0443\u0433\u0438) \u0426\u0435\u043d\u043e\u0432\u0438 \u043b\u0438\u0441\u0442\u0438 2025<\/h4>\n<p>\u0421 \u043d\u0430\u0448\u0438\u0442\u0435 <strong>\u0422\u0440\u0430\u043d\u0441\u0444\u0435\u0440\u0438 \u043e\u0442\/\u0434\u043e \u043b\u0435\u0442\u0438\u0449\u0435 \u0411\u043e\u0434\u0440\u0443\u043c<\/strong> \u043e\u0431\u0441\u043b\u0443\u0436\u0432\u0430\u043d\u0435, \u043d\u0430\u0441\u043b\u0430\u0436\u0434\u0430\u0432\u0430\u0439\u043a\u0438 \u0441\u0435 \u043d\u0430 \u043a\u043e\u043c\u0444\u043e\u0440\u0442\u0435\u043d \u0438 \u0431\u044e\u0434\u0436\u0435\u0442\u0435\u043d \u0442\u0440\u0430\u043d\u0441\u043f\u043e\u0440\u0442 \u043d\u0438\u043a\u043e\u0433\u0430 \u043d\u0435 \u0435 \u0431\u0438\u043b\u043e \u043f\u043e-\u043b\u0435\u0441\u043d\u043e. \u041d\u0430\u0448\u0438\u044f\u0442 \u0441\u0442\u0430\u043d\u0434\u0430\u0440\u0442\u0435\u043d Vito (\u0434\u043e 6 \u043f\u044a\u0442\u043d\u0438\u0446\u0438) \u0435 \u043d\u0430\u043b\u0438\u0447\u0435\u043d <strong>\u043e\u0442 \u0441\u0430\u043c\u043e 35 \u0435\u0432\u0440\u043e<\/strong>, \u0430 \u0437\u0430 \u043c\u0435\u0441\u0442\u043d\u0438 \u043f\u044a\u0442\u0443\u0432\u0430\u043d\u0438\u044f \u043c\u043e\u0436\u0435\u0442\u0435 \u0434\u0430 \u0441\u0435 \u0432\u044a\u0437\u043f\u043e\u043b\u0437\u0432\u0430\u0442\u0435 \u043e\u0442 <strong>\u043f\u043e\u0447\u0430\u0441\u043e\u0432\u0438 \u043d\u0430\u0435\u043c\u0438, \u0437\u0430\u043f\u043e\u0447\u0432\u0430\u0449\u0438 \u043e\u0442 \u0441\u0430\u043c\u043e 12 \u0435\u0432\u0440\u043e<\/strong>.<\/p>\n<p>\u041f\u043e\u043f\u0443\u043b\u044f\u0440\u043d\u0438\u0442\u0435 \u043c\u0430\u0440\u0448\u0440\u0443\u0442\u0438 \u0432\u043a\u043b\u044e\u0447\u0432\u0430\u0442:<\/p>\n<ul>\n<li><strong>BJV \u0434\u043e \u043b\u0435\u0442\u0438\u0449\u0435 \u0418\u0437\u043c\u0438\u0440 \u0410\u0434\u043d\u0430\u043d \u041c\u0435\u043d\u0434\u0435\u0440\u0435\u0441 (ADB)<\/strong><\/li>\n<li><strong>BJV \u0434\u043e \u043b\u0435\u0442\u0438\u0449\u0435 \u0414\u0430\u043b\u0430\u043c\u0430\u043d (DLM)<\/strong><\/li>\n<li><strong>BJV \u0434\u043e \u043b\u0435\u0442\u0438\u0449\u0435 \u0410\u043d\u0442\u0430\u043b\u0438\u044f (AYT)<\/strong><\/li>\n<li><strong>BJV \u0434\u043e \u0413\u044e\u043b\u044e\u043a<\/strong><\/li>\n<li><strong>BJV \u0434\u043e \u0422\u043e\u0440\u0431\u0430<\/strong><\/li>\n<li><strong>BJV \u0434\u043e \u0446\u0435\u043d\u0442\u044a\u0440\u0430 \u043d\u0430 \u0411\u043e\u0434\u0440\u0443\u043c<\/strong><\/li>\n<li><strong>BJV \u0434\u043e \u042f\u043b\u044a\u043a\u0430\u0432\u0430\u043a<\/strong><\/li>\n<\/ul>\n<p>\u041c\u043e\u0436\u0435\u0442\u0435 \u043b\u0435\u0441\u043d\u043e \u0434\u0430 \u0438\u0437\u0447\u0438\u0441\u043b\u0438\u0442\u0435 \u0446\u0435\u043d\u0430\u0442\u0430 \u043d\u0430 \u0442\u0440\u0430\u043d\u0441\u0444\u0435\u0440\u0430 \u0441\u0438, \u0438\u0437\u043f\u043e\u043b\u0437\u0432\u0430\u0439\u043a\u0438 \u043d\u0430\u0448\u0430\u0442\u0430 <a href=\"\/bg\/%d1%80%d0%b5%d0%b7%d0%b5%d1%80%d0%b2%d0%b0%d1%86%d0%b8%d1%8f\/\"><strong>\u043e\u043d\u043b\u0430\u0439\u043d \u0441\u0438\u0441\u0442\u0435\u043c\u0430 \u0437\u0430 \u0440\u0435\u0437\u0435\u0440\u0432\u0430\u0446\u0438\u0438<\/strong><\/a>\u041a\u0430\u0442\u043e \u0430\u043b\u0442\u0435\u0440\u043d\u0430\u0442\u0438\u0432\u0430, \u0441\u0432\u044a\u0440\u0436\u0435\u0442\u0435 \u0441\u0435 \u0441 \u043d\u0430\u0441 \u0447\u0440\u0435\u0437 WhatsApp \u0437\u0430 <strong>\u043f\u0435\u0440\u0441\u043e\u043d\u0430\u043b\u0438\u0437\u0438\u0440\u0430\u043d\u0430 \u043e\u0444\u0435\u0440\u0442\u0430<\/strong> \u0441\u044a\u043e\u0431\u0440\u0430\u0437\u0435\u043d\u0438 \u0441 \u0432\u0430\u0448\u0438\u0442\u0435 \u043d\u0443\u0436\u0434\u0438 \u043f\u0440\u0438 \u043f\u044a\u0442\u0443\u0432\u0430\u043d\u0435.<\/p>\n<p>\u0417\u0430 \u043c\u0435\u0441\u0442\u043d\u0438 \u0438 \u043c\u0435\u0436\u0434\u0443\u0433\u0440\u0430\u0434\u0441\u043a\u0438 \u0442\u0440\u0430\u043d\u0441\u0444\u0435\u0440\u0438 \u043e\u0442\/\u0434\u043e \u043b\u0435\u0442\u0438\u0449\u0435 \u0411\u043e\u0434\u0440\u0443\u043c, \u043d\u0438\u0435 \u043f\u0440\u0435\u0434\u043b\u0430\u0433\u0430\u043c\u0435 \u043f\u0440\u043e\u0444\u0435\u0441\u0438\u043e\u043d\u0430\u043b\u043d\u0438 \u0448\u043e\u0444\u044c\u043e\u0440\u0438 \u0438 \u043a\u043e\u043c\u0444\u043e\u0440\u0442\u043d\u0438 \u043f\u0440\u0435\u0432\u043e\u0437\u043d\u0438 \u0441\u0440\u0435\u0434\u0441\u0442\u0432\u0430, \u0437\u0430 \u0434\u0430 \u043d\u0430\u043f\u0440\u0430\u0432\u0438\u043c \u043f\u044a\u0442\u0443\u0432\u0430\u043d\u0435\u0442\u043e \u0432\u0438 \u0433\u043b\u0430\u0434\u043a\u043e \u0438 \u043f\u0440\u0438\u044f\u0442\u043d\u043e. \u0417\u0430\u043f\u043e\u0447\u043d\u0435\u0442\u0435 \u043f\u044a\u0442\u0443\u0432\u0430\u043d\u0435\u0442\u043e \u0441\u0438 \u043a\u043e\u043c\u0444\u043e\u0440\u0442\u043d\u043e \u0438 \u043d\u0438 \u043f\u043e\u0437\u0432\u043e\u043b\u0435\u0442\u0435 \u0434\u0430 \u0441\u0435 \u043f\u043e\u0433\u0440\u0438\u0436\u0438\u043c \u0437\u0430 \u0432\u0430\u0448\u0438\u044f \u0442\u0440\u0430\u043d\u0441\u043f\u043e\u0440\u0442.<\/p>\n\n\t\t<\/div>\n\t<\/div>\n<\/div><\/div><\/div><\/div><div class=\"vc_row wpb_row vc_row-fluid theme-margin-top-20\"><div class=\"wpb_column vc_column_container vc_col-sm-8\"><div class=\"vc_column-inner\"><div class=\"wpb_wrapper\">\r\n            <p class=\"theme-component-paragraph-large theme-component-paragraph-large-style-2 alignleft theme-padding-top-0 theme-padding-bottom-0\">\r\n                \u041d\u0430\u0448\u0438\u0442\u0435 \u043e\u043f\u0438\u0442\u043d\u0438 \u0448\u043e\u0444\u044c\u043e\u0440\u0438 \u0449\u0435 \u0432\u0438 \u0432\u043e\u0434\u044f\u0442 \u043f\u0440\u0435\u0437 \u0432\u0441\u0435\u043a\u0438 \u0433\u0440\u0430\u0434, \u0432 \u043a\u043e\u0439\u0442\u043e \u0441\u0435 \u043d\u0430\u043c\u0438\u0440\u0430\u0442\u0435.\r\n            <\/p>\r\n        \n\t<div class=\"wpb_text_column wpb_content_element theme-padding-top-30\" >\n\t\t<div class=\"wpb_wrapper\">\n\t\t\t<p>\u041d\u0435\u0437\u0430\u0432\u0438\u0441\u0438\u043c\u043e \u0434\u0430\u043b\u0438 \u0438\u043c\u0430\u0442\u0435 \u043d\u0443\u0436\u0434\u0430 \u043e\u0442 VIP \u043b\u0435\u0442\u0438\u0449\u0435\u043d \u0442\u0440\u0430\u043d\u0441\u0444\u0435\u0440, \u0447\u0430\u0441\u0442\u0435\u043d \u0442\u0440\u0430\u043d\u0441\u0444\u0435\u0440 \u0441 \u0448\u043e\u0444\u044c\u043e\u0440 \u0438\u043b\u0438 \u0433\u0440\u0443\u043f\u043e\u0432 \u0430\u0432\u0442\u043e\u043c\u043e\u0431\u0438\u043b, \u043d\u0438\u0435 \u0433\u0430\u0440\u0430\u043d\u0442\u0438\u0440\u0430\u043c\u0435 \u0433\u043b\u0430\u0434\u043a\u043e, \u0441\u0442\u0438\u043b\u043d\u043e \u0438 \u043d\u0430\u0432\u0440\u0435\u043c\u0435\u043d\u043d\u043e \u043f\u044a\u0442\u0443\u0432\u0430\u043d\u0435 \u0441 \u043d\u0430\u0448\u0438\u044f \u043c\u043e\u0434\u0435\u0440\u0435\u043d \u0430\u0432\u0442\u043e\u043f\u0430\u0440\u043a.<\/p>\n\n\t\t<\/div>\n\t<\/div>\n<\/div><\/div><\/div><div class=\"wpb_column vc_column_container vc_col-sm-4\"><div class=\"vc_column-inner\"><div class=\"wpb_wrapper\">\n\t<div  class=\"wpb_single_image wpb_content_element vc_align_right wpb_content_element\">\n\t\t\n\t\t<figure class=\"wpb_wrapper vc_figure\">\n\t\t\t<div class=\"vc_single_image-wrapper   vc_box_border_grey\"><img loading=\"lazy\" decoding=\"async\" width=\"275\" height=\"275\" src=\"https:\/\/bodrumluxuryservices.com\/wp-content\/uploads\/2025\/06\/passenger-reception-bodrum-airport-transfers-luggages.jpg\" class=\"vc_single_image-img attachment-full\" alt=\"\" title=\"\u0442\u0440\u0430\u043d\u0441\u0444\u0435\u0440\u0438-\u043e\u0442-\u043b\u0435\u0442\u0438\u0449\u0435-\u0411\u043e\u0434\u0440\u0443\u043c-\u0440\u0435\u0446\u0435\u043f\u0446\u0438\u044f-\u043f\u044a\u0442\u043d\u0438\u0446\u0438-\u0431\u0430\u0433\u0430\u0436\" srcset=\"https:\/\/bodrumluxuryservices.com\/wp-content\/uploads\/2025\/06\/passenger-reception-bodrum-airport-transfers-luggages.jpg 275w, https:\/\/bodrumluxuryservices.com\/wp-content\/uploads\/2025\/06\/passenger-reception-bodrum-airport-transfers-luggages-150x150.jpg 150w, https:\/\/bodrumluxuryservices.com\/wp-content\/uploads\/2025\/06\/passenger-reception-bodrum-airport-transfers-luggages-12x12.jpg 12w\" sizes=\"auto, (max-width: 275px) 100vw, 275px\" \/><\/div>\n\t\t<\/figure>\n\t<\/div>\n<\/div><\/div><\/div><\/div><div class=\"vc_row wpb_row vc_row-fluid theme-column-style-6 theme-padding-bottom-0\"><div class=\"theme-margin-bottom-20 wpb_column vc_column_container vc_col-sm-6\"><div class=\"vc_column-inner\"><div class=\"wpb_wrapper\"><div class=\"theme-component-list theme-component-list-style-2\">\n<ul>\n<li>\u041f\u0440\u043e\u0444\u0435\u0441\u0438\u043e\u043d\u0430\u043b\u043d\u043e \u043e\u0431\u0443\u0447\u0435\u043d\u0438 \u0448\u043e\u0444\u044c\u043e\u0440\u0438<\/li>\n<li>24\/7 \u041f\u044a\u043b\u043d\u043e \u043e\u0431\u0441\u043b\u0443\u0436\u0432\u0430\u043d\u0435 \u043d\u0430 \u0442\u0440\u0430\u043d\u0441\u043f\u043e\u0440\u0442\u043d\u0438 \u0443\u0441\u043b\u0443\u0433\u0438<\/li>\n<li>\u041b\u0443\u043a\u0441\u043e\u0437\u043d\u0438 \u0430\u0432\u0442\u043e\u043c\u043e\u0431\u0438\u043b\u0438, \u0438\u0437\u043a\u043b\u044e\u0447\u0438\u0442\u0435\u043b\u0435\u043d \u043a\u043e\u043c\u0444\u043e\u0440\u0442<\/li>\n<\/ul>\n<\/div><\/div><\/div><\/div><div class=\"theme-margin-bottom-20 wpb_column vc_column_container vc_col-sm-6\"><div class=\"vc_column-inner\"><div class=\"wpb_wrapper\"><div class=\"theme-component-list theme-component-list-style-2\">\n<ul>\n<li>\u041d\u0430\u0432\u0440\u0435\u043c\u0435, \u0432\u0441\u0435\u043a\u0438 \u043f\u044a\u0442 \u2013 \u0433\u0430\u0440\u0430\u043d\u0442\u0438\u0440\u0430\u043d\u043e<\/li>\n<li>\u0411\u0435\u0437\u043f\u0440\u043e\u0431\u043b\u0435\u043c\u043d\u0438 \u043b\u0435\u0442\u0438\u0449\u043d\u0438 \u0442\u0440\u0430\u043d\u0441\u0444\u0435\u0440\u0438 \u043f\u0440\u0435\u0437 \u0415\u0433\u0435\u0439\u0441\u043a\u043e \u043c\u043e\u0440\u0435<\/li>\n<li>\u0427\u0430\u0441\u0442\u043d\u0438 \u043f\u044a\u0442\u0443\u0432\u0430\u043d\u0438\u044f, \u043f\u044a\u0440\u0432\u043e\u043a\u043b\u0430\u0441\u043d\u043e \u0438\u0437\u0436\u0438\u0432\u044f\u0432\u0430\u043d\u0435<\/li>\n<\/ul>\n<\/div><\/div><\/div><\/div><\/div><div class=\"vc_row wpb_row vc_row-fluid\"><div class=\"theme-margin-bottom-0 wpb_column vc_column_container vc_col-sm-12\"><div class=\"vc_column-inner\"><div class=\"wpb_wrapper\"><h3 style=\"text-align: center\" class=\"vc_custom_heading vc_do_custom_heading theme-margin-top-60 theme-margin-bottom-50\" >\u041f\u0440\u0435\u0434\u0438\u043c\u0441\u0442\u0432\u0430 \u043e\u0442 \u043d\u0430\u0435\u043c\u0430\u043d\u0435\u0442\u043e \u043d\u0430 \u043b\u0443\u043a\u0441\u043e\u0437\u043d\u0438 \u0442\u0440\u0430\u043d\u0441\u0444\u0435\u0440\u0438 \u0432 \u0411\u043e\u0434\u0440\u0443\u043c<\/h3><\/div><\/div><\/div><\/div><div class=\"vc_row wpb_row vc_row-fluid\"><div class=\"theme-margin-bottom-0 wpb_column vc_column_container vc_col-sm-12\"><div class=\"vc_column-inner\"><div class=\"wpb_wrapper\">\n            <div class=\"theme-component-feature theme-component-feature-style-1\">\n                <div class=\"vc_row wpb_row vc_inner vc_row-fluid\"><div class=\"wpb_column vc_column_container vc_col-sm-4\"><div class=\"vc_column-inner\"><div class=\"wpb_wrapper\">\r\n            <div class=\"theme-component-feature-item\">\r\n                <span class=\"theme-icon-feature-check theme-component-feature-item-icon\"><span><\/span><\/span>\r\n                <h4 class=\"theme-component-feature-item-header\">\u0411\u0435\u0437\u043e\u043f\u0430\u0441\u043d\u043e\u0441\u0442\u0442\u0430 \u0435 \u043d\u0430 \u043f\u044a\u0440\u0432\u043e \u043c\u044f\u0441\u0442\u043e<\/h4><p>\u041d\u0430\u0448\u0438\u0442\u0435 \u043f\u0440\u0435\u0432\u043e\u0437\u043d\u0438 \u0441\u0440\u0435\u0434\u0441\u0442\u0432\u0430 \u0438 \u0448\u043e\u0444\u044c\u043e\u0440\u0438 \u043e\u0442\u0433\u043e\u0432\u0430\u0440\u044f\u0442 \u043d\u0430 \u043d\u0430\u0439-\u0432\u0438\u0441\u043e\u043a\u0438\u0442\u0435 \u0441\u0442\u0430\u043d\u0434\u0430\u0440\u0442\u0438 \u0437\u0430 \u0431\u0435\u0437\u043e\u043f\u0430\u0441\u043d\u043e\u0441\u0442.<\/p>\n\r\n            <\/div>\r\n        <\/div><\/div><\/div><div class=\"wpb_column vc_column_container vc_col-sm-4\"><div class=\"vc_column-inner\"><div class=\"wpb_wrapper\">\r\n            <div class=\"theme-component-feature-item\">\r\n                <span class=\"theme-icon-feature-wallet theme-component-feature-item-icon\"><span><\/span><\/span>\r\n                <h4 class=\"theme-component-feature-item-header\">\u0420\u0430\u0437\u0443\u043c\u043d\u0438 \u0446\u0435\u043d\u0438<\/h4><p>\u041c\u043e\u0436\u0435\u043c \u0434\u0430 \u0432\u0438 \u043f\u0440\u0435\u0434\u043b\u043e\u0436\u0438\u043c \u043f\u0440\u0430\u0432\u0438\u043b\u043d\u0438\u044f \u0430\u0432\u0442\u043e\u043c\u043e\u0431\u0438\u043b \u043d\u0430 \u043f\u0440\u0430\u0432\u0438\u043b\u043d\u0430\u0442\u0430 \u0446\u0435\u043d\u0430, \u043a\u043e\u044f\u0442\u043e \u0434\u0430 \u0441\u0435 \u0432\u043f\u0438\u0448\u0435 \u0432 \u0432\u0430\u0448\u0438\u044f \u0431\u044e\u0434\u0436\u0435\u0442.<\/p>\n\r\n            <\/div>\r\n        <\/div><\/div><\/div><div class=\"wpb_column vc_column_container vc_col-sm-4\"><div class=\"vc_column-inner\"><div class=\"wpb_wrapper\">\r\n            <div class=\"theme-component-feature-item\">\r\n                <span class=\"theme-icon-feature-timetable theme-component-feature-item-icon\"><span><\/span><\/span>\r\n                <h4 class=\"theme-component-feature-item-header\">\u0422\u043e\u0447\u043d\u043e\u0441\u0442<\/h4><p>\u0413\u0430\u0440\u0430\u043d\u0442\u0438\u0440\u0430\u043c\u0435 \u043d\u0430\u0432\u0440\u0435\u043c\u0435\u043d\u043d\u043e \u0432\u0437\u0435\u043c\u0430\u043d\u0435 \u0438 \u0431\u0435\u0437\u0441\u0442\u0440\u0435\u0441\u043e\u0432\u043e \u043f\u0440\u0438\u0441\u0442\u0438\u0433\u0430\u043d\u0435 \u043d\u0430 \u043b\u0435\u0442\u0438\u0449\u0435\u0442\u043e.<\/p>\n\r\n            <\/div>\r\n        <\/div><\/div><\/div><\/div>\n            <\/div>\n        <\/div><\/div><\/div><\/div><div class=\"vc_row wpb_row vc_row-fluid theme-margin-top-20\"><div class=\"theme-margin-bottom-0 wpb_column vc_column_container vc_col-sm-12\"><div class=\"vc_column-inner\"><div class=\"wpb_wrapper\">\n            <div class=\"theme-component-feature theme-component-feature-style-1\">\n                <div class=\"vc_row wpb_row vc_inner vc_row-fluid\"><div class=\"wpb_column vc_column_container vc_col-sm-4\"><div class=\"vc_column-inner\"><div class=\"wpb_wrapper\">\r\n            <div class=\"theme-component-feature-item\">\r\n                <span class=\"theme-icon-feature-vip theme-component-feature-item-icon\"><span><\/span><\/span>\r\n                <h4 class=\"theme-component-feature-item-header\">\u041b\u0443\u043a\u0441\u043e\u0437\u0435\u043d \u043a\u043e\u043c\u0444\u043e\u0440\u0442<\/h4><p>\u0418\u0437\u0436\u0438\u0432\u0435\u0439\u0442\u0435 \u0432\u0438\u0441\u043e\u043a \u043a\u043b\u0430\u0441 \u0430\u0432\u0442\u043e\u043c\u043e\u0431\u0438\u043b\u0438, \u043f\u0440\u0438\u0433\u043e\u0434\u0435\u043d\u0438 \u0437\u0430 \u043f\u044a\u0440\u0432\u043e\u043a\u043b\u0430\u0441\u043d\u043e \u043e\u0431\u0441\u043b\u0443\u0436\u0432\u0430\u043d\u0435.<\/p>\n\r\n            <\/div>\r\n        <\/div><\/div><\/div><div class=\"wpb_column vc_column_container vc_col-sm-4\"><div class=\"vc_column-inner\"><div class=\"wpb_wrapper\">\r\n            <div class=\"theme-component-feature-item\">\r\n                <span class=\"theme-icon-feature-price theme-component-feature-item-icon\"><span><\/span><\/span>\r\n                <h4 class=\"theme-component-feature-item-header\">\u0414\u043e\u0441\u0442\u044a\u043f\u043d\u043e\u0441\u0442<\/h4><p>\u041f\u0440\u0435\u0434\u043b\u0430\u0433\u0430\u043c\u0435 \u043a\u043e\u043d\u043a\u0443\u0440\u0435\u043d\u0442\u043d\u0438 \u0446\u0435\u043d\u0438, \u0431\u0435\u0437 \u0441\u043a\u0440\u0438\u0442\u0438 \u0442\u0430\u043a\u0441\u0438, \u043d\u0438\u043a\u043e\u0433\u0430.<\/p>\n\r\n            <\/div>\r\n        <\/div><\/div><\/div><div class=\"wpb_column vc_column_container vc_col-sm-4\"><div class=\"vc_column-inner\"><div class=\"wpb_wrapper\">\r\n            <div class=\"theme-component-feature-item\">\r\n                <span class=\"theme-icon-feature-help theme-component-feature-item-icon\"><span><\/span><\/span>\r\n                <h4 class=\"theme-component-feature-item-header\">\u041d\u0430\u0434\u0435\u0436\u0434\u043d\u043e\u0441\u0442<\/h4><p>\u041f\u0440\u0435\u0434\u043b\u0430\u0433\u0430\u043c\u0435 \u043a\u043e\u043d\u043a\u0443\u0440\u0435\u043d\u0442\u043d\u0438 \u0446\u0435\u043d\u0438, \u0431\u0435\u0437 \u0441\u043a\u0440\u0438\u0442\u0438 \u0442\u0430\u043a\u0441\u0438, \u043d\u0438\u043a\u043e\u0433\u0430.<\/p>\n\r\n            <\/div>\r\n        <\/div><\/div><\/div><\/div>\n            <\/div>\n        <\/div><\/div><\/div><\/div>\n<\/div>","protected":false},"excerpt":{"rendered":"Bodrum Airport Transfers (BJV Transfers to ADB \u2013 DLM \u2013 AYT &amp; More) Looking for reliable and luxurious Bodrum Airport Transfers? We offer premium transportation services from Milas-Bodrum Airport (BJV) to popular destinations such as Izmir Airport (ADB), Dalaman Airport (DLM), Antalya Airport (AYT), and top resorts like Bodrum Center, Yal\u0131kavak, and G\u00fcll\u00fck. \u2708\ufe0f Bodrum [...]","protected":false},"author":1,"featured_media":0,"parent":0,"menu_order":0,"comment_status":"closed","ping_status":"closed","template":"","meta":{"footnotes":""},"class_list":["post-11025","page","type-page","status-publish","hentry"],"_links":{"self":[{"href":"https:\/\/bodrumluxuryservices.com\/bg\/wp-json\/wp\/v2\/pages\/11025","targetHints":{"allow":["GET"]}}],"collection":[{"href":"https:\/\/bodrumluxuryservices.com\/bg\/wp-json\/wp\/v2\/pages"}],"about":[{"href":"https:\/\/bodrumluxuryservices.com\/bg\/wp-json\/wp\/v2\/types\/page"}],"author":[{"embeddable":true,"href":"https:\/\/bodrumluxuryservices.com\/bg\/wp-json\/wp\/v2\/users\/1"}],"replies":[{"embeddable":true,"href":"https:\/\/bodrumluxuryservices.com\/bg\/wp-json\/wp\/v2\/comments?post=11025"}],"version-history":[{"count":27,"href":"https:\/\/bodrumluxuryservices.com\/bg\/wp-json\/wp\/v2\/pages\/11025\/revisions"}],"predecessor-version":[{"id":24563,"href":"https:\/\/bodrumluxuryservices.com\/bg\/wp-json\/wp\/v2\/pages\/11025\/revisions\/24563"}],"wp:attachment":[{"href":"https:\/\/bodrumluxuryservices.com\/bg\/wp-json\/wp\/v2\/media?parent=11025"}],"curies":[{"name":"wp","href":"https:\/\/api.w.org\/{rel}","templated":true}]}}