{"id":11025,"date":"2025-06-05T09:19:06","date_gmt":"2025-06-05T06:19:06","guid":{"rendered":"http:\/\/quanticalabs.com\/wp_themes4\/autoride\/?page_id=11025"},"modified":"2025-08-15T16:43:23","modified_gmt":"2025-08-15T13:43:23","slug":"%d8%a7%d9%84%d9%86%d9%82%d9%84-%d9%85%d9%86-%d9%85%d8%b7%d8%a7%d8%b1-%d8%a8%d9%88%d8%af%d8%b1%d9%88%d9%85","status":"publish","type":"page","link":"https:\/\/bodrumluxuryservices.com\/ar\/bodrum-airport-transfers\/","title":{"rendered":"\u062e\u062f\u0645\u0627\u062a \u0627\u0644\u0646\u0642\u0644 \u0645\u0646 \u0645\u0637\u0627\u0631 \u0628\u0648\u062f\u0631\u0648\u0645"},"content":{"rendered":"<div class=\"wpb-content-wrapper\"><div class=\"vc_row wpb_row vc_row-fluid\"><div class=\"wpb_column vc_column_container vc_col-sm-4\"><div class=\"vc_column-inner\"><div class=\"wpb_wrapper\">\n\t<div  class=\"wpb_single_image wpb_content_element vc_align_left wpb_content_element\">\n\t\t\n\t\t<figure class=\"wpb_wrapper vc_figure\">\n\t\t\t<div class=\"vc_single_image-wrapper   vc_box_border_grey\"><img loading=\"lazy\" decoding=\"async\" width=\"275\" height=\"275\" src=\"https:\/\/bodrumluxuryservices.com\/wp-content\/uploads\/2025\/06\/passenger-reception-bodrum-airport-transfers-shuttle.jpg\" class=\"vc_single_image-img attachment-full\" alt=\"\" title=\"\u0627\u0633\u062a\u0642\u0628\u0627\u0644 \u0627\u0644\u0631\u0643\u0627\u0628 - \u0646\u0642\u0644 \u0645\u0637\u0627\u0631 \u0628\u0648\u062f\u0631\u0648\u0645 - \u062e\u062f\u0645\u0629 \u0627\u0644\u0646\u0642\u0644 \u0627\u0644\u0645\u0643\u0648\u0643\u064a\u0629\" srcset=\"https:\/\/bodrumluxuryservices.com\/wp-content\/uploads\/2025\/06\/passenger-reception-bodrum-airport-transfers-shuttle.jpg 275w, https:\/\/bodrumluxuryservices.com\/wp-content\/uploads\/2025\/06\/passenger-reception-bodrum-airport-transfers-shuttle-150x150.jpg 150w, https:\/\/bodrumluxuryservices.com\/wp-content\/uploads\/2025\/06\/passenger-reception-bodrum-airport-transfers-shuttle-12x12.jpg 12w\" sizes=\"auto, (max-width: 275px) 100vw, 275px\" \/><\/div>\n\t\t<\/figure>\n\t<\/div>\n<\/div><\/div><\/div><div class=\"wpb_column vc_column_container vc_col-sm-8\"><div class=\"vc_column-inner\"><div class=\"wpb_wrapper\">\r\n            <p class=\"theme-component-paragraph-large theme-component-paragraph-large-style-2 alignleft theme-padding-top-0 theme-padding-bottom-0\">\r\n                \u062e\u062f\u0645\u0627\u062a \u0627\u0644\u0646\u0642\u0644 \u0645\u0646 \u0645\u0637\u0627\u0631 \u0628\u0648\u062f\u0631\u0648\u0645 (\u062e\u062f\u0645\u0627\u062a \u0627\u0644\u0646\u0642\u0644 \u0645\u0646 \u0645\u0637\u0627\u0631 \u0628\u0648\u062f\u0631\u0648\u0645 \u0627\u0644\u062f\u0648\u0644\u064a \u0625\u0644\u0649 \u0645\u0637\u0627\u0631 \u0628\u0648\u062f\u0631\u0648\u0645 \u0627\u0644\u062f\u0648\u0644\u064a - ...\r\n            <\/p>\r\n        \n\t<div class=\"wpb_text_column wpb_content_element theme-padding-top-30\" >\n\t\t<div class=\"wpb_wrapper\">\n\t\t\t<p>\u0647\u0644 \u062a\u0628\u062d\u062b \u0639\u0646 \u062e\u062f\u0645\u0629 \u0646\u0642\u0644 \u0641\u0627\u062e\u0631\u0629 \u0648\u0645\u0648\u062b\u0648\u0642\u0629 \u0645\u0646 \u0645\u0637\u0627\u0631 \u0628\u0648\u062f\u0631\u0648\u0645\u061f \u0646\u0642\u062f\u0645 \u062e\u062f\u0645\u0627\u062a \u0646\u0642\u0644 \u0645\u0645\u064a\u0632\u0629 \u0645\u0646 \u0645\u0637\u0627\u0631 \u0645\u064a\u0644\u0627\u0633-\u0628\u0648\u062f\u0631\u0648\u0645 (BJV) \u0625\u0644\u0649 \u0648\u062c\u0647\u0627\u062a \u0634\u0647\u064a\u0631\u0629 \u0645\u062b\u0644 \u0645\u0637\u0627\u0631 \u0625\u0632\u0645\u064a\u0631 (ADB)\u060c \u0648\u0645\u0637\u0627\u0631 \u062f\u0627\u0644\u0627\u0645\u0627\u0646 (DLM)\u060c \u0648\u0645\u0637\u0627\u0631 \u0623\u0646\u0637\u0627\u0644\u064a\u0627 (AYT)\u060c \u0628\u0627\u0644\u0625\u0636\u0627\u0641\u0629 \u0625\u0644\u0649 \u0645\u0646\u062a\u062c\u0639\u0627\u062a \u0641\u0627\u062e\u0631\u0629 \u0645\u062b\u0644 \u0628\u0648\u062f\u0631\u0648\u0645 \u0633\u0646\u062a\u0631\u060c \u0648\u064a\u0627\u0644\u064a\u0643\u0627\u0641\u0627\u0643\u060c \u0648\u063a\u0648\u0644\u0648\u0643.<\/p>\n\n\t\t<\/div>\n\t<\/div>\n<\/div><\/div><\/div><\/div><div class=\"vc_row wpb_row vc_row-fluid\"><div class=\"wpb_column vc_column_container vc_col-sm-12\"><div class=\"vc_column-inner\"><div class=\"wpb_wrapper\">\n\t<div class=\"wpb_text_column wpb_content_element theme-padding-top-30\" >\n\t\t<div class=\"wpb_wrapper\">\n\t\t\t<h4>\u2708\ufe0f \u0642\u0627\u0626\u0645\u0629 \u0623\u0633\u0639\u0627\u0631 \u062e\u062f\u0645\u0627\u062a \u0627\u0644\u0646\u0642\u0644 \u0645\u0646 \u0645\u0637\u0627\u0631 \u0628\u0648\u062f\u0631\u0648\u0645 (\u0646\u0642\u0644 BJV \u0625\u0644\u0649 ADB - DLM - AYT \u0648\u0627\u0644\u0645\u0632\u064a\u062f) 2025<\/h4>\n<p>\u0645\u0639 \u0634\u0631\u0643\u0627\u0626\u0646\u0627 <strong>\u062e\u062f\u0645\u0627\u062a \u0627\u0644\u0646\u0642\u0644 \u0645\u0646 \u0645\u0637\u0627\u0631 \u0628\u0648\u062f\u0631\u0648\u0645<\/strong> \u062e\u062f\u0645\u0629 \u0645\u0645\u064a\u0632\u0629\u060c \u0648\u0627\u0644\u0627\u0633\u062a\u0645\u062a\u0627\u0639 \u0628\u0648\u0633\u0627\u0626\u0644 \u0646\u0642\u0644 \u0645\u0631\u064a\u062d\u0629 \u0648\u0627\u0642\u062a\u0635\u0627\u062f\u064a\u0629 \u0644\u0645 \u064a\u0643\u0646 \u0623\u0633\u0647\u0644 \u0645\u0646 \u0623\u064a \u0648\u0642\u062a \u0645\u0636\u0649. \u062a\u062a\u0648\u0641\u0631 \u0644\u062f\u064a\u0646\u0627 \u0633\u064a\u0627\u0631\u0629 \u0641\u064a\u062a\u0648 \u0642\u064a\u0627\u0633\u064a\u0629 (\u062d\u062a\u0649 6 \u0631\u0643\u0627\u0628) <strong>\u0645\u0646 35 \u064a\u0648\u0631\u0648 \u0641\u0642\u0637<\/strong>\u0648\u0644\u0644\u0631\u062d\u0644\u0627\u062a \u0627\u0644\u0645\u062d\u0644\u064a\u0629\u060c \u064a\u0645\u0643\u0646\u0643 \u0627\u0644\u0627\u0633\u062a\u0641\u0627\u062f\u0629 \u0645\u0646 <strong>\u0627\u0644\u0625\u064a\u062c\u0627\u0631\u0627\u062a \u0628\u0627\u0644\u0633\u0627\u0639\u0629 \u062a\u0628\u062f\u0623 \u0645\u0646 12 \u064a\u0648\u0631\u0648 \u0641\u0642\u0637<\/strong>.<\/p>\n<p>\u062a\u0634\u0645\u0644 \u0627\u0644\u0637\u0631\u0642 \u0627\u0644\u0634\u0627\u0626\u0639\u0629 \u0645\u0627 \u064a\u0644\u064a:<\/p>\n<ul>\n<li><strong>BJV \u0625\u0644\u0649 \u0645\u0637\u0627\u0631 \u0625\u0632\u0645\u064a\u0631 \u0639\u062f\u0646\u0627\u0646 \u0645\u0646\u062f\u0631\u064a\u0633 (ADB)<\/strong><\/li>\n<li><strong>BJV \u0625\u0644\u0649 \u0645\u0637\u0627\u0631 \u062f\u0627\u0644\u0627\u0645\u0627\u0646 (DLM)<\/strong><\/li>\n<li><strong>BJV \u0625\u0644\u0649 \u0645\u0637\u0627\u0631 \u0623\u0646\u0637\u0627\u0644\u064a\u0627 (AYT)<\/strong><\/li>\n<li><strong>BJV \u0625\u0644\u0649 G\u00fcll\u00fck<\/strong><\/li>\n<li><strong>BJV \u0625\u0644\u0649 \u062a\u0648\u0631\u0628\u0627<\/strong><\/li>\n<li><strong>BJV \u0625\u0644\u0649 \u0645\u0631\u0643\u0632 \u0628\u0648\u062f\u0631\u0648\u0645<\/strong><\/li>\n<li><strong>BJV to Yal\u0131kavak<\/strong><\/li>\n<\/ul>\n<p>\u064a\u0645\u0643\u0646\u0643 \u0628\u0633\u0647\u0648\u0644\u0629 \u062d\u0633\u0627\u0628 \u062a\u0643\u0644\u0641\u0629 \u0627\u0644\u0646\u0642\u0644 \u0627\u0644\u062e\u0627\u0635\u0629 \u0628\u0643 \u0628\u0627\u0633\u062a\u062e\u062f\u0627\u0645 <a href=\"\/ar\/%d8%a7%d9%84%d8%ad%d8%ac%d8%b2\/\"><strong>\u0646\u0638\u0627\u0645 \u0627\u0644\u062d\u062c\u0632 \u0639\u0628\u0631 \u0627\u0644\u0625\u0646\u062a\u0631\u0646\u062a<\/strong><\/a>. \u0623\u0648 \u064a\u0645\u0643\u0646\u0643 \u0627\u0644\u062a\u0648\u0627\u0635\u0644 \u0645\u0639\u0646\u0627 \u0639\u0628\u0631 \u0627\u0644\u0648\u0627\u062a\u0633\u0627\u0628 \u0644\u0644\u062d\u0635\u0648\u0644 \u0639\u0644\u0649 <strong>\u0627\u0642\u062a\u0628\u0627\u0633 \u0634\u062e\u0635\u064a<\/strong> \u0645\u0635\u0645\u0645\u0629 \u062e\u0635\u064a\u0635\u064b\u0627 \u0644\u062a\u0644\u0628\u064a\u0629 \u0627\u062d\u062a\u064a\u0627\u062c\u0627\u062a \u0633\u0641\u0631\u0643.<\/p>\n<p>\u0646\u0648\u0641\u0631 \u0644\u0643\u0645 \u062e\u062f\u0645\u0629 \u0627\u0644\u0646\u0642\u0644 \u0645\u0646 \u0648\u0625\u0644\u0649 \u0645\u0637\u0627\u0631 \u0628\u0648\u062f\u0631\u0648\u0645\u060c \u0633\u0648\u0627\u0621\u064b \u0645\u062d\u0644\u064a\u064b\u0627 \u0623\u0648 \u0628\u064a\u0646 \u0627\u0644\u0645\u062f\u0646\u060c \u0633\u0627\u0626\u0642\u064a\u0646 \u0645\u062d\u062a\u0631\u0641\u064a\u0646 \u0648\u0645\u0631\u0643\u0628\u0627\u062a \u0645\u0631\u064a\u062d\u0629 \u0644\u0646\u062c\u0639\u0644 \u0631\u062d\u0644\u062a\u0643\u0645 \u0633\u0644\u0633\u0629 \u0648\u0645\u0645\u062a\u0639\u0629. \u0627\u0628\u062f\u0623\u0648\u0627 \u0631\u062d\u0644\u062a\u0643\u0645 \u0628\u0631\u0627\u062d\u0629 \u062a\u0627\u0645\u0629\u060c \u0648\u062f\u0639\u0646\u0627 \u0646\u062a\u0648\u0644\u0649 \u0623\u0645\u0631 \u0646\u0642\u0644\u0643\u0645.<\/p>\n\n\t\t<\/div>\n\t<\/div>\n<\/div><\/div><\/div><\/div><div class=\"vc_row wpb_row vc_row-fluid theme-margin-top-20\"><div class=\"wpb_column vc_column_container vc_col-sm-8\"><div class=\"vc_column-inner\"><div class=\"wpb_wrapper\">\r\n            <p class=\"theme-component-paragraph-large theme-component-paragraph-large-style-2 alignleft theme-padding-top-0 theme-padding-bottom-0\">\r\n                \u0633\u064a\u0642\u0648\u0645 \u0633\u0627\u0626\u0642\u0648\u0646\u0627 \u0630\u0648\u0648 \u0627\u0644\u062e\u0628\u0631\u0629 \u0628\u0625\u0631\u0634\u0627\u062f\u0643 \u0639\u0628\u0631 \u0643\u0644 \u0645\u062f\u064a\u0646\u0629 \u062a\u062a\u0648\u0627\u062c\u062f \u0628\u0647\u0627.\r\n            <\/p>\r\n        \n\t<div class=\"wpb_text_column wpb_content_element theme-padding-top-30\" >\n\t\t<div class=\"wpb_wrapper\">\n\t\t\t<p>\u0633\u0648\u0627\u0621 \u0643\u0646\u062a \u0628\u062d\u0627\u062c\u0629 \u0625\u0644\u0649 \u062e\u062f\u0645\u0629 \u0646\u0642\u0644 \u0627\u0644\u0645\u0637\u0627\u0631 VIP \u0623\u0648 \u062e\u062f\u0645\u0629 \u0646\u0642\u0644 \u062e\u0627\u0635\u0629 \u0645\u0639 \u0633\u0627\u0626\u0642 \u0623\u0648 \u0633\u064a\u0627\u0631\u0629 \u062c\u0645\u0627\u0639\u064a\u0629\u060c \u0641\u0625\u0646\u0646\u0627 \u0646\u0636\u0645\u0646 \u0644\u0643 \u0631\u062d\u0644\u0629 \u0633\u0644\u0633\u0629 \u0648\u0623\u0646\u064a\u0642\u0629 \u0648\u0641\u064a \u0627\u0644\u0648\u0642\u062a \u0627\u0644\u0645\u062d\u062f\u062f \u0645\u0639 \u0623\u0633\u0637\u0648\u0644\u0646\u0627 \u0627\u0644\u062d\u062f\u064a\u062b \u0645\u0646 \u0627\u0644\u0645\u0631\u0643\u0628\u0627\u062a.<\/p>\n\n\t\t<\/div>\n\t<\/div>\n<\/div><\/div><\/div><div class=\"wpb_column vc_column_container vc_col-sm-4\"><div class=\"vc_column-inner\"><div class=\"wpb_wrapper\">\n\t<div  class=\"wpb_single_image wpb_content_element vc_align_right wpb_content_element\">\n\t\t\n\t\t<figure class=\"wpb_wrapper vc_figure\">\n\t\t\t<div class=\"vc_single_image-wrapper   vc_box_border_grey\"><img loading=\"lazy\" decoding=\"async\" width=\"275\" height=\"275\" src=\"https:\/\/bodrumluxuryservices.com\/wp-content\/uploads\/2025\/06\/passenger-reception-bodrum-airport-transfers-luggages.jpg\" class=\"vc_single_image-img attachment-full\" alt=\"\" title=\"\u0627\u0633\u062a\u0642\u0628\u0627\u0644 \u0627\u0644\u0631\u0643\u0627\u0628 \u0648\u0646\u0642\u0644 \u0627\u0644\u0623\u0645\u062a\u0639\u0629 \u0645\u0646 \u0645\u0637\u0627\u0631 \u0628\u0648\u062f\u0631\u0648\u0645\" srcset=\"https:\/\/bodrumluxuryservices.com\/wp-content\/uploads\/2025\/06\/passenger-reception-bodrum-airport-transfers-luggages.jpg 275w, https:\/\/bodrumluxuryservices.com\/wp-content\/uploads\/2025\/06\/passenger-reception-bodrum-airport-transfers-luggages-150x150.jpg 150w, https:\/\/bodrumluxuryservices.com\/wp-content\/uploads\/2025\/06\/passenger-reception-bodrum-airport-transfers-luggages-12x12.jpg 12w\" sizes=\"auto, (max-width: 275px) 100vw, 275px\" \/><\/div>\n\t\t<\/figure>\n\t<\/div>\n<\/div><\/div><\/div><\/div><div class=\"vc_row wpb_row vc_row-fluid theme-column-style-6 theme-padding-bottom-0\"><div class=\"theme-margin-bottom-20 wpb_column vc_column_container vc_col-sm-6\"><div class=\"vc_column-inner\"><div class=\"wpb_wrapper\"><div class=\"theme-component-list theme-component-list-style-2\">\n<ul>\n<li>\u0633\u0627\u0626\u0642\u064a\u0646 \u0645\u062f\u0631\u0628\u064a\u0646 \u062a\u062f\u0631\u064a\u0628\u064b\u0627 \u0627\u062d\u062a\u0631\u0627\u0641\u064a\u064b\u0627<\/li>\n<li>\u062e\u062f\u0645\u0629 \u0646\u0642\u0644 \u0645\u062a\u0643\u0627\u0645\u0644\u0629 \u0639\u0644\u0649 \u0645\u062f\u0627\u0631 \u0627\u0644\u0633\u0627\u0639\u0629 \u0637\u0648\u0627\u0644 \u0623\u064a\u0627\u0645 \u0627\u0644\u0623\u0633\u0628\u0648\u0639<\/li>\n<li>\u0633\u064a\u0627\u0631\u0627\u062a \u0641\u0627\u062e\u0631\u0629\u060c \u0631\u0627\u062d\u0629 \u0627\u0633\u062a\u062b\u0646\u0627\u0626\u064a\u0629<\/li>\n<\/ul>\n<\/div><\/div><\/div><\/div><div class=\"theme-margin-bottom-20 wpb_column vc_column_container vc_col-sm-6\"><div class=\"vc_column-inner\"><div class=\"wpb_wrapper\"><div class=\"theme-component-list theme-component-list-style-2\">\n<ul>\n<li>\u0641\u064a \u0627\u0644\u0645\u0648\u0639\u062f \u0627\u0644\u0645\u062d\u062f\u062f\u060c \u0641\u064a \u0643\u0644 \u0645\u0631\u0629 - \u0645\u0636\u0645\u0648\u0646<\/li>\n<li>\u0646\u0642\u0644 \u0633\u0644\u0633 \u0645\u0646 \u0648\u0625\u0644\u0649 \u0627\u0644\u0645\u0637\u0627\u0631 \u0639\u0628\u0631 \u0628\u062d\u0631 \u0625\u064a\u062c\u0647<\/li>\n<li>\u0631\u062d\u0644\u0627\u062a \u062e\u0627\u0635\u0629\u060c \u062a\u062c\u0631\u0628\u0629 \u0645\u0645\u064a\u0632\u0629<\/li>\n<\/ul>\n<\/div><\/div><\/div><\/div><\/div><div class=\"vc_row wpb_row vc_row-fluid\"><div class=\"theme-margin-bottom-0 wpb_column vc_column_container vc_col-sm-12\"><div class=\"vc_column-inner\"><div class=\"wpb_wrapper\"><h3 style=\"text-align: center\" class=\"vc_custom_heading vc_do_custom_heading theme-margin-top-60 theme-margin-bottom-50\" >\u0641\u0648\u0627\u0626\u062f \u0627\u0633\u062a\u0626\u062c\u0627\u0631 \u062e\u062f\u0645\u0629 \u0627\u0644\u0646\u0642\u0644 \u0627\u0644\u0641\u0627\u062e\u0631\u0629 \u0641\u064a \u0628\u0648\u062f\u0631\u0648\u0645<\/h3><\/div><\/div><\/div><\/div><div class=\"vc_row wpb_row vc_row-fluid\"><div class=\"theme-margin-bottom-0 wpb_column vc_column_container vc_col-sm-12\"><div class=\"vc_column-inner\"><div class=\"wpb_wrapper\">\n            <div class=\"theme-component-feature theme-component-feature-style-1\">\n                <div class=\"vc_row wpb_row vc_inner vc_row-fluid\"><div class=\"wpb_column vc_column_container vc_col-sm-4\"><div class=\"vc_column-inner\"><div class=\"wpb_wrapper\">\r\n            <div class=\"theme-component-feature-item\">\r\n                <span class=\"theme-icon-feature-check theme-component-feature-item-icon\"><span><\/span><\/span>\r\n                <h4 class=\"theme-component-feature-item-header\">\u0627\u0644\u0633\u0644\u0627\u0645\u0629 \u0623\u0648\u0644\u0627\u064b<\/h4><p>\u062a\u062a\u0648\u0627\u0641\u0642 \u0633\u064a\u0627\u0631\u0627\u062a\u0646\u0627 \u0648\u0633\u0627\u0626\u0642\u064a\u0646\u0627 \u0645\u0639 \u0623\u0639\u0644\u0649 \u0645\u0639\u0627\u064a\u064a\u0631 \u0627\u0644\u0633\u0644\u0627\u0645\u0629.<\/p>\n\r\n            <\/div>\r\n        <\/div><\/div><\/div><div class=\"wpb_column vc_column_container vc_col-sm-4\"><div class=\"vc_column-inner\"><div class=\"wpb_wrapper\">\r\n            <div class=\"theme-component-feature-item\">\r\n                <span class=\"theme-icon-feature-wallet theme-component-feature-item-icon\"><span><\/span><\/span>\r\n                <h4 class=\"theme-component-feature-item-header\">\u0623\u0633\u0639\u0627\u0631 \u0645\u0639\u0642\u0648\u0644\u0629<\/h4><p>\u064a\u0645\u0643\u0646\u0646\u0627 \u0623\u0646 \u0646\u0642\u062f\u0645 \u0644\u0643 \u0627\u0644\u0633\u064a\u0627\u0631\u0629 \u0627\u0644\u0645\u0646\u0627\u0633\u0628\u0629 \u0628\u0627\u0644\u0633\u0639\u0631 \u0627\u0644\u0645\u0646\u0627\u0633\u0628 \u0627\u0644\u0630\u064a \u064a\u062a\u0646\u0627\u0633\u0628 \u0645\u0639 \u0645\u064a\u0632\u0627\u0646\u064a\u062a\u0643.<\/p>\n\r\n            <\/div>\r\n        <\/div><\/div><\/div><div class=\"wpb_column vc_column_container vc_col-sm-4\"><div class=\"vc_column-inner\"><div class=\"wpb_wrapper\">\r\n            <div class=\"theme-component-feature-item\">\r\n                <span class=\"theme-icon-feature-timetable theme-component-feature-item-icon\"><span><\/span><\/span>\r\n                <h4 class=\"theme-component-feature-item-header\">\u0627\u0644\u0627\u0644\u062a\u0632\u0627\u0645 \u0628\u0627\u0644\u0645\u0648\u0627\u0639\u064a\u062f<\/h4><p>\u0646\u062d\u0646 \u0646\u0636\u0645\u0646 \u0627\u0644\u0627\u0633\u062a\u0644\u0627\u0645 \u0641\u064a \u0627\u0644\u0648\u0642\u062a \u0627\u0644\u0645\u0646\u0627\u0633\u0628 \u0648\u0627\u0644\u0648\u0635\u0648\u0644 \u0625\u0644\u0649 \u0627\u0644\u0645\u0637\u0627\u0631 \u0628\u062f\u0648\u0646 \u0636\u063a\u0648\u0637.<\/p>\n\r\n            <\/div>\r\n        <\/div><\/div><\/div><\/div>\n            <\/div>\n        <\/div><\/div><\/div><\/div><div class=\"vc_row wpb_row vc_row-fluid theme-margin-top-20\"><div class=\"theme-margin-bottom-0 wpb_column vc_column_container vc_col-sm-12\"><div class=\"vc_column-inner\"><div class=\"wpb_wrapper\">\n            <div class=\"theme-component-feature theme-component-feature-style-1\">\n                <div class=\"vc_row wpb_row vc_inner vc_row-fluid\"><div class=\"wpb_column vc_column_container vc_col-sm-4\"><div class=\"vc_column-inner\"><div class=\"wpb_wrapper\">\r\n            <div class=\"theme-component-feature-item\">\r\n                <span class=\"theme-icon-feature-vip theme-component-feature-item-icon\"><span><\/span><\/span>\r\n                <h4 class=\"theme-component-feature-item-header\">\u0627\u0644\u0631\u0627\u062d\u0629 \u0627\u0644\u0641\u0627\u062e\u0631\u0629<\/h4><p>\u0627\u0633\u062a\u0645\u062a\u0639 \u0628\u0627\u0644\u0645\u0631\u0643\u0628\u0627\u062a \u0627\u0644\u0631\u0627\u0642\u064a\u0629 \u0627\u0644\u0645\u0635\u0645\u0645\u0629 \u062e\u0635\u064a\u0635\u064b\u0627 \u0644\u0644\u062e\u062f\u0645\u0629 \u0627\u0644\u0645\u062a\u0645\u064a\u0632\u0629.<\/p>\n\r\n            <\/div>\r\n        <\/div><\/div><\/div><div class=\"wpb_column vc_column_container vc_col-sm-4\"><div class=\"vc_column-inner\"><div class=\"wpb_wrapper\">\r\n            <div class=\"theme-component-feature-item\">\r\n                <span class=\"theme-icon-feature-price theme-component-feature-item-icon\"><span><\/span><\/span>\r\n                <h4 class=\"theme-component-feature-item-header\">\u0627\u0644\u0642\u062f\u0631\u0629 \u0639\u0644\u0649 \u062a\u062d\u0645\u0644 \u0627\u0644\u062a\u0643\u0627\u0644\u064a\u0641<\/h4><p>\u0646\u062d\u0646 \u0646\u0642\u062f\u0645 \u0623\u0633\u0639\u0627\u0631\u064b\u0627 \u062a\u0646\u0627\u0641\u0633\u064a\u0629 \u0628\u062f\u0648\u0646 \u0623\u064a \u0631\u0633\u0648\u0645 \u062e\u0641\u064a\u0629 \u0639\u0644\u0649 \u0627\u0644\u0625\u0637\u0644\u0627\u0642.<\/p>\n\r\n            <\/div>\r\n        <\/div><\/div><\/div><div class=\"wpb_column vc_column_container vc_col-sm-4\"><div class=\"vc_column-inner\"><div class=\"wpb_wrapper\">\r\n            <div class=\"theme-component-feature-item\">\r\n                <span class=\"theme-icon-feature-help theme-component-feature-item-icon\"><span><\/span><\/span>\r\n                <h4 class=\"theme-component-feature-item-header\">\u0645\u0635\u062f\u0627\u0642\u064a\u0629<\/h4><p>\u0646\u062d\u0646 \u0646\u0642\u062f\u0645 \u0623\u0633\u0639\u0627\u0631\u064b\u0627 \u062a\u0646\u0627\u0641\u0633\u064a\u0629 \u0628\u062f\u0648\u0646 \u0623\u064a \u0631\u0633\u0648\u0645 \u062e\u0641\u064a\u0629 \u0639\u0644\u0649 \u0627\u0644\u0625\u0637\u0644\u0627\u0642.<\/p>\n\r\n            <\/div>\r\n        <\/div><\/div><\/div><\/div>\n            <\/div>\n        <\/div><\/div><\/div><\/div>\n<\/div>","protected":false},"excerpt":{"rendered":"Bodrum Airport Transfers (BJV Transfers to ADB \u2013 DLM \u2013 AYT &amp; More) Looking for reliable and luxurious Bodrum Airport Transfers? We offer premium transportation services from Milas-Bodrum Airport (BJV) to popular destinations such as Izmir Airport (ADB), Dalaman Airport (DLM), Antalya Airport (AYT), and top resorts like Bodrum Center, Yal\u0131kavak, and G\u00fcll\u00fck. \u2708\ufe0f Bodrum [...]","protected":false},"author":1,"featured_media":0,"parent":0,"menu_order":0,"comment_status":"closed","ping_status":"closed","template":"","meta":{"footnotes":""},"class_list":["post-11025","page","type-page","status-publish","hentry"],"_links":{"self":[{"href":"https:\/\/bodrumluxuryservices.com\/ar\/wp-json\/wp\/v2\/pages\/11025","targetHints":{"allow":["GET"]}}],"collection":[{"href":"https:\/\/bodrumluxuryservices.com\/ar\/wp-json\/wp\/v2\/pages"}],"about":[{"href":"https:\/\/bodrumluxuryservices.com\/ar\/wp-json\/wp\/v2\/types\/page"}],"author":[{"embeddable":true,"href":"https:\/\/bodrumluxuryservices.com\/ar\/wp-json\/wp\/v2\/users\/1"}],"replies":[{"embeddable":true,"href":"https:\/\/bodrumluxuryservices.com\/ar\/wp-json\/wp\/v2\/comments?post=11025"}],"version-history":[{"count":27,"href":"https:\/\/bodrumluxuryservices.com\/ar\/wp-json\/wp\/v2\/pages\/11025\/revisions"}],"predecessor-version":[{"id":24563,"href":"https:\/\/bodrumluxuryservices.com\/ar\/wp-json\/wp\/v2\/pages\/11025\/revisions\/24563"}],"wp:attachment":[{"href":"https:\/\/bodrumluxuryservices.com\/ar\/wp-json\/wp\/v2\/media?parent=11025"}],"curies":[{"name":"wp","href":"https:\/\/api.w.org\/{rel}","templated":true}]}}